{"id":4343,"date":"2025-11-03T04:35:52","date_gmt":"2025-11-03T03:35:52","guid":{"rendered":"https:\/\/fumotpuff.com\/?post_type=product&#038;p=4343"},"modified":"2025-11-03T04:35:53","modified_gmt":"2025-11-03T03:35:53","slug":"bang-blaze-40000-blueberry-cranberry-cherry-watermelon-cherry","status":"publish","type":"product","link":"https:\/\/fumotpuff.com\/sv\/produkt\/bang-blaze-40000-blueberry-cranberry-cherry-watermelon-cherry\/","title":{"rendered":"Bang Blaze 40000 Bl\u00e5b\u00e4r Tranb\u00e4r K\u00f6rsb\u00e4r\/Vattenmelon K\u00f6rsb\u00e4r"},"content":{"rendered":"<h2 class=\"text-xl font-bold text-text-100 mt-1 -mb-0.5\">Bang Blaze 40000 Bl\u00e5b\u00e4r Tranb\u00e4r K\u00f6rsb\u00e4r\/Vattenmelon K\u00f6rsb\u00e4r Eng\u00e5ngsvape<\/h2>\n<p class=\"whitespace-normal break-words\">Den <strong>Bang Blaze 40000 Puffs eng\u00e5ngs-e-cigarett<\/strong> med smakerna bl\u00e5b\u00e4r, tranb\u00e4r, k\u00f6rsb\u00e4r och vattenmelon-k\u00f6rsb\u00e4r erbjuder upp till 40 000 drag och kombinerar en rik 40 ml e-v\u00e4tskebeh\u00e5llare med ett kraftfullt 650 mAh-batteri f\u00f6r l\u00e5ngvarig \u00e5nggl\u00e4dje. Det innovativa Dual-Flavor-Slide-systemet g\u00f6r att du enkelt kan v\u00e4xla mellan den komplexa Blueberry Cranberry Cherry-kompositionen och det uppfriskande Watermelon Cherry-alternativet. Utrustad med en h\u00f6geffektiv Dual-Mesh-Coil (1,2 \u03a9) f\u00f6r kraftfull arom och mjuk \u00e5nga, tillg\u00e4nglig i 4 nikotinstyrkor (0 %, 2 %, 3 %, 5 %). Type-C-snabbladdningstekniken s\u00e4kerst\u00e4ller snabb energitillf\u00f6rsel.<\/p>\n<h3 class=\"text-lg font-bold text-text-100 mt-1 -mb-1.5\">F\u00f6rdelar med Bang Blaze 40000 Puffs Blueberry Cranberry Cherry\/Watermelon Cherry:<\/h3>\n<p class=\"whitespace-normal break-words\">Denna kraftfulla enhet levererar otroliga 40 000 drag och erbjuder d\u00e4rmed veckor av oavbrutet \u00e5ngn\u00f6je. Den \u00e4r f\u00f6rinstallerad med 40 ml h\u00f6gkvalitativ e-v\u00e4tska, \u00e4r utformad f\u00f6r l\u00e5ngvarig anv\u00e4ndning och minskar behovet av efterbest\u00e4llningar dramatiskt. Det uppladdningsbara 650 mAh-batteriet s\u00e4kerst\u00e4ller tillf\u00f6rlitlig str\u00f6mf\u00f6rs\u00f6rjning under l\u00e4ngre perioder, medan den avancerade USB-C-porten m\u00f6jligg\u00f6r snabb laddning.<\/p>\n<p class=\"whitespace-normal break-words\">En utm\u00e4rkande egenskap \u00e4r den smarta Dual-Flavor-mekanismen, som g\u00f6r det m\u00f6jligt att omedelbart v\u00e4xla mellan tv\u00e5 helt olika aromprofiler via en slide-funktion. Njut av den tredubbla b\u00e4r- och k\u00f6rsb\u00e4rssymfonin fr\u00e5n Blueberry Cranberry Cherry eller byt till den saftiga Watermelon Cherry-noten \u2013 valet \u00e4r ditt. Denna innovativa l\u00f6sning g\u00f6r flera enheter \u00f6verfl\u00f6diga och \u00e4r optimal f\u00f6r dampentusiaster som f\u00f6redrar smakvariation utan kr\u00e5ngel.<\/p>\n<p class=\"whitespace-normal break-words\">Enheten \u00e4r utrustad med en sofistikerad Dual Mesh-spole med 1,2 \u03a9 impedans, som \u00e4r utformad f\u00f6r att skapa sammetslen \u00e5nga och ge en fyllig, stabil arom vid varje inhalering. Denna avancerade spolkonstruktion garanterar topprestanda och f\u00f6rstklassig smakintensitet under hela anv\u00e4ndningsfasen.<\/p>\n<p class=\"whitespace-normal break-words\">Med fyra tillg\u00e4ngliga nikotinniv\u00e5er \u2013 0 %, 2 %, 3 % eller 5 % \u2013 t\u00e4cker detta system ett brett spektrum av anv\u00e4ndare, fr\u00e5n nikotinfria alternativ till starkare varianter. Denna anpassningsf\u00f6rm\u00e5ga g\u00f6r det m\u00f6jligt f\u00f6r varje anv\u00e4ndare att f\u00e5 en individuellt anpassad vaping-upplevelse.<\/p>\n<h3 class=\"text-lg font-bold text-text-100 mt-1 -mb-1.5\">Tekniska specifikationer:<\/h3>\n<p class=\"whitespace-normal break-words\"><strong>Antal t\u00e5g:<\/strong> Upp till 40.000 puffar<br \/>\n<strong>E-liquid volym:<\/strong> 40 ml<br \/>\n<strong>Nikotinkoncentrationer:<\/strong> 0 %, 2 %, 3 %, 5 %<br \/>\n<strong>Batteriets prestanda:<\/strong> 650 mAh (uppladdningsbar)<br \/>\n<strong>Laddningsanslutning:<\/strong> Typ C<br \/>\n<strong>F\u00f6r\u00e5ngare:<\/strong> Spole med dubbelt n\u00e4t (1,2\u03a9)<br \/>\n<strong>Smaksystem:<\/strong> Skjutstr\u00f6mbrytare f\u00f6r dubbla smaker<br \/>\n<strong>Vikt:<\/strong> Cirka 120 g<\/p>\n<h3 class=\"text-lg font-bold text-text-100 mt-1 -mb-1.5\">Uppt\u00e4ck mer BANG VAPE p\u00e5 fumotpuff<\/h3>\n<p class=\"whitespace-normal break-words\">Bl\u00e4ddra igenom v\u00e5ra <strong><a class=\"underline\" href=\"https:\/\/fumotpuff.com\/sv\/\">Fumot Puff onlinebutik<\/a><\/strong> f\u00f6r ytterligare topprodukter inom \u00e5ngomr\u00e5det och uppt\u00e4ck hela sortimentet <strong><a class=\"underline\" href=\"https:\/\/fumotpuff.com\/sv\/product-category\/bang-vape\/\">BANG VAPE sortiment<\/a><\/strong> med banbrytande innovationer. Alla aromvarianter av <strong><a class=\"underline\" href=\"https:\/\/fumotpuff.com\/sv\/product-category\/bang-vape\/bang-blaze-40000\/\">Bang Blaze 40000-familjen<\/a><\/strong> v\u00e4ntar p\u00e5 att uppt\u00e4ckas.<\/p>","protected":false},"excerpt":{"rendered":"<p class=\"whitespace-normal break-words\">Bang Blaze 40000 Blueberry Cranberry Cherry\/Watermelon Cherry erbjuder 40 000 drag med tv\u00e5 b\u00e4r- och k\u00f6rsb\u00e4rsv\u00e4rldar. V\u00e4xla mellan komplexa treb\u00e4rssmaker och saftiga vattenmelon- och k\u00f6rsb\u00e4rssmaker. 40 ml e-v\u00e4tska, dubbel mesh-spole, 650 mAh batteri, typ C-laddning \u2013 i 4 nikotinstyrkor.<\/p>","protected":false},"featured_media":4345,"comment_status":"open","ping_status":"closed","template":"","meta":{"_acf_changed":false},"product_brand":[],"product_cat":[48],"product_tag":[],"class_list":{"0":"post-4343","1":"product","2":"type-product","3":"status-publish","4":"has-post-thumbnail","6":"product_cat-bang-blaze-40000","8":"first","9":"instock","10":"shipping-taxable","11":"purchasable","12":"product-type-variable"},"acf":[],"_links":{"self":[{"href":"https:\/\/fumotpuff.com\/sv\/wp-json\/wp\/v2\/product\/4343","targetHints":{"allow":["GET"]}}],"collection":[{"href":"https:\/\/fumotpuff.com\/sv\/wp-json\/wp\/v2\/product"}],"about":[{"href":"https:\/\/fumotpuff.com\/sv\/wp-json\/wp\/v2\/types\/product"}],"replies":[{"embeddable":true,"href":"https:\/\/fumotpuff.com\/sv\/wp-json\/wp\/v2\/comments?post=4343"}],"wp:featuredmedia":[{"embeddable":true,"href":"https:\/\/fumotpuff.com\/sv\/wp-json\/wp\/v2\/media\/4345"}],"wp:attachment":[{"href":"https:\/\/fumotpuff.com\/sv\/wp-json\/wp\/v2\/media?parent=4343"}],"wp:term":[{"taxonomy":"product_brand","embeddable":true,"href":"https:\/\/fumotpuff.com\/sv\/wp-json\/wp\/v2\/product_brand?post=4343"},{"taxonomy":"product_cat","embeddable":true,"href":"https:\/\/fumotpuff.com\/sv\/wp-json\/wp\/v2\/product_cat?post=4343"},{"taxonomy":"product_tag","embeddable":true,"href":"https:\/\/fumotpuff.com\/sv\/wp-json\/wp\/v2\/product_tag?post=4343"}],"curies":[{"name":"wp","href":"https:\/\/api.w.org\/{rel}","templated":true}]}}