{"id":247,"date":"2025-09-10T04:13:48","date_gmt":"2025-09-10T02:13:48","guid":{"rendered":"https:\/\/fumotpuff.com\/?page_id=247"},"modified":"2025-09-10T04:13:49","modified_gmt":"2025-09-10T02:13:49","slug":"versand-und-lieferung","status":"publish","type":"page","link":"https:\/\/fumotpuff.com\/sv\/versand-und-lieferung\/","title":{"rendered":"Frakt och leverans"},"content":{"rendered":"<h2 class=\"wp-block-heading\">Orderhantering och leveranstider<\/h2>\n\n\n\n<p>Din best\u00e4llning kommer att behandlas noggrant och f\u00f6rberedas f\u00f6r leverans inom 1-5 arbetsdagar. Den normala leveranstiden \u00e4r 10-15 arbetsdagar fr\u00e5n avs\u00e4ndandet.<\/p>\n\n\n\n<p><strong>Viktig anm\u00e4rkning:<\/strong> P\u00e5 helger och helgdagar sker ingen utskickning.<\/p>\n\n\n\n<h2 class=\"wp-block-heading\">Sp\u00e5rning av f\u00f6rs\u00e4ndelser<\/h2>\n\n\n\n<p>N\u00e4r din best\u00e4llning har skickats kommer du omedelbart att f\u00e5 ett e-postmeddelande med sp\u00e5rningsnumret. Du kan n\u00e4r som helst f\u00f6lja den aktuella statusen f\u00f6r din leverans online.<\/p>\n\n\n\n<p><strong>V\u00e4nligen notera:<\/strong> Sp\u00e5rningsinformationen kommer inte att uppdateras p\u00e5 sp\u00e5rningswebbplatsen f\u00f6rr\u00e4n 3-7 dagar efter avs\u00e4ndandet. V\u00e4nligen ha t\u00e5lamod tills informationen \u00e4r fullt tillg\u00e4nglig.<\/p>\n\n\n\n<h2 class=\"wp-block-heading\">Order\u00e4ndringar och avbokningar<\/h2>\n\n\n\n<h3 class=\"wp-block-heading\">F\u00f6re avs\u00e4ndning<\/h3>\n\n\n\n<ul class=\"wp-block-list\">\n<li><strong>Avbokning:<\/strong> M\u00f6jligt n\u00e4r som helst utan extra kostnader<\/li>\n\n\n\n<li><strong>Adress\u00e4ndring:<\/strong> Kan enkelt anpassas<\/li>\n\n\n\n<li><strong>Produktf\u00f6r\u00e4ndring:<\/strong> M\u00f6jligt i m\u00e5n av tillg\u00e5ng<\/li>\n<\/ul>\n\n\n\n<h3 class=\"wp-block-heading\">Efter avs\u00e4ndning<\/h3>\n\n\n\n<p>N\u00e4r din best\u00e4llning har l\u00e4mnat v\u00e5rt lager kan vi tyv\u00e4rr inte behandla \u00e5terbetalningar eller \u00e4ndra leveransadresser. V\u00e4nligen kontrollera alla detaljer noggrant innan du bekr\u00e4ftar din best\u00e4llning.<\/p>\n\n\n\n<h2 class=\"wp-block-heading\">Tull och internationell leverans<\/h2>\n\n\n\n<h3 class=\"wp-block-heading\">DDP-tj\u00e4nst (Delivery Duty Paid)<\/h3>\n\n\n\n<p>Vi erbjuder v\u00e5r DDP-tj\u00e4nst i utvalda l\u00e4nder. Detta inneb\u00e4r f\u00f6r dig:<\/p>\n\n\n\n<ul class=\"wp-block-list\">\n<li><strong>Ingen tullklarering kr\u00e4vs<\/strong><\/li>\n\n\n\n<li><strong>Inga ytterligare tullavgifter<\/strong><\/li>\n\n\n\n<li><strong>Stressfri leverans direkt till dig<\/strong><\/li>\n<\/ul>\n\n\n\n<h3 class=\"wp-block-heading\">Tillg\u00e4ngliga DDP-l\u00e4nder<\/h3>\n\n\n\n<p><strong>\ud83c\uddfa\ud83c\uddf8 USA<\/strong><\/p>\n\n\n\n<ul class=\"wp-block-list\">\n<li>Fraktpartner: UPS<\/li>\n\n\n\n<li>Undantag: Alaska och Hawaii (ej tillg\u00e4ngligt)<\/li>\n<\/ul>\n\n\n\n<p><strong>\ud83c\udde6\ud83c\uddfa Australien<\/strong><\/p>\n\n\n\n<ul class=\"wp-block-list\">\n<li>Fraktpartner: Australia Post<\/li>\n\n\n\n<li>Obs: Begr\u00e4nsad tillg\u00e4nglighet p\u00e5 grund av strikta tullbest\u00e4mmelser<\/li>\n<\/ul>\n\n\n\n<p><strong>\ud83c\uddec\ud83c\udde7 F\u00f6renade kungariket<\/strong><\/p>\n\n\n\n<ul class=\"wp-block-list\">\n<li>Fraktpartner: DPD Express (lokal service)<\/li>\n<\/ul>\n\n\n\n<p><strong>\ud83c\uddea\ud83c\uddfa Europa<\/strong><\/p>\n\n\n\n<ul class=\"wp-block-list\">\n<li>Fraktpartner: DHL Express \/ DPD Express<\/li>\n\n\n\n<li>Omfattande t\u00e4ckning av europeiska l\u00e4nder<\/li>\n<\/ul>\n\n\n\n<h3 class=\"wp-block-heading\">Begr\u00e4nsad tillg\u00e4nglighet<\/h3>\n\n\n\n<p><strong>Viktig anm\u00e4rkning:<\/strong> V\u00e5r DDP-tj\u00e4nst \u00e4r inte tillg\u00e4nglig i f\u00f6ljande l\u00e4nder p\u00e5 grund av strikta tullbest\u00e4mmelser:<\/p>\n\n\n\n<ul class=\"wp-block-list\">\n<li>\ud83c\udde9\ud83c\uddf0 Danmark<\/li>\n\n\n\n<li>\ud83c\udde6\ud83c\uddfa Australien (delvis)<\/li>\n\n\n\n<li>\ud83c\uddf3\ud83c\uddf4 Norge<\/li>\n\n\n\n<li>\ud83c\udde8\ud83c\udded Schweiz<\/li>\n<\/ul>\n\n\n\n<p><em>Observera de aktuella villkoren, eftersom best\u00e4mmelserna kan \u00e4ndras.<\/em><\/p>\n\n\n\n<h2 class=\"wp-block-heading\">Ytterligare information<\/h2>\n\n\n\n<h3 class=\"wp-block-heading\">Avl\u00e4gsna omr\u00e5den<\/h3>\n\n\n\n<p>F\u00f6r leveranser till avl\u00e4gsna eller sv\u00e5rtillg\u00e4ngliga omr\u00e5den kan f\u00f6ljande specialfunktioner g\u00e4lla:<\/p>\n\n\n\n<ul class=\"wp-block-list\">\n<li>Ytterligare fraktkostnader<\/li>\n\n\n\n<li>F\u00f6rl\u00e4ngda leveranstider<\/li>\n\n\n\n<li>S\u00e4rskilda leveransmetoder<\/li>\n<\/ul>\n\n\n\n<p><strong>V\u00e5rt l\u00f6fte:<\/strong> Vi g\u00f6r allt vi kan f\u00f6r att s\u00e4kerst\u00e4lla att din best\u00e4llning kommer fram i tid och informerar dig proaktivt om eventuella f\u00f6rseningar.<\/p>\n\n\n\n<h2 class=\"wp-block-heading\">Kundtj\u00e4nst<\/h2>\n\n\n\n<p>Har du fr\u00e5gor om din f\u00f6rs\u00e4ndelse eller s\u00e4rskilda krav? V\u00e5rt kundtj\u00e4nstteam st\u00e5r alltid till ditt f\u00f6rfogande.<\/p>\n\n\n\n<p>\ud83d\udce7 <strong>E-post:<\/strong> chbzyluryberel@gmail.com<\/p>\n\n\n\n<p>Vi str\u00e4var efter att erbjuda dig b\u00e4sta m\u00f6jliga service och finns tillg\u00e4ngliga f\u00f6r alla dina frakt- och leveransbehov.<\/p>\n\n\n\n<hr class=\"wp-block-separator has-alpha-channel-opacity\"\/>\n\n\n\n<p><em>Ditt f\u00f6rtroende \u00e4r viktigt f\u00f6r oss - det \u00e4r d\u00e4rf\u00f6r vi erbjuder en p\u00e5litlig och transparent frakttj\u00e4nst.<\/em><\/p>","protected":false},"excerpt":{"rendered":"<p>Bestellabwicklung und Versandzeiten Ihre Bestellung wird sorgf\u00e4ltig innerhalb von 1-5 Werktagen bearbeitet und f\u00fcr den Versand vorbereitet. Die regul\u00e4re Lieferzeit betr\u00e4gt 10-15 Werktage ab Versand. Wichtiger Hinweis: An Wochenenden und gesetzlichen Feiertagen erfolgt kein Versand. Sendungsverfolgung Nach dem Versand Ihrer Bestellung erhalten Sie umgehend eine E-Mail mit der Tracking-Nummer. Den aktuellen Status Ihrer Lieferung k\u00f6nnen [&#8230;]\n","protected":false},"author":1,"featured_media":0,"parent":0,"menu_order":0,"comment_status":"closed","ping_status":"closed","template":"","meta":{"_acf_changed":false,"footnotes":""},"class_list":["post-247","page","type-page","status-publish","hentry"],"acf":[],"_links":{"self":[{"href":"https:\/\/fumotpuff.com\/sv\/wp-json\/wp\/v2\/pages\/247","targetHints":{"allow":["GET"]}}],"collection":[{"href":"https:\/\/fumotpuff.com\/sv\/wp-json\/wp\/v2\/pages"}],"about":[{"href":"https:\/\/fumotpuff.com\/sv\/wp-json\/wp\/v2\/types\/page"}],"author":[{"embeddable":true,"href":"https:\/\/fumotpuff.com\/sv\/wp-json\/wp\/v2\/users\/1"}],"replies":[{"embeddable":true,"href":"https:\/\/fumotpuff.com\/sv\/wp-json\/wp\/v2\/comments?post=247"}],"version-history":[{"count":1,"href":"https:\/\/fumotpuff.com\/sv\/wp-json\/wp\/v2\/pages\/247\/revisions"}],"predecessor-version":[{"id":249,"href":"https:\/\/fumotpuff.com\/sv\/wp-json\/wp\/v2\/pages\/247\/revisions\/249"}],"wp:attachment":[{"href":"https:\/\/fumotpuff.com\/sv\/wp-json\/wp\/v2\/media?parent=247"}],"curies":[{"name":"wp","href":"https:\/\/api.w.org\/{rel}","templated":true}]}}