{"id":242,"date":"2025-09-10T04:08:43","date_gmt":"2025-09-10T02:08:43","guid":{"rendered":"https:\/\/fumotpuff.com\/?page_id=242"},"modified":"2025-09-10T04:08:45","modified_gmt":"2025-09-10T02:08:45","slug":"ueber-uns","status":"publish","type":"page","link":"https:\/\/fumotpuff.com\/sv\/ueber-uns\/","title":{"rendered":"om oss"},"content":{"rendered":"<h2 class=\"wp-block-heading\">Din p\u00e5litliga adress f\u00f6r premium eng\u00e5ngsf\u00f6r\u00e5ngare<\/h2>\n\n\n\n<p>V\u00e4lkommen till fumotpuff - din kompetenta partner f\u00f6r f\u00f6rstklassiga e-cigaretter f\u00f6r eng\u00e5ngsbruk. V\u00e5rt varum\u00e4rke f\u00f6rkroppsligar de h\u00f6gsta kvalitetsstandarderna, banbrytande innovation och en exceptionell vapingupplevelse. P\u00e5 fumotpuff str\u00e4var vi efter att erbjuda dig den perfekta smakupplevelsen genom h\u00f6gkvalitativa produkter och toppmodern teknik.<\/p>\n\n\n\n<h2 class=\"wp-block-heading\">V\u00e5rt sortiment<\/h2>\n\n\n\n<p>Vi har ett omfattande urval av v\u00e4lk\u00e4nda e-cigarettm\u00e4rken:<\/p>\n\n\n\n<ul class=\"wp-block-list\">\n<li><strong>Fumot Vape<\/strong><\/li>\n\n\n\n<li><strong>Bang Vape<\/strong><\/li>\n\n\n\n<li><strong>JNR Vape<\/strong><\/li>\n\n\n\n<li><strong>Vapme Vape<\/strong><\/li>\n\n\n\n<li><strong>Elf Box Vape<\/strong><\/li>\n\n\n\n<li><strong>Uzy Vape<\/strong><\/li>\n\n\n\n<li><strong>Fizzy Vape<\/strong><\/li>\n\n\n\n<li><strong>Waspe Vape<\/strong><\/li>\n\n\n\n<li><strong>Vozol Vape<\/strong><\/li>\n<\/ul>\n\n\n\n<p>Du drar nytta av attraktiva grossistvillkor med garanterade autentiska originalprodukter. Oavsett om du \u00e4r en \u00e5terf\u00f6rs\u00e4ljare eller en grossistkund - fumotpuff \u00e4r din p\u00e5litliga aff\u00e4rspartner f\u00f6r bekymmersfria shoppingupplevelser.<\/p>\n\n\n\n<h2 class=\"wp-block-heading\">Innovation genom kundorientering<\/h2>\n\n\n\n<p>V\u00e5r framg\u00e5ng bygger p\u00e5 v\u00e5r omfattande f\u00f6rst\u00e5else f\u00f6r v\u00e5ra kunders \u00f6nskem\u00e5l och v\u00e5r st\u00e4ndiga str\u00e4van att f\u00f6rnya oss. V\u00e5ra utvecklingsteam arbetar med st\u00f6rsta engagemang med produkter som uppfyller de str\u00e4ngaste s\u00e4kerhets- och kvalitetskriterierna. Kundernas feedback \u00e4r ov\u00e4rderlig f\u00f6r oss - den g\u00f6r det m\u00f6jligt f\u00f6r oss att st\u00e4ndigt f\u00f6rb\u00e4ttra v\u00e5ra produkter och anpassa oss till dynamiska marknadskrav.<\/p>\n\n\n\n<h2 class=\"wp-block-heading\">Den kompletta vapingupplevelsen<\/h2>\n\n\n\n<p>fumotpuff st\u00e5r f\u00f6r mycket mer \u00e4n vanliga vape-enheter - vi skapar en holistisk vapingupplevelse. V\u00e5rt sortiment av eng\u00e5ngsvaporisatorer har utvecklats med st\u00f6rsta omsorg f\u00f6r att ge dig oj\u00e4mf\u00f6rliga smakupplevelser. Oavsett om det \u00e4r uppfriskande fruktsmaker eller klassiska tobaksnyanser - p\u00e5 fumotpuff kommer du att uppt\u00e4cka den perfekta vape som \u00f6vertr\u00e4ffar dina f\u00f6rv\u00e4ntningar.<\/p>\n\n\n\n<h2 class=\"wp-block-heading\">Kvalitet och h\u00e5llbarhet<\/h2>\n\n\n\n<p>V\u00e5rt engagemang f\u00f6r kvalitet manifesterar sig i v\u00e5r toppmoderna produktionsanl\u00e4ggning, d\u00e4r varje fumotpuff-produkt tillverkas med st\u00f6rsta precision och uppm\u00e4rksamhet. H\u00e5llbarhet och milj\u00f6ansvar \u00e4r h\u00f6gt prioriterade f\u00f6r oss - det \u00e4r d\u00e4rf\u00f6r v\u00e5ra eng\u00e5ngsf\u00f6r\u00e5ngare \u00e4r utformade med milj\u00f6n i \u00e5tanke och f\u00f6ljer g\u00e4llande riktlinjer f\u00f6r milj\u00f6skydd.<\/p>\n\n\n\n<h2 class=\"wp-block-heading\">Tillsammans in i framtiden<\/h2>\n\n\n\n<p>Vi uppskattar verkligen ditt f\u00f6rtroende f\u00f6r fumotpuff och ser fram emot att f\u00f6lja med dig p\u00e5 din vapingresa. Uppt\u00e4ck fumotpuffs fascinerande v\u00e4rld - d\u00e4r kvalitet, innovation och of\u00f6rgl\u00f6mliga smakupplevelser bildar en perfekt symbios.<\/p>\n\n\n\n<hr class=\"wp-block-separator has-alpha-channel-opacity\"\/>\n\n\n\n<p><strong>Din fumotpuff<\/strong> <strong>Team<\/strong><\/p>\n\n\n\n<p>\ud83d\udce7 <strong>Kontakta oss:<\/strong> chbzyluryberel@gmail.com<\/p>\n\n\n\n<p><em>Upplev framtidens vaping - med fumotpuff vid din sida.<\/em><\/p>","protected":false},"excerpt":{"rendered":"<p>Ihre vertrauensvolle Adresse f\u00fcr Premium-Einwegverdampfer Herzlich willkommen bei fumotpuff \u2013 Ihrem kompetenten Ansprechpartner f\u00fcr erstklassige Einweg-E-Zigaretten. Unsere Marke verk\u00f6rpert h\u00f6chste Qualit\u00e4tsanspr\u00fcche, wegweisende Innovation und ein au\u00dfergew\u00f6hnliches Verdampfungserlebnis. Bei fumotpuff verfolgen wir das Ziel, Ihnen das perfekte Geschmackserlebnis durch hochwertige Produkte und modernste Technologie zu bieten. Unser Sortiment Wir f\u00fchren eine umfangreiche Auswahl renommierter E-Zigaretten-Marken: Dabei [&#8230;]\n","protected":false},"author":1,"featured_media":0,"parent":0,"menu_order":0,"comment_status":"closed","ping_status":"closed","template":"","meta":{"_acf_changed":false,"footnotes":""},"class_list":["post-242","page","type-page","status-publish","hentry"],"acf":[],"_links":{"self":[{"href":"https:\/\/fumotpuff.com\/sv\/wp-json\/wp\/v2\/pages\/242","targetHints":{"allow":["GET"]}}],"collection":[{"href":"https:\/\/fumotpuff.com\/sv\/wp-json\/wp\/v2\/pages"}],"about":[{"href":"https:\/\/fumotpuff.com\/sv\/wp-json\/wp\/v2\/types\/page"}],"author":[{"embeddable":true,"href":"https:\/\/fumotpuff.com\/sv\/wp-json\/wp\/v2\/users\/1"}],"replies":[{"embeddable":true,"href":"https:\/\/fumotpuff.com\/sv\/wp-json\/wp\/v2\/comments?post=242"}],"version-history":[{"count":1,"href":"https:\/\/fumotpuff.com\/sv\/wp-json\/wp\/v2\/pages\/242\/revisions"}],"predecessor-version":[{"id":244,"href":"https:\/\/fumotpuff.com\/sv\/wp-json\/wp\/v2\/pages\/242\/revisions\/244"}],"wp:attachment":[{"href":"https:\/\/fumotpuff.com\/sv\/wp-json\/wp\/v2\/media?parent=242"}],"curies":[{"name":"wp","href":"https:\/\/api.w.org\/{rel}","templated":true}]}}