{"id":799,"date":"2025-09-15T04:54:18","date_gmt":"2025-09-15T02:54:18","guid":{"rendered":"https:\/\/fumotpuff.com\/?post_type=product&#038;p=799"},"modified":"2025-09-15T04:54:18","modified_gmt":"2025-09-15T02:54:18","slug":"fumot-tornado-25000-cool-mint","status":"publish","type":"product","link":"https:\/\/fumotpuff.com\/pl\/produkt\/fumot-tornado-25000-cool-mint\/","title":{"rendered":"Fumot Tornado 25000 Cool Mint"},"content":{"rendered":"<h2 class=\"text-xl font-bold text-text-100 mt-1 -mb-0.5\">Jednorazowy e-papieros Fumot Tornado 25000 Cool Mint<\/h2>\n<p class=\"whitespace-normal break-words\">Do\u015bwiadcz czystego orze\u017awienia dzi\u0119ki Fumot Tornado 25000 Cool Mint, kt\u00f3ry zapewnia intensywn\u0105 mi\u0119tow\u0105 \u015bwie\u017co\u015b\u0107 i orze\u017awiaj\u0105ce doznania. Ten wysokiej jako\u015bci jednorazowy e-papieros zapewnia krystalicznie czysty mentolowy ch\u0142\u00f3d, kt\u00f3ry zar\u00f3wno od\u015bwie\u017ca, jak i dodaje energii, zapewniaj\u0105c jednocze\u015bnie niezwyk\u0142e 25 000 zaci\u0105gni\u0119\u0107 z du\u017cej pojemno\u015bci 20 ml e-p\u0142ynu. Zaawansowany system cewek z podw\u00f3jn\u0105 siatk\u0105 maksymalizuje intensywno\u015b\u0107 mi\u0119ty i wytwarza ch\u0142odne, g\u0119ste chmury pary, zapewniaj\u0105c doskona\u0142e orze\u017awienie.<\/p>\n<h3 class=\"text-lg font-bold text-text-100 mt-1 -mb-1.5\">Fumot Tornado 25000 Cool Mint Cechy:<\/h3>\n<p class=\"whitespace-normal break-words\"><strong>Orze\u017awiaj\u0105ca intensywno\u015b\u0107 ci\u0105gu:<\/strong> 25 000 lodowatych zaci\u0105gni\u0119\u0107 o czystym smaku Cool Mint dla maksymalnej mentolowej \u015bwie\u017co\u015bci.<\/p>\n<p class=\"whitespace-normal break-words\"><strong>Elastyczne st\u0119\u017cenia nikotyny:<\/strong> Dost\u0119pne w wariantach z sol\u0105 nikotynow\u0105 2% i 5% dla osobistych preferencji intensywno\u015bci.<\/p>\n<p class=\"whitespace-normal break-words\"><strong>Du\u017ca pojemno\u015b\u0107 cieczy:<\/strong> Wysokiej jako\u015bci p\u0142yn Cool Mint E-Liquid o pojemno\u015bci 20 ml zapewnia d\u0142ugotrwa\u0142e orze\u017awienie.<\/p>\n<p class=\"whitespace-normal break-words\"><strong>Najlepsza technologia parownika:<\/strong> Podw\u00f3jne cewki siatkowe zwi\u0119kszaj\u0105 intensywno\u015b\u0107 smaku mi\u0119ty i optymalizuj\u0105 wydajno\u015b\u0107 ch\u0142odzenia.<\/p>\n<p class=\"whitespace-normal break-words\"><strong>Sta\u0142a wydajno\u015b\u0107 baterii:<\/strong> Akumulator o pojemno\u015bci 700 mAh z funkcj\u0105 szybkiego \u0142adowania typu C dla ci\u0105g\u0142ej dost\u0119pno\u015bci.<\/p>\n<p class=\"whitespace-normal break-words\"><strong>Nowoczesna jednostka steruj\u0105ca:<\/strong> 1,77-calowy ekran dotykowy TFT umo\u017cliwia \u0142atwe zarz\u0105dzanie urz\u0105dzeniem.<\/p>\n<p class=\"whitespace-normal break-words\"><strong>Spersonalizowane ustawienia:<\/strong> Potr\u00f3jne sterowanie dotykowe dla indywidualnej regulacji mocy pary.<\/p>\n<p class=\"whitespace-normal break-words\"><strong>Monitorowanie na \u017cywo:<\/strong> Ci\u0105g\u0142e wy\u015bwietlanie stanu baterii i e-liquidu.<\/p>\n<h3 class=\"text-lg font-bold text-text-100 mt-1 -mb-1.5\">Szczeg\u00f3\u0142y techniczne:<\/h3>\n<p class=\"whitespace-normal break-words\">Wy\u015bwietlacz TFT 1,77\u2033<br \/>\nSystem sterowania z ekranem dotykowym<br \/>\nPodw\u00f3jny system cewek siatkowych<br \/>\nPojemno\u015b\u0107 poci\u0105gu 25 tys.<br \/>\n2%\/5% Poziomy soli nikotyny<br \/>\nPort szybkiego \u0142adowania typu C<br \/>\nSystem akumulator\u00f3w o pojemno\u015bci 700 mAh<br \/>\nWska\u017aniki wy\u015bwietlania stanu<br \/>\nPotr\u00f3jne sterowanie zasilaniem<\/p>\n<h3 class=\"text-lg font-bold text-text-100 mt-1 -mb-1.5\">Odkryj wi\u0119cej FUMOT VAPE na fumotpuff<\/h3>\n<p class=\"whitespace-normal break-words\">Odkryj ca\u0142\u0105 gam\u0119 naszych produkt\u00f3w na stronie <strong><a class=\"underline\" href=\"https:\/\/fumotpuff.com\/pl\/\">Strona g\u0142\u00f3wna<\/a><\/strong>odwiedzi\u0107 stron\u0119 <strong><a class=\"underline\" href=\"https:\/\/fumotpuff.com\/pl\/product-category\/fumot-vape\/\">Kategoria produktu FUMOT VAPE<\/a><\/strong> lub wybra\u0107 spo\u015br\u00f3d wszystkich <strong><a class=\"underline\" href=\"https:\/\/fumotpuff.com\/pl\/product-category\/fumot-vape\/fumot-tornado-25000\/\">Opcje smakowe Fumot Tornado 25000<\/a><\/strong>.<\/p>","protected":false},"excerpt":{"rendered":"<p class=\"whitespace-normal break-words\">Jednorazowy waporyzator Fumot Tornado 25000 Cool Mint oferuje czyst\u0105 mentolow\u0105 \u015bwie\u017co\u015b\u0107 z krystalicznie czystym ch\u0142odem w 25 000 zaci\u0105gni\u0119\u0107. Cechy premium: Podw\u00f3jna cewka siatkowa, 20 ml e-liquidu, bateria 700 mAh typu C, wy\u015bwietlacz TFT 1,77\u2033 i wyb\u00f3r opcji soli nikotynowej 2% lub 5%.<\/p>\n<p class=\"whitespace-normal break-words\">","protected":false},"featured_media":800,"comment_status":"open","ping_status":"closed","template":"","meta":{"_acf_changed":false},"product_brand":[],"product_cat":[21],"product_tag":[],"class_list":{"0":"post-799","1":"product","2":"type-product","3":"status-publish","4":"has-post-thumbnail","6":"product_cat-fumot-tornado-25000","8":"first","9":"instock","10":"shipping-taxable","11":"purchasable","12":"product-type-variable"},"acf":[],"_links":{"self":[{"href":"https:\/\/fumotpuff.com\/pl\/wp-json\/wp\/v2\/product\/799","targetHints":{"allow":["GET"]}}],"collection":[{"href":"https:\/\/fumotpuff.com\/pl\/wp-json\/wp\/v2\/product"}],"about":[{"href":"https:\/\/fumotpuff.com\/pl\/wp-json\/wp\/v2\/types\/product"}],"replies":[{"embeddable":true,"href":"https:\/\/fumotpuff.com\/pl\/wp-json\/wp\/v2\/comments?post=799"}],"wp:featuredmedia":[{"embeddable":true,"href":"https:\/\/fumotpuff.com\/pl\/wp-json\/wp\/v2\/media\/800"}],"wp:attachment":[{"href":"https:\/\/fumotpuff.com\/pl\/wp-json\/wp\/v2\/media?parent=799"}],"wp:term":[{"taxonomy":"product_brand","embeddable":true,"href":"https:\/\/fumotpuff.com\/pl\/wp-json\/wp\/v2\/product_brand?post=799"},{"taxonomy":"product_cat","embeddable":true,"href":"https:\/\/fumotpuff.com\/pl\/wp-json\/wp\/v2\/product_cat?post=799"},{"taxonomy":"product_tag","embeddable":true,"href":"https:\/\/fumotpuff.com\/pl\/wp-json\/wp\/v2\/product_tag?post=799"}],"curies":[{"name":"wp","href":"https:\/\/api.w.org\/{rel}","templated":true}]}}