{"id":5450,"date":"2025-12-08T04:30:22","date_gmt":"2025-12-08T03:30:22","guid":{"rendered":"https:\/\/fumotpuff.com\/?post_type=product&#038;p=5450"},"modified":"2025-12-08T04:30:22","modified_gmt":"2025-12-08T03:30:22","slug":"uwin-crystal-twins-40000-strawberry-watermelon-lemon-lime","status":"publish","type":"product","link":"https:\/\/fumotpuff.com\/pl\/produkt\/uwin-crystal-twins-40000-strawberry-watermelon-lemon-lime\/","title":{"rendered":"Uwin Crystal Twins 40000 Truskawka Arbuz\/Cytryna Limonka"},"content":{"rendered":"<h2 class=\"font-claude-response-heading text-text-100 mt-1 -mb-0.5\">Uwin Crystal Twins 40000 Truskawka-arbuz\/cytryna-limonka Jednorazowy vape<\/h2>\n<p class=\"font-claude-response-body break-words whitespace-normal\">Owocowa s\u0142odycz spotyka si\u0119 z rze\u015bk\u0105 \u015bwie\u017co\u015bci\u0105 \u2013 jednorazowy vape Uwin Crystal Twins 40000 Strawberry Watermelon\/Lemon Lime \u0142\u0105czy dwa kontrastuj\u0105ce \u015bwiaty smak\u00f3w w jednym innowacyjnym urz\u0105dzeniu. Dzi\u0119ki praktycznemu systemowi obrotowemu na ustniku mo\u017cna spontanicznie wybiera\u0107 mi\u0119dzy soczyst\u0105 truskawk\u0105 i arbuzem a orze\u017awiaj\u0105c\u0105 cytryn\u0105 i limonk\u0105. Oba aromaty pozostaj\u0105 ca\u0142kowicie niezale\u017cne i zapewniaj\u0105 niezm\u0105con\u0105 przyjemno\u015b\u0107. To wydajne urz\u0105dzenie zapewnia do 40 000 zaci\u0105gni\u0119\u0107 z 32-mililitrowego zbiornika e-liquidu. Zoptymalizowana cewka siatkowa 0,6 oma zapewnia intensywne uwalnianie aromatu i r\u00f3wnomierne wytwarzanie pary. Wysokowydajny akumulator 850 mAh z portem \u0142adowania typu C zapewnia szybkie \u0142adowanie i d\u0142ugotrwa\u0142\u0105 moc. Do wyboru w wersjach o st\u0119\u017ceniu nikotyny 0 %, 2 %, 3 % i 5 %.<\/p>\n<h3 class=\"font-claude-response-subheading text-text-100 mt-1 -mb-1.5\">Najwa\u017cniejsze cechy produktu:<\/h3>\n<p class=\"font-claude-response-body break-words whitespace-normal\">Uwin Crystal Twins 40000 Strawberry Watermelon\/Lemon Lime jest idealny dla os\u00f3b, kt\u00f3re ceni\u0105 sobie r\u00f3\u017cnorodno\u015b\u0107. Wystarczy obr\u00f3ci\u0107 ustnik, aby wybra\u0107 aromat, kt\u00f3ry chcesz poczu\u0107: Strawberry Watermelon \u0142\u0105czy naturaln\u0105 s\u0142odycz dojrza\u0142ych truskawek z soczystym, lekko ch\u0142odnym charakterem \u015bwie\u017cego arbuza. Alternatyw\u0105 jest Lemon Lime \u2013 o\u017cywcze po\u0142\u0105czenie cytrynowej rze\u015bko\u015bci i orze\u017awiaj\u0105cej nuty limonki, idealne na zastrzyk energii w ci\u0105gu dnia.<\/p>\n<p class=\"font-claude-response-body break-words whitespace-normal\">Wyj\u0105tkowa pojemno\u015b\u0107 40 000 zaci\u0105gni\u0119\u0107 sprawia, \u017ce ten jednorazowy vape jest najlepszym wyborem dla os\u00f3b cz\u0119sto korzystaj\u0105cych z e-papieros\u00f3w. Dzi\u0119ki 32 ml wst\u0119pnie nape\u0142nionego e-liquidu wystarczy na kilka tygodni, bez utraty jako\u015bci smaku. Najnowocze\u015bniejsza technologia podw\u00f3jnej cewki siatkowej o rezystancji 0,6 oma zosta\u0142a specjalnie zaprojektowana, aby odtwarza\u0107 oba smaki z maksymaln\u0105 precyzj\u0105 i czysto\u015bci\u0105, jednocze\u015bnie wytwarzaj\u0105c obfite opary.<\/p>\n<p class=\"font-claude-response-body break-words whitespace-normal\">Urz\u0105dzenie jest zasilane niezawodn\u0105 bateri\u0105 kobaltow\u0105 o pojemno\u015bci 850 mAh, kt\u00f3ra dzi\u0119ki technologii szybkiego \u0142adowania typu C jest w pe\u0142ni na\u0142adowana w bardzo kr\u00f3tkim czasie. Przejrzysty, inteligentny wy\u015bwietlacz na bie\u017c\u0105co informuje o wszystkich istotnych danych dotycz\u0105cych urz\u0105dzenia. Dzi\u0119ki czterem r\u00f3\u017cnym st\u0119\u017ceniom nikotyny \u2013 0 %, 2 %, 3 % i 5 % \u2013 mo\u017cna zaspokoi\u0107 najr\u00f3\u017cniejsze preferencje dotycz\u0105ce parowania.<\/p>\n<h3 class=\"font-claude-response-subheading text-text-100 mt-1 -mb-1.5\">Dane techniczne:<\/h3>\n<p class=\"font-claude-response-body break-words whitespace-normal\"><strong>Pojemno\u015b\u0107 poci\u0105gu:<\/strong> Do 40 000 poci\u0105g\u00f3w<br \/>\n<strong>Obj\u0119to\u015b\u0107 e-liquidu:<\/strong> 32 ml<br \/>\n<strong>Opcje nikotyny:<\/strong> 0 %, 2 %, 3 %, 5 %<br \/>\n<strong>Pojemno\u015b\u0107 akumulatora:<\/strong> Akumulator 850 mAh<br \/>\n<strong>Technologia \u0142adowania:<\/strong> Szybkie \u0142adowanie typu C<br \/>\n<strong>G\u0142owica waporyzatora:<\/strong> Cewka z podw\u00f3jn\u0105 siatk\u0105 (0,6 \u03a9)<br \/>\n<strong>Profil smakowy:<\/strong> Truskawka i arbuz | Cytryna i limonka<br \/>\n<strong>Wy\u015bwietlacz:<\/strong> Ekran smart display<br \/>\n<strong>Zakres dostawy:<\/strong> 10 urz\u0105dze\u0144 w opakowaniu<\/p>\n<h3 class=\"font-claude-response-subheading text-text-100 mt-1 -mb-1.5\">Odkryj wi\u0119cej UWIN VAPE na fumotpuff<\/h3>\n<p class=\"font-claude-response-body break-words whitespace-normal\">Odkryj produkty premium do waporyzacji w naszym <strong><a class=\"underline\" href=\"https:\/\/fumotpuff.com\/pl\/\">Sklep internetowy<\/a><\/strong> i poznaj innowacyjne rozwi\u0105zania w dziedzinie vaping. <strong><a class=\"underline\" href=\"https:\/\/fumotpuff.com\/pl\/product-category\/uwin-vape\/\">Gama produkt\u00f3w UWIN VAPE<\/a><\/strong> \u0142\u0105czy najnowocze\u015bniejsz\u0105 technologi\u0119 z niezwyk\u0142ym designem. Odkryj wszystkie warianty aromat\u00f3w <strong><a class=\"underline\" href=\"https:\/\/fumotpuff.com\/pl\/product-category\/uwin-vape\/uwin-crystal-twins-40000\/\">Seria Uwin Crystal Twins 40000<\/a><\/strong> i ciesz si\u0119 r\u00f3\u017cnorodno\u015bci\u0105 smak\u00f3w na najwy\u017cszym poziomie.<\/p>","protected":false},"excerpt":{"rendered":"<p class=\"font-claude-response-body break-words whitespace-normal\">Uwin Crystal Twins 40000 Strawberry Watermelon\/Lemon Lime \u0142\u0105czy w sobie soczyst\u0105 truskawk\u0119 i arbuza z rze\u015bk\u0105 cytryn\u0105 i limonk\u0105 \u2013 wystarczy przekr\u0119ci\u0107, aby uzyska\u0107 2 smaki. 40 000 zaci\u0105gni\u0119\u0107, 32 ml e-liquidu, cewka Dual Mesh 0,6 \u03a9, akumulator 850 mAh typu C, inteligentny wy\u015bwietlacz. W wersjach 0%, 2%, 3%, 5% z nikotyn\u0105. S\u0142odki smak spotyka si\u0119 ze \u015bwie\u017co\u015bci\u0105!<\/p>","protected":false},"featured_media":5451,"comment_status":"open","ping_status":"closed","template":"","meta":{"_acf_changed":false},"product_brand":[],"product_cat":[60],"product_tag":[],"class_list":{"0":"post-5450","1":"product","2":"type-product","3":"status-publish","4":"has-post-thumbnail","6":"product_cat-uwin-crystal-twins-40000","8":"first","9":"instock","10":"shipping-taxable","11":"purchasable","12":"product-type-variable"},"acf":[],"_links":{"self":[{"href":"https:\/\/fumotpuff.com\/pl\/wp-json\/wp\/v2\/product\/5450","targetHints":{"allow":["GET"]}}],"collection":[{"href":"https:\/\/fumotpuff.com\/pl\/wp-json\/wp\/v2\/product"}],"about":[{"href":"https:\/\/fumotpuff.com\/pl\/wp-json\/wp\/v2\/types\/product"}],"replies":[{"embeddable":true,"href":"https:\/\/fumotpuff.com\/pl\/wp-json\/wp\/v2\/comments?post=5450"}],"wp:featuredmedia":[{"embeddable":true,"href":"https:\/\/fumotpuff.com\/pl\/wp-json\/wp\/v2\/media\/5451"}],"wp:attachment":[{"href":"https:\/\/fumotpuff.com\/pl\/wp-json\/wp\/v2\/media?parent=5450"}],"wp:term":[{"taxonomy":"product_brand","embeddable":true,"href":"https:\/\/fumotpuff.com\/pl\/wp-json\/wp\/v2\/product_brand?post=5450"},{"taxonomy":"product_cat","embeddable":true,"href":"https:\/\/fumotpuff.com\/pl\/wp-json\/wp\/v2\/product_cat?post=5450"},{"taxonomy":"product_tag","embeddable":true,"href":"https:\/\/fumotpuff.com\/pl\/wp-json\/wp\/v2\/product_tag?post=5450"}],"curies":[{"name":"wp","href":"https:\/\/api.w.org\/{rel}","templated":true}]}}