{"id":5443,"date":"2025-12-08T04:28:00","date_gmt":"2025-12-08T03:28:00","guid":{"rendered":"https:\/\/fumotpuff.com\/?post_type=product&#038;p=5443"},"modified":"2025-12-08T04:28:00","modified_gmt":"2025-12-08T03:28:00","slug":"uwin-crystal-twins-40000-kiwi-passion-fruit-guava-two-apple","status":"publish","type":"product","link":"https:\/\/fumotpuff.com\/pl\/produkt\/uwin-crystal-twins-40000-kiwi-passion-fruit-guava-two-apple\/","title":{"rendered":"Uwin Crystal Twins 40000 Kiwi Marakuja Guawa\/Dwa jab\u0142ka"},"content":{"rendered":"<h2 class=\"font-claude-response-heading text-text-100 mt-1 -mb-0.5\">Uwin Crystal Twins 40000 Kiwi Passion Fruit Guava\/Two Apple Jednorazowy vape<\/h2>\n<p class=\"font-claude-response-body break-words whitespace-normal\">Poczuj tropikaln\u0105 r\u00f3\u017cnorodno\u015b\u0107 po\u0142\u0105czon\u0105 z klasycznym smakiem jab\u0142ka dzi\u0119ki jednorazowemu vape'owi Uwin Crystal Twins 40000 Kiwi Passion Fruit Guava\/Two Apple. Innowacyjny system obrotowy na ustniku umo\u017cliwia p\u0142ynne przechodzenie mi\u0119dzy egzotycznym smakiem kiwi, marakui i guawy a podw\u00f3jnym aromatem jab\u0142ka Two Apple. Ka\u017cda strona zapewnia ca\u0142kowicie niezale\u017cne doznania smakowe o niezmiennie wysokiej jako\u015bci. Dzi\u0119ki imponuj\u0105cej wydajno\u015bci 40 000 zaci\u0105gni\u0119\u0107 i pojemno\u015bci 32 ml e-liquidu urz\u0105dzenie to zosta\u0142o zaprojektowane z my\u015bl\u0105 o maksymalnej \u017cywotno\u015bci. Wydajna cewka siatkowa 0,6 oma wytwarza smaczn\u0105, g\u0119st\u0105 par\u0119. Akumulator 850 mAh z portem szybkiego \u0142adowania typu C zapewnia niezawodne zasilanie. Dost\u0119pny w wersjach o st\u0119\u017ceniu nikotyny 0 %, 2 %, 3 % i 5 %.<\/p>\n<h3 class=\"font-claude-response-subheading text-text-100 mt-1 -mb-1.5\">Najwa\u017cniejsze cechy produktu:<\/h3>\n<p class=\"font-claude-response-body break-words whitespace-normal\">Uwin Crystal Twins 40000 Kiwi Passion Fruit Guava\/Two Apple oferuje fascynuj\u0105c\u0105 dwoisto\u015b\u0107 smaku. Wystarczy obr\u00f3ci\u0107 ustnik, aby aktywowa\u0107 tropikaln\u0105 stron\u0119 z kiwi, marakuj\u0105 i guaw\u0105 \u2013 kusz\u0105c\u0105 mieszank\u0105 kwa\u015bnego kiwi, egzotycznej marakui i kremowej guawy \u2013 lub prze\u0142\u0105czy\u0107 si\u0119 na Two Apple, kt\u00f3re zapewnia klasyczny owocowy smak dzi\u0119ki harmonijnemu po\u0142\u0105czeniu czerwonych i zielonych jab\u0142ek.<\/p>\n<p class=\"font-claude-response-body break-words whitespace-normal\">Dzi\u0119ki niezwyk\u0142ej pojemno\u015bci 40 000 zaci\u0105gni\u0119\u0107 ten jednorazowy vape wyznacza nowe standardy w zakresie wytrzyma\u0142o\u015bci. Du\u017cy zbiornik na p\u0142yn o pojemno\u015bci 32 ml zapewnia d\u0142ugotrwa\u0142\u0105 przyjemno\u015b\u0107 z obu smak\u00f3w bez konieczno\u015bci rezygnacji z jako\u015bci. Precyzyjnie wykonana cewka Dual Mesh o rezystancji 0,6 oma zosta\u0142a zaprojektowana tak, aby optymalnie wydobywa\u0107 ka\u017cdy aromat, zapewniaj\u0105c jednocze\u015bnie sta\u0142\u0105 produkcj\u0119 pary.<\/p>\n<p class=\"font-claude-response-body break-words whitespace-normal\">Zasilanie zapewnia wytrzyma\u0142a bateria kobaltowa o pojemno\u015bci 850 mAh, kt\u00f3r\u0105 mo\u017cna szybko na\u0142adowa\u0107 za pomoc\u0105 uniwersalnego z\u0142\u0105cza typu C. Dzi\u0119ki inteligentnemu wy\u015bwietlaczowi masz zawsze kontrol\u0119 nad poziomem na\u0142adowania baterii i stanem urz\u0105dzenia. Cztery dost\u0119pne poziomy nikotyny \u2013 0 %, 2 %, 3 % i 5 % \u2013 pozwalaj\u0105 precyzyjnie dostosowa\u0107 wra\u017cenia z wapowania do w\u0142asnych preferencji.<\/p>\n<h3 class=\"font-claude-response-subheading text-text-100 mt-1 -mb-1.5\">Dane techniczne:<\/h3>\n<p class=\"font-claude-response-body break-words whitespace-normal\"><strong>Pojemno\u015b\u0107 poci\u0105gu:<\/strong> Do 40 000 poci\u0105g\u00f3w<br \/>\n<strong>Obj\u0119to\u015b\u0107 e-liquidu:<\/strong> 32 ml<br \/>\n<strong>Opcje nikotyny:<\/strong> 0 %, 2 %, 3 %, 5 %<br \/>\n<strong>Pojemno\u015b\u0107 akumulatora:<\/strong> Akumulator 850 mAh<br \/>\n<strong>Technologia \u0142adowania:<\/strong> Szybkie \u0142adowanie typu C<br \/>\n<strong>G\u0142owica waporyzatora:<\/strong> Cewka z podw\u00f3jn\u0105 siatk\u0105 (0,6 \u03a9)<br \/>\n<strong>Profil smakowy:<\/strong> Kiwi, marakuja, guawa | Dwa jab\u0142ka<br \/>\n<strong>Wy\u015bwietlacz:<\/strong> Ekran smart display<br \/>\n<strong>Zakres dostawy:<\/strong> 10 urz\u0105dze\u0144 w opakowaniu<\/p>\n<h3 class=\"font-claude-response-subheading text-text-100 mt-1 -mb-1.5\">Odkryj wi\u0119cej UWIN VAPE na fumotpuff<\/h3>\n<p class=\"font-claude-response-body break-words whitespace-normal\">Zapraszamy do zapoznania si\u0119 z nasz\u0105 bogat\u0105 ofert\u0105 w naszym <strong><a class=\"underline\" href=\"https:\/\/fumotpuff.com\/pl\/\">Sklep internetowy<\/a><\/strong> i skorzystaj z najwy\u017cszej klasy technologii vapingowej. W <strong><a class=\"underline\" href=\"https:\/\/fumotpuff.com\/pl\/product-category\/uwin-vape\/\">Kategoria UWIN VAPE<\/a><\/strong> oczekujcie Pa\u0144stwo nowatorskich urz\u0105dze\u0144 parowych. Zapraszamy do zapoznania si\u0119 z pe\u0142n\u0105 ofert\u0105 <strong><a class=\"underline\" href=\"https:\/\/fumotpuff.com\/pl\/product-category\/uwin-vape\/uwin-crystal-twins-40000\/\">Uwin Crystal Twins 40000 Wyb\u00f3r<\/a><\/strong> i skorzystaj z innowacyjnej technologii Dual Flavor.<\/p>","protected":false},"excerpt":{"rendered":"<p class=\"font-claude-response-body break-words whitespace-normal\">Uwin Crystal Twins 40000 Kiwi Passion Fruit Guava\/Two Apple \u0142\u0105czy tropikaln\u0105 egzotyk\u0119 z klasycznym smakiem jab\u0142ka \u2013 wystarczy obr\u00f3ci\u0107, aby uzyska\u0107 2 smaki. 40 000 zaci\u0105gni\u0119\u0107, 32 ml e-liquidu, cewka Dual Mesh 0,6 \u03a9, akumulator typu C 850 mAh, inteligentny wy\u015bwietlacz. Dost\u0119pny z nikotyn\u0105 w wersjach 0%, 2%, 3%, 5%. R\u00f3\u017cnorodne owocowe smaki!<\/p>","protected":false},"featured_media":5444,"comment_status":"open","ping_status":"closed","template":"","meta":{"_acf_changed":false},"product_brand":[],"product_cat":[60],"product_tag":[],"class_list":{"0":"post-5443","1":"product","2":"type-product","3":"status-publish","4":"has-post-thumbnail","6":"product_cat-uwin-crystal-twins-40000","8":"first","9":"instock","10":"shipping-taxable","11":"purchasable","12":"product-type-variable"},"acf":[],"_links":{"self":[{"href":"https:\/\/fumotpuff.com\/pl\/wp-json\/wp\/v2\/product\/5443","targetHints":{"allow":["GET"]}}],"collection":[{"href":"https:\/\/fumotpuff.com\/pl\/wp-json\/wp\/v2\/product"}],"about":[{"href":"https:\/\/fumotpuff.com\/pl\/wp-json\/wp\/v2\/types\/product"}],"replies":[{"embeddable":true,"href":"https:\/\/fumotpuff.com\/pl\/wp-json\/wp\/v2\/comments?post=5443"}],"wp:featuredmedia":[{"embeddable":true,"href":"https:\/\/fumotpuff.com\/pl\/wp-json\/wp\/v2\/media\/5444"}],"wp:attachment":[{"href":"https:\/\/fumotpuff.com\/pl\/wp-json\/wp\/v2\/media?parent=5443"}],"wp:term":[{"taxonomy":"product_brand","embeddable":true,"href":"https:\/\/fumotpuff.com\/pl\/wp-json\/wp\/v2\/product_brand?post=5443"},{"taxonomy":"product_cat","embeddable":true,"href":"https:\/\/fumotpuff.com\/pl\/wp-json\/wp\/v2\/product_cat?post=5443"},{"taxonomy":"product_tag","embeddable":true,"href":"https:\/\/fumotpuff.com\/pl\/wp-json\/wp\/v2\/product_tag?post=5443"}],"curies":[{"name":"wp","href":"https:\/\/api.w.org\/{rel}","templated":true}]}}