{"id":5436,"date":"2025-12-08T04:25:38","date_gmt":"2025-12-08T03:25:38","guid":{"rendered":"https:\/\/fumotpuff.com\/?post_type=product&#038;p=5436"},"modified":"2025-12-08T04:25:39","modified_gmt":"2025-12-08T03:25:39","slug":"uwin-crystal-twins-40000-strawberry-kiwi-grape-ice","status":"publish","type":"product","link":"https:\/\/fumotpuff.com\/pl\/produkt\/uwin-crystal-twins-40000-strawberry-kiwi-grape-ice\/","title":{"rendered":"Uwin Crystal Twins 40000 Truskawka Kiwi\/Winogrono Ice"},"content":{"rendered":"<h2 class=\"font-claude-response-heading text-text-100 mt-1 -mb-0.5\">Uwin Crystal Twins 40000 Truskawka Kiwi\/Winogrono Ice Jednorazowy vape<\/h2>\n<p class=\"font-claude-response-body break-words whitespace-normal\">Ciesz si\u0119 owocowym kontrastem dzi\u0119ki jednorazowemu vape'owi Uwin Crystal Twins 40000 Strawberry Kiwi\/Grape Ice. Ten prze\u0142omowy system podw\u00f3jnego smaku pozwala na natychmiastowe prze\u0142\u0105czanie si\u0119 mi\u0119dzy dwoma r\u00f3\u017cnymi smakami poprzez proste obr\u00f3cenie ustnika. Strawberry Kiwi \u0142\u0105czy s\u0142odkie truskawki z rze\u015bkim kiwi, a Grape Ice zachwyca intensywnym smakiem winogron i lodowatym finiszem. Dzi\u0119ki zasi\u0119gowi do 40 000 zaci\u0105gni\u0119\u0107 i zbiornikowi na p\u0142yn o pojemno\u015bci 32 ml urz\u0105dzenie to zosta\u0142o zaprojektowane z my\u015bl\u0105 o d\u0142ugiej \u017cywotno\u015bci. Specjalnie dostrojona cewka siatkowa 0,6 oma gwarantuje pe\u0142ny smak i g\u0119st\u0105 par\u0119. Akumulator 850 mAh z opcj\u0105 \u0142adowania typu C zapewnia nieprzerwan\u0105 przyjemno\u015b\u0107 z wapowania. Dost\u0119pny w wersjach o mocy nikotynowej 0 %, 2 %, 3 % i 5 %.<\/p>\n<h3 class=\"font-claude-response-subheading text-text-100 mt-1 -mb-1.5\">Najwa\u017cniejsze cechy produktu:<\/h3>\n<p class=\"font-claude-response-body break-words whitespace-normal\">Uwin Crystal Twins 40000 Strawberry Kiwi\/Grape Ice rewolucjonizuje Twoje nawyki zwi\u0105zane z wapowaniem dzi\u0119ki inteligentnej konstrukcji z dwoma smakami. Wystarczy jeden ruch obrotowy ustnika, aby prze\u0142\u0105cza\u0107 si\u0119 mi\u0119dzy dwoma starannie dobranymi profilami smakowymi: Strawberry Kiwi oferuje zr\u00f3wnowa\u017con\u0105 r\u00f3wnowag\u0119 mi\u0119dzy owocow\u0105 s\u0142odycz\u0105 truskawek a orze\u017awiaj\u0105c\u0105 kwaskowato\u015bci\u0105 kiwi. Z drugiej strony Grape Ice oferuje pe\u0142ny smak dojrza\u0142ych winogron, dope\u0142niony lodowat\u0105 nut\u0105 mentolu.<\/p>\n<p class=\"font-claude-response-body break-words whitespace-normal\">Niezwyk\u0142a wydajno\u015b\u0107 40 000 zaci\u0105gni\u0119\u0107 sprawia, \u017ce ten jednorazowy vape jest ekonomicznym wyborem dla regularnych u\u017cytkownik\u00f3w. Obszerny zbiornik na e-liquid o pojemno\u015bci 32 ml zapewnia dost\u0119pno\u015b\u0107 obu smak\u00f3w przez ca\u0142y okres u\u017cytkowania. Zaawansowana cewka Dual Mesh o rezystancji 0,6 oma jest optymalnie dostosowana do obu aromat\u00f3w i zapewnia niezmiennie doskona\u0142y smak przy ka\u017cdym zaci\u0105gni\u0119ciu.<\/p>\n<p class=\"font-claude-response-body break-words whitespace-normal\">Pod wzgl\u0119dem technicznym urz\u0105dzenie przekonuje wydajn\u0105 bateri\u0105 kobaltow\u0105 o pojemno\u015bci 850 mAh, kt\u00f3r\u0105 mo\u017cna szybko na\u0142adowa\u0107 za pomoc\u0105 nowoczesnego portu typu C. Zintegrowany inteligentny wy\u015bwietlacz na bie\u017c\u0105co informuje o stanie urz\u0105dzenia. Dzi\u0119ki mo\u017cliwo\u015bci wyboru spo\u015br\u00f3d czterech poziom\u00f3w nikotyny \u2013 0 %, 2 %, 3 % i 5 % \u2013 produkt jest odpowiedni zar\u00f3wno dla pocz\u0105tkuj\u0105cych, jak i do\u015bwiadczonych u\u017cytkownik\u00f3w.<\/p>\n<h3 class=\"font-claude-response-subheading text-text-100 mt-1 -mb-1.5\">Dane techniczne:<\/h3>\n<p class=\"font-claude-response-body break-words whitespace-normal\"><strong>Pojemno\u015b\u0107 poci\u0105gu:<\/strong> Do 40 000 poci\u0105g\u00f3w<br \/>\n<strong>Obj\u0119to\u015b\u0107 e-liquidu:<\/strong> 32 ml<br \/>\n<strong>Opcje nikotyny:<\/strong> 0 %, 2 %, 3 %, 5 %<br \/>\n<strong>Pojemno\u015b\u0107 akumulatora:<\/strong> Akumulator 850 mAh<br \/>\n<strong>Technologia \u0142adowania:<\/strong> Szybkie \u0142adowanie typu C<br \/>\n<strong>G\u0142owica waporyzatora:<\/strong> Cewka z podw\u00f3jn\u0105 siatk\u0105 (0,6 \u03a9)<br \/>\n<strong>Profil smakowy:<\/strong> Truskawka Kiwi | Winogrono Ice<br \/>\n<strong>Wy\u015bwietlacz:<\/strong> Ekran smart display<br \/>\n<strong>Zakres dostawy:<\/strong> 10 urz\u0105dze\u0144 w opakowaniu<\/p>\n<h3 class=\"font-claude-response-subheading text-text-100 mt-1 -mb-1.5\">Odkryj wi\u0119cej UWIN VAPE na fumotpuff<\/h3>\n<p class=\"font-claude-response-body break-words whitespace-normal\">Przegl\u0105daj nasze <strong><a class=\"underline\" href=\"https:\/\/fumotpuff.com\/pl\/\">Sklep internetowy<\/a><\/strong> i odkryj produkty parowe klasy premium dla ka\u017cdego. <strong><a class=\"underline\" href=\"https:\/\/fumotpuff.com\/pl\/product-category\/uwin-vape\/\">Linia produkt\u00f3w UWIN VAPE<\/a><\/strong> to synonim innowacyjno\u015bci i jako\u015bci w bran\u017cy vapingowej. Zobacz wszystkie smaki <strong><a class=\"underline\" href=\"https:\/\/fumotpuff.com\/pl\/product-category\/uwin-vape\/uwin-crystal-twins-40000\/\">Rodzina Uwin Crystal Twins 40000<\/a><\/strong> i znajd\u017a idealn\u0105 kombinacj\u0119 aromat\u00f3w.<\/p>","protected":false},"excerpt":{"rendered":"<p class=\"font-claude-response-body break-words whitespace-normal\">Uwin Crystal Twins 40000 Strawberry Kiwi\/Grape Ice \u0142\u0105czy owocow\u0105 truskawk\u0119 i kiwi z lodowatymi winogronami \u2013 wystarczy przekr\u0119ci\u0107, aby uzyska\u0107 2 smaki. 40 000 zaci\u0105gni\u0119\u0107, 32 ml e-liquidu, cewka Dual Mesh 0,6 \u03a9, akumulator typu C 850 mAh, inteligentny wy\u015bwietlacz. Dost\u0119pny z nikotyn\u0105 0%, 2%, 3%, 5%. Owocowo-lodowy kontrast!<\/p>","protected":false},"featured_media":5437,"comment_status":"open","ping_status":"closed","template":"","meta":{"_acf_changed":false},"product_brand":[],"product_cat":[60],"product_tag":[],"class_list":{"0":"post-5436","1":"product","2":"type-product","3":"status-publish","4":"has-post-thumbnail","6":"product_cat-uwin-crystal-twins-40000","8":"first","9":"instock","10":"shipping-taxable","11":"purchasable","12":"product-type-variable"},"acf":[],"_links":{"self":[{"href":"https:\/\/fumotpuff.com\/pl\/wp-json\/wp\/v2\/product\/5436","targetHints":{"allow":["GET"]}}],"collection":[{"href":"https:\/\/fumotpuff.com\/pl\/wp-json\/wp\/v2\/product"}],"about":[{"href":"https:\/\/fumotpuff.com\/pl\/wp-json\/wp\/v2\/types\/product"}],"replies":[{"embeddable":true,"href":"https:\/\/fumotpuff.com\/pl\/wp-json\/wp\/v2\/comments?post=5436"}],"wp:featuredmedia":[{"embeddable":true,"href":"https:\/\/fumotpuff.com\/pl\/wp-json\/wp\/v2\/media\/5437"}],"wp:attachment":[{"href":"https:\/\/fumotpuff.com\/pl\/wp-json\/wp\/v2\/media?parent=5436"}],"wp:term":[{"taxonomy":"product_brand","embeddable":true,"href":"https:\/\/fumotpuff.com\/pl\/wp-json\/wp\/v2\/product_brand?post=5436"},{"taxonomy":"product_cat","embeddable":true,"href":"https:\/\/fumotpuff.com\/pl\/wp-json\/wp\/v2\/product_cat?post=5436"},{"taxonomy":"product_tag","embeddable":true,"href":"https:\/\/fumotpuff.com\/pl\/wp-json\/wp\/v2\/product_tag?post=5436"}],"curies":[{"name":"wp","href":"https:\/\/api.w.org\/{rel}","templated":true}]}}