{"id":533,"date":"2025-09-12T08:55:22","date_gmt":"2025-09-12T06:55:22","guid":{"rendered":"https:\/\/fumotpuff.com\/?post_type=product&#038;p=533"},"modified":"2025-09-12T08:55:22","modified_gmt":"2025-09-12T06:55:22","slug":"fumot-tornado-30k-music-kiwi-passion-fruit-guava","status":"publish","type":"product","link":"https:\/\/fumotpuff.com\/pl\/produkt\/fumot-tornado-30k-music-kiwi-passion-fruit-guava\/","title":{"rendered":"Fumot Tornado 30K Music Kiwi Passion Fruit Guava"},"content":{"rendered":"<h2 class=\"text-xl font-bold text-text-100 mt-1 -mb-0.5\">Jednorazowy e-papieros Fumot Tornado 30K Music Kiwi Passion Fruit Guava<\/h2>\n<p class=\"whitespace-normal break-words\">Prze\u017cyj egzotyczn\u0105 podr\u00f3\u017c smakow\u0105 z Fumot Tornado 30K Music Kiwi Passion Fruit Guava. Ten wysokiej jako\u015bci jednorazowy e-papieros \u0142\u0105czy trzy tropikalne owoce w harmonijn\u0105 symfoni\u0119 i oferuje niezwyk\u0142e 30 000 zaci\u0105gni\u0119\u0107 o intensywnym smaku dzi\u0119ki du\u017cej pojemno\u015bci 30 ml e-liquidu.<\/p>\n<h3 class=\"text-lg font-bold text-text-100 mt-1 -mb-1.5\">Niezwyk\u0142e cechy wersji Kiwi Passion Fruit Guava:<\/h3>\n<p class=\"whitespace-normal break-words\"><strong>Maksymalny zasi\u0119g:<\/strong> Do 30 000 zaci\u0105gni\u0119\u0107 dla d\u0142ugotrwa\u0142ej przyjemno\u015bci w tropikach.<\/p>\n<p class=\"whitespace-normal break-words\"><strong>Spersonalizowany wyb\u00f3r nikotyny:<\/strong> Dost\u0119pne w st\u0119\u017ceniach nikotyny 2% i 5%.<\/p>\n<p class=\"whitespace-normal break-words\"><strong>Wype\u0142nienie o du\u017cej obj\u0119to\u015bci:<\/strong> 30 ml najwy\u017cszej jako\u015bci e-liquidu do intensywnego i d\u0142ugotrwa\u0142ego u\u017cytkowania.<\/p>\n<p class=\"whitespace-normal break-words\"><strong>Nowoczesna technologia siatkowa:<\/strong> Cewka oporowa 1,0\u03a9 zapewnia doskona\u0142\u0105 dystrybucj\u0119 smaku wszystkich trzech smak\u00f3w owocowych.<\/p>\n<p class=\"whitespace-normal break-words\"><strong>Sta\u0142a bateria:<\/strong> Wydajna bateria 600 mAh z szybkim \u0142adowaniem typu C zapewnia niezawodn\u0105 wydajno\u015b\u0107.<\/p>\n<p class=\"whitespace-normal break-words\"><strong>Dynamiczny pokaz \u015bwietlny:<\/strong> Technologia LED reaguj\u0105ca na muzyk\u0119 zapewnia audiowizualn\u0105 przyjemno\u015b\u0107 przy ka\u017cdym ruchu.<\/p>\n<h3 class=\"text-lg font-bold text-text-100 mt-1 -mb-1.5\">Szczeg\u00f3\u0142y produktu:<\/h3>\n<p class=\"whitespace-normal break-words\">Wyb\u00f3r nikotyny: 2% \/ 5%<br \/>\nLiczba puf: 30 000<br \/>\nProfil smakowy Kiwi Passion Fruit Guava<br \/>\nPojemno\u015b\u0107 baterii: 600 mAh<br \/>\nWaporyzator siatkowy 1,0\u03a9<br \/>\n\u0141adowanie typu C<br \/>\nEfekty \u015bwietlne sterowane muzyk\u0105<\/p>\n<p class=\"whitespace-normal break-words\">Odwied\u017a nasz\u0105 stron\u0119 <strong><a class=\"underline\" href=\"https:\/\/fumotpuff.com\/pl\/\">Strona g\u0142\u00f3wna<\/a><\/strong> Aby uzyska\u0107 wi\u0119cej produkt\u00f3w premium, przejrzyj ca\u0142\u0105 ofert\u0119 <strong><a class=\"underline\" href=\"https:\/\/fumotpuff.com\/pl\/product-category\/fumot-vape\/\">Kolekcja FUMOT VAPE<\/a><\/strong> lub odkryj wszystko <strong><a class=\"underline\" href=\"https:\/\/fumotpuff.com\/pl\/product-category\/fumot-vape\/fumot-tornado-30k-music\/\">Fumot Tornado 30K Muzyczne smaki<\/a><\/strong>.<\/p>","protected":false},"excerpt":{"rendered":"<div>\n<div class=\"grid-cols-1 grid gap-2.5 [&amp;_&gt;_*]:min-w-0 !gap-3.5\">\n<p class=\"whitespace-normal break-words\">Die Fumot Tornado 30K Music Kiwi Passion Fruit Guava Einweg-E-Zigarette bietet eine exotische Geschmacksreise mit drei tropischen Fr\u00fcchten. Mit 30.000 Z\u00fcgen, 30ml E-Liquid und musikreaktiver LED-Beleuchtung f\u00fcr tropischen Genuss.<\/p>\n<\/div>\n<\/div>\n<div class=\"h-8\"><\/div>\n","protected":false},"featured_media":535,"comment_status":"open","ping_status":"closed","template":"","meta":{"_acf_changed":false},"product_brand":[],"product_cat":[20],"product_tag":[],"class_list":{"0":"post-533","1":"product","2":"type-product","3":"status-publish","4":"has-post-thumbnail","6":"product_cat-fumot-tornado-30k-music","8":"first","9":"instock","10":"shipping-taxable","11":"purchasable","12":"product-type-variable"},"acf":[],"_links":{"self":[{"href":"https:\/\/fumotpuff.com\/pl\/wp-json\/wp\/v2\/product\/533","targetHints":{"allow":["GET"]}}],"collection":[{"href":"https:\/\/fumotpuff.com\/pl\/wp-json\/wp\/v2\/product"}],"about":[{"href":"https:\/\/fumotpuff.com\/pl\/wp-json\/wp\/v2\/types\/product"}],"replies":[{"embeddable":true,"href":"https:\/\/fumotpuff.com\/pl\/wp-json\/wp\/v2\/comments?post=533"}],"wp:featuredmedia":[{"embeddable":true,"href":"https:\/\/fumotpuff.com\/pl\/wp-json\/wp\/v2\/media\/535"}],"wp:attachment":[{"href":"https:\/\/fumotpuff.com\/pl\/wp-json\/wp\/v2\/media?parent=533"}],"wp:term":[{"taxonomy":"product_brand","embeddable":true,"href":"https:\/\/fumotpuff.com\/pl\/wp-json\/wp\/v2\/product_brand?post=533"},{"taxonomy":"product_cat","embeddable":true,"href":"https:\/\/fumotpuff.com\/pl\/wp-json\/wp\/v2\/product_cat?post=533"},{"taxonomy":"product_tag","embeddable":true,"href":"https:\/\/fumotpuff.com\/pl\/wp-json\/wp\/v2\/product_tag?post=533"}],"curies":[{"name":"wp","href":"https:\/\/api.w.org\/{rel}","templated":true}]}}