{"id":527,"date":"2025-09-12T08:52:50","date_gmt":"2025-09-12T06:52:50","guid":{"rendered":"https:\/\/fumotpuff.com\/?post_type=product&#038;p=527"},"modified":"2025-09-12T08:52:50","modified_gmt":"2025-09-12T06:52:50","slug":"fumot-tornado-30k-music-ice-pop","status":"publish","type":"product","link":"https:\/\/fumotpuff.com\/pl\/produkt\/fumot-tornado-30k-music-ice-pop\/","title":{"rendered":"Fumot Tornado 30K Music Ice Pop"},"content":{"rendered":"<h2 class=\"text-xl font-bold text-text-100 mt-1 -mb-0.5\">Jednorazowy e-papieros Fumot Tornado 30K Music Ice Pop<\/h2>\n<p class=\"whitespace-normal break-words\">Fumot Tornado 30K Music Ice Pop przywo\u0142uje nostalgiczne wspomnienia letnich chwil z lukrem. Ten niezwyk\u0142y jednorazowy e-papieros \u0142\u0105czy w sobie s\u0142odkie owocowe smaki z ch\u0142odz\u0105cym efektem lodu i gwarantuje 30 000 zaci\u0105gni\u0119\u0107 o sta\u0142ej jako\u015bci dzi\u0119ki du\u017cemu 30 ml nape\u0142nieniu e-liquidem.<\/p>\n<h3 class=\"text-lg font-bold text-text-100 mt-1 -mb-1.5\">Cechy specjalne wersji Ice Pop Edition:<\/h3>\n<p class=\"whitespace-normal break-words\"><strong>D\u0142ugotrwa\u0142e dzia\u0142anie:<\/strong> Niesamowita pojemno\u015b\u0107 30 000 zaci\u0105gni\u0119\u0107 zapewnia maksymaln\u0105 satysfakcj\u0119.<\/p>\n<p class=\"whitespace-normal break-words\"><strong>Indywidualne opcje nikotyny:<\/strong> Dost\u0119pne w wersjach o mocy nikotyny 2% lub 5% w zale\u017cno\u015bci od potrzeb.<\/p>\n<p class=\"whitespace-normal break-words\"><strong>Du\u017ca pojemno\u015b\u0107:<\/strong> 30 ml e-liquidu premium do d\u0142u\u017cszego u\u017cytkowania.<\/p>\n<p class=\"whitespace-normal break-words\"><strong>Wysoce rozwini\u0119ta technologia cewek:<\/strong> Innowacyjna siateczka 1.0\u03a9 zapewnia doskona\u0142e przenoszenie aromatu.<\/p>\n<p class=\"whitespace-normal break-words\"><strong>Niezawodne dostawy energii:<\/strong> Wydajna bateria 600 mAh z technologi\u0105 \u0142adowania typu C.<\/p>\n<p class=\"whitespace-normal break-words\"><strong>Fascynuj\u0105ca gra \u015bwiat\u0142a:<\/strong> O\u015bwietlenie LED zsynchronizowane z odtwarzan\u0105 muzyk\u0105 zapewnia wci\u0105gaj\u0105ce wra\u017cenia.<\/p>\n<h3 class=\"text-lg font-bold text-text-100 mt-1 -mb-1.5\">Dane techniczne:<\/h3>\n<p class=\"whitespace-normal break-words\">Opcje nikotyny: 2% \/ 5%<br \/>\nPojemno\u015b\u0107 poci\u0105gu: 30 000<br \/>\nProfil smakowy Ice Pop<br \/>\nPojemno\u015b\u0107 baterii: 600 mAh<br \/>\nCewka siatkowa 1,0\u03a9<br \/>\nInterfejs \u0142adowania typu C<br \/>\nO\u015bwietlenie aktywowane d\u017awi\u0119kiem<\/p>\n<p class=\"whitespace-normal break-words\">Odkryj wi\u0119cej innowacji na naszej stronie <strong><a class=\"underline\" href=\"https:\/\/fumotpuff.com\/pl\/\">Strona internetowa<\/a><\/strong>odkryj wszystko <strong><a class=\"underline\" href=\"https:\/\/fumotpuff.com\/pl\/product-category\/fumot-vape\/\">Produkty FUMOT VAPE<\/a><\/strong> lub przegl\u0105da\u0107 wszystkie <strong><a class=\"underline\" href=\"https:\/\/fumotpuff.com\/pl\/product-category\/fumot-vape\/fumot-tornado-30k-music\/\">Warianty muzyczne Fumot Tornado 30K<\/a><\/strong>.<\/p>","protected":false},"excerpt":{"rendered":"<div>\n<div class=\"grid-cols-1 grid gap-2.5 [&amp;_&gt;_*]:min-w-0 !gap-3.5\">\n<p class=\"whitespace-normal break-words\">Die Fumot Tornado 30K Music Ice Pop Einweg-E-Zigarette erweckt nostalgische Eis-am-Stiel-Erinnerungen mit s\u00fc\u00dfen Fruchtaromen und k\u00fchlendem Ice-Effekt. Mit 30.000 Z\u00fcgen, 30ml E-Liquid und musiksynchroner LED-Beleuchtung.<\/p>\n<\/div>\n<\/div>\n<div class=\"h-8\"><\/div>\n","protected":false},"featured_media":529,"comment_status":"open","ping_status":"closed","template":"","meta":{"_acf_changed":false},"product_brand":[],"product_cat":[20],"product_tag":[],"class_list":{"0":"post-527","1":"product","2":"type-product","3":"status-publish","4":"has-post-thumbnail","6":"product_cat-fumot-tornado-30k-music","8":"first","9":"instock","10":"shipping-taxable","11":"purchasable","12":"product-type-variable"},"acf":[],"_links":{"self":[{"href":"https:\/\/fumotpuff.com\/pl\/wp-json\/wp\/v2\/product\/527","targetHints":{"allow":["GET"]}}],"collection":[{"href":"https:\/\/fumotpuff.com\/pl\/wp-json\/wp\/v2\/product"}],"about":[{"href":"https:\/\/fumotpuff.com\/pl\/wp-json\/wp\/v2\/types\/product"}],"replies":[{"embeddable":true,"href":"https:\/\/fumotpuff.com\/pl\/wp-json\/wp\/v2\/comments?post=527"}],"wp:featuredmedia":[{"embeddable":true,"href":"https:\/\/fumotpuff.com\/pl\/wp-json\/wp\/v2\/media\/529"}],"wp:attachment":[{"href":"https:\/\/fumotpuff.com\/pl\/wp-json\/wp\/v2\/media?parent=527"}],"wp:term":[{"taxonomy":"product_brand","embeddable":true,"href":"https:\/\/fumotpuff.com\/pl\/wp-json\/wp\/v2\/product_brand?post=527"},{"taxonomy":"product_cat","embeddable":true,"href":"https:\/\/fumotpuff.com\/pl\/wp-json\/wp\/v2\/product_cat?post=527"},{"taxonomy":"product_tag","embeddable":true,"href":"https:\/\/fumotpuff.com\/pl\/wp-json\/wp\/v2\/product_tag?post=527"}],"curies":[{"name":"wp","href":"https:\/\/api.w.org\/{rel}","templated":true}]}}