{"id":521,"date":"2025-09-12T08:50:23","date_gmt":"2025-09-12T06:50:23","guid":{"rendered":"https:\/\/fumotpuff.com\/?post_type=product&#038;p=521"},"modified":"2025-09-12T08:50:24","modified_gmt":"2025-09-12T06:50:24","slug":"fumot-tornado-30k-music-blueberry-on-ice","status":"publish","type":"product","link":"https:\/\/fumotpuff.com\/pl\/produkt\/fumot-tornado-30k-music-blueberry-on-ice\/","title":{"rendered":"Fumot Tornado 30K Music Blueberry On Ice"},"content":{"rendered":"<h2 class=\"text-xl font-bold text-text-100 mt-1 -mb-0.5\">Jednorazowy e-papieros Fumot Tornado 30K Music Blueberry On Ice<\/h2>\n<p class=\"whitespace-normal break-words\">Zanurz si\u0119 w doskona\u0142ej harmonii s\u0142odkich jag\u00f3d i ch\u0142odnego efektu lodu dzi\u0119ki Fumot Tornado 30K Music Blueberry On Ice. Ten innowacyjny jednorazowy e-papieros \u0142\u0105czy w sobie naturaln\u0105 s\u0142odycz jag\u00f3d z orze\u017awiaj\u0105cym ch\u0142odem i oferuje imponuj\u0105ce 30 000 zaci\u0105gni\u0119\u0107 najwy\u017cszej jako\u015bci.<\/p>\n<h3 class=\"text-lg font-bold text-text-100 mt-1 -mb-1.5\">Unikalne zalety wariantu Blueberry On Ice:<\/h3>\n<p class=\"whitespace-normal break-words\"><strong>Niezwyk\u0142a wytrzyma\u0142o\u015b\u0107:<\/strong> Do 30 000 zaci\u0105gni\u0119\u0107 zapewnia tygodnie nieprzerwanej przyjemno\u015bci z waporyzacji.<\/p>\n<p class=\"whitespace-normal break-words\"><strong>Elastyczna moc nikotyny:<\/strong> Dost\u0119pne w st\u0119\u017ceniach nikotyny 2% i 5%.<\/p>\n<p class=\"whitespace-normal break-words\"><strong>Bogate wype\u0142nienie:<\/strong> Pojemno\u015b\u0107 30 ml e-liquidu dla d\u0142u\u017cszego u\u017cytkowania.<\/p>\n<p class=\"whitespace-normal break-words\"><strong>Zaawansowana waporyzacja:<\/strong> System siatki 1,0\u03a9 dla optymalnego transferu aromatu.<\/p>\n<p class=\"whitespace-normal break-words\"><strong>Wytrzyma\u0142a bateria:<\/strong> Bateria litowa 600 mAh z funkcj\u0105 szybkiego \u0142adowania typu C.<\/p>\n<p class=\"whitespace-normal break-words\"><strong>Interaktywne o\u015bwietlenie:<\/strong> Zsynchronizowane z muzyk\u0105 o\u015bwietlenie LED dla wizualnej przyjemno\u015bci.<\/p>\n<h3 class=\"text-lg font-bold text-text-100 mt-1 -mb-1.5\">Specyfikacja:<\/h3>\n<p class=\"whitespace-normal break-words\">Warianty nikotynowe: 2% \/ 5%<br \/>\nPojemno\u015b\u0107 dmuchawy: 30 000<br \/>\n\u2611 Smak Blueberry On Ice<br \/>\nBateria: akumulator o pojemno\u015bci 600 mAh<br \/>\nSiatkowa g\u0142owica waporyzatora 1,0\u03a9<br \/>\nPort \u0142adowania typu C<br \/>\nInteraktywne muzyczne efekty \u015bwietlne<\/p>\n<p class=\"whitespace-normal break-words\">Zapoznaj si\u0119 z nasz\u0105 pe\u0142n\u0105 ofert\u0105 na <strong><a class=\"underline\" href=\"https:\/\/fumotpuff.com\/pl\/\">Strona g\u0142\u00f3wna<\/a><\/strong>Przegl\u0105daj ca\u0142\u0105 <strong><a class=\"underline\" href=\"https:\/\/fumotpuff.com\/pl\/product-category\/fumot-vape\/\">Wyb\u00f3r FUMOT VAPE<\/a><\/strong> lub wybra\u0107 spo\u015br\u00f3d innych <strong><a class=\"underline\" href=\"https:\/\/fumotpuff.com\/pl\/product-category\/fumot-vape\/fumot-tornado-30k-music\/\">Fumot Tornado 30K Muzyczne smaki<\/a><\/strong>.<\/p>","protected":false},"excerpt":{"rendered":"<div>\n<div class=\"grid-cols-1 grid gap-2.5 [&amp;_&gt;_*]:min-w-0 !gap-3.5\">\n<p class=\"whitespace-normal break-words\">Die Fumot Tornado 30K Music Blueberry On Ice Einweg-E-Zigarette vereint s\u00fc\u00dfe Blaubeeren mit k\u00fchlem Ice-Effekt in perfekter Harmonie. Mit 30.000 Z\u00fcgen, 30ml E-Liquid und musiksynchroner LED-Beleuchtung f\u00fcr erfrischenden Beerengenuss.<\/p>\n<\/div>\n<\/div>\n<div class=\"h-8\"><\/div>\n","protected":false},"featured_media":523,"comment_status":"open","ping_status":"closed","template":"","meta":{"_acf_changed":false},"product_brand":[],"product_cat":[20],"product_tag":[],"class_list":{"0":"post-521","1":"product","2":"type-product","3":"status-publish","4":"has-post-thumbnail","6":"product_cat-fumot-tornado-30k-music","8":"first","9":"instock","10":"shipping-taxable","11":"purchasable","12":"product-type-variable"},"acf":[],"_links":{"self":[{"href":"https:\/\/fumotpuff.com\/pl\/wp-json\/wp\/v2\/product\/521","targetHints":{"allow":["GET"]}}],"collection":[{"href":"https:\/\/fumotpuff.com\/pl\/wp-json\/wp\/v2\/product"}],"about":[{"href":"https:\/\/fumotpuff.com\/pl\/wp-json\/wp\/v2\/types\/product"}],"replies":[{"embeddable":true,"href":"https:\/\/fumotpuff.com\/pl\/wp-json\/wp\/v2\/comments?post=521"}],"wp:featuredmedia":[{"embeddable":true,"href":"https:\/\/fumotpuff.com\/pl\/wp-json\/wp\/v2\/media\/523"}],"wp:attachment":[{"href":"https:\/\/fumotpuff.com\/pl\/wp-json\/wp\/v2\/media?parent=521"}],"wp:term":[{"taxonomy":"product_brand","embeddable":true,"href":"https:\/\/fumotpuff.com\/pl\/wp-json\/wp\/v2\/product_brand?post=521"},{"taxonomy":"product_cat","embeddable":true,"href":"https:\/\/fumotpuff.com\/pl\/wp-json\/wp\/v2\/product_cat?post=521"},{"taxonomy":"product_tag","embeddable":true,"href":"https:\/\/fumotpuff.com\/pl\/wp-json\/wp\/v2\/product_tag?post=521"}],"curies":[{"name":"wp","href":"https:\/\/api.w.org\/{rel}","templated":true}]}}