{"id":5204,"date":"2025-12-01T09:39:04","date_gmt":"2025-12-01T08:39:04","guid":{"rendered":"https:\/\/fumotpuff.com\/?post_type=product&#038;p=5204"},"modified":"2025-12-01T09:39:04","modified_gmt":"2025-12-01T08:39:04","slug":"uwin-crystal-10000-watermelon-ice","status":"publish","type":"product","link":"https:\/\/fumotpuff.com\/pl\/produkt\/uwin-crystal-10000-watermelon-ice\/","title":{"rendered":"Uwin Crystal 10000 Arbuzowy l\u00f3d"},"content":{"rendered":"<h2 class=\"font-claude-response-heading text-text-100 mt-1 -mb-0.5\">Uwin Crystal 10000 Watermelon Ice Jednorazowy vape<\/h2>\n<p class=\"font-claude-response-body whitespace-normal break-words\">Od\u015bwie\u017c si\u0119 dzi\u0119ki Uwin Crystal 10000 Watermelon Ice i jego niesamowitym 10 000 zaci\u0105gni\u0119ciom. S\u0142odki, soczysty arbuz spotyka si\u0119 z lodowat\u0105 \u015bwie\u017co\u015bci\u0105, zapewniaj\u0105c najwy\u017csz\u0105 przyjemno\u015b\u0107. Wysoce wydajny system cewki siatkowej 0,8 \u03a9 zapewnia intensywny aromat z bogatego, wst\u0119pnie nape\u0142nionego zbiornika o pojemno\u015bci 18 ml. Dzi\u0119ki pot\u0119\u017cnej baterii 650 mAh i praktycznemu portowi typu C urz\u0105dzenie jest zawsze gotowe do u\u017cycia. Spektakularne o\u015bwietlenie RGB tworzy fascynuj\u0105cy pokaz \u015bwiate\u0142 przy ka\u017cdym zaci\u0105gni\u0119ciu. Do wyboru st\u0119\u017cenie nikotyny 0%, 2%, 3% lub 5% dla indywidualnego dostosowania.<\/p>\n<h3 class=\"font-claude-response-subheading text-text-100 mt-1 -mb-1.5\">Najwa\u017cniejsze cechy Uwin Crystal 10000 Watermelon Ice:<\/h3>\n<p class=\"font-claude-response-body whitespace-normal break-words\">Uwin Crystal 10000 Watermelon Ice zapewnia autentyczny aromat dojrza\u0142ego w s\u0142o\u0144cu arbuza, wzbogacony o ch\u0142odz\u0105ce nuty. Zaawansowana technologia Mesh Coil zapewnia sta\u0142\u0105 intensywno\u015b\u0107 smaku przez ca\u0142e 10 000 zaci\u0105gni\u0119\u0107, a pojemny zbiornik na e-liquid o pojemno\u015bci 18 ml gwarantuje wielodniow\u0105 przyjemno\u015b\u0107 z vapowania bez konieczno\u015bci ponownego nape\u0142niania. Elastyczny wyb\u00f3r mocy nikotyny od 2% do 5% zaspokaja r\u00f3\u017cnorodne potrzeby u\u017cytkownik\u00f3w.<\/p>\n<p class=\"font-claude-response-body whitespace-normal break-words\">Wytrzyma\u0142y akumulator 650 mAh z nowoczesn\u0105 technologi\u0105 \u0142adowania typu C zapewnia doskona\u0142e zasilanie przy skr\u00f3conym czasie \u0142adowania. Kompaktowa, por\u0119czna konstrukcja umo\u017cliwia \u0142atw\u0105 obs\u0142ug\u0119, a wielokolorowe pod\u015bwietlenie RGB nadaje ka\u017cdemu momentowi wapowania atrakcyjny wygl\u0105d. To inteligentne po\u0142\u0105czenie orze\u017awiaj\u0105cego aromatu arbuza, niezawodno\u015bci technicznej i estetycznego wygl\u0105du sprawia, \u017ce urz\u0105dzenie to jest doskona\u0142ym wyborem w segmencie premium.<\/p>\n<p class=\"font-claude-response-body whitespace-normal break-words\">Watermelon Ice przekonuje zw\u0142aszcza u\u017cytkownik\u00f3w, kt\u00f3rzy preferuj\u0105 po\u0142\u0105czenie intensywnej owocowej \u015bwie\u017co\u015bci z orze\u017awiaj\u0105cym ch\u0142odem. Aromat przypomina letnie chwile, a dzi\u0119ki swojej lekko\u015bci zapewnia nieskomplikowane, ale wyrafinowane doznania podczas wapowania. Idealny jako codzienny towarzysz na upalne dni lub jako orze\u017awiaj\u0105ca odmiana, ten wariant przekonuje sta\u0142\u0105 jako\u015bci\u0105 od pierwszego do ostatniego zaci\u0105gni\u0119cia.<\/p>\n<h3 class=\"font-claude-response-subheading text-text-100 mt-1 -mb-1.5\">Dane techniczne:<\/h3>\n<p class=\"font-claude-response-body whitespace-pre-wrap break-words\">\u2611 0%\/2%\/3%\/5% Zawarto\u015b\u0107 nikotyny<br \/>\n\u2611 Pojemno\u015b\u0107 e-liquidu 18 ml<br \/>\n\u2611 Technologia cewki siatkowej<br \/>\n\u2611 Akumulator wielokrotnego \u0142adowania<br \/>\n\u2611 Wbudowany akumulator 650 mAh<\/p>\n<h3 class=\"font-claude-response-subheading text-text-100 mt-1 -mb-1.5\">Odkryj wi\u0119cej UWIN VAPE na fumotpuff<\/h3>\n<p class=\"font-claude-response-body whitespace-normal break-words\">Przejrzyj nasz\u0105 bogat\u0105 ofert\u0119 produkt\u00f3w do wapowania na stronie <strong><a class=\"underline\" href=\"https:\/\/fumotpuff.com\/pl\/\">strona g\u0142\u00f3wna fumotpuff<\/a><\/strong> i odkryj inne urz\u0105dzenia premium firmy UWIN w naszej <strong><a class=\"underline\" href=\"https:\/\/fumotpuff.com\/pl\/product-category\/uwin-vape\/\">Dzia\u0142 UWIN VAPE<\/a><\/strong>. Wszystkie dost\u0119pne smaki Crystal 10000 przedstawiamy w <strong><a class=\"underline\" href=\"https:\/\/fumotpuff.com\/pl\/product-category\/uwin-vape\/uwin-crystal-10000\/\">Uwin Crystal 10000 \u015awiat aromat\u00f3w<\/a><\/strong>.<\/p>","protected":false},"excerpt":{"rendered":"<p class=\"font-claude-response-body whitespace-normal break-words\">Uwin Crystal 10000 Watermelon Ice zapewnia lodowato sch\u0142odzon\u0105 \u015bwie\u017co\u015b\u0107 arbuza w 10 000 zaci\u0105gni\u0119\u0107. Cewka siatkowa 0,8 \u03a9 i 18 ml e-liquidu gwarantuj\u0105 intensywny aromat. Akumulator 650 mAh z \u0142adowaniem typu C i pod\u015bwietleniem RGB zapewniaj\u0105 nieprzerwan\u0105 przyjemno\u015b\u0107 z wapowania. Nikotyna 0-5% dla ka\u017cdego gustu.<\/p>","protected":false},"featured_media":5205,"comment_status":"open","ping_status":"closed","template":"","meta":{"_acf_changed":false},"product_brand":[],"product_cat":[59],"product_tag":[],"class_list":{"0":"post-5204","1":"product","2":"type-product","3":"status-publish","4":"has-post-thumbnail","6":"product_cat-uwin-crystal-10000","8":"first","9":"instock","10":"shipping-taxable","11":"purchasable","12":"product-type-variable"},"acf":[],"_links":{"self":[{"href":"https:\/\/fumotpuff.com\/pl\/wp-json\/wp\/v2\/product\/5204","targetHints":{"allow":["GET"]}}],"collection":[{"href":"https:\/\/fumotpuff.com\/pl\/wp-json\/wp\/v2\/product"}],"about":[{"href":"https:\/\/fumotpuff.com\/pl\/wp-json\/wp\/v2\/types\/product"}],"replies":[{"embeddable":true,"href":"https:\/\/fumotpuff.com\/pl\/wp-json\/wp\/v2\/comments?post=5204"}],"wp:featuredmedia":[{"embeddable":true,"href":"https:\/\/fumotpuff.com\/pl\/wp-json\/wp\/v2\/media\/5205"}],"wp:attachment":[{"href":"https:\/\/fumotpuff.com\/pl\/wp-json\/wp\/v2\/media?parent=5204"}],"wp:term":[{"taxonomy":"product_brand","embeddable":true,"href":"https:\/\/fumotpuff.com\/pl\/wp-json\/wp\/v2\/product_brand?post=5204"},{"taxonomy":"product_cat","embeddable":true,"href":"https:\/\/fumotpuff.com\/pl\/wp-json\/wp\/v2\/product_cat?post=5204"},{"taxonomy":"product_tag","embeddable":true,"href":"https:\/\/fumotpuff.com\/pl\/wp-json\/wp\/v2\/product_tag?post=5204"}],"curies":[{"name":"wp","href":"https:\/\/api.w.org\/{rel}","templated":true}]}}