{"id":515,"date":"2025-09-12T08:47:57","date_gmt":"2025-09-12T06:47:57","guid":{"rendered":"https:\/\/fumotpuff.com\/?post_type=product&#038;p=515"},"modified":"2025-09-12T08:47:57","modified_gmt":"2025-09-12T06:47:57","slug":"fumot-tornado-30k-music-grape-ice","status":"publish","type":"product","link":"https:\/\/fumotpuff.com\/pl\/produkt\/fumot-tornado-30k-music-grape-ice\/","title":{"rendered":"Fumot Tornado 30K Music Grape Ice"},"content":{"rendered":"<h2 class=\"text-xl font-bold text-text-100 mt-1 -mb-0.5\">Jednorazowy e-papieros Fumot Tornado 30K Music Grape Ice<\/h2>\n<p class=\"whitespace-normal break-words\">Fumot Tornado 30K Music Grape Ice \u0142\u0105czy soczyste winogrona z orze\u017awiaj\u0105cym efektem ch\u0142odu, tworz\u0105c nieodparte doznania smakowe. Ten wysokiej jako\u015bci jednorazowy e-papieros zapewnia sta\u0142\u0105 jako\u015b\u0107 przez ponad 30 000 zaci\u0105gni\u0119\u0107, wspieran\u0105 przez du\u017cy zbiornik e-liquidu o pojemno\u015bci 30 ml.<\/p>\n<h3 class=\"text-lg font-bold text-text-100 mt-1 -mb-1.5\">Wyj\u0105tkowe cechy Grape Ice Edition:<\/h3>\n<p class=\"whitespace-normal break-words\"><strong>Rekordowe wykorzystanie:<\/strong> Ciesz si\u0119 nawet 30 000 zaci\u0105gni\u0119\u0107 przez wiele miesi\u0119cy.<\/p>\n<p class=\"whitespace-normal break-words\"><strong>Mo\u017cliwo\u015b\u0107 dostosowania dawki nikotyny:<\/strong> Wybierz mi\u0119dzy 2% lub 5% zgodnie z w\u0142asnymi preferencjami.<\/p>\n<p class=\"whitespace-normal break-words\"><strong>Du\u017ca pojemno\u015b\u0107 cieczy:<\/strong> Wysokiej jako\u015bci e-liquid o pojemno\u015bci 30 ml zapewnia nieprzerwan\u0105 przyjemno\u015b\u0107.<\/p>\n<p class=\"whitespace-normal break-words\"><strong>Precyzyjny system cewek:<\/strong> Technologia 1.0\u03a9 Mesh dla maksymalnego transferu aromatu.<\/p>\n<p class=\"whitespace-normal break-words\"><strong>Niezawodne zasilanie:<\/strong> Wydajna bateria 600 mAh z wydajn\u0105 technologi\u0105 \u0142adowania typu C.<\/p>\n<p class=\"whitespace-normal break-words\"><strong>Spektakularny pokaz \u015bwietlny:<\/strong> System LED reaguje na rytm muzyki, zapewniaj\u0105c wielozmys\u0142owe wra\u017cenia.<\/p>\n<h3 class=\"text-lg font-bold text-text-100 mt-1 -mb-1.5\">Szczeg\u00f3\u0142y techniczne:<\/h3>\n<p class=\"whitespace-normal break-words\">Zawarto\u015b\u0107 nikotyny: 2% \/ 5%<br \/>\nMaksymalna liczba poci\u0105g\u00f3w: 30 000<br \/>\n\u2611 Smak Grape Ice<br \/>\nBateria o pojemno\u015bci 600 mAh<br \/>\nCewka siatkowa 1,0\u03a9<br \/>\nSzybkie \u0142adowanie typu C<br \/>\nDiody LED reaguj\u0105ce na d\u017awi\u0119k<\/p>\n<p class=\"whitespace-normal break-words\">Odwied\u017a nasz\u0105 stron\u0119 <strong><a class=\"underline\" href=\"https:\/\/fumotpuff.com\/pl\/\">Strona g\u0142\u00f3wna<\/a><\/strong> Aby uzyska\u0107 wi\u0119cej informacji o innowacjach produktowych, przejrzyj wszystkie <strong><a class=\"underline\" href=\"https:\/\/fumotpuff.com\/pl\/product-category\/fumot-vape\/\">Artyku\u0142 FUMOT VAPE<\/a><\/strong> lub odkryj wi\u0119cej <strong><a class=\"underline\" href=\"https:\/\/fumotpuff.com\/pl\/product-category\/fumot-vape\/fumot-tornado-30k-music\/\">Odmiany muzyczne Fumot Tornado 30K<\/a><\/strong>.<\/p>","protected":false},"excerpt":{"rendered":"<div>\n<div class=\"grid-cols-1 grid gap-2.5 [&amp;_&gt;_*]:min-w-0 !gap-3.5\">\n<p class=\"whitespace-normal break-words\">Die Fumot Tornado 30K Music Grape Ice Einweg-E-Zigarette verbindet saftige Trauben mit erfrischendem Cool-Effekt. Mit 30.000 Z\u00fcgen, 30ml E-Liquid und musikreaktiver LED-Beleuchtung f\u00fcr unwiderstehlichen Traubengenuss mit K\u00e4lte.<\/p>\n<\/div>\n<\/div>\n<div class=\"h-8\"><\/div>\n","protected":false},"featured_media":517,"comment_status":"open","ping_status":"closed","template":"","meta":{"_acf_changed":false},"product_brand":[],"product_cat":[20],"product_tag":[],"class_list":{"0":"post-515","1":"product","2":"type-product","3":"status-publish","4":"has-post-thumbnail","6":"product_cat-fumot-tornado-30k-music","8":"first","9":"instock","10":"shipping-taxable","11":"purchasable","12":"product-type-variable"},"acf":[],"_links":{"self":[{"href":"https:\/\/fumotpuff.com\/pl\/wp-json\/wp\/v2\/product\/515","targetHints":{"allow":["GET"]}}],"collection":[{"href":"https:\/\/fumotpuff.com\/pl\/wp-json\/wp\/v2\/product"}],"about":[{"href":"https:\/\/fumotpuff.com\/pl\/wp-json\/wp\/v2\/types\/product"}],"replies":[{"embeddable":true,"href":"https:\/\/fumotpuff.com\/pl\/wp-json\/wp\/v2\/comments?post=515"}],"wp:featuredmedia":[{"embeddable":true,"href":"https:\/\/fumotpuff.com\/pl\/wp-json\/wp\/v2\/media\/517"}],"wp:attachment":[{"href":"https:\/\/fumotpuff.com\/pl\/wp-json\/wp\/v2\/media?parent=515"}],"wp:term":[{"taxonomy":"product_brand","embeddable":true,"href":"https:\/\/fumotpuff.com\/pl\/wp-json\/wp\/v2\/product_brand?post=515"},{"taxonomy":"product_cat","embeddable":true,"href":"https:\/\/fumotpuff.com\/pl\/wp-json\/wp\/v2\/product_cat?post=515"},{"taxonomy":"product_tag","embeddable":true,"href":"https:\/\/fumotpuff.com\/pl\/wp-json\/wp\/v2\/product_tag?post=515"}],"curies":[{"name":"wp","href":"https:\/\/api.w.org\/{rel}","templated":true}]}}