{"id":509,"date":"2025-09-12T08:45:21","date_gmt":"2025-09-12T06:45:21","guid":{"rendered":"https:\/\/fumotpuff.com\/?post_type=product&#038;p=509"},"modified":"2025-09-12T08:45:21","modified_gmt":"2025-09-12T06:45:21","slug":"fumot-tornado-30k-music-dr-blue","status":"publish","type":"product","link":"https:\/\/fumotpuff.com\/pl\/produkt\/fumot-tornado-30k-music-dr-blue\/","title":{"rendered":"Fumot Tornado 30K Music Dr Blue"},"content":{"rendered":"<h2 class=\"text-xl font-bold text-text-100 mt-1 -mb-0.5\">Jednorazowy e-papieros Fumot Tornado 30K Music Dr Blue<\/h2>\n<p class=\"whitespace-normal break-words\">Poznaj tajemniczy profil smakowy Dr Blue dzi\u0119ki Fumot Tornado 30K Music Dr Blue. Ten niezwyk\u0142y jednorazowy e-papieros \u0142\u0105czy w sobie z\u0142o\u017cone nuty smakowe, aby zapewni\u0107 wyj\u0105tkowe doznania podczas waporyzacji przez ponad 30 000 zaci\u0105gni\u0119\u0107. Du\u017ca pojemno\u015b\u0107 30 ml e-liquidu gwarantuje sta\u0142\u0105 jako\u015b\u0107.<\/p>\n<h3 class=\"text-lg font-bold text-text-100 mt-1 -mb-1.5\">Cechy charakterystyczne wersji Dr Blue:<\/h3>\n<p class=\"whitespace-normal break-words\"><strong>Wyj\u0105tkowy zasi\u0119g:<\/strong> Do 30 000 zaci\u0105gni\u0119\u0107 dla d\u0142ugotrwa\u0142ej przyjemno\u015bci gotowania na parze.<\/p>\n<p class=\"whitespace-normal break-words\"><strong>Spersonalizowany wyb\u00f3r nikotyny:<\/strong> Dost\u0119pne w wersjach z zawarto\u015bci\u0105 nikotyny 2% i 5%.<\/p>\n<p class=\"whitespace-normal break-words\"><strong>Szerokie wype\u0142nienie:<\/strong> 30 ml e-liquidu premium do intensywnego u\u017cytkowania.<\/p>\n<p class=\"whitespace-normal break-words\"><strong>Innowacyjna technologia siatkowa:<\/strong> Cewka oporowa 1,0\u03a9 zapewnia doskona\u0142\u0105 dystrybucj\u0119 smaku.<\/p>\n<p class=\"whitespace-normal break-words\"><strong>Sta\u0142e \u017ar\u00f3d\u0142o energii:<\/strong> Wydajna bateria 600 mAh z szybkim \u0142adowaniem typu C.<\/p>\n<p class=\"whitespace-normal break-words\"><strong>Imponuj\u0105ce o\u015bwietlenie:<\/strong> Technologia LED reaguj\u0105ca na muzyk\u0119 dla audiowizualnej przyjemno\u015bci.<\/p>\n<h3 class=\"text-lg font-bold text-text-100 mt-1 -mb-1.5\">Specyfikacja produktu:<\/h3>\n<p class=\"whitespace-normal break-words\">Wyb\u00f3r nikotyny: 2% \/ 5%<br \/>\nLiczba poci\u0105g\u00f3w: 30 000<br \/>\nProfil smakowy Dr Blue<br \/>\nPojemno\u015b\u0107 baterii: 600 mAh<br \/>\nWaporyzator siatkowy 1,0\u03a9<br \/>\n\u0141adowanie typu C<br \/>\nEfekty \u015bwietlne sterowane muzyk\u0105<\/p>\n<p class=\"whitespace-normal break-words\">Odkryj wi\u0119cej produkt\u00f3w premium na naszej stronie <strong><a class=\"underline\" href=\"https:\/\/fumotpuff.com\/pl\/\">Strona g\u0142\u00f3wna<\/a><\/strong>zapoznaj si\u0119 z pe\u0142n\u0105 <strong><a class=\"underline\" href=\"https:\/\/fumotpuff.com\/pl\/product-category\/fumot-vape\/\">Kolekcja FUMOT VAPE<\/a><\/strong> lub wybra\u0107 spo\u015br\u00f3d wszystkich <strong><a class=\"underline\" href=\"https:\/\/fumotpuff.com\/pl\/product-category\/fumot-vape\/fumot-tornado-30k-music\/\">Fumot Tornado 30K Muzyczne smaki<\/a><\/strong>.<\/p>","protected":false},"excerpt":{"rendered":"<div>\n<div class=\"grid-cols-1 grid gap-2.5 [&amp;_&gt;_*]:min-w-0 !gap-3.5\">\n<p class=\"whitespace-normal break-words\">Die Fumot Tornado 30K Music Dr Blue Einweg-E-Zigarette bietet ein geheimnisvolles Geschmacksprofil mit komplexen Aromanoten. Mit 30.000 Z\u00fcgen, 30ml E-Liquid und musikreaktiver LED-Beleuchtung f\u00fcr ein au\u00dfergew\u00f6hnliches Dampferlebnis.<\/p>\n<\/div>\n<\/div>\n<div class=\"h-8\"><\/div>\n","protected":false},"featured_media":511,"comment_status":"open","ping_status":"closed","template":"","meta":{"_acf_changed":false},"product_brand":[],"product_cat":[20],"product_tag":[],"class_list":{"0":"post-509","1":"product","2":"type-product","3":"status-publish","4":"has-post-thumbnail","6":"product_cat-fumot-tornado-30k-music","8":"first","9":"instock","10":"shipping-taxable","11":"purchasable","12":"product-type-variable"},"acf":[],"_links":{"self":[{"href":"https:\/\/fumotpuff.com\/pl\/wp-json\/wp\/v2\/product\/509","targetHints":{"allow":["GET"]}}],"collection":[{"href":"https:\/\/fumotpuff.com\/pl\/wp-json\/wp\/v2\/product"}],"about":[{"href":"https:\/\/fumotpuff.com\/pl\/wp-json\/wp\/v2\/types\/product"}],"replies":[{"embeddable":true,"href":"https:\/\/fumotpuff.com\/pl\/wp-json\/wp\/v2\/comments?post=509"}],"wp:featuredmedia":[{"embeddable":true,"href":"https:\/\/fumotpuff.com\/pl\/wp-json\/wp\/v2\/media\/511"}],"wp:attachment":[{"href":"https:\/\/fumotpuff.com\/pl\/wp-json\/wp\/v2\/media?parent=509"}],"wp:term":[{"taxonomy":"product_brand","embeddable":true,"href":"https:\/\/fumotpuff.com\/pl\/wp-json\/wp\/v2\/product_brand?post=509"},{"taxonomy":"product_cat","embeddable":true,"href":"https:\/\/fumotpuff.com\/pl\/wp-json\/wp\/v2\/product_cat?post=509"},{"taxonomy":"product_tag","embeddable":true,"href":"https:\/\/fumotpuff.com\/pl\/wp-json\/wp\/v2\/product_tag?post=509"}],"curies":[{"name":"wp","href":"https:\/\/api.w.org\/{rel}","templated":true}]}}