{"id":497,"date":"2025-09-12T05:56:41","date_gmt":"2025-09-12T03:56:41","guid":{"rendered":"https:\/\/fumotpuff.com\/?post_type=product&#038;p=497"},"modified":"2025-09-12T05:56:41","modified_gmt":"2025-09-12T03:56:41","slug":"fumot-tornado-30k-music-blueberry-raspberry","status":"publish","type":"product","link":"https:\/\/fumotpuff.com\/pl\/produkt\/fumot-tornado-30k-music-blueberry-raspberry\/","title":{"rendered":"Fumot Tornado 30K Music Blueberry Raspberry"},"content":{"rendered":"<h2 class=\"text-xl font-bold text-text-100 mt-1 -mb-0.5\">Jednorazowy e-papieros Fumot Tornado 30K Music Blueberry Raspberry<\/h2>\n<p class=\"whitespace-normal break-words\">Zanurz si\u0119 w harmonijnym po\u0142\u0105czeniu s\u0142odkich jag\u00f3d i pikantnych malin z Fumot Tornado 30K Music Blueberry Raspberry. Ten innowacyjny jednorazowy e-papieros \u0142\u0105czy w sobie dwa popularne smaki jag\u00f3d w idealnej r\u00f3wnowadze i oferuje wyj\u0105tkowe 30 000 zaci\u0105gni\u0119\u0107.<\/p>\n<h3 class=\"text-lg font-bold text-text-100 mt-1 -mb-1.5\">Unikalne zalety Blueberry Raspberry Edition:<\/h3>\n<p class=\"whitespace-normal break-words\"><strong>Imponuj\u0105ca wytrzyma\u0142o\u015b\u0107:<\/strong> Do 30 000 zaci\u0105gni\u0119\u0107 dla tygodni nieprzerwanej przyjemno\u015bci.<\/p>\n<p class=\"whitespace-normal break-words\"><strong>Elastyczny wyb\u00f3r nikotyny:<\/strong> Wybierz pomi\u0119dzy moc\u0105 nikotyny 2% i 5%.<\/p>\n<p class=\"whitespace-normal break-words\"><strong>Du\u017ca ilo\u015b\u0107 p\u0142ynu:<\/strong> Pojemno\u015b\u0107 30 ml e-liquidu dla d\u0142u\u017cszego u\u017cytkowania.<\/p>\n<p class=\"whitespace-normal break-words\"><strong>Zaawansowana waporyzacja:<\/strong> Technologia 1.0\u03a9 Mesh zapewnia doskona\u0142y transfer aromatu.<\/p>\n<p class=\"whitespace-normal break-words\"><strong>Solidne dostawy energii:<\/strong> Bateria litowa 600 mAh z funkcj\u0105 szybkiego \u0142adowania typu C.<\/p>\n<p class=\"whitespace-normal break-words\"><strong>Spektakularne efekty \u015bwietlne:<\/strong> Zsynchronizowane z muzyk\u0105 o\u015bwietlenie LED dla przyjemno\u015bci wizualnej.<\/p>\n<h3 class=\"text-lg font-bold text-text-100 mt-1 -mb-1.5\">Dane techniczne:<\/h3>\n<p class=\"whitespace-normal break-words\">Warianty nikotynowe: 2% \/ 5%<br \/>\nPojemno\u015b\u0107 poci\u0105gu: 30 000<br \/>\n\u2611 Smak jagodowo-malinowy<br \/>\nMoc baterii: 600 mAh<br \/>\nSiatkowa g\u0142owica waporyzatora 1,0\u03a9<br \/>\nPort \u0142adowania typu C<br \/>\nO\u015bwietlenie aktywowane d\u017awi\u0119kiem<\/p>\n<p class=\"whitespace-normal break-words\">Poznaj wi\u0119cej opcji premium na naszej stronie <strong><a class=\"underline\" href=\"https:\/\/fumotpuff.com\/pl\/\">Strona internetowa<\/a><\/strong>przegl\u0105daj kompletne <strong><a class=\"underline\" href=\"https:\/\/fumotpuff.com\/pl\/product-category\/fumot-vape\/\">Wyb\u00f3r FUMOT VAPE<\/a><\/strong> lub odkryj wszystko <strong><a class=\"underline\" href=\"https:\/\/fumotpuff.com\/pl\/product-category\/fumot-vape\/fumot-tornado-30k-music\/\">Fumot Tornado 30K Muzyczne smaki<\/a><\/strong>.<\/p>","protected":false},"excerpt":{"rendered":"<div>\n<div class=\"grid-cols-1 grid gap-2.5 [&amp;_&gt;_*]:min-w-0 !gap-3.5\">\n<p class=\"whitespace-normal break-words\">Die Fumot Tornado 30K Music Blueberry Raspberry Einweg-E-Zigarette kombiniert s\u00fc\u00dfe Blaubeeren mit spritzigen Himbeeren in perfekter Balance. Mit 30.000 Z\u00fcgen, 30ml E-Liquid und musiksynchroner LED-Beleuchtung f\u00fcr harmonischen Beerengenuss.<\/p>\n<\/div>\n<\/div>\n<div class=\"h-8\"><\/div>\n","protected":false},"featured_media":499,"comment_status":"open","ping_status":"closed","template":"","meta":{"_acf_changed":false},"product_brand":[],"product_cat":[20],"product_tag":[],"class_list":{"0":"post-497","1":"product","2":"type-product","3":"status-publish","4":"has-post-thumbnail","6":"product_cat-fumot-tornado-30k-music","8":"first","9":"instock","10":"shipping-taxable","11":"purchasable","12":"product-type-variable"},"acf":[],"_links":{"self":[{"href":"https:\/\/fumotpuff.com\/pl\/wp-json\/wp\/v2\/product\/497","targetHints":{"allow":["GET"]}}],"collection":[{"href":"https:\/\/fumotpuff.com\/pl\/wp-json\/wp\/v2\/product"}],"about":[{"href":"https:\/\/fumotpuff.com\/pl\/wp-json\/wp\/v2\/types\/product"}],"replies":[{"embeddable":true,"href":"https:\/\/fumotpuff.com\/pl\/wp-json\/wp\/v2\/comments?post=497"}],"wp:featuredmedia":[{"embeddable":true,"href":"https:\/\/fumotpuff.com\/pl\/wp-json\/wp\/v2\/media\/499"}],"wp:attachment":[{"href":"https:\/\/fumotpuff.com\/pl\/wp-json\/wp\/v2\/media?parent=497"}],"wp:term":[{"taxonomy":"product_brand","embeddable":true,"href":"https:\/\/fumotpuff.com\/pl\/wp-json\/wp\/v2\/product_brand?post=497"},{"taxonomy":"product_cat","embeddable":true,"href":"https:\/\/fumotpuff.com\/pl\/wp-json\/wp\/v2\/product_cat?post=497"},{"taxonomy":"product_tag","embeddable":true,"href":"https:\/\/fumotpuff.com\/pl\/wp-json\/wp\/v2\/product_tag?post=497"}],"curies":[{"name":"wp","href":"https:\/\/api.w.org\/{rel}","templated":true}]}}