{"id":485,"date":"2025-09-12T05:51:37","date_gmt":"2025-09-12T03:51:37","guid":{"rendered":"https:\/\/fumotpuff.com\/?post_type=product&#038;p=485"},"modified":"2025-09-12T05:51:37","modified_gmt":"2025-09-12T03:51:37","slug":"fumot-tornado-30k-music-cola-ice","status":"publish","type":"product","link":"https:\/\/fumotpuff.com\/pl\/produkt\/fumot-tornado-30k-music-cola-ice\/","title":{"rendered":"Fumot Tornado 30K Music Cola Ice"},"content":{"rendered":"<h2 class=\"text-xl font-bold text-text-100 mt-1 -mb-0.5\">Jednorazowy e-papieros Fumot Tornado 30K Music Cola Ice<\/h2>\n<p class=\"whitespace-normal break-words\">Fumot Tornado 30K Music Cola Ice to klasyczny smak coli z orze\u017awiaj\u0105cym, ch\u0142odnym akcentem. Ten wysokiej jako\u015bci jednorazowy e-papieros \u0142\u0105czy w sobie znajomy gazowany smak z ch\u0142odnym efektem lodu, zapewniaj\u0105c imponuj\u0105ce 30 000 zaci\u0105gni\u0119\u0107. Pojemno\u015b\u0107 30 ml e-liquidu zapewnia sta\u0142\u0105 intensywno\u015b\u0107 smaku.<\/p>\n<h3 class=\"text-lg font-bold text-text-100 mt-1 -mb-1.5\">Wyj\u0105tkowe w\u0142a\u015bciwo\u015bci wersji Cola Ice:<\/h3>\n<p class=\"whitespace-normal break-words\"><strong>Maksymalny okres u\u017cytkowania:<\/strong> Do 30 000 zaci\u0105gni\u0119\u0107 dla d\u0142ugotrwa\u0142ej przyjemno\u015bci z pary.<\/p>\n<p class=\"whitespace-normal break-words\"><strong>Spersonalizowana moc nikotyny:<\/strong> Dost\u0119pne w st\u0119\u017ceniach nikotyny 2% i 5%.<\/p>\n<p class=\"whitespace-normal break-words\"><strong>Bogate wype\u0142nienie:<\/strong> 30 ml e-liquidu premium do d\u0142u\u017cszego u\u017cytkowania.<\/p>\n<p class=\"whitespace-normal break-words\"><strong>Nowoczesna technologia cewek:<\/strong> System siatki 1,0\u03a9 dla doskona\u0142ej dystrybucji smaku.<\/p>\n<p class=\"whitespace-normal break-words\"><strong>Niezawodne zasilanie:<\/strong> Wydajna bateria 600 mAh z szybkim \u0142adowaniem typu C.<\/p>\n<p class=\"whitespace-normal break-words\"><strong>Fascynuj\u0105ca gra \u015bwiat\u0142a:<\/strong> Diody LED sterowane muzyk\u0105 zapewniaj\u0105 wyj\u0105tkowe wra\u017cenia wizualne.<\/p>\n<h3 class=\"text-lg font-bold text-text-100 mt-1 -mb-1.5\">Szczeg\u00f3\u0142y produktu:<\/h3>\n<p class=\"whitespace-normal break-words\">Opcje nikotyny: 2% \/ 5%<br \/>\nLiczba puf: 30 000<br \/>\nProfil smakowy Cola Ice<br \/>\nAkumulator: Akumulator o pojemno\u015bci 600 mAh<br \/>\nWaporyzator siatkowy 1,0\u03a9<br \/>\nFunkcja \u0142adowania typu C<br \/>\nO\u015bwietlenie reaguj\u0105ce na d\u017awi\u0119k<\/p>\n<p class=\"whitespace-normal break-words\">Odwied\u017a nasz\u0105 stron\u0119 <strong><a class=\"underline\" href=\"https:\/\/fumotpuff.com\/pl\/\">Strona g\u0142\u00f3wna<\/a><\/strong> Wi\u0119cej informacji na temat innowacji produktowych <strong><a class=\"underline\" href=\"https:\/\/fumotpuff.com\/pl\/product-category\/fumot-vape\/\">Artyku\u0142 FUMOT VAPE<\/a><\/strong> lub odkryj wi\u0119cej <strong><a class=\"underline\" href=\"https:\/\/fumotpuff.com\/pl\/product-category\/fumot-vape\/fumot-tornado-30k-music\/\">Warianty muzyczne Fumot Tornado 30K<\/a><\/strong>.<\/p>","protected":false},"excerpt":{"rendered":"<div>\n<div class=\"grid-cols-1 grid gap-2.5 [&amp;_&gt;_*]:min-w-0 !gap-3.5\">\n<p class=\"whitespace-normal break-words\">Die Fumot Tornado 30K Music Cola Ice Einweg-E-Zigarette verbindet klassischen Cola-Geschmack mit erfrischendem Ice-Effekt. Mit 30.000 Z\u00fcgen, 30ml E-Liquid und musikgesteuerter LED-Beleuchtung bietet sie unvergleichlichen Dampfgenuss.<\/p>\n<\/div>\n<\/div>\n<div class=\"h-8\"><\/div>\n","protected":false},"featured_media":487,"comment_status":"open","ping_status":"closed","template":"","meta":{"_acf_changed":false},"product_brand":[],"product_cat":[20],"product_tag":[],"class_list":{"0":"post-485","1":"product","2":"type-product","3":"status-publish","4":"has-post-thumbnail","6":"product_cat-fumot-tornado-30k-music","8":"first","9":"instock","10":"shipping-taxable","11":"purchasable","12":"product-type-variable"},"acf":[],"_links":{"self":[{"href":"https:\/\/fumotpuff.com\/pl\/wp-json\/wp\/v2\/product\/485","targetHints":{"allow":["GET"]}}],"collection":[{"href":"https:\/\/fumotpuff.com\/pl\/wp-json\/wp\/v2\/product"}],"about":[{"href":"https:\/\/fumotpuff.com\/pl\/wp-json\/wp\/v2\/types\/product"}],"replies":[{"embeddable":true,"href":"https:\/\/fumotpuff.com\/pl\/wp-json\/wp\/v2\/comments?post=485"}],"wp:featuredmedia":[{"embeddable":true,"href":"https:\/\/fumotpuff.com\/pl\/wp-json\/wp\/v2\/media\/487"}],"wp:attachment":[{"href":"https:\/\/fumotpuff.com\/pl\/wp-json\/wp\/v2\/media?parent=485"}],"wp:term":[{"taxonomy":"product_brand","embeddable":true,"href":"https:\/\/fumotpuff.com\/pl\/wp-json\/wp\/v2\/product_brand?post=485"},{"taxonomy":"product_cat","embeddable":true,"href":"https:\/\/fumotpuff.com\/pl\/wp-json\/wp\/v2\/product_cat?post=485"},{"taxonomy":"product_tag","embeddable":true,"href":"https:\/\/fumotpuff.com\/pl\/wp-json\/wp\/v2\/product_tag?post=485"}],"curies":[{"name":"wp","href":"https:\/\/api.w.org\/{rel}","templated":true}]}}