{"id":479,"date":"2025-09-12T05:49:02","date_gmt":"2025-09-12T03:49:02","guid":{"rendered":"https:\/\/fumotpuff.com\/?post_type=product&#038;p=479"},"modified":"2025-09-12T05:49:03","modified_gmt":"2025-09-12T03:49:03","slug":"fumot-tornado-30k-music-cherry-cola","status":"publish","type":"product","link":"https:\/\/fumotpuff.com\/pl\/produkt\/fumot-tornado-30k-music-cherry-cola\/","title":{"rendered":"Fumot Tornado 30K Music Cherry Cola"},"content":{"rendered":"<h2 class=\"text-xl font-bold text-text-100 mt-1 -mb-0.5\">Jednorazowy e-papieros Fumot Tornado 30K Music Cherry Cola<\/h2>\n<p class=\"whitespace-normal break-words\">Fumot Tornado 30K Music Cherry Cola przywo\u0142uje nostalgiczne wspomnienia dzi\u0119ki autentycznej mieszance pikantnej coli i s\u0142odkich wi\u015bni. Ten rewolucyjny jednorazowy e-papieros gwarantuje 30 000 zaci\u0105gni\u0119\u0107 o sta\u0142ej jako\u015bci dzi\u0119ki pojemnemu zbiornikowi e-liquidu o pojemno\u015bci 30 ml.<\/p>\n<h3 class=\"text-lg font-bold text-text-100 mt-1 -mb-1.5\">Charakterystyczne cechy Cherry Cola Edition:<\/h3>\n<p class=\"whitespace-normal break-words\"><strong>Niezwyk\u0142a wytrzyma\u0142o\u015b\u0107:<\/strong> Nawet 30 000 zaci\u0105gni\u0119\u0107 zapewnia d\u0142ugotrwa\u0142\u0105 satysfakcj\u0119.<\/p>\n<p class=\"whitespace-normal break-words\"><strong>Elastyczne opcje nikotyny:<\/strong> Wybierz mi\u0119dzy 2% lub 5% zgodnie z w\u0142asnymi preferencjami.<\/p>\n<p class=\"whitespace-normal break-words\"><strong>Du\u017ca pojemno\u015b\u0107:<\/strong> 30 ml najwy\u017cszej jako\u015bci e-liquidu do d\u0142ugotrwa\u0142ego u\u017cytkowania.<\/p>\n<p class=\"whitespace-normal break-words\"><strong>Innowacyjna technologia siatkowa:<\/strong> Cewka o oporno\u015bci 1,0\u03a9 zapewnia optymalne przenoszenie aromatu.<\/p>\n<p class=\"whitespace-normal break-words\"><strong>Zr\u00f3wnowa\u017cone \u017ar\u00f3d\u0142o energii:<\/strong> Wydajna bateria 600 mAh z systemem szybkiego \u0142adowania typu C.<\/p>\n<p class=\"whitespace-normal break-words\"><strong>Imponuj\u0105cy pokaz \u015bwietlny:<\/strong> Technologia LED reaguj\u0105ca na muzyk\u0119 zapewnia wielozmys\u0142owe wra\u017cenia.<\/p>\n<h3 class=\"text-lg font-bold text-text-100 mt-1 -mb-1.5\">Szczeg\u00f3\u0142owe specyfikacje:<\/h3>\n<p class=\"whitespace-normal break-words\">Pojemno\u015b\u0107 poci\u0105gu: 30 000<br \/>\nSmak wi\u015bniowej coli<br \/>\nPojemno\u015b\u0107 baterii: 600 mAh<br \/>\nCewka siatkowa 1,0\u03a9<br \/>\nZ\u0142\u0105cze \u0142adowania typu C<br \/>\nO\u015bwietlenie LED zsynchronizowane z muzyk\u0105<\/p>\n<p class=\"whitespace-normal break-words\">Odkryj wi\u0119cej innowacji na naszej stronie <strong><a class=\"underline\" href=\"https:\/\/fumotpuff.com\/pl\/\">Strona g\u0142\u00f3wna<\/a><\/strong>Przegl\u0105daj ca\u0142\u0105 <strong><a class=\"underline\" href=\"https:\/\/fumotpuff.com\/pl\/product-category\/fumot-vape\/\">Kolekcja FUMOT VAPE<\/a><\/strong> lub wybra\u0107 spo\u015br\u00f3d wszystkich <strong><a class=\"underline\" href=\"https:\/\/fumotpuff.com\/pl\/product-category\/fumot-vape\/fumot-tornado-30k-music\/\">Fumot Tornado 30K Muzyczne smaki<\/a><\/strong>.<\/p>","protected":false},"excerpt":{"rendered":"<div>\n<div class=\"grid-cols-1 grid gap-2.5 [&amp;_&gt;_*]:min-w-0 !gap-3.5\">\n<p class=\"whitespace-normal break-words\">Die Fumot Tornado 30K Music Cherry Cola Einweg-E-Zigarette kombiniert spritzige Cola mit s\u00fc\u00dfen Kirschen f\u00fcr nostalgischen Geschmack. Mit 30.000 Z\u00fcgen, 30ml E-Liquid und musikreaktiver LED-Beleuchtung bietet sie au\u00dfergew\u00f6hnlichen Dampfgenuss.<\/p>\n<\/div>\n<\/div>\n<div class=\"h-8\"><\/div>\n","protected":false},"featured_media":481,"comment_status":"open","ping_status":"closed","template":"","meta":{"_acf_changed":false},"product_brand":[],"product_cat":[20],"product_tag":[],"class_list":{"0":"post-479","1":"product","2":"type-product","3":"status-publish","4":"has-post-thumbnail","6":"product_cat-fumot-tornado-30k-music","8":"first","9":"instock","10":"shipping-taxable","11":"purchasable","12":"product-type-variable"},"acf":[],"_links":{"self":[{"href":"https:\/\/fumotpuff.com\/pl\/wp-json\/wp\/v2\/product\/479","targetHints":{"allow":["GET"]}}],"collection":[{"href":"https:\/\/fumotpuff.com\/pl\/wp-json\/wp\/v2\/product"}],"about":[{"href":"https:\/\/fumotpuff.com\/pl\/wp-json\/wp\/v2\/types\/product"}],"replies":[{"embeddable":true,"href":"https:\/\/fumotpuff.com\/pl\/wp-json\/wp\/v2\/comments?post=479"}],"wp:featuredmedia":[{"embeddable":true,"href":"https:\/\/fumotpuff.com\/pl\/wp-json\/wp\/v2\/media\/481"}],"wp:attachment":[{"href":"https:\/\/fumotpuff.com\/pl\/wp-json\/wp\/v2\/media?parent=479"}],"wp:term":[{"taxonomy":"product_brand","embeddable":true,"href":"https:\/\/fumotpuff.com\/pl\/wp-json\/wp\/v2\/product_brand?post=479"},{"taxonomy":"product_cat","embeddable":true,"href":"https:\/\/fumotpuff.com\/pl\/wp-json\/wp\/v2\/product_cat?post=479"},{"taxonomy":"product_tag","embeddable":true,"href":"https:\/\/fumotpuff.com\/pl\/wp-json\/wp\/v2\/product_tag?post=479"}],"curies":[{"name":"wp","href":"https:\/\/api.w.org\/{rel}","templated":true}]}}