{"id":4771,"date":"2025-11-18T09:12:48","date_gmt":"2025-11-18T08:12:48","guid":{"rendered":"https:\/\/fumotpuff.com\/?post_type=product&#038;p=4771"},"modified":"2025-11-18T09:12:48","modified_gmt":"2025-11-18T08:12:48","slug":"vozol-rave-40000-watermelon-ice","status":"publish","type":"product","link":"https:\/\/fumotpuff.com\/pl\/produkt\/vozol-rave-40000-watermelon-ice\/","title":{"rendered":"Vozol Rave 40000 Watermelon Ice"},"content":{"rendered":"<h2 class=\"font-claude-response-heading text-text-100 mt-1 -mb-0.5\">Jednorazowy e-papieros Vozol Rave 40000 Watermelon Ice<\/h2>\n<p class=\"font-claude-response-body whitespace-normal break-words\">Vozol Rave 40000 Watermelon Ice to pot\u0119\u017cny jednorazowy e-papieros o imponuj\u0105cej pojemno\u015bci przeznaczony na rynek hurtowy. Urz\u0105dzenie imponuje zapieraj\u0105c\u0105 dech w piersiach 270-stopniow\u0105 koncepcj\u0105 o\u015bwietlenia i zsynchronizowanym z rytmem trybem imprezowym zapewniaj\u0105cym wyj\u0105tkowe doznania podczas waporyzacji. Dzi\u0119ki pojemno\u015bci do 40 000 zaci\u0105gni\u0119\u0107, mocnej baterii 1000 mAh i funkcji szybkiego \u0142adowania, kt\u00f3ra osi\u0105ga 80% w zaledwie 20 minut, model ten oferuje maksymaln\u0105 wydajno\u015b\u0107. Stylowa animacja pary Eclipse i st\u0119\u017cenie nikotyny wynosz\u0105ce 50 mg\/ml sprawiaj\u0105, \u017ce Watermelon Ice jest preferowan\u0105 opcj\u0105 do profesjonalnej dystrybucji waporyzator\u00f3w jednorazowych.<\/p>\n<h3 class=\"font-claude-response-subheading text-text-100 mt-1 -mb-1.5\">Profil smakowy i charakterystyka dzia\u0142ania Watermelon Ice:<\/h3>\n<p class=\"font-claude-response-body whitespace-normal break-words\">VOZOL Rave 40000 Watermelon Ice \u0142\u0105czy soczyst\u0105 s\u0142odycz arbuza z intensywnym efektem ch\u0142odzenia, kt\u00f3ry zamienia ka\u017cde zaci\u0105gni\u0119cie w orze\u017awiaj\u0105ce do\u015bwiadczenie. Ta klasyczna kombinacja jest szczeg\u00f3lnie popularna i oferuje idealn\u0105 r\u00f3wnowag\u0119 mi\u0119dzy owocowo\u015bci\u0105 i \u015bwie\u017co\u015bci\u0105.<\/p>\n<p class=\"font-claude-response-body whitespace-normal break-words\">Elastyczne tryby pracy pozwalaj\u0105 na personalizacj\u0119: tryb Normal zapewnia do 40 000 zaci\u0105gni\u0119\u0107 dla maksymalnej wytrzyma\u0142o\u015bci, podczas gdy tryb Turbo oferuje zwi\u0119kszon\u0105 intensywno\u015b\u0107 smaku przy 25 000 zaci\u0105gni\u0119\u0107. Fascynuj\u0105cy wy\u015bwietlacz LED wykrywaj\u0105cy rytm 270\u00b0 reaguje na wybran\u0105 muzyk\u0119 i zapewnia trzy konfigurowalne tryby o\u015bwietlenia - Breathing, Beat i Off - dla atmosferycznej inscenizacji pary.<\/p>\n<p class=\"font-claude-response-body whitespace-normal break-words\">Progresywna technologia podw\u00f3jnej cewki siatkowej wykorzystuje dwie zsynchronizowane cewki siatkowe, kt\u00f3re zapewniaj\u0105 wyj\u0105tkowy smak, wytwarzanie du\u017cej ilo\u015bci pary i jednorodn\u0105 dystrybucj\u0119 ciep\u0142a. Inteligentny system podw\u00f3jnego uk\u0142adu MCU precyzyjnie reguluje moc wyj\u015bciow\u0105 urz\u0105dzenia, chroni przed przeci\u0105\u017ceniem termicznym i zapewnia czu\u0142\u0105 aktywacj\u0119 zaci\u0105gania. Funkcja regulowanego przep\u0142ywu powietrza u\u0142atwia prze\u0142\u0105czanie mi\u0119dzy metodami waporyzacji MTL i RDL.<\/p>\n<p class=\"font-claude-response-body whitespace-normal break-words\">Opcja szybkiego \u0142adowania USB-C \u0142aduje bateri\u0119 1000 mAh do 80% w zaledwie 20 minut - idealne rozwi\u0105zanie dla mobilnego stylu \u017cycia bez op\u00f3\u017anie\u0144.<\/p>\n<p class=\"font-claude-response-body whitespace-normal break-words\">Dzi\u0119ki zawarto\u015bci nikotyny na poziomie 5% (50 mg\/ml), VOZOL Rave 40000 Watermelon Ice oferuje mocne uderzenie w gard\u0142o i d\u0142ugotrwa\u0142y dop\u0142yw nikotyny. Ta synteza zaawansowanej technologii, konfigurowalnych funkcji i sta\u0142ej jako\u015bci sprawia, \u017ce jest to doskona\u0142y wyb\u00f3r dla vaper\u00f3w dbaj\u0105cych o jako\u015b\u0107.<\/p>\n<h3 class=\"font-claude-response-subheading text-text-100 mt-1 -mb-1.5\">Dane techniczne:<\/h3>\n<p class=\"font-claude-response-body whitespace-normal break-words\"><strong>Model:<\/strong> Rave 40000 ruch\u00f3w<br \/>\n<strong>Smak:<\/strong> Arbuzowy l\u00f3d<br \/>\n<strong>Typ:<\/strong> Jednorazowy e-papieros<br \/>\n<strong>Si\u0142a nikotyny:<\/strong> 50 mg\/ml<br \/>\n<strong>Pojemno\u015b\u0107 cieczy:<\/strong> 20 ml<br \/>\n<strong>Styl Steam:<\/strong> MTL<br \/>\n<strong>Bateria:<\/strong> Akumulator 1000 mAh<br \/>\n<strong>Tryb:<\/strong> Tryb podw\u00f3jny<br \/>\n<strong>Typ cewki:<\/strong> Cewka z podw\u00f3jn\u0105 siatk\u0105<br \/>\n<strong>Funkcja specjalna:<\/strong> 270\u00b0 \u017cywy, \u015bwiec\u0105cy design<br \/>\n<strong>Przep\u0142yw powietrza:<\/strong> Regulowany przep\u0142yw powietrza<br \/>\n<strong>Wy\u015bwietlacz:<\/strong> Inteligentny wy\u015bwietlacz baterii i e-cieczy<\/p>\n<h3 class=\"font-claude-response-subheading text-text-100 mt-1 -mb-1.5\">Odkryj wi\u0119cej VOZOL VAPE na fumotpuff<\/h3>\n<p class=\"font-claude-response-body whitespace-normal break-words\">Skorzystaj z naszej kompleksowej oferty na <strong><a class=\"underline\" href=\"https:\/\/fumotpuff.com\/pl\/\">fumotpuff.com<\/a><\/strong> z wysokiej jako\u015bci e-papierosami na ka\u017cdy gust. Kolejne innowacyjne produkty VOZOL czekaj\u0105 na Ciebie w naszej ofercie <strong><a class=\"underline\" href=\"https:\/\/fumotpuff.com\/pl\/product-category\/vozol-vape\/\">Kategoria VOZOL VAPE<\/a><\/strong>. Ca\u0142y \u015bwiat smak\u00f3w Rave 40000 mo\u017cna znale\u017a\u0107 w naszej ofercie <strong><a class=\"underline\" href=\"https:\/\/fumotpuff.com\/pl\/product-category\/vozol-vape\/vozol-rave-40000\/\">Kolekcja Vozol Rave 40000<\/a><\/strong>.<\/p>","protected":false},"excerpt":{"rendered":"<p class=\"font-claude-response-body whitespace-normal break-words\">Vozol Rave 40000 Watermelon Ice \u0142\u0105czy soczysty arbuz z intensywnym ch\u0142odem. Dzi\u0119ki 20 ml e-liquidu i baterii 1000 mAh osi\u0105ga do 40 000 zaci\u0105gni\u0119\u0107. Podw\u00f3jne cewki siatkowe, wy\u015bwietlacz LED reaguj\u0105cy na muzyk\u0119 pod k\u0105tem 270\u00b0 i szybkie \u0142adowanie USB-C (80% w 20 minut) gwarantuj\u0105 orze\u017awiaj\u0105c\u0105 przyjemno\u015b\u0107 premium.<\/p>","protected":false},"featured_media":4772,"comment_status":"open","ping_status":"closed","template":"","meta":{"_acf_changed":false},"product_brand":[],"product_cat":[52],"product_tag":[],"class_list":{"0":"post-4771","1":"product","2":"type-product","3":"status-publish","4":"has-post-thumbnail","6":"product_cat-vozol-rave-40000","8":"first","9":"instock","10":"shipping-taxable","11":"purchasable","12":"product-type-variable"},"acf":[],"_links":{"self":[{"href":"https:\/\/fumotpuff.com\/pl\/wp-json\/wp\/v2\/product\/4771","targetHints":{"allow":["GET"]}}],"collection":[{"href":"https:\/\/fumotpuff.com\/pl\/wp-json\/wp\/v2\/product"}],"about":[{"href":"https:\/\/fumotpuff.com\/pl\/wp-json\/wp\/v2\/types\/product"}],"replies":[{"embeddable":true,"href":"https:\/\/fumotpuff.com\/pl\/wp-json\/wp\/v2\/comments?post=4771"}],"wp:featuredmedia":[{"embeddable":true,"href":"https:\/\/fumotpuff.com\/pl\/wp-json\/wp\/v2\/media\/4772"}],"wp:attachment":[{"href":"https:\/\/fumotpuff.com\/pl\/wp-json\/wp\/v2\/media?parent=4771"}],"wp:term":[{"taxonomy":"product_brand","embeddable":true,"href":"https:\/\/fumotpuff.com\/pl\/wp-json\/wp\/v2\/product_brand?post=4771"},{"taxonomy":"product_cat","embeddable":true,"href":"https:\/\/fumotpuff.com\/pl\/wp-json\/wp\/v2\/product_cat?post=4771"},{"taxonomy":"product_tag","embeddable":true,"href":"https:\/\/fumotpuff.com\/pl\/wp-json\/wp\/v2\/product_tag?post=4771"}],"curies":[{"name":"wp","href":"https:\/\/api.w.org\/{rel}","templated":true}]}}