{"id":4767,"date":"2025-11-18T09:10:13","date_gmt":"2025-11-18T08:10:13","guid":{"rendered":"https:\/\/fumotpuff.com\/?post_type=product&#038;p=4767"},"modified":"2025-11-18T09:10:13","modified_gmt":"2025-11-18T08:10:13","slug":"vozol-rave-40000-watermelon-bubblegum","status":"publish","type":"product","link":"https:\/\/fumotpuff.com\/pl\/produkt\/vozol-rave-40000-watermelon-bubblegum\/","title":{"rendered":"Vozol Rave 40000 Watermelon Bubblegum"},"content":{"rendered":"<h2 class=\"font-claude-response-heading text-text-100 mt-1 -mb-0.5\">Jednorazowy e-papieros Vozol Rave 40000 Watermelon Bubblegum<\/h2>\n<p class=\"font-claude-response-body whitespace-normal break-words\">Vozol Rave 40000 Watermelon Bubblegum to najnowocze\u015bniejszy jednorazowy e-papieros o wyj\u0105tkowej pojemno\u015bci, zaprojektowany specjalnie dla klient\u00f3w hurtowych. Urz\u0105dzenie fascynuje dynamicznym, 270-stopniowym pod\u015bwietleniem i opartym na rytmie trybem imprezowym, zapewniaj\u0105cym niezapomniane chwile z par\u0105. Dzi\u0119ki wydajno\u015bci do 40 000 zaci\u0105gni\u0119\u0107, wspieranej przez pot\u0119\u017cn\u0105 bateri\u0119 1000 mAh, kt\u00f3r\u0105 mo\u017cna na\u0142adowa\u0107 do 80% w zaledwie 20 minut za pomoc\u0105 technologii szybkiego \u0142adowania, model ten wyznacza nowe standardy. Nowoczesna animacja pary Eclipse i moc nikotyny 50 mg\/ml sprawiaj\u0105, \u017ce Watermelon Bubblegum jest idealnym wyborem dla profesjonalnej hurtowni waporyzator\u00f3w jednorazowych.<\/p>\n<h3 class=\"font-claude-response-subheading text-text-100 mt-1 -mb-1.5\">Arbuzowy smak gumy balonowej - wra\u017cenia i funkcje:<\/h3>\n<p class=\"font-claude-response-body whitespace-normal break-words\">VOZOL Rave 40000 Watermelon Bubblegum \u0142\u0105czy orze\u017awiaj\u0105c\u0105 s\u0142odycz arbuza z nostalgicznym smakiem gumy do \u017cucia. To zabawne, ale orze\u017awiaj\u0105ce po\u0142\u0105czenie smak\u00f3w przywo\u0142uje wspomnienia z dzieci\u0144stwa i oferuje wyj\u0105tkowe doznania podczas waporyzacji.<\/p>\n<p class=\"font-claude-response-body whitespace-normal break-words\">Dwa poziomy mocy zapewniaj\u0105 pe\u0142n\u0105 kontrol\u0119: tryb zwyk\u0142y oferuje do 40 000 zaci\u0105gni\u0119\u0107 dla d\u0142ugotrwa\u0142ej przyjemno\u015bci, podczas gdy tryb turbo zapewnia mocniejsze dostarczanie smaku przy 25 000 zaci\u0105gni\u0119\u0107. Imponuj\u0105cy, reaguj\u0105cy na muzyk\u0119 wy\u015bwietlacz LED o k\u0105cie 270\u00b0 ta\u0144czy w rytm muzyki i prezentuje trzy r\u00f3\u017cne opcje pod\u015bwietlenia - Breathing, Beat i Off - dla wizualnego t\u0142a sesji waporyzacji.<\/p>\n<p class=\"font-claude-response-body whitespace-normal break-words\">Zaawansowana technologia Dual Mesh Coil wykorzystuje dwie skoordynowane cewki siatkowe, kt\u00f3re gwarantuj\u0105 intensywne smaki, bogat\u0105 par\u0119 i r\u00f3wnomierne wytwarzanie ciep\u0142a. Zaawansowany system podw\u00f3jnych chip\u00f3w MCU skutecznie monitoruje wydajno\u015b\u0107 urz\u0105dzenia, zapobiega uszkodzeniom spowodowanym przegrzaniem i zapewnia responsywne zaci\u0105ganie. Zmienna kontrola przep\u0142ywu powietrza umo\u017cliwia \u0142atwe prze\u0142\u0105czanie mi\u0119dzy stylami pary MTL i RDL.<\/p>\n<p class=\"font-claude-response-body whitespace-normal break-words\">Szybkie \u0142adowanie przez USB-C sprawia, \u017ce bateria o pojemno\u015bci 1000 mAh osi\u0105ga 80 procent na\u0142adowania w zaledwie 20 minut - idealne rozwi\u0105zanie do aktywnego codziennego \u017cycia bez d\u0142ugiego czasu oczekiwania.<\/p>\n<p class=\"font-claude-response-body whitespace-normal break-words\">Dzi\u0119ki zawarto\u015bci nikotyny na poziomie 5% (50 mg\/ml), VOZOL Rave 40000 Watermelon Bubblegum gwarantuje satysfakcjonuj\u0105ce uderzenie w gard\u0142o i d\u0142ugotrwa\u0142\u0105 satysfakcj\u0119 z nikotyny. Po\u0142\u0105czenie inteligentnej technologii, konfigurowalnych funkcji i stabilnej wydajno\u015bci sprawia, \u017ce jest to doskona\u0142y wyb\u00f3r dla entuzjast\u00f3w vape klasy premium.<\/p>\n<h3 class=\"font-claude-response-subheading text-text-100 mt-1 -mb-1.5\">Dane techniczne:<\/h3>\n<p class=\"font-claude-response-body whitespace-normal break-words\"><strong>Model:<\/strong> Rave 40000 ruch\u00f3w<br \/>\n<strong>Smak:<\/strong> Arbuz Bubblegum<br \/>\n<strong>Typ:<\/strong> Jednorazowy e-papieros<br \/>\n<strong>Si\u0142a nikotyny:<\/strong> 50 mg\/ml<br \/>\n<strong>Pojemno\u015b\u0107 cieczy:<\/strong> 20 ml<br \/>\n<strong>Styl Steam:<\/strong> MTL<br \/>\n<strong>Bateria:<\/strong> Akumulator 1000 mAh<br \/>\n<strong>Tryb:<\/strong> Tryb podw\u00f3jny<br \/>\n<strong>Typ cewki:<\/strong> Cewka z podw\u00f3jn\u0105 siatk\u0105<br \/>\n<strong>Funkcja specjalna:<\/strong> 270\u00b0 \u017cywy, \u015bwiec\u0105cy design<br \/>\n<strong>Przep\u0142yw powietrza:<\/strong> Regulowany przep\u0142yw powietrza<br \/>\n<strong>Wy\u015bwietlacz:<\/strong> Inteligentny wy\u015bwietlacz baterii i e-cieczy<\/p>\n<h3 class=\"font-claude-response-subheading text-text-100 mt-1 -mb-1.5\">Odkryj wi\u0119cej VOZOL VAPE na fumotpuff<\/h3>\n<p class=\"font-claude-response-body whitespace-normal break-words\">Witamy w <strong><a class=\"underline\" href=\"https:\/\/fumotpuff.com\/pl\/\">fumotpuff<\/a><\/strong> - Tw\u00f3j zaufany partner w zakresie najwy\u017cszej klasy produkt\u00f3w vape. Odkryj wi\u0119cej najlepszych urz\u0105dze\u0144 w naszym <strong><a class=\"underline\" href=\"https:\/\/fumotpuff.com\/pl\/product-category\/vozol-vape\/\">Kategoria VOZOL VAPE<\/a><\/strong> lub znajd\u017a swoj\u0105 ulubion\u0105 odmian\u0119 w kompletnej ofercie <strong><a class=\"underline\" href=\"https:\/\/fumotpuff.com\/pl\/product-category\/vozol-vape\/vozol-rave-40000\/\">Kolekcja Vozol Rave 40000<\/a><\/strong>.<\/p>","protected":false},"excerpt":{"rendered":"<p class=\"font-claude-response-body whitespace-normal break-words\">Vozol Rave 40000 Watermelon Bubblegum \u0142\u0105czy orze\u017awiaj\u0105cy arbuz z nostalgicznym smakiem gumy balonowej. Dzi\u0119ki 20 ml e-liquidu i baterii 1000 mAh zapewnia do 40 000 zaci\u0105gni\u0119\u0107. Podw\u00f3jne cewki siatkowe, wy\u015bwietlacz LED reaguj\u0105cy na muzyk\u0119 pod k\u0105tem 270\u00b0 i szybkie \u0142adowanie USB-C (80% w 20 min.) dla przyjemno\u015bci z zabawy.<\/p>","protected":false},"featured_media":4768,"comment_status":"open","ping_status":"closed","template":"","meta":{"_acf_changed":false},"product_brand":[],"product_cat":[52],"product_tag":[],"class_list":{"0":"post-4767","1":"product","2":"type-product","3":"status-publish","4":"has-post-thumbnail","6":"product_cat-vozol-rave-40000","8":"first","9":"instock","10":"shipping-taxable","11":"purchasable","12":"product-type-variable"},"acf":[],"_links":{"self":[{"href":"https:\/\/fumotpuff.com\/pl\/wp-json\/wp\/v2\/product\/4767","targetHints":{"allow":["GET"]}}],"collection":[{"href":"https:\/\/fumotpuff.com\/pl\/wp-json\/wp\/v2\/product"}],"about":[{"href":"https:\/\/fumotpuff.com\/pl\/wp-json\/wp\/v2\/types\/product"}],"replies":[{"embeddable":true,"href":"https:\/\/fumotpuff.com\/pl\/wp-json\/wp\/v2\/comments?post=4767"}],"wp:featuredmedia":[{"embeddable":true,"href":"https:\/\/fumotpuff.com\/pl\/wp-json\/wp\/v2\/media\/4768"}],"wp:attachment":[{"href":"https:\/\/fumotpuff.com\/pl\/wp-json\/wp\/v2\/media?parent=4767"}],"wp:term":[{"taxonomy":"product_brand","embeddable":true,"href":"https:\/\/fumotpuff.com\/pl\/wp-json\/wp\/v2\/product_brand?post=4767"},{"taxonomy":"product_cat","embeddable":true,"href":"https:\/\/fumotpuff.com\/pl\/wp-json\/wp\/v2\/product_cat?post=4767"},{"taxonomy":"product_tag","embeddable":true,"href":"https:\/\/fumotpuff.com\/pl\/wp-json\/wp\/v2\/product_tag?post=4767"}],"curies":[{"name":"wp","href":"https:\/\/api.w.org\/{rel}","templated":true}]}}