{"id":4759,"date":"2025-11-18T09:05:20","date_gmt":"2025-11-18T08:05:20","guid":{"rendered":"https:\/\/fumotpuff.com\/?post_type=product&#038;p=4759"},"modified":"2025-11-18T09:05:20","modified_gmt":"2025-11-18T08:05:20","slug":"vozol-rave-40000-strawberry-watermelon","status":"publish","type":"product","link":"https:\/\/fumotpuff.com\/pl\/produkt\/vozol-rave-40000-strawberry-watermelon\/","title":{"rendered":"Vozol Rave 40000 Strawberry Watermelon"},"content":{"rendered":"<h2 class=\"font-claude-response-heading text-text-100 mt-1 -mb-0.5\">Jednorazowy e-papieros Vozol Rave 40000 Strawberry Watermelon<\/h2>\n<p class=\"font-claude-response-body whitespace-normal break-words\">Vozol Rave 40000 Strawberry Watermelon to wysokowydajny jednorazowy e-papieros o znacznej pojemno\u015bci dla sektora hurtowego. Urz\u0105dzenie wyr\u00f3\u017cnia si\u0119 spektakularnym, 270-stopniowym pod\u015bwietleniem i trybem imprezowym opartym na muzyce, zapewniaj\u0105cym wyj\u0105tkowe chwile z par\u0105. Z pojemno\u015bci\u0105 do 40 000 zaci\u0105gni\u0119\u0107, wyposa\u017cony w pot\u0119\u017cn\u0105 bateri\u0119 1000 mAh, kt\u00f3ra osi\u0105ga 80% w zaledwie 20 minut dzi\u0119ki technologii szybkiego \u0142adowania, model ten definiuje nowe standardy. Stylowa animacja pary Eclipse i moc nikotyny 50 mg\/ml sprawiaj\u0105, \u017ce Strawberry Watermelon jest idealnym wyborem do profesjonalnej sprzeda\u017cy waporyzator\u00f3w jednorazowych.<\/p>\n<h3 class=\"font-claude-response-subheading text-text-100 mt-1 -mb-1.5\">Truskawkowo-arbuzowe niuanse i akcenty smakowe:<\/h3>\n<p class=\"font-claude-response-body whitespace-normal break-words\">VOZOL Rave 40000 Strawberry Watermelon \u0142\u0105czy soczyste truskawki z orze\u017awiaj\u0105cym arbuzem, tworz\u0105c letni\u0105 eksplozj\u0119 smaku. Ta popularna owocowa kombinacja oferuje lekk\u0105, ale aromatyczn\u0105 par\u0119, kt\u00f3ra jest szczeg\u00f3lnie imponuj\u0105ca w ciep\u0142e dni.<\/p>\n<p class=\"font-claude-response-body whitespace-normal break-words\">Elastyczne tryby pracy zapewniaj\u0105 optymalne dostosowanie: tryb standardowy osi\u0105ga do 40 000 zaci\u0105gni\u0119\u0107 do d\u0142ugotrwa\u0142ego u\u017cytkowania, podczas gdy tryb Turbo zapewnia maksymaln\u0105 intensywno\u015b\u0107 smaku przy 25 000 zaci\u0105gni\u0119\u0107. Imponuj\u0105cy, sterowany muzyk\u0105 wy\u015bwietlacz LED o k\u0105cie 270\u00b0 harmonizuje z ulubionymi utworami i zapewnia trzy scenariusze \u015bwietlne do wyboru - Breathing, Beat i Off - dla nastrojowej inscenizacji.<\/p>\n<p class=\"font-claude-response-body whitespace-normal break-words\">Innowacyjna technologia Dual Mesh Coil \u0142\u0105czy w sobie dwie wsp\u00f3\u0142pracuj\u0105ce cewki siatkowe, zapewniaj\u0105c doskona\u0142y smak, g\u0119ste chmury pary i sta\u0142\u0105 moc ciepln\u0105. Wyrafinowany podw\u00f3jny system chip\u00f3w MCU inteligentnie kontroluje moc wyj\u015bciow\u0105, chroni przed uszkodzeniami termicznymi i umo\u017cliwia czu\u0142\u0105 aktywacj\u0119 zaci\u0105gania. Regulowana kontrola przep\u0142ywu powietrza umo\u017cliwia \u0142atwe prze\u0142\u0105czanie mi\u0119dzy wariantami pary MTL i RDL.<\/p>\n<p class=\"font-claude-response-body whitespace-normal break-words\">Szybkie \u0142adowanie USB-C nape\u0142nia bateri\u0119 1000 mAh do 80% w zaledwie 20 minut - idealne rozwi\u0105zanie w podr\u00f3\u017cy i gor\u0105czkowej codziennej rutynie.<\/p>\n<p class=\"font-claude-response-body whitespace-normal break-words\">Dzi\u0119ki zawarto\u015bci nikotyny na poziomie 5% (50 mg\/ml), VOZOL Rave 40000 Strawberry Watermelon oferuje mocne uderzenie w gard\u0142o i d\u0142ugotrwa\u0142e nasycenie nikotyn\u0105. To po\u0142\u0105czenie najnowocze\u015bniejszej technologii, konfigurowalnych parametr\u00f3w i niezawodnej wydajno\u015bci sprawia, \u017ce jest to doskona\u0142y wyb\u00f3r dla wysokiej jako\u015bci vaper\u00f3w.<\/p>\n<h3 class=\"font-claude-response-subheading text-text-100 mt-1 -mb-1.5\">Dane techniczne:<\/h3>\n<p class=\"font-claude-response-body whitespace-normal break-words\"><strong>Model:<\/strong> Rave 40000 ruch\u00f3w<br \/>\n<strong>Smak:<\/strong> Arbuz truskawkowy<br \/>\n<strong>Typ:<\/strong> Jednorazowy e-papieros<br \/>\n<strong>Si\u0142a nikotyny:<\/strong> 50 mg\/ml<br \/>\n<strong>Pojemno\u015b\u0107 cieczy:<\/strong> 20 ml<br \/>\n<strong>Styl Steam:<\/strong> MTL<br \/>\n<strong>Bateria:<\/strong> Akumulator 1000 mAh<br \/>\n<strong>Tryb:<\/strong> Tryb podw\u00f3jny<br \/>\n<strong>Typ cewki:<\/strong> Cewka z podw\u00f3jn\u0105 siatk\u0105<br \/>\n<strong>Funkcja specjalna:<\/strong> 270\u00b0 \u017cywy, \u015bwiec\u0105cy design<br \/>\n<strong>Przep\u0142yw powietrza:<\/strong> Regulowany przep\u0142yw powietrza<br \/>\n<strong>Wy\u015bwietlacz:<\/strong> Inteligentny wy\u015bwietlacz baterii i e-cieczy<\/p>\n<h3 class=\"font-claude-response-subheading text-text-100 mt-1 -mb-1.5\">Odkryj wi\u0119cej VOZOL VAPE na fumotpuff<\/h3>\n<p class=\"font-claude-response-body whitespace-normal break-words\">Tw\u00f3j specjalista od wysokiej jako\u015bci produkt\u00f3w do waporyzacji: <strong><a class=\"underline\" href=\"https:\/\/fumotpuff.com\/pl\/\">fumotpuff<\/a><\/strong> oferuje najwy\u017cszej klasy e-papierosy na ka\u017cd\u0105 potrzeb\u0119. W naszym obszernym <strong><a class=\"underline\" href=\"https:\/\/fumotpuff.com\/pl\/product-category\/vozol-vape\/\">Kategoria VOZOL VAPE<\/a><\/strong> znajdziesz innowacyjne rozwi\u0105zania w zakresie waporyzacji. Pe\u0142ny wyb\u00f3r smak\u00f3w Rave 40000 czeka na Ciebie w naszym sklepie <strong><a class=\"underline\" href=\"https:\/\/fumotpuff.com\/pl\/product-category\/vozol-vape\/vozol-rave-40000\/\">Kolekcja Vozol Rave 40000<\/a><\/strong> dla Ciebie.<\/p>","protected":false},"excerpt":{"rendered":"<p class=\"font-claude-response-body whitespace-normal break-words\">Vozol Rave 40000 Strawberry Watermelon \u0142\u0105czy soczyste truskawki z orze\u017awiaj\u0105cym arbuzem. Dzi\u0119ki 20 ml e-liquidu i baterii 1000 mAh osi\u0105ga do 40 000 zaci\u0105gni\u0119\u0107. Podw\u00f3jne cewki siatkowe, wy\u015bwietlacz LED reaguj\u0105cy na muzyk\u0119 pod k\u0105tem 270\u00b0 i szybkie \u0142adowanie USB-C (80% w 20 minut) zapewniaj\u0105 letni\u0105 przyjemno\u015b\u0107.<\/p>","protected":false},"featured_media":4760,"comment_status":"open","ping_status":"closed","template":"","meta":{"_acf_changed":false},"product_brand":[],"product_cat":[52],"product_tag":[],"class_list":{"0":"post-4759","1":"product","2":"type-product","3":"status-publish","4":"has-post-thumbnail","6":"product_cat-vozol-rave-40000","8":"first","9":"instock","10":"shipping-taxable","11":"purchasable","12":"product-type-variable"},"acf":[],"_links":{"self":[{"href":"https:\/\/fumotpuff.com\/pl\/wp-json\/wp\/v2\/product\/4759","targetHints":{"allow":["GET"]}}],"collection":[{"href":"https:\/\/fumotpuff.com\/pl\/wp-json\/wp\/v2\/product"}],"about":[{"href":"https:\/\/fumotpuff.com\/pl\/wp-json\/wp\/v2\/types\/product"}],"replies":[{"embeddable":true,"href":"https:\/\/fumotpuff.com\/pl\/wp-json\/wp\/v2\/comments?post=4759"}],"wp:featuredmedia":[{"embeddable":true,"href":"https:\/\/fumotpuff.com\/pl\/wp-json\/wp\/v2\/media\/4760"}],"wp:attachment":[{"href":"https:\/\/fumotpuff.com\/pl\/wp-json\/wp\/v2\/media?parent=4759"}],"wp:term":[{"taxonomy":"product_brand","embeddable":true,"href":"https:\/\/fumotpuff.com\/pl\/wp-json\/wp\/v2\/product_brand?post=4759"},{"taxonomy":"product_cat","embeddable":true,"href":"https:\/\/fumotpuff.com\/pl\/wp-json\/wp\/v2\/product_cat?post=4759"},{"taxonomy":"product_tag","embeddable":true,"href":"https:\/\/fumotpuff.com\/pl\/wp-json\/wp\/v2\/product_tag?post=4759"}],"curies":[{"name":"wp","href":"https:\/\/api.w.org\/{rel}","templated":true}]}}