{"id":4751,"date":"2025-11-18T09:00:34","date_gmt":"2025-11-18T08:00:34","guid":{"rendered":"https:\/\/fumotpuff.com\/?post_type=product&#038;p=4751"},"modified":"2025-11-18T09:00:34","modified_gmt":"2025-11-18T08:00:34","slug":"vozol-rave-40000-strawberry-kiwi","status":"publish","type":"product","link":"https:\/\/fumotpuff.com\/pl\/produkt\/vozol-rave-40000-strawberry-kiwi\/","title":{"rendered":"Vozol Rave 40000 Strawberry Kiwi"},"content":{"rendered":"<h2 class=\"font-claude-response-heading text-text-100 mt-1 -mb-0.5\">Jednorazowy e-papieros Vozol Rave 40000 Strawberry Kiwi<\/h2>\n<p class=\"font-claude-response-body whitespace-normal break-words\">Vozol Rave 40000 Strawberry Kiwi to wysokiej jako\u015bci jednorazowy e-papieros o imponuj\u0105cej pojemno\u015bci dla sektora hurtowego. Urz\u0105dzenie wyr\u00f3\u017cnia si\u0119 imponuj\u0105cym 270-stopniowym pod\u015bwietleniem i trybem imprezy sterowanym muzyk\u0105, zapewniaj\u0105c niezapomniane wra\u017cenia z waporyzacji. Dzi\u0119ki wydajno\u015bci do 40 000 zaci\u0105gni\u0119\u0107, wyposa\u017cony w pot\u0119\u017cn\u0105 bateri\u0119 1000 mAh, kt\u00f3r\u0105 mo\u017cna zwi\u0119kszy\u0107 do 80% w zaledwie 20 minut dzi\u0119ki technologii szybkiego \u0142adowania, model ten wyznacza nowe standardy. Elegancka animacja pary Eclipse i dawka nikotyny wynosz\u0105ca 50 mg\/ml sprawiaj\u0105, \u017ce Strawberry Kiwi jest idealnym rozwi\u0105zaniem dla profesjonalnych hurtowni waporyzator\u00f3w jednorazowych.<\/p>\n<h3 class=\"font-claude-response-subheading text-text-100 mt-1 -mb-1.5\">Po\u0142\u0105czenie i funkcje smaku Truskawka Kiwi:<\/h3>\n<p class=\"font-claude-response-body whitespace-normal break-words\">VOZOL Rave 40000 Strawberry Kiwi to harmonijne po\u0142\u0105czenie s\u0142odkich truskawek i cierpkiego kiwi. Ta egzotyczna owocowa kompozycja zapewnia zr\u00f3wnowa\u017cone i orze\u017awiaj\u0105ce doznania, kt\u00f3re urozmaicaj\u0105 codzienne \u017cycie.<\/p>\n<p class=\"font-claude-response-body whitespace-normal break-words\">Dwa tryby pracy umo\u017cliwiaj\u0105 indywidualne dostosowanie: Ciesz si\u0119 do 40 000 zaci\u0105gni\u0119\u0107 w trybie zwyk\u0142ym, podczas gdy tryb turbo zapewnia lepsze dostarczanie smaku przy 25 000 zaci\u0105gni\u0119\u0107. Wyj\u0105tkowy, wra\u017cliwy na muzyk\u0119 wy\u015bwietlacz LED 270\u00b0 reaguje na bity i oferuje trzy r\u00f3\u017cne tryby pod\u015bwietlenia - Breathing, Beat i Off - dla atrakcyjnej wizualnie wydajno\u015bci.<\/p>\n<p class=\"font-claude-response-body whitespace-normal break-words\">Najnowocze\u015bniejsza technologia podw\u00f3jnej cewki siatkowej opiera si\u0119 na dw\u00f3ch wsp\u00f3\u0142pracuj\u0105cych cewkach siatkowych, kt\u00f3re zapewniaj\u0105 intensywne smaki, bujny rozw\u00f3j pary i jednorodny rozk\u0142ad temperatury. Inteligentny system podw\u00f3jnego uk\u0142adu MCU skutecznie reguluje wydajno\u015b\u0107, zapobiega uszkodzeniom spowodowanym przegrzaniem i gwarantuje szybk\u0105 aktywacj\u0119 zaci\u0105gania. Zmienna kontrola przep\u0142ywu powietrza umo\u017cliwia elastyczne prze\u0142\u0105czanie mi\u0119dzy technikami zaci\u0105gania MTL i RDL.<\/p>\n<p class=\"font-claude-response-body whitespace-normal break-words\">Opcja szybkiego \u0142adowania przez USB-C sprawia, \u017ce bateria o pojemno\u015bci 1000 mAh osi\u0105ga 80% pojemno\u015bci w zaledwie 20 minut - idealne rozwi\u0105zanie do dynamicznego codziennego \u017cycia bez zb\u0119dnych przerw.<\/p>\n<p class=\"font-claude-response-body whitespace-normal break-words\">Z poziomem nikotyny wynosz\u0105cym 5% (50 mg\/ml), VOZOL Rave 40000 Strawberry Kiwi zapewnia przekonuj\u0105ce uderzenie w gard\u0142o i d\u0142ugotrwa\u0142y dop\u0142yw nikotyny. To po\u0142\u0105czenie innowacji technicznych, konfigurowalnych ustawie\u0144 i sta\u0142ej wydajno\u015bci sprawia, \u017ce jest to pierwszy wyb\u00f3r dla vaper\u00f3w dbaj\u0105cych o jako\u015b\u0107.<\/p>\n<h3 class=\"font-claude-response-subheading text-text-100 mt-1 -mb-1.5\">Dane techniczne:<\/h3>\n<p class=\"font-claude-response-body whitespace-normal break-words\"><strong>Model:<\/strong> Rave 40000 ruch\u00f3w<br \/>\n<strong>Smak:<\/strong> Truskawka Kiwi<br \/>\n<strong>Typ:<\/strong> Jednorazowy e-papieros<br \/>\n<strong>Si\u0142a nikotyny:<\/strong> 50 mg\/ml<br \/>\n<strong>Pojemno\u015b\u0107 cieczy:<\/strong> 20 ml<br \/>\n<strong>Styl Steam:<\/strong> MTL<br \/>\n<strong>Bateria:<\/strong> Akumulator 1000 mAh<br \/>\n<strong>Tryb:<\/strong> Tryb podw\u00f3jny<br \/>\n<strong>Typ cewki:<\/strong> Cewka z podw\u00f3jn\u0105 siatk\u0105<br \/>\n<strong>Funkcja specjalna:<\/strong> 270\u00b0 \u017cywy, \u015bwiec\u0105cy design<br \/>\n<strong>Przep\u0142yw powietrza:<\/strong> Regulowany przep\u0142yw powietrza<br \/>\n<strong>Wy\u015bwietlacz:<\/strong> Inteligentny wy\u015bwietlacz baterii i e-cieczy<\/p>\n<h3 class=\"font-claude-response-subheading text-text-100 mt-1 -mb-1.5\">Odkryj wi\u0119cej VOZOL VAPE na fumotpuff<\/h3>\n<p class=\"font-claude-response-body whitespace-normal break-words\">Zanurz si\u0119 w \u015bwiecie wysokiej jako\u015bci produkt\u00f3w vape na stronie <strong><a class=\"underline\" href=\"https:\/\/fumotpuff.com\/pl\/\">fumotpuff.com<\/a><\/strong>. Nasz <strong><a class=\"underline\" href=\"https:\/\/fumotpuff.com\/pl\/product-category\/vozol-vape\/\">Kategoria VOZOL VAPE<\/a><\/strong> prezentuje szeroki wyb\u00f3r innowacyjnych urz\u0105dze\u0144 do waporyzacji. Odkryj wszystkie smaki Rave 40000 w naszej ofercie <strong><a class=\"underline\" href=\"https:\/\/fumotpuff.com\/pl\/product-category\/vozol-vape\/vozol-rave-40000\/\">Kolekcja Vozol Rave 40000<\/a><\/strong>.<\/p>","protected":false},"excerpt":{"rendered":"<p class=\"font-claude-response-body whitespace-normal break-words\">Vozol Rave 40000 Strawberry Kiwi \u0142\u0105czy s\u0142odkie truskawki z cierpkim kiwi. Dzi\u0119ki 20 ml e-liquidu i baterii 1000 mAh zapewnia do 40 000 zaci\u0105gni\u0119\u0107. Podw\u00f3jne cewki siatkowe, wy\u015bwietlacz LED reaguj\u0105cy na muzyk\u0119 pod k\u0105tem 270\u00b0 i szybkie \u0142adowanie USB-C (80% w 20 minut) zapewniaj\u0105 egzotyczn\u0105 przyjemno\u015b\u0107 premium.<\/p>","protected":false},"featured_media":4752,"comment_status":"open","ping_status":"closed","template":"","meta":{"_acf_changed":false},"product_brand":[],"product_cat":[52],"product_tag":[],"class_list":{"0":"post-4751","1":"product","2":"type-product","3":"status-publish","4":"has-post-thumbnail","6":"product_cat-vozol-rave-40000","8":"first","9":"instock","10":"shipping-taxable","11":"purchasable","12":"product-type-variable"},"acf":[],"_links":{"self":[{"href":"https:\/\/fumotpuff.com\/pl\/wp-json\/wp\/v2\/product\/4751","targetHints":{"allow":["GET"]}}],"collection":[{"href":"https:\/\/fumotpuff.com\/pl\/wp-json\/wp\/v2\/product"}],"about":[{"href":"https:\/\/fumotpuff.com\/pl\/wp-json\/wp\/v2\/types\/product"}],"replies":[{"embeddable":true,"href":"https:\/\/fumotpuff.com\/pl\/wp-json\/wp\/v2\/comments?post=4751"}],"wp:featuredmedia":[{"embeddable":true,"href":"https:\/\/fumotpuff.com\/pl\/wp-json\/wp\/v2\/media\/4752"}],"wp:attachment":[{"href":"https:\/\/fumotpuff.com\/pl\/wp-json\/wp\/v2\/media?parent=4751"}],"wp:term":[{"taxonomy":"product_brand","embeddable":true,"href":"https:\/\/fumotpuff.com\/pl\/wp-json\/wp\/v2\/product_brand?post=4751"},{"taxonomy":"product_cat","embeddable":true,"href":"https:\/\/fumotpuff.com\/pl\/wp-json\/wp\/v2\/product_cat?post=4751"},{"taxonomy":"product_tag","embeddable":true,"href":"https:\/\/fumotpuff.com\/pl\/wp-json\/wp\/v2\/product_tag?post=4751"}],"curies":[{"name":"wp","href":"https:\/\/api.w.org\/{rel}","templated":true}]}}