{"id":4743,"date":"2025-11-18T08:55:39","date_gmt":"2025-11-18T07:55:39","guid":{"rendered":"https:\/\/fumotpuff.com\/?post_type=product&#038;p=4743"},"modified":"2025-11-18T08:55:40","modified_gmt":"2025-11-18T07:55:40","slug":"vozol-rave-40000-peach-raspberry-lemonade","status":"publish","type":"product","link":"https:\/\/fumotpuff.com\/pl\/produkt\/vozol-rave-40000-peach-raspberry-lemonade\/","title":{"rendered":"Vozol Rave 40000 Peach Raspberry Lemonade"},"content":{"rendered":"<h2 class=\"font-claude-response-heading text-text-100 mt-1 -mb-0.5\">Jednorazowy e-papieros Vozol Rave 40000 Peach Raspberry Lemonade<\/h2>\n<p class=\"font-claude-response-body whitespace-normal break-words\">Vozol Rave 40000 Peach Raspberry Lemonade to jednorazowe urz\u0105dzenie vape o du\u017cej pojemno\u015bci, zaprojektowane specjalnie na potrzeby sprzeda\u017cy hurtowej. Dzi\u0119ki imponuj\u0105cemu 270-stopniowemu pod\u015bwietleniu i trybowi imprezy reaguj\u0105cemu na rytm, model ten zapewnia wci\u0105gaj\u0105ce wra\u017cenia z waporyzacji. Pojemno\u015b\u0107 do 40 000 zaci\u0105gni\u0119\u0107 jest wspierana przez solidn\u0105 bateri\u0119 1000 mAh, kt\u00f3ra osi\u0105ga 80% w zaledwie 20 minut dzi\u0119ki technologii szybkiego \u0142adowania. Elegancka animacja pary Eclipse i st\u0119\u017cenie nikotyny wynosz\u0105ce 50 mg\/ml sprawiaj\u0105, \u017ce urz\u0105dzenie to jest pierwszorz\u0119dn\u0105 opcj\u0105 dla profesjonalnych hurtowni waporyzator\u00f3w jednorazowych.<\/p>\n<h3 class=\"font-claude-response-subheading text-text-100 mt-1 -mb-1.5\">Smak Peach Raspberry Lemonade i cechy szczeg\u00f3lne:<\/h3>\n<p class=\"font-claude-response-body whitespace-normal break-words\">VOZOL Rave 40000 Peach Raspberry Lemonade oferuje intryguj\u0105ce po\u0142\u0105czenie smaku s\u0142odkich brzoskwi\u0144, cierpkich malin i pikantnej lemoniady. Ta zr\u00f3wnowa\u017cona mieszanka zapewnia orze\u017awiaj\u0105c\u0105 i owocow\u0105 nut\u0119 przy ka\u017cdym zaci\u0105gni\u0119ciu, idealn\u0105 dla mi\u0142o\u015bnik\u00f3w z\u0142o\u017conych smak\u00f3w.<\/p>\n<p class=\"font-claude-response-body whitespace-normal break-words\">Urz\u0105dzenie oferuje maksymaln\u0105 elastyczno\u015b\u0107 dzi\u0119ki dw\u00f3m trybom pracy: u\u017cyj trybu normalnego, aby uzyska\u0107 imponuj\u0105ce 40 000 zaci\u0105gni\u0119\u0107 lub prze\u0142\u0105cz si\u0119 na tryb turbo, aby uzyska\u0107 bardziej intensywne doznania smakowe przy 25 000 zaci\u0105gni\u0119\u0107. Unikalny, reaguj\u0105cy na muzyk\u0119 wy\u015bwietlacz LED 270\u00b0 przekszta\u0142ca sesj\u0119 wapowania w pokaz \u015bwietlny z trzema trybami do wyboru - Breathing, Beat i Off - kt\u00f3re idealnie pasuj\u0105 do nastroju.<\/p>\n<p class=\"font-claude-response-body whitespace-normal break-words\">Dzi\u0119ki innowacyjnej technologii Dual Mesh Coil, dwie cewki siatkowe pracuj\u0105 w harmonii, aby wytworzy\u0107 bogaty smak, g\u0119st\u0105 par\u0119 i r\u00f3wnomierne rozprowadzanie ciep\u0142a. Zaawansowany system podw\u00f3jnych chip\u00f3w MCU stale monitoruje wydajno\u015b\u0107, zapobiega przegrzaniu i zapewnia precyzyjn\u0105 aktywacj\u0119 zaci\u0105gania. Regulowana kontrola przep\u0142ywu powietrza umo\u017cliwia p\u0142ynne prze\u0142\u0105czanie mi\u0119dzy stylami pary MTL i RDL, aby dopasowa\u0107 je do w\u0142asnych preferencji.<\/p>\n<p class=\"font-claude-response-body whitespace-normal break-words\">Dzi\u0119ki praktycznej funkcji szybkiego \u0142adowania USB-C, bateria o pojemno\u015bci 1000 mAh osi\u0105ga 80-procentowy poziom na\u0142adowania w zaledwie 20 minut - idealne rozwi\u0105zanie dla aktywnych u\u017cytkownik\u00f3w, kt\u00f3rzy nie chc\u0105 traci\u0107 czasu.<\/p>\n<p class=\"font-claude-response-body whitespace-normal break-words\">Dzi\u0119ki zawarto\u015bci nikotyny na poziomie 5% (50 mg\/ml), VOZOL Rave 40000 Peach Raspberry Lemonade zapewnia satysfakcjonuj\u0105ce uderzenie w gard\u0142o i d\u0142ugotrwa\u0142\u0105 satysfakcj\u0119. Po\u0142\u0105czenie inteligentnej technologii, konfigurowalnych funkcji i niezawodnej wydajno\u015bci sprawia, \u017ce urz\u0105dzenie to jest najlepszym wyborem dla wymagaj\u0105cych waper\u00f3w.<\/p>\n<h3 class=\"font-claude-response-subheading text-text-100 mt-1 -mb-1.5\">Dane techniczne:<\/h3>\n<p class=\"font-claude-response-body whitespace-normal break-words\"><strong>Model:<\/strong> Rave 40000 ruch\u00f3w<br \/>\n<strong>Smak:<\/strong> Lemoniada brzoskwiniowo-malinowa<br \/>\n<strong>Typ:<\/strong> Jednorazowy e-papieros<br \/>\n<strong>Si\u0142a nikotyny:<\/strong> 50 mg\/ml<br \/>\n<strong>Pojemno\u015b\u0107 cieczy:<\/strong> 20 ml<br \/>\n<strong>Styl Steam:<\/strong> MTL<br \/>\n<strong>Bateria:<\/strong> Akumulator 1000 mAh<br \/>\n<strong>Tryb:<\/strong> Tryb podw\u00f3jny<br \/>\n<strong>Typ cewki:<\/strong> Cewka z podw\u00f3jn\u0105 siatk\u0105<br \/>\n<strong>Funkcja specjalna:<\/strong> 270\u00b0 \u017cywy, \u015bwiec\u0105cy design<br \/>\n<strong>Przep\u0142yw powietrza:<\/strong> Regulowany przep\u0142yw powietrza<br \/>\n<strong>Wy\u015bwietlacz:<\/strong> Inteligentny wy\u015bwietlacz baterii i e-cieczy<\/p>\n<h3 class=\"font-claude-response-subheading text-text-100 mt-1 -mb-1.5\">Odkryj wi\u0119cej VOZOL VAPE na fumotpuff<\/h3>\n<p class=\"font-claude-response-body whitespace-normal break-words\">Z <strong><a class=\"underline\" href=\"https:\/\/fumotpuff.com\/pl\/\">fumotpuff<\/a><\/strong> oferujemy pierwszorz\u0119dny wyb\u00f3r produkt\u00f3w vape spe\u0142niaj\u0105cych wszelkie wymagania. Przejrzyj nasz\u0105 wszechstronn\u0105 ofert\u0119 <strong><a class=\"underline\" href=\"https:\/\/fumotpuff.com\/pl\/product-category\/vozol-vape\/\">Kategoria VOZOL VAPE<\/a><\/strong> z licznymi urz\u0105dzeniami premium lub wybierz swoj\u0105 ulubion\u0105 odmian\u0119 z kompletnej oferty <strong><a class=\"underline\" href=\"https:\/\/fumotpuff.com\/pl\/product-category\/vozol-vape\/vozol-rave-40000\/\">Kolekcja Vozol Rave 40000<\/a><\/strong>.<\/p>","protected":false},"excerpt":{"rendered":"<p class=\"font-claude-response-body whitespace-normal break-words\">Vozol Rave 40000 Peach Raspberry Lemonade \u0142\u0105czy w sobie brzoskwini\u0119, malin\u0119 i pikantn\u0105 lemoniad\u0119. Dzi\u0119ki 20 ml e-liquidu i baterii 1000 mAh osi\u0105ga do 40 000 zaci\u0105gni\u0119\u0107. Podw\u00f3jne cewki siatkowe, wy\u015bwietlacz LED reaguj\u0105cy na muzyk\u0119 pod k\u0105tem 270\u00b0 i szybkie \u0142adowanie USB-C (80% w 20 minut) zapewniaj\u0105 najwy\u017csz\u0105 jako\u015b\u0107.<\/p>","protected":false},"featured_media":4744,"comment_status":"open","ping_status":"closed","template":"","meta":{"_acf_changed":false},"product_brand":[],"product_cat":[52],"product_tag":[],"class_list":{"0":"post-4743","1":"product","2":"type-product","3":"status-publish","4":"has-post-thumbnail","6":"product_cat-vozol-rave-40000","8":"first","9":"instock","10":"shipping-taxable","11":"purchasable","12":"product-type-variable"},"acf":[],"_links":{"self":[{"href":"https:\/\/fumotpuff.com\/pl\/wp-json\/wp\/v2\/product\/4743","targetHints":{"allow":["GET"]}}],"collection":[{"href":"https:\/\/fumotpuff.com\/pl\/wp-json\/wp\/v2\/product"}],"about":[{"href":"https:\/\/fumotpuff.com\/pl\/wp-json\/wp\/v2\/types\/product"}],"replies":[{"embeddable":true,"href":"https:\/\/fumotpuff.com\/pl\/wp-json\/wp\/v2\/comments?post=4743"}],"wp:featuredmedia":[{"embeddable":true,"href":"https:\/\/fumotpuff.com\/pl\/wp-json\/wp\/v2\/media\/4744"}],"wp:attachment":[{"href":"https:\/\/fumotpuff.com\/pl\/wp-json\/wp\/v2\/media?parent=4743"}],"wp:term":[{"taxonomy":"product_brand","embeddable":true,"href":"https:\/\/fumotpuff.com\/pl\/wp-json\/wp\/v2\/product_brand?post=4743"},{"taxonomy":"product_cat","embeddable":true,"href":"https:\/\/fumotpuff.com\/pl\/wp-json\/wp\/v2\/product_cat?post=4743"},{"taxonomy":"product_tag","embeddable":true,"href":"https:\/\/fumotpuff.com\/pl\/wp-json\/wp\/v2\/product_tag?post=4743"}],"curies":[{"name":"wp","href":"https:\/\/api.w.org\/{rel}","templated":true}]}}