{"id":4739,"date":"2025-11-18T08:52:31","date_gmt":"2025-11-18T07:52:31","guid":{"rendered":"https:\/\/fumotpuff.com\/?post_type=product&#038;p=4739"},"modified":"2025-11-18T08:52:48","modified_gmt":"2025-11-18T07:52:48","slug":"vozol-rave-40000-peach-ice","status":"publish","type":"product","link":"https:\/\/fumotpuff.com\/pl\/produkt\/vozol-rave-40000-peach-ice\/","title":{"rendered":"Vozol Rave 40000 Peach Ice"},"content":{"rendered":"<h2 class=\"font-claude-response-heading text-text-100 mt-1 -mb-0.5\">Jednorazowy e-papieros Vozol Rave 40000 Peach Ice<\/h2>\n<p class=\"font-claude-response-body whitespace-normal break-words\">Vozol Rave 40000 Peach Ice to najwy\u017cszej jako\u015bci jednorazowy e-papieros o wyj\u0105tkowej pojemno\u015bci, zaprojektowany specjalnie na rynek hurtowy. Urz\u0105dzenie charakteryzuje si\u0119 innowacyjn\u0105, 270-stopniow\u0105 konstrukcj\u0105 \u015bwietln\u0105 i zsynchronizowanym z muzyk\u0105 trybem imprezowym, kt\u00f3ry zamienia ka\u017cd\u0105 sesj\u0119 wapowania w do\u015bwiadczenie. Dzi\u0119ki zasi\u0119gowi do 40 000 zaci\u0105gni\u0119\u0107 i pot\u0119\u017cnej baterii 1000 mAh, kt\u00f3r\u0105 mo\u017cna na\u0142adowa\u0107 do 80% w zaledwie 20 minut, model ten oferuje maksymaln\u0105 niezawodno\u015b\u0107. Stylowa animacja za\u0107mienia podczas waporyzacji i moc nikotyny 50 mg\/ml sprawiaj\u0105, \u017ce Peach Ice jest idealnym wyborem dla wymagaj\u0105cych waper\u00f3w w sektorze hurtowym.<\/p>\n<h3 class=\"font-claude-response-subheading text-text-100 mt-1 -mb-1.5\">Profil smakowy i g\u0142\u00f3wne cechy Peach Ice:<\/h3>\n<p class=\"font-claude-response-body whitespace-normal break-words\">VOZOL Rave 40000 Peach Ice \u0142\u0105czy w sobie naturaln\u0105 s\u0142odycz soczystych brzoskwi\u0144 z orze\u017awiaj\u0105cym efektem ch\u0142odzenia, kt\u00f3ry zapewnia przyjemn\u0105 \u015bwie\u017co\u015b\u0107 z ka\u017cdym zaci\u0105gni\u0119ciem. Smak jest zr\u00f3wnowa\u017cony i oferuje zar\u00f3wno owocowy smak, jak i ch\u0142\u00f3d - idealny na ca\u0142y dzie\u0144.<\/p>\n<p class=\"font-claude-response-body whitespace-normal break-words\">Dwa tryby zasilania zapewniaj\u0105 pe\u0142n\u0105 kontrol\u0119: wybierz tryb standardowy dla maksymalnie 40 000 zaci\u0105gni\u0119\u0107 lub aktywuj tryb turbo dla bardziej intensywnych smak\u00f3w przy 25 000 zaci\u0105gni\u0119\u0107. Spektakularny wy\u015bwietlacz LED wykrywaj\u0105cy rytm 270\u00b0 reaguje na muzyk\u0119 i oferuje trzy r\u00f3\u017cne tryby pod\u015bwietlenia - Breathing, Beat i Off - zapewniaj\u0105c osza\u0142amiaj\u0105ce wizualnie doznania podczas waporyzacji.<\/p>\n<p class=\"font-claude-response-body whitespace-normal break-words\">Zaawansowana technologia Dual Mesh Coil z dwoma zsynchronizowanymi cewkami siatkowymi zapewnia pot\u0119\u017cny rozw\u00f3j smaku, du\u017c\u0105 obj\u0119to\u015b\u0107 pary i sta\u0142\u0105 dystrybucj\u0119 ciep\u0142a. Inteligentny podw\u00f3jny system MCU optymalizuje wydajno\u015b\u0107 urz\u0105dzenia, chroni przed przegrzaniem i zapewnia responsywne automatyczne zaci\u0105ganie. Dzi\u0119ki regulowanej kontroli przep\u0142ywu powietrza mo\u017cna \u0142atwo prze\u0142\u0105cza\u0107 si\u0119 mi\u0119dzy stylami pary MTL i RDL.<\/p>\n<p class=\"font-claude-response-body whitespace-normal break-words\">Funkcja szybkiego \u0142adowania USB-C \u0142aduje bateri\u0119 1000 mAh do 80% w zaledwie 20 minut - idealne rozwi\u0105zanie dla os\u00f3b w podr\u00f3\u017cy i os\u00f3b z napi\u0119tym harmonogramem.<\/p>\n<p class=\"font-claude-response-body whitespace-normal break-words\">Dzi\u0119ki 5-procentowej zawarto\u015bci nikotyny (50 mg\/ml), VOZOL Rave 40000 Peach Ice gwarantuje satysfakcjonuj\u0105ce uderzenie w gard\u0142o i d\u0142ugotrwa\u0142y efekt nikotynowy. To po\u0142\u0105czenie inteligentnej technologii, elastycznych ustawie\u0144 i pierwszorz\u0119dnej wydajno\u015bci sprawia, \u017ce jest to idealny wyb\u00f3r dla mi\u0142o\u015bnik\u00f3w jednorazowych e-papieros\u00f3w klasy premium.<\/p>\n<h3 class=\"font-claude-response-subheading text-text-100 mt-1 -mb-1.5\">Dane techniczne:<\/h3>\n<p class=\"font-claude-response-body whitespace-normal break-words\"><strong>Model:<\/strong> Rave 40000 ruch\u00f3w<br \/>\n<strong>Smak:<\/strong> L\u00f3d brzoskwiniowy<br \/>\n<strong>Typ:<\/strong> Jednorazowy e-papieros<br \/>\n<strong>Si\u0142a nikotyny:<\/strong> 50 mg\/ml<br \/>\n<strong>Pojemno\u015b\u0107 cieczy:<\/strong> 20 ml<br \/>\n<strong>Styl Steam:<\/strong> MTL<br \/>\n<strong>Bateria:<\/strong> Akumulator 1000 mAh<br \/>\n<strong>Tryb:<\/strong> Tryb podw\u00f3jny<br \/>\n<strong>Typ cewki:<\/strong> Cewka z podw\u00f3jn\u0105 siatk\u0105<br \/>\n<strong>Funkcja specjalna:<\/strong> 270\u00b0 \u017cywy, \u015bwiec\u0105cy design<br \/>\n<strong>Przep\u0142yw powietrza:<\/strong> Regulowany przep\u0142yw powietrza<br \/>\n<strong>Wy\u015bwietlacz:<\/strong> Inteligentny wy\u015bwietlacz baterii i e-cieczy<\/p>\n<h3 class=\"font-claude-response-subheading text-text-100 mt-1 -mb-1.5\">Odkryj wi\u0119cej VOZOL VAPE na fumotpuff<\/h3>\n<p class=\"font-claude-response-body whitespace-normal break-words\">Szukasz wysokiej jako\u015bci jednorazowych e-papieros\u00f3w? W naszym <strong><a class=\"underline\" href=\"https:\/\/fumotpuff.com\/pl\/\">sklep internetowy fumotpuff<\/a><\/strong> znajdziesz szerok\u0105 gam\u0119 produkt\u00f3w na ka\u017cdy gust. Odkryj wi\u0119cej innowacyjnych urz\u0105dze\u0144 vape w naszym <strong><a class=\"underline\" href=\"https:\/\/fumotpuff.com\/pl\/product-category\/vozol-vape\/\">Kategoria VOZOL VAPE<\/a><\/strong> lub odkryj wszystkie wariacje smakowe w <strong><a class=\"underline\" href=\"https:\/\/fumotpuff.com\/pl\/product-category\/vozol-vape\/vozol-rave-40000\/\">Kolekcja Vozol Rave 40000<\/a><\/strong>.<\/p>","protected":false},"excerpt":{"rendered":"<p class=\"font-claude-response-body whitespace-normal break-words\">Vozol Rave 40000 Peach Ice \u0142\u0105czy soczyste brzoskwinie z orze\u017awiaj\u0105cym ch\u0142odem. Dzi\u0119ki 20 ml e-liquidu i baterii 1000 mAh zapewnia do 40 000 zaci\u0105gni\u0119\u0107. Podw\u00f3jne cewki siatkowe, wy\u015bwietlacz LED 270\u00b0 z synchronizacj\u0105 muzyki i szybkie \u0142adowanie USB-C (80% w 20 minut) zapewniaj\u0105 najwy\u017csz\u0105 przyjemno\u015b\u0107 z waporyzacji.<\/p>","protected":false},"featured_media":4740,"comment_status":"open","ping_status":"closed","template":"","meta":{"_acf_changed":false},"product_brand":[],"product_cat":[52],"product_tag":[],"class_list":{"0":"post-4739","1":"product","2":"type-product","3":"status-publish","4":"has-post-thumbnail","6":"product_cat-vozol-rave-40000","8":"first","9":"instock","10":"shipping-taxable","11":"purchasable","12":"product-type-variable"},"acf":[],"_links":{"self":[{"href":"https:\/\/fumotpuff.com\/pl\/wp-json\/wp\/v2\/product\/4739","targetHints":{"allow":["GET"]}}],"collection":[{"href":"https:\/\/fumotpuff.com\/pl\/wp-json\/wp\/v2\/product"}],"about":[{"href":"https:\/\/fumotpuff.com\/pl\/wp-json\/wp\/v2\/types\/product"}],"replies":[{"embeddable":true,"href":"https:\/\/fumotpuff.com\/pl\/wp-json\/wp\/v2\/comments?post=4739"}],"wp:featuredmedia":[{"embeddable":true,"href":"https:\/\/fumotpuff.com\/pl\/wp-json\/wp\/v2\/media\/4740"}],"wp:attachment":[{"href":"https:\/\/fumotpuff.com\/pl\/wp-json\/wp\/v2\/media?parent=4739"}],"wp:term":[{"taxonomy":"product_brand","embeddable":true,"href":"https:\/\/fumotpuff.com\/pl\/wp-json\/wp\/v2\/product_brand?post=4739"},{"taxonomy":"product_cat","embeddable":true,"href":"https:\/\/fumotpuff.com\/pl\/wp-json\/wp\/v2\/product_cat?post=4739"},{"taxonomy":"product_tag","embeddable":true,"href":"https:\/\/fumotpuff.com\/pl\/wp-json\/wp\/v2\/product_tag?post=4739"}],"curies":[{"name":"wp","href":"https:\/\/api.w.org\/{rel}","templated":true}]}}