{"id":473,"date":"2025-09-12T05:46:24","date_gmt":"2025-09-12T03:46:24","guid":{"rendered":"https:\/\/fumotpuff.com\/?post_type=product&#038;p=473"},"modified":"2025-09-12T05:46:25","modified_gmt":"2025-09-12T03:46:25","slug":"fumot-tornado-30k-music-cherry-ice","status":"publish","type":"product","link":"https:\/\/fumotpuff.com\/pl\/produkt\/fumot-tornado-30k-music-cherry-ice\/","title":{"rendered":"Fumot Tornado 30K Music Cherry Ice"},"content":{"rendered":"<h2 class=\"text-xl font-bold text-text-100 mt-1 -mb-0.5\">Jednorazowy e-papieros Fumot Tornado 30K Music Cherry Ice<\/h2>\n<p class=\"whitespace-normal break-words\">Ciesz si\u0119 klasycznym po\u0142\u0105czeniem s\u0142odkich wi\u015bni i orze\u017awiaj\u0105cego ch\u0142odu dzi\u0119ki Fumot Tornado 30K Music Cherry Ice. Ten wysokiej jako\u015bci jednorazowy e-papieros oferuje niezwyk\u0142\u0105 liczb\u0119 30 000 zaci\u0105gni\u0119\u0107, a pojemno\u015b\u0107 30 ml e-liquidu zapewnia d\u0142ugotrwa\u0142y smak.<\/p>\n<h3 class=\"text-lg font-bold text-text-100 mt-1 -mb-1.5\">Specjalne zalety wersji Cherry Ice:<\/h3>\n<p class=\"whitespace-normal break-words\"><strong>D\u0142ugotrwa\u0142e u\u017cytkowanie:<\/strong> Do 30 000 zaci\u0105gni\u0119\u0107 dla tygodni nieprzerwanej przyjemno\u015bci.<\/p>\n<p class=\"whitespace-normal break-words\"><strong>Indywidualna moc nikotyny:<\/strong> Wyb\u00f3r pomi\u0119dzy st\u0119\u017ceniem nikotyny 2% i 5%.<\/p>\n<p class=\"whitespace-normal break-words\"><strong>Obfite wype\u0142nienie:<\/strong> Pojemno\u015b\u0107 30 ml e-liquidu do szerokiego zastosowania.<\/p>\n<p class=\"whitespace-normal break-words\"><strong>Zaawansowane odparowywanie:<\/strong> Siatkowa cewka 1,0\u03a9 zapewnia najwy\u017cszej klasy transfer aromatu.<\/p>\n<p class=\"whitespace-normal break-words\"><strong>Niezawodna technologia akumulator\u00f3w:<\/strong> Bateria 600 mAh z wydajnym \u0142adowaniem typu C.<\/p>\n<p class=\"whitespace-normal break-words\"><strong>Integracja audiowizualna:<\/strong> O\u015bwietlenie LED zsynchronizowane z odtwarzaniem muzyki.<\/p>\n<h3 class=\"text-lg font-bold text-text-100 mt-1 -mb-1.5\">W\u0142a\u015bciwo\u015bci techniczne:<\/h3>\n<p class=\"whitespace-normal break-words\">Zawarto\u015b\u0107 nikotyny: 2% \/ 5%<br \/>\nMaksymalna liczba poci\u0105g\u00f3w: 30 000<br \/>\nProfil smakowy Cherry Ice<br \/>\nPojemno\u015b\u0107 baterii: 600 mAh<br \/>\nWaporyzator siatkowy 1,0\u03a9<br \/>\nInterfejs \u0142adowania typu C<br \/>\nDiody LED zale\u017cne od rytmu<\/p>\n<p class=\"whitespace-normal break-words\">Odkryj wi\u0119cej opcji premium na naszej stronie <strong><a class=\"underline\" href=\"https:\/\/fumotpuff.com\/pl\/\">Strona g\u0142\u00f3wna<\/a><\/strong>poznaj ca\u0142\u0105 <strong><a class=\"underline\" href=\"https:\/\/fumotpuff.com\/pl\/product-category\/fumot-vape\/\">Oferta FUMOT VAPE<\/a><\/strong> lub wybra\u0107 spo\u015br\u00f3d wszystkich <strong><a class=\"underline\" href=\"https:\/\/fumotpuff.com\/pl\/product-category\/fumot-vape\/fumot-tornado-30k-music\/\">Wariacje muzyczne Fumot Tornado 30K<\/a><\/strong>.<\/p>","protected":false},"excerpt":{"rendered":"<div>\n<div class=\"grid-cols-1 grid gap-2.5 [&amp;_&gt;_*]:min-w-0 !gap-3.5\">\n<p class=\"whitespace-normal break-words\">Die Fumot Tornado 30K Music Cherry Ice Einweg-E-Zigarette vereint s\u00fc\u00dfe Kirschen mit erfrischender K\u00e4lte. Mit 30.000 Z\u00fcgen, 30ml E-Liquid und musiksynchroner LED-Beleuchtung bietet sie langanhaltenden Premium-Dampfgenuss f\u00fcr wochenlange Nutzung.<\/p>\n<\/div>\n<\/div>\n<div class=\"h-8\"><\/div>\n","protected":false},"featured_media":475,"comment_status":"open","ping_status":"closed","template":"","meta":{"_acf_changed":false},"product_brand":[],"product_cat":[20],"product_tag":[],"class_list":{"0":"post-473","1":"product","2":"type-product","3":"status-publish","4":"has-post-thumbnail","6":"product_cat-fumot-tornado-30k-music","8":"first","9":"instock","10":"shipping-taxable","11":"purchasable","12":"product-type-variable"},"acf":[],"_links":{"self":[{"href":"https:\/\/fumotpuff.com\/pl\/wp-json\/wp\/v2\/product\/473","targetHints":{"allow":["GET"]}}],"collection":[{"href":"https:\/\/fumotpuff.com\/pl\/wp-json\/wp\/v2\/product"}],"about":[{"href":"https:\/\/fumotpuff.com\/pl\/wp-json\/wp\/v2\/types\/product"}],"replies":[{"embeddable":true,"href":"https:\/\/fumotpuff.com\/pl\/wp-json\/wp\/v2\/comments?post=473"}],"wp:featuredmedia":[{"embeddable":true,"href":"https:\/\/fumotpuff.com\/pl\/wp-json\/wp\/v2\/media\/475"}],"wp:attachment":[{"href":"https:\/\/fumotpuff.com\/pl\/wp-json\/wp\/v2\/media?parent=473"}],"wp:term":[{"taxonomy":"product_brand","embeddable":true,"href":"https:\/\/fumotpuff.com\/pl\/wp-json\/wp\/v2\/product_brand?post=473"},{"taxonomy":"product_cat","embeddable":true,"href":"https:\/\/fumotpuff.com\/pl\/wp-json\/wp\/v2\/product_cat?post=473"},{"taxonomy":"product_tag","embeddable":true,"href":"https:\/\/fumotpuff.com\/pl\/wp-json\/wp\/v2\/product_tag?post=473"}],"curies":[{"name":"wp","href":"https:\/\/api.w.org\/{rel}","templated":true}]}}