{"id":464,"date":"2025-09-12T05:42:38","date_gmt":"2025-09-12T03:42:38","guid":{"rendered":"https:\/\/fumotpuff.com\/?post_type=product&#038;p=464"},"modified":"2025-09-12T05:43:30","modified_gmt":"2025-09-12T03:43:30","slug":"fumot-tornado-30k-music-blueberry-sour-raspberry","status":"publish","type":"product","link":"https:\/\/fumotpuff.com\/pl\/produkt\/fumot-tornado-30k-music-blueberry-sour-raspberry\/","title":{"rendered":"Fumot Tornado 30K Music Blueberry Sour Raspberry"},"content":{"rendered":"<h2 class=\"text-xl font-bold text-text-100 mt-1 -mb-0.5\">Jednorazowy e-papieros Fumot Tornado 30K Music Blueberry Sour Raspberry<\/h2>\n<p class=\"whitespace-normal break-words\">Fumot Tornado 30K Music Blueberry Sour Raspberry tworzy ekscytuj\u0105c\u0105 symfoni\u0119 smak\u00f3w soczystych jag\u00f3d i cierpkich malin. Ten najnowocze\u015bniejszy jednorazowy e-papieros zapewnia imponuj\u0105ce 30 000 zaci\u0105gni\u0119\u0107 o sta\u0142ej jako\u015bci dzi\u0119ki du\u017cemu 30 ml nape\u0142nieniu e-liquidem.<\/p>\n<h3 class=\"text-lg font-bold text-text-100 mt-1 -mb-1.5\">Istotne cechy Blueberry Sour Raspberry:<\/h3>\n<p class=\"whitespace-normal break-words\"><strong>Wyj\u0105tkowy zasi\u0119g:<\/strong> Niesamowite 30 000 zaci\u0105gni\u0119\u0107 zapewnia d\u0142ugotrwa\u0142\u0105 przyjemno\u015b\u0107 z waporyzacji.<\/p>\n<p class=\"whitespace-normal break-words\"><strong>Wszechstronny wyb\u00f3r nikotyny:<\/strong> Dost\u0119pne z zawarto\u015bci\u0105 nikotyny 2% lub 5%, w zale\u017cno\u015bci od potrzeb.<\/p>\n<p class=\"whitespace-normal break-words\"><strong>Du\u017ca pojemno\u015b\u0107 cieczy:<\/strong> 30 ml wysokiej jako\u015bci e-cieczy do ci\u0105g\u0142ego u\u017cytku.<\/p>\n<p class=\"whitespace-normal break-words\"><strong>Zaawansowane innowacje w zakresie cewek:<\/strong> Technologia 1.0\u03a9 Mesh dla optymalnego rozwoju smaku.<\/p>\n<p class=\"whitespace-normal break-words\"><strong>Sta\u0142e \u017ar\u00f3d\u0142o energii:<\/strong> Wydajna bateria 600 mAh z opcj\u0105 szybkiego \u0142adowania typu C.<\/p>\n<p class=\"whitespace-normal break-words\"><strong>Wci\u0105gaj\u0105ce o\u015bwietlenie:<\/strong> Wzory LED sterowane muzyk\u0105 dla przyjemno\u015bci wizualnej.<\/p>\n<h3 class=\"text-lg font-bold text-text-100 mt-1 -mb-1.5\">Specyfikacja produktu:<\/h3>\n<p class=\"whitespace-normal break-words\">Warianty nikotynowe: 2% \/ 5%<br \/>\nPojemno\u015b\u0107 poci\u0105gu: 30 000<br \/>\n\u2611 Smak kwa\u015bnej maliny z jagodami<br \/>\nPojemno\u015b\u0107 baterii: 600 mAh<br \/>\nCewka siatkowa 1,0\u03a9<br \/>\nPort \u0142adowania typu C<br \/>\nInteraktywne o\u015bwietlenie muzyczne<\/p>\n<p class=\"whitespace-normal break-words\">Odwied\u017a nasz\u0105 stron\u0119 <strong><a class=\"underline\" href=\"https:\/\/fumotpuff.com\/pl\/\">Strona internetowa<\/a><\/strong> Aby pozna\u0107 wi\u0119cej innowacji produktowych, odkryj kompletny <strong><a class=\"underline\" href=\"https:\/\/fumotpuff.com\/pl\/product-category\/fumot-vape\/\">Wyb\u00f3r FUMOT VAPE<\/a><\/strong> lub przegl\u0105da\u0107 wszystkie <strong><a class=\"underline\" href=\"https:\/\/fumotpuff.com\/pl\/product-category\/fumot-vape\/fumot-tornado-30k-music\/\">Odmiany muzyczne Fumot Tornado 30K<\/a><\/strong>.<\/p>","protected":false},"excerpt":{"rendered":"<article data-content=\"[{&quot;type&quot;:&quot;block&quot;,&quot;id&quot;:&quot;5Exw-1757585399253&quot;,&quot;name&quot;:&quot;paragraph&quot;,&quot;data&quot;:{&quot;version&quot;:1},&quot;nodes&quot;:[{&quot;type&quot;:&quot;text&quot;,&quot;id&quot;:&quot;lhi5-1757585399254&quot;,&quot;leaves&quot;:[{&quot;text&quot;:&quot;Based\u00a0on\u00a0the\u00a0product\u00a0details\u00a0I\u00a0provided\u00a0you,\u00a0please\u00a0write\u00a0a\u00a0short\u00a0description\u00a0of\u00a0the\u00a0product\u00a0in\u00a0German,\u00a0about\u00a0300\u00a0characters\u00a0and\u00a0Write\u00a0a\u00a0title\u00a0[60\u00a0characters]\u00a0and\u00a0meta\u00a0description\u00a0[160\u00a0characters]\u00a0based\u00a0on\u00a0this\u00a0product\u00a0information\uff1a&quot;,&quot;marks&quot;:[]}]}],&quot;state&quot;:{}}]\">\n<div>\n<div class=\"grid-cols-1 grid gap-2.5 [&amp;_&gt;_*]:min-w-0 !gap-3.5\">\n<div>\n<div class=\"grid-cols-1 grid gap-2.5 [&amp;_&gt;_*]:min-w-0 !gap-3.5\">\n<p class=\"whitespace-normal break-words\">Die Fumot Tornado 30K Music Blueberry Sour Raspberry Einweg-E-Zigarette kombiniert saftige Blaubeeren mit s\u00e4uerlichen Himbeeren. Mit 30.000 Z\u00fcgen, 30ml E-Liquid und musikgesteuerter LED-Beleuchtung bietet sie langanhaltenden Premium-Dampfgenuss.<\/p>\n<\/div>\n<\/div>\n<div class=\"h-8\"><\/div>\n<\/div>\n<\/div>\n<div class=\"h-8\"><\/div>\n<\/article>\n","protected":false},"featured_media":469,"comment_status":"open","ping_status":"closed","template":"","meta":{"_acf_changed":false},"product_brand":[],"product_cat":[20],"product_tag":[],"class_list":{"0":"post-464","1":"product","2":"type-product","3":"status-publish","4":"has-post-thumbnail","6":"product_cat-fumot-tornado-30k-music","8":"first","9":"instock","10":"shipping-taxable","11":"purchasable","12":"product-type-variable"},"acf":[],"_links":{"self":[{"href":"https:\/\/fumotpuff.com\/pl\/wp-json\/wp\/v2\/product\/464","targetHints":{"allow":["GET"]}}],"collection":[{"href":"https:\/\/fumotpuff.com\/pl\/wp-json\/wp\/v2\/product"}],"about":[{"href":"https:\/\/fumotpuff.com\/pl\/wp-json\/wp\/v2\/types\/product"}],"replies":[{"embeddable":true,"href":"https:\/\/fumotpuff.com\/pl\/wp-json\/wp\/v2\/comments?post=464"}],"wp:featuredmedia":[{"embeddable":true,"href":"https:\/\/fumotpuff.com\/pl\/wp-json\/wp\/v2\/media\/469"}],"wp:attachment":[{"href":"https:\/\/fumotpuff.com\/pl\/wp-json\/wp\/v2\/media?parent=464"}],"wp:term":[{"taxonomy":"product_brand","embeddable":true,"href":"https:\/\/fumotpuff.com\/pl\/wp-json\/wp\/v2\/product_brand?post=464"},{"taxonomy":"product_cat","embeddable":true,"href":"https:\/\/fumotpuff.com\/pl\/wp-json\/wp\/v2\/product_cat?post=464"},{"taxonomy":"product_tag","embeddable":true,"href":"https:\/\/fumotpuff.com\/pl\/wp-json\/wp\/v2\/product_tag?post=464"}],"curies":[{"name":"wp","href":"https:\/\/api.w.org\/{rel}","templated":true}]}}