{"id":4610,"date":"2025-11-11T04:50:36","date_gmt":"2025-11-11T03:50:36","guid":{"rendered":"https:\/\/fumotpuff.com\/?post_type=product&#038;p=4610"},"modified":"2025-11-11T04:50:36","modified_gmt":"2025-11-11T03:50:36","slug":"vozol-neon-45000-lychee-orange-passion-fruit","status":"publish","type":"product","link":"https:\/\/fumotpuff.com\/pl\/produkt\/vozol-neon-45000-lychee-orange-passion-fruit\/","title":{"rendered":"Vozol Neon 45000 Liczi Pomara\u0144cza Marakuja"},"content":{"rendered":"<h2 class=\"text-xl font-bold text-text-100 mt-1 -mb-0.5\">Vozol Neon 45000 Lychee Orange Passion Fruit Jednorazowy vape<\/h2>\n<p class=\"whitespace-normal break-words\">Model Vozol Neon 45000 w kolorze Lychee Orange Passion Fruit oferuje najwy\u017csz\u0105 wydajno\u015b\u0107 do 45 000 zaci\u0105gni\u0119\u0107 i niespotykan\u0105 indywidualizacj\u0119. Dzi\u0119ki 4 regulowanym poziomom ch\u0142odzenia, 3 trybom mocy i regulowanemu przep\u0142ywowi powietrza zyskujesz pe\u0142n\u0105 kontrol\u0119 nad swoim do\u015bwiadczeniem wapowania. Inteligentny wy\u015bwietlacz umo\u017cliwia monitorowanie w czasie rzeczywistym, a cewka siatkowa i bateria 800 mAh zapewniaj\u0105 bogaty smak i d\u0142ugotrwa\u0142\u0105 moc. Dzi\u0119ki zawarto\u015bci nikotyny 5% i egzotycznej kombinacji Lychee Orange Passion Fruit urz\u0105dzenie to zosta\u0142o stworzone z my\u015bl\u0105 o koneserach wapowania.<\/p>\n<h3 class=\"text-lg font-bold text-text-100 mt-1 -mb-1.5\">Liczi Pomara\u0144cza Marakuja G\u0142\u00f3wne cechy:<\/h3>\n<p class=\"whitespace-normal break-words\">Ciesz si\u0119 wyj\u0105tkowymi 45 000 zaci\u0105gni\u0119\u0107, kt\u00f3re sprawiaj\u0105, \u017ce ci\u0105g\u0142e dokupowanie wk\u0142ad\u00f3w nie jest konieczne. Zastosowana cewka siatkowa optymalizuje wytwarzanie pary i zapewnia bardziej p\u0142ynny, aromatyczny smak przy ka\u017cdym zaci\u0105gni\u0119ciu. Akumulator 800 mAh z funkcj\u0105 szybkiego \u0142adowania typu C zapewnia sta\u0142\u0105 wydajno\u015b\u0107 przez d\u0142ugi czas.<\/p>\n<p class=\"whitespace-normal break-words\">Spersonalizuj swoje doznania zwi\u0105zane z wapowaniem wed\u0142ug w\u0142asnych upodoba\u0144. Dzi\u0119ki 4 poziomom ch\u0142odzenia mo\u017cesz okre\u015bli\u0107 stopie\u0144 \u015bwie\u017co\u015bci, a 3 poziomy mocy i przep\u0142ywu powietrza pozwalaj\u0105 precyzyjnie dostosowa\u0107 op\u00f3r ci\u0105gu i g\u0119sto\u015b\u0107 pary \u2013 stw\u00f3rz idealn\u0105 r\u00f3wnowag\u0119 mi\u0119dzy intensywno\u015bci\u0105 aromatu a ch\u0142odzeniem.<\/p>\n<p class=\"whitespace-normal break-words\">Wbudowany inteligentny wy\u015bwietlacz zapewnia sta\u0142y dost\u0119p do aktualnych informacji. Sprawdzaj poziom na\u0142adowania baterii i poziom p\u0142ynu na bie\u017c\u0105co, aby zawsze wiedzie\u0107, kiedy nale\u017cy na\u0142adowa\u0107 lub wymieni\u0107 bateri\u0119. Nieprzewidziane przerwy w parowaniu nale\u017c\u0105 ju\u017c do przesz\u0142o\u015bci.<\/p>\n<p class=\"whitespace-normal break-words\">Dzi\u0119ki zawarto\u015bci nikotyny o mocy 5% urz\u0105dzenie to zapewnia silny, satysfakcjonuj\u0105cy efekt dla do\u015bwiadczonych u\u017cytkownik\u00f3w, kt\u00f3rzy oczekuj\u0105 wyrazistego smaku i wyra\u017anego uczucia w gardle przy ka\u017cdym zaci\u0105gni\u0119ciu.<\/p>\n<h3 class=\"text-lg font-bold text-text-100 mt-1 -mb-1.5\">Profil smakowy Lychee Orange Passion Fruit:<\/h3>\n<p class=\"whitespace-normal break-words\">Wy\u015bmienite po\u0142\u0105czenie trzech tropikalnych owoc\u00f3w tworzy niezwyk\u0142e doznania smakowe. S\u0142odka liczi idealnie harmonizuje z rze\u015bk\u0105 pomara\u0144cz\u0105, a marakuja dodaje egzotycznej nuty kwaskowato\u015bci. Ta wyrafinowana tr\u00f3jca przekonuje u\u017cytkownik\u00f3w e-papieros\u00f3w, kt\u00f3rzy ceni\u0105 sobie z\u0142o\u017cone tropikalne aromaty o wielu warstwach smakowych.<\/p>\n<h3 class=\"text-lg font-bold text-text-100 mt-1 -mb-1.5\">Specyfikacja produktu:<\/h3>\n<p class=\"whitespace-normal break-words\">\u25aa Pojemno\u015b\u0107 bufora: do 45 000<br \/>\n\u25aa Zawarto\u015b\u0107 nikotyny: 5%<br \/>\n\u25aa Pojemno\u015b\u0107 p\u0142ynu: 20 ml<br \/>\n\u25aa Bateria: 800 mAh, wielokrotnego \u0142adowania<br \/>\n\u25aa 4 dost\u0119pne poziomy ch\u0142odzenia<br \/>\n\u25aa 3 opcje przep\u0142ywu powietrza do regulacji pary i aromatu<br \/>\n\u25aa Regulacja mocy nikotyny<br \/>\n\u25aa Technologia Mesh Coil zapewniaj\u0105ca optymalny aromat<br \/>\n\u25aa Kolorowy wy\u015bwietlacz z danymi u\u017cytkowania na \u017cywo<\/p>\n<h3 class=\"text-lg font-bold text-text-100 mt-1 -mb-1.5\">Odkryj wi\u0119cej VOZOL VAPE na fumotpuff<\/h3>\n<p class=\"whitespace-normal break-words\">Zapoznaj si\u0119 z nasz\u0105 ekskluzywn\u0105 ofert\u0105 na stronie <strong><a class=\"underline\" href=\"https:\/\/fumotpuff.com\/pl\/\">fumotpuff.com<\/a><\/strong> lub przejrzyj obszern\u0105 <strong><a class=\"underline\" href=\"https:\/\/fumotpuff.com\/pl\/product-category\/vozol-vape\/\">Linia produkt\u00f3w VOZOL VAPE<\/a><\/strong> z przysz\u0142o\u015bciowymi vaporizerami jednorazowymi. Wszystkie smaki czekaj\u0105 w <strong><a class=\"underline\" href=\"https:\/\/fumotpuff.com\/pl\/product-category\/vozol-vape\/vozol-neon-45000\/\">Vozol Neon 45000 \u015awiat smak\u00f3w<\/a><\/strong> dla Ciebie.<\/p>","protected":false},"excerpt":{"rendered":"<p class=\"whitespace-normal break-words\">Vozol Neon 45000 Lychee Orange Passion Fruit \u0142\u0105czy w sobie s\u0142odki liczi, rze\u015bk\u0105 pomara\u0144cz\u0119 i egzotyczny owoc m\u0119czennicy. Z 45 000 zaci\u0105gni\u0119\u0107, 4 poziomami ch\u0142odzenia, 3 trybami i inteligentnym wy\u015bwietlaczem. Cewka siatkowa, 20 ml e-liquidu, akumulator 800 mAh z szybkim \u0142adowaniem typu C i nikotyn\u0105 5% dla tropikalnej r\u00f3\u017cnorodno\u015bci.<\/p>","protected":false},"featured_media":4611,"comment_status":"open","ping_status":"closed","template":"","meta":{"_acf_changed":false},"product_brand":[],"product_cat":[51],"product_tag":[],"class_list":{"0":"post-4610","1":"product","2":"type-product","3":"status-publish","4":"has-post-thumbnail","6":"product_cat-vozol-neon-45000","8":"first","9":"instock","10":"shipping-taxable","11":"purchasable","12":"product-type-variable"},"acf":[],"_links":{"self":[{"href":"https:\/\/fumotpuff.com\/pl\/wp-json\/wp\/v2\/product\/4610","targetHints":{"allow":["GET"]}}],"collection":[{"href":"https:\/\/fumotpuff.com\/pl\/wp-json\/wp\/v2\/product"}],"about":[{"href":"https:\/\/fumotpuff.com\/pl\/wp-json\/wp\/v2\/types\/product"}],"replies":[{"embeddable":true,"href":"https:\/\/fumotpuff.com\/pl\/wp-json\/wp\/v2\/comments?post=4610"}],"wp:featuredmedia":[{"embeddable":true,"href":"https:\/\/fumotpuff.com\/pl\/wp-json\/wp\/v2\/media\/4611"}],"wp:attachment":[{"href":"https:\/\/fumotpuff.com\/pl\/wp-json\/wp\/v2\/media?parent=4610"}],"wp:term":[{"taxonomy":"product_brand","embeddable":true,"href":"https:\/\/fumotpuff.com\/pl\/wp-json\/wp\/v2\/product_brand?post=4610"},{"taxonomy":"product_cat","embeddable":true,"href":"https:\/\/fumotpuff.com\/pl\/wp-json\/wp\/v2\/product_cat?post=4610"},{"taxonomy":"product_tag","embeddable":true,"href":"https:\/\/fumotpuff.com\/pl\/wp-json\/wp\/v2\/product_tag?post=4610"}],"curies":[{"name":"wp","href":"https:\/\/api.w.org\/{rel}","templated":true}]}}