{"id":4605,"date":"2025-11-11T04:48:20","date_gmt":"2025-11-11T03:48:20","guid":{"rendered":"https:\/\/fumotpuff.com\/?post_type=product&#038;p=4605"},"modified":"2025-11-11T04:48:21","modified_gmt":"2025-11-11T03:48:21","slug":"vozol-neon-45000-love-777","status":"publish","type":"product","link":"https:\/\/fumotpuff.com\/pl\/produkt\/vozol-neon-45000-love-777\/","title":{"rendered":"Vozol Neon 45000 Love 777"},"content":{"rendered":"<h2 class=\"text-xl font-bold text-text-100 mt-1 -mb-0.5\">Vozol Neon 45000 Love 777 Jednorazowy vape<\/h2>\n<p class=\"whitespace-normal break-words\">Vozol Neon 45000 Love 777 wyznacza nowe standardy dzi\u0119ki pojemno\u015bci do 45 000 zaci\u0105gni\u0119\u0107 i wszechstronnym opcjom ustawie\u0144. Wyposa\u017cony w 4 poziomy ch\u0142odzenia, 3 opcje mocy i elastyczny przep\u0142yw powietrza, zapewnia dostosowan\u0105 do indywidualnych potrzeb przyjemno\u015b\u0107 z wapowania. Inteligentny wy\u015bwietlacz dostarcza dane na \u017cywo, a technologia Mesh Coil i pot\u0119\u017cny akumulator 800 mAh zapewniaj\u0105 intensywny aromat i d\u0142ugotrwa\u0142\u0105 energi\u0119. Dzi\u0119ki nikotynie 5% i tajemniczej nucie smakowej Love 777 model ten jest skierowany do wymagaj\u0105cych u\u017cytkownik\u00f3w.<\/p>\n<h3 class=\"text-lg font-bold text-text-100 mt-1 -mb-1.5\">Najwa\u017cniejsze wydarzenia Love 777:<\/h3>\n<p class=\"whitespace-normal break-words\">Ciesz si\u0119 najwy\u017cszej klasy wra\u017ceniami z wapowania dzi\u0119ki nawet 45 000 zaci\u0105gni\u0119\u0107, kt\u00f3re eliminuj\u0105 konieczno\u015b\u0107 regularnej wymiany urz\u0105dzenia. Zastosowana technologia Mesh Coil zwi\u0119ksza produkcj\u0119 pary i gwarantuje \u0142agodniejszy, pe\u0142niejszy smak przy ka\u017cdym zaci\u0105gni\u0119ciu. Akumulator o pojemno\u015bci 800 mAh z funkcj\u0105 szybkiego \u0142adowania typu C zapewnia nieprzerwan\u0105 wydajno\u015b\u0107 podczas d\u0142ugich sesji wapowania.<\/p>\n<p class=\"whitespace-normal break-words\">Precyzyjnie skonfiguruj swoje doznania zwi\u0105zane z wapowaniem. Wybierz jeden z 4 poziom\u00f3w ch\u0142odzenia, aby kontrolowa\u0107 efekt \u015bwie\u017co\u015bci, a 3 poziomy mocy i przep\u0142ywu powietrza umo\u017cliwiaj\u0105 precyzyjn\u0105 regulacj\u0119 oporu zaci\u0105gni\u0119cia i obj\u0119to\u015bci pary \u2013 dla idealnej harmonii mi\u0119dzy intensywno\u015bci\u0105 smaku a \u015bwie\u017co\u015bci\u0105.<\/p>\n<p class=\"whitespace-normal break-words\">Dzi\u0119ki wbudowanemu inteligentnemu wy\u015bwietlaczowi jeste\u015b zawsze na bie\u017c\u0105co. \u015aled\u017a stan baterii i poziom e-liquidu w czasie rzeczywistym, aby wiedzie\u0107, kiedy nale\u017cy na\u0142adowa\u0107 lub wymieni\u0107 bateri\u0119. Koniec z nieoczekiwanymi przerwami.<\/p>\n<p class=\"whitespace-normal break-words\">Dzi\u0119ki zawarto\u015bci nikotyny 5% urz\u0105dzenie to zapewnia silny, satysfakcjonuj\u0105cy kop dla do\u015bwiadczonych u\u017cytkownik\u00f3w, kt\u00f3rzy ceni\u0105 sobie mocny smak i intensywne uczucie w gardle przy ka\u017cdym zaci\u0105gni\u0119ciu.<\/p>\n<h3 class=\"text-lg font-bold text-text-100 mt-1 -mb-1.5\">Love 777 Do\u015bwiadczenie smakowe:<\/h3>\n<p class=\"whitespace-normal break-words\">Tajemnicza i kusz\u0105ca kompozycja smakowa, kt\u00f3ra obiecuje niespodziank\u0119. Mieszanka Love 777 \u0142\u0105czy r\u00f3\u017cne nuty owocowe i jagodowe, tworz\u0105c z\u0142o\u017cony, zr\u00f3wnowa\u017cony aromat, kt\u00f3ry przy ka\u017cdym zaci\u0105gni\u0119ciu si\u0119 ujawnia nowe oblicza. Idealna dla u\u017cytkownik\u00f3w e-papieros\u00f3w, kt\u00f3rzy poszukuj\u0105 niezwyk\u0142ych i wielowarstwowych profili smakowych.<\/p>\n<h3 class=\"text-lg font-bold text-text-100 mt-1 -mb-1.5\">Dane techniczne:<\/h3>\n<p class=\"whitespace-normal break-words\">\u25aa Maksymalna liczba poci\u0105g\u00f3w: 45 000<br \/>\n\u25aa Poziom nikotyny: 5%<br \/>\n\u25aa Pojemno\u015b\u0107 p\u0142ynu: 20 ml<br \/>\n\u25aa Akumulator: 800 mAh, wielokrotnego \u0142adowania<br \/>\n\u25aa 4 tryby ch\u0142odzenia do wyboru<br \/>\n\u25aa 3 tryby przep\u0142ywu powietrza do regulacji chmury i smaku<br \/>\n\u25aa Zmienna intensywno\u015b\u0107 nikotyny<br \/>\n\u25aa System Mesh Coil zapewniaj\u0105cy doskona\u0142y smak<br \/>\n\u25aa Kolorowy wy\u015bwietlacz z danymi dotycz\u0105cymi pary w czasie rzeczywistym<\/p>\n<h3 class=\"text-lg font-bold text-text-100 mt-1 -mb-1.5\">Odkryj wi\u0119cej VOZOL VAPE na fumotpuff<\/h3>\n<p class=\"whitespace-normal break-words\">Zapraszamy do zapoznania si\u0119 z nasz\u0105 ofert\u0105 premium na stronie <strong><a class=\"underline\" href=\"https:\/\/fumotpuff.com\/pl\/\">fumotpuff.com<\/a><\/strong> lub zanurzy\u0107 si\u0119 w <strong><a class=\"underline\" href=\"https:\/\/fumotpuff.com\/pl\/product-category\/vozol-vape\/\">\u015awiat produkt\u00f3w VOZOL VAPE<\/a><\/strong> z najnowocze\u015bniejszymi jednorazowymi e-papierosami. Wszystkie smaki mo\u017cna znale\u017a\u0107 w <strong><a class=\"underline\" href=\"https:\/\/fumotpuff.com\/pl\/product-category\/vozol-vape\/vozol-neon-45000\/\">Kolekcja smak\u00f3w Vozol Neon 45000<\/a><\/strong>.<\/p>","protected":false},"excerpt":{"rendered":"<p class=\"whitespace-normal break-words\">Vozol Neon 45000 Love 777 oferuje tajemnicz\u0105 kompozycj\u0119 owocowo-jagodow\u0105 o wielowarstwowych aromatach. Z 45 000 zaci\u0105gni\u0119\u0107, 4 poziomami ch\u0142odzenia, 3 trybami i inteligentnym wy\u015bwietlaczem. Cewka siatkowa, 20 ml e-liquidu, akumulator 800 mAh z szybkim \u0142adowaniem typu C i nikotyn\u0105 5% dla z\u0142o\u017conego smaku.<\/p>","protected":false},"featured_media":4606,"comment_status":"open","ping_status":"closed","template":"","meta":{"_acf_changed":false},"product_brand":[],"product_cat":[51],"product_tag":[],"class_list":{"0":"post-4605","1":"product","2":"type-product","3":"status-publish","4":"has-post-thumbnail","6":"product_cat-vozol-neon-45000","8":"first","9":"instock","10":"shipping-taxable","11":"purchasable","12":"product-type-variable"},"acf":[],"_links":{"self":[{"href":"https:\/\/fumotpuff.com\/pl\/wp-json\/wp\/v2\/product\/4605","targetHints":{"allow":["GET"]}}],"collection":[{"href":"https:\/\/fumotpuff.com\/pl\/wp-json\/wp\/v2\/product"}],"about":[{"href":"https:\/\/fumotpuff.com\/pl\/wp-json\/wp\/v2\/types\/product"}],"replies":[{"embeddable":true,"href":"https:\/\/fumotpuff.com\/pl\/wp-json\/wp\/v2\/comments?post=4605"}],"wp:featuredmedia":[{"embeddable":true,"href":"https:\/\/fumotpuff.com\/pl\/wp-json\/wp\/v2\/media\/4606"}],"wp:attachment":[{"href":"https:\/\/fumotpuff.com\/pl\/wp-json\/wp\/v2\/media?parent=4605"}],"wp:term":[{"taxonomy":"product_brand","embeddable":true,"href":"https:\/\/fumotpuff.com\/pl\/wp-json\/wp\/v2\/product_brand?post=4605"},{"taxonomy":"product_cat","embeddable":true,"href":"https:\/\/fumotpuff.com\/pl\/wp-json\/wp\/v2\/product_cat?post=4605"},{"taxonomy":"product_tag","embeddable":true,"href":"https:\/\/fumotpuff.com\/pl\/wp-json\/wp\/v2\/product_tag?post=4605"}],"curies":[{"name":"wp","href":"https:\/\/api.w.org\/{rel}","templated":true}]}}