{"id":4600,"date":"2025-11-11T04:46:06","date_gmt":"2025-11-11T03:46:06","guid":{"rendered":"https:\/\/fumotpuff.com\/?post_type=product&#038;p=4600"},"modified":"2025-11-11T04:46:06","modified_gmt":"2025-11-11T03:46:06","slug":"vozol-neon-45000-hawaiian-pineapple-paradise","status":"publish","type":"product","link":"https:\/\/fumotpuff.com\/pl\/produkt\/vozol-neon-45000-hawaiian-pineapple-paradise\/","title":{"rendered":"Vozol Neon 45000 Hawaiian Pineapple Paradise"},"content":{"rendered":"<h2 class=\"text-xl font-bold text-text-100 mt-1 -mb-0.5\">Vozol Neon 45000 Hawaiian Pineapple Paradise Jednorazowy vape<\/h2>\n<p class=\"whitespace-normal break-words\">Urz\u0105dzenie Vozol Neon 45000 w wersji Hawaiian Pineapple Paradise \u0142\u0105czy w sobie najnowocze\u015bniejsz\u0105 wydajno\u015b\u0107 z mo\u017cliwo\u015bci\u0105 wykonania nawet 45 000 zaci\u0105gni\u0119\u0107 i szerokimi mo\u017cliwo\u015bciami konfiguracji. Dzi\u0119ki 4 regulowanym poziomom ch\u0142odzenia, 3 poziomom mocy i zmiennemu przep\u0142ywowi powietrza masz zawsze kontrol\u0119 nad swoim do\u015bwiadczeniem zwi\u0105zanym z wapowaniem. Cyfrowy wy\u015bwietlacz umo\u017cliwia monitorowanie w czasie rzeczywistym, a zaawansowana cewka siatkowa i wydajna bateria 800 mAh gwarantuj\u0105 pe\u0142ny aromat i niezawodn\u0105 moc. Zawarto\u015b\u0107 nikotyny 5% w po\u0142\u0105czeniu z tropikalnym smakiem Hawaiian Pineapple Paradise zosta\u0142a stworzona z my\u015bl\u0105 o mi\u0142o\u015bnikach wapowania.<\/p>\n<h3 class=\"text-lg font-bold text-text-100 mt-1 -mb-1.5\">Hawaiian Pineapple Paradise G\u0142\u00f3wne zalety:<\/h3>\n<p class=\"whitespace-normal break-words\">Ciesz si\u0119 wyj\u0105tkow\u0105 wytrzyma\u0142o\u015bci\u0105 do 45 000 zaci\u0105gni\u0119\u0107, co pozwala unikn\u0105\u0107 cz\u0119stych zakup\u00f3w nowych produkt\u00f3w. Zintegrowana cewka siatkowa poprawia wytwarzanie pary i zapewnia \u0142agodniejszy, intensywniejszy smak przy ka\u017cdym zaci\u0105gni\u0119ciu. Zasilany akumulatorem 800 mAh z funkcj\u0105 szybkiego \u0142adowania typu C zapewnia sta\u0142\u0105 wydajno\u015b\u0107 przez d\u0142u\u017cszy czas.<\/p>\n<p class=\"whitespace-normal break-words\">Spersonalizuj ka\u017cdy aspekt swojego vapowania. Wybierz jeden z 4 poziom\u00f3w intensywno\u015bci ch\u0142odzenia, aby kontrolowa\u0107 efekt ch\u0142odzenia, a 3 poziomy mocy i przep\u0142ywu powietrza pozwalaj\u0105 na precyzyjn\u0105 regulacj\u0119 oporu zaci\u0105gania si\u0119 i g\u0119sto\u015bci pary \u2013 stw\u00f3rz idealn\u0105 r\u00f3wnowag\u0119 mi\u0119dzy intensywno\u015bci\u0105 smaku a ch\u0142odzeniem.<\/p>\n<p class=\"whitespace-normal break-words\">Wbudowany inteligentny wy\u015bwietlacz zapewnia ci\u0105g\u0142y dost\u0119p do informacji. Obserwuj stan baterii i poziom p\u0142ynu w czasie rzeczywistym, aby zawsze wiedzie\u0107, kiedy konieczne jest \u0142adowanie lub wymiana. Koniec z niespodziewanymi przerwami w parowaniu.<\/p>\n<p class=\"whitespace-normal break-words\">Dzi\u0119ki zawarto\u015bci nikotyny 5% ten model zapewnia mocny, satysfakcjonuj\u0105cy efekt dla do\u015bwiadczonych u\u017cytkownik\u00f3w, kt\u00f3rzy ceni\u0105 sobie wyrazisty smak i wyczuwalne uderzenie w gard\u0142o przy ka\u017cdym zaci\u0105gni\u0119ciu.<\/p>\n<h3 class=\"text-lg font-bold text-text-100 mt-1 -mb-1.5\">Hawaiian Pineapple Paradise Profil aromatyczny:<\/h3>\n<p class=\"whitespace-normal break-words\">Tropikalna podr\u00f3\u017c smakowa, kt\u00f3rej g\u0142\u00f3wnym bohaterem jest dojrzewaj\u0105cy w s\u0142o\u0144cu ananas. Soczysta, s\u0142odka nuta ananasa towarzyszy egzotycznym akcentom owocowym, tworz\u0105c autentyczn\u0105 atmosfer\u0119 Hawaj\u00f3w. Idealny dla os\u00f3b, kt\u00f3re ceni\u0105 tropikalne aromaty i t\u0119skni\u0105 za wakacyjnym nastrojem.<\/p>\n<h3 class=\"text-lg font-bold text-text-100 mt-1 -mb-1.5\">Dane produktu:<\/h3>\n<p class=\"whitespace-normal break-words\">\u25aa \u0141\u0105czna liczba poci\u0105g\u00f3w: do 45 000<br \/>\n\u25aa Nikotyna: st\u0119\u017cenie 5%<br \/>\n\u25aa E-liquid: pojemno\u015b\u0107 20 ml<br \/>\n\u25aa Bateria: 800 mAh, wielokrotnego \u0142adowania<br \/>\n\u25aa 4 regulowane poziomy ch\u0142odzenia<br \/>\n\u25aa 3 ustawienia przep\u0142ywu powietrza do regulacji pary i smaku<br \/>\n\u25aa Regulowana zawarto\u015b\u0107 nikotyny<br \/>\n\u25aa Cewka siatkowa dla lepszego uwolnienia aromatu<br \/>\n\u25aa Kolorowy wy\u015bwietlacz z informacjami dotycz\u0105cymi u\u017cytkowania<\/p>\n<h3 class=\"text-lg font-bold text-text-100 mt-1 -mb-1.5\">Odkryj wi\u0119cej VOZOL VAPE na fumotpuff<\/h3>\n<p class=\"whitespace-normal break-words\">Znajd\u017a wi\u0119cej wysokiej klasy urz\u0105dze\u0144 parowych na stronie <strong><a class=\"underline\" href=\"https:\/\/fumotpuff.com\/pl\/\">fumotpuff.com<\/a><\/strong> lub odkryj pe\u0142n\u0105 ofert\u0119 <strong><a class=\"underline\" href=\"https:\/\/fumotpuff.com\/pl\/product-category\/vozol-vape\/\">VOZOL VAPE Palette<\/a><\/strong> z prze\u0142omowymi vaporizerami jednorazowymi. Pe\u0142n\u0105 gam\u0119 aromat\u00f3w znajdziesz w <strong><a class=\"underline\" href=\"https:\/\/fumotpuff.com\/pl\/product-category\/vozol-vape\/vozol-neon-45000\/\">Asortyment Vozol Neon 45000<\/a><\/strong>.<\/p>","protected":false},"excerpt":{"rendered":"<p class=\"whitespace-normal break-words\">Vozol Neon 45000 Hawaiian Pineapple Paradise oferuje tropikalny aromat ananasa z egzotycznymi akcentami owocowymi. Z 45 000 zaci\u0105gni\u0119\u0107, 4 poziomami ch\u0142odzenia, 3 trybami i inteligentnym wy\u015bwietlaczem. Cewka siatkowa, 20 ml e-liquidu, bateria 800 mAh z szybkim \u0142adowaniem typu C i nikotyn\u0105 5% dla hawajskiego nastroju.<\/p>","protected":false},"featured_media":4601,"comment_status":"open","ping_status":"closed","template":"","meta":{"_acf_changed":false},"product_brand":[],"product_cat":[51],"product_tag":[],"class_list":{"0":"post-4600","1":"product","2":"type-product","3":"status-publish","4":"has-post-thumbnail","6":"product_cat-vozol-neon-45000","8":"first","9":"instock","10":"shipping-taxable","11":"purchasable","12":"product-type-variable"},"acf":[],"_links":{"self":[{"href":"https:\/\/fumotpuff.com\/pl\/wp-json\/wp\/v2\/product\/4600","targetHints":{"allow":["GET"]}}],"collection":[{"href":"https:\/\/fumotpuff.com\/pl\/wp-json\/wp\/v2\/product"}],"about":[{"href":"https:\/\/fumotpuff.com\/pl\/wp-json\/wp\/v2\/types\/product"}],"replies":[{"embeddable":true,"href":"https:\/\/fumotpuff.com\/pl\/wp-json\/wp\/v2\/comments?post=4600"}],"wp:featuredmedia":[{"embeddable":true,"href":"https:\/\/fumotpuff.com\/pl\/wp-json\/wp\/v2\/media\/4601"}],"wp:attachment":[{"href":"https:\/\/fumotpuff.com\/pl\/wp-json\/wp\/v2\/media?parent=4600"}],"wp:term":[{"taxonomy":"product_brand","embeddable":true,"href":"https:\/\/fumotpuff.com\/pl\/wp-json\/wp\/v2\/product_brand?post=4600"},{"taxonomy":"product_cat","embeddable":true,"href":"https:\/\/fumotpuff.com\/pl\/wp-json\/wp\/v2\/product_cat?post=4600"},{"taxonomy":"product_tag","embeddable":true,"href":"https:\/\/fumotpuff.com\/pl\/wp-json\/wp\/v2\/product_tag?post=4600"}],"curies":[{"name":"wp","href":"https:\/\/api.w.org\/{rel}","templated":true}]}}