{"id":4595,"date":"2025-11-11T04:43:35","date_gmt":"2025-11-11T03:43:35","guid":{"rendered":"https:\/\/fumotpuff.com\/?post_type=product&#038;p=4595"},"modified":"2025-11-11T04:43:35","modified_gmt":"2025-11-11T03:43:35","slug":"vozol-neon-45000-grape-ice","status":"publish","type":"product","link":"https:\/\/fumotpuff.com\/pl\/produkt\/vozol-neon-45000-grape-ice\/","title":{"rendered":"Vozol Neon 45000 Grape Ice"},"content":{"rendered":"<h2 class=\"text-xl font-bold text-text-100 mt-1 -mb-0.5\">Vozol Neon 45000 Grape Ice Jednorazowy vape<\/h2>\n<p class=\"whitespace-normal break-words\">Vozol Neon 45000 Grape Ice przekonuje zaawansowan\u0105 technologi\u0105 zapewniaj\u0105c\u0105 do 45 000 zaci\u0105gni\u0119\u0107 i szerokie mo\u017cliwo\u015bci personalizacji. Dzi\u0119ki 4 regulowanym poziomom ch\u0142odzenia, 3 trybom mocy i regulowanemu przep\u0142ywowi powietrza mo\u017cesz indywidualnie dostosowa\u0107 swoje wapowanie. Inteligentny wy\u015bwietlacz pokazuje wszystkie istotne dane w czasie rzeczywistym, a system cewki siatkowej i akumulator 800 mAh zapewniaj\u0105 bogaty aromat i d\u0142ugotrwa\u0142\u0105 wydajno\u015b\u0107. Dzi\u0119ki zawarto\u015bci nikotyny 5% i popularnemu smakowi Grape Ice model ten zosta\u0142 stworzony z my\u015bl\u0105 o koneserach wapowania.<\/p>\n<h3 class=\"text-lg font-bold text-text-100 mt-1 -mb-1.5\">Grape Ice Cechy charakterystyczne:<\/h3>\n<p class=\"whitespace-normal break-words\">Ciesz si\u0119 imponuj\u0105c\u0105 liczb\u0105 45 000 zaci\u0105gni\u0119\u0107, dzi\u0119ki czemu nie musisz ci\u0105gle dokupowa\u0107 nowych produkt\u00f3w. Wbudowana technologia Mesh Coil maksymalizuje wytwarzanie pary i zapewnia \u0142agodniejszy, bogatszy smak przy ka\u017cdym zaci\u0105gni\u0119ciu. Akumulator 800 mAh z technologi\u0105 szybkiego \u0142adowania typu C gwarantuje niezawodn\u0105 wydajno\u015b\u0107 podczas d\u0142ugich sesji.<\/p>\n<p class=\"whitespace-normal break-words\">Dostosuj swoje doznania zwi\u0105zane z wapowaniem do w\u0142asnych preferencji. Wybierz jeden z 4 poziom\u00f3w ch\u0142odzenia, aby uzyska\u0107 preferowan\u0105 \u015bwie\u017co\u015b\u0107, a 3-stopniowa regulacja mocy i przep\u0142ywu powietrza pozwala na precyzyjn\u0105 regulacj\u0119 oporu zaci\u0105gania si\u0119 i ilo\u015bci pary \u2013 stw\u00f3rz idealn\u0105 harmoni\u0119 mi\u0119dzy intensywno\u015bci\u0105 smaku a orze\u017awieniem.<\/p>\n<p class=\"whitespace-normal break-words\">Wbudowany inteligentny wy\u015bwietlacz pozwala zachowa\u0107 kontrol\u0119 przez ca\u0142y czas. Monitoruj poziom na\u0142adowania baterii i poziom e-liquidu w czasie rzeczywistym, aby nigdy nie da\u0107 si\u0119 zaskoczy\u0107 roz\u0142adowan\u0105 bateri\u0105 lub brakiem p\u0142ynu. Vaping bez nieoczekiwanych przerw.<\/p>\n<p class=\"whitespace-normal break-words\">Dzi\u0119ki st\u0119\u017ceniu nikotyny wynosz\u0105cemu 5% urz\u0105dzenie to zapewnia mocny, satysfakcjonuj\u0105cy kop dla wymagaj\u0105cych u\u017cytkownik\u00f3w, kt\u00f3rzy oczekuj\u0105 intensywnego smaku i wyra\u017anego uderzenia w gard\u0142o przy ka\u017cdym zaci\u0105gni\u0119ciu.<\/p>\n<h3 class=\"text-lg font-bold text-text-100 mt-1 -mb-1.5\">Charakter smaku Grape Ice:<\/h3>\n<p class=\"whitespace-normal break-words\">S\u0142odka pe\u0142nia dojrza\u0142ych winogron spotyka si\u0119 z lodowatym ch\u0142odem \u2013 ponadczasowe po\u0142\u0105czenie. Autentyczny aromat winogron uzupe\u0142nia mocny efekt lodowy, kt\u00f3ry nadaje ka\u017cdemu zaci\u0105gni\u0119ciu mro\u017any wymiar. Doskona\u0142y wyb\u00f3r dla fan\u00f3w klasycznych sch\u0142odzonych aromat\u00f3w owocowych z wyra\u017anym efektem ch\u0142odu.<\/p>\n<h3 class=\"text-lg font-bold text-text-100 mt-1 -mb-1.5\">Specyfikacja urz\u0105dzenia:<\/h3>\n<p class=\"whitespace-normal break-words\">\u25aa Liczba bufor\u00f3w: do 45 000<br \/>\n\u25aa Zawarto\u015b\u0107 nikotyny: 5%<br \/>\n\u25aa Pojemno\u015b\u0107 e-liquidu: 20 ml<br \/>\n\u25aa Akumulator: 800 mAh, wielokrotnego \u0142adowania<br \/>\n\u25aa Dost\u0119pne 4 tryby ch\u0142odzenia<br \/>\n\u25aa 3 tryby przep\u0142ywu powietrza do regulacji ilo\u015bci pary i aromatu<br \/>\n\u25aa Regulowana zawarto\u015b\u0107 nikotyny<br \/>\n\u25aa System cewki siatkowej zapewniaj\u0105cy optymalny smak<br \/>\n\u25aa Pe\u0142nokolorowy ekran z danymi na \u017cywo dotycz\u0105cymi pary<\/p>\n<h3 class=\"text-lg font-bold text-text-100 mt-1 -mb-1.5\">Odkryj wi\u0119cej VOZOL VAPE na fumotpuff<\/h3>\n<p class=\"whitespace-normal break-words\">Zapraszamy do zapoznania si\u0119 z nasz\u0105 ekskluzywn\u0105 ofert\u0105 na stronie <strong><a class=\"underline\" href=\"https:\/\/fumotpuff.com\/pl\/\">fumotpuff.com<\/a><\/strong> lub przejrzyj innowacyjn\u0105 <strong><a class=\"underline\" href=\"https:\/\/fumotpuff.com\/pl\/product-category\/vozol-vape\/\">Seria modeli VOZOL VAPE<\/a><\/strong> z najnowocze\u015bniejszymi jednorazowymi e-papierosami. Wszystkie opcje smakowe czekaj\u0105 na Pa\u0144stwa w <strong><a class=\"underline\" href=\"https:\/\/fumotpuff.com\/pl\/product-category\/vozol-vape\/vozol-neon-45000\/\">Vozol Neon 45000 \u015awiat smak\u00f3w<\/a><\/strong>.<\/p>","protected":false},"excerpt":{"rendered":"<p class=\"whitespace-normal break-words\">Vozol Neon 45000 Grape Ice \u0142\u0105czy s\u0142odkie dojrza\u0142e winogrona z lodowatym ch\u0142odem, zapewniaj\u0105c klasyczn\u0105 przyjemno\u015b\u0107 lodow\u0105. Z 45 000 zaci\u0105gni\u0119\u0107, 4 poziomami ch\u0142odzenia, 3 trybami i inteligentnym wy\u015bwietlaczem. Cewka siatkowa, 20 ml e-liquidu, akumulator 800 mAh z szybkim \u0142adowaniem typu C i nikotyn\u0105 5% dla mro\u017anego aromatu winogron.<\/p>","protected":false},"featured_media":4596,"comment_status":"open","ping_status":"closed","template":"","meta":{"_acf_changed":false},"product_brand":[],"product_cat":[51],"product_tag":[],"class_list":{"0":"post-4595","1":"product","2":"type-product","3":"status-publish","4":"has-post-thumbnail","6":"product_cat-vozol-neon-45000","8":"first","9":"instock","10":"shipping-taxable","11":"purchasable","12":"product-type-variable"},"acf":[],"_links":{"self":[{"href":"https:\/\/fumotpuff.com\/pl\/wp-json\/wp\/v2\/product\/4595","targetHints":{"allow":["GET"]}}],"collection":[{"href":"https:\/\/fumotpuff.com\/pl\/wp-json\/wp\/v2\/product"}],"about":[{"href":"https:\/\/fumotpuff.com\/pl\/wp-json\/wp\/v2\/types\/product"}],"replies":[{"embeddable":true,"href":"https:\/\/fumotpuff.com\/pl\/wp-json\/wp\/v2\/comments?post=4595"}],"wp:featuredmedia":[{"embeddable":true,"href":"https:\/\/fumotpuff.com\/pl\/wp-json\/wp\/v2\/media\/4596"}],"wp:attachment":[{"href":"https:\/\/fumotpuff.com\/pl\/wp-json\/wp\/v2\/media?parent=4595"}],"wp:term":[{"taxonomy":"product_brand","embeddable":true,"href":"https:\/\/fumotpuff.com\/pl\/wp-json\/wp\/v2\/product_brand?post=4595"},{"taxonomy":"product_cat","embeddable":true,"href":"https:\/\/fumotpuff.com\/pl\/wp-json\/wp\/v2\/product_cat?post=4595"},{"taxonomy":"product_tag","embeddable":true,"href":"https:\/\/fumotpuff.com\/pl\/wp-json\/wp\/v2\/product_tag?post=4595"}],"curies":[{"name":"wp","href":"https:\/\/api.w.org\/{rel}","templated":true}]}}