{"id":4590,"date":"2025-11-11T04:40:59","date_gmt":"2025-11-11T03:40:59","guid":{"rendered":"https:\/\/fumotpuff.com\/?post_type=product&#038;p=4590"},"modified":"2025-11-11T04:40:59","modified_gmt":"2025-11-11T03:40:59","slug":"vozol-neon-45000-frozen-strawberry-kiwi","status":"publish","type":"product","link":"https:\/\/fumotpuff.com\/pl\/produkt\/vozol-neon-45000-frozen-strawberry-kiwi\/","title":{"rendered":"Vozol Neon 45000 Frozen Strawberry Kiwi"},"content":{"rendered":"<h2 class=\"text-xl font-bold text-text-100 mt-1 -mb-0.5\">Vozol Neon 45000 Frozen Strawberry Kiwi Jednorazowy vape<\/h2>\n<p class=\"whitespace-normal break-words\">Model Vozol Neon 45000 w smaku Frozen Strawberry Kiwi zapewnia wydajno\u015b\u0107 nowej generacji, oferuj\u0105c do 45 000 zaci\u0105gni\u0119\u0107 i niezr\u00f3wnan\u0105 mo\u017cliwo\u015b\u0107 dostosowania. Dzi\u0119ki 4 zmiennym poziomom ch\u0142odzenia, 3 opcjom mocy i elastycznemu przep\u0142ywowi powietrza zyskujesz pe\u0142n\u0105 kontrol\u0119. Inteligentny wy\u015bwietlacz zapewnia monitorowanie w czasie rzeczywistym, a cewka siatkowa i akumulator 800 mAh zapewniaj\u0105 wyrazisty aromat i d\u0142ugotrwa\u0142\u0105 moc. Dzi\u0119ki zawarto\u015bci nikotyny 5% i smakowi mro\u017conej truskawki i kiwi urz\u0105dzenie to jest przeznaczone dla wymagaj\u0105cych u\u017cytkownik\u00f3w.<\/p>\n<h3 class=\"text-lg font-bold text-text-100 mt-1 -mb-1.5\">Mro\u017cone truskawki i kiwi Cechy u\u017cytkowe:<\/h3>\n<p class=\"whitespace-normal break-words\">Ciesz si\u0119 wyj\u0105tkowymi wra\u017ceniami podczas wapowania dzi\u0119ki nawet 45 000 zaci\u0105gni\u0119\u0107, kt\u00f3re sprawiaj\u0105, \u017ce regularna wymiana nie jest konieczna. Zastosowana cewka siatkowa optymalizuje wytwarzanie pary i gwarantuje \u0142agodniejszy, pe\u0142niejszy smak przy ka\u017cdym zaci\u0105gni\u0119ciu. Akumulator 800 mAh z funkcj\u0105 szybkiego \u0142adowania typu C zapewnia sta\u0142\u0105 wydajno\u015b\u0107 podczas d\u0142ugich sesji wapowania.<\/p>\n<p class=\"whitespace-normal break-words\">Dostosuj przyjemno\u015b\u0107 z wapowania do w\u0142asnych upodoba\u0144. Dzi\u0119ki 4 poziomom ch\u0142odzenia mo\u017cesz regulowa\u0107 stopie\u0144 \u015bwie\u017co\u015bci, a 3 poziomy mocy i przep\u0142ywu powietrza umo\u017cliwiaj\u0105 precyzyjne dostosowanie oporu zaci\u0105gania si\u0119 i g\u0119sto\u015bci pary \u2013 zapewniaj\u0105c optymaln\u0105 r\u00f3wnowag\u0119 mi\u0119dzy intensywno\u015bci\u0105 aromatu a ch\u0142odzeniem.<\/p>\n<p class=\"whitespace-normal break-words\">Wbudowany inteligentny wy\u015bwietlacz zapewnia sta\u0142y dost\u0119p do informacji. Sprawdzaj na bie\u017c\u0105co poziom na\u0142adowania baterii i poziom p\u0142ynu, aby zawsze wiedzie\u0107, kiedy nale\u017cy je na\u0142adowa\u0107 lub wymieni\u0107. Nieprzewidziane przerwy w pracy nale\u017c\u0105 ju\u017c do przesz\u0142o\u015bci.<\/p>\n<p class=\"whitespace-normal break-words\">Dzi\u0119ki zawarto\u015bci nikotyny 5% urz\u0105dzenie to zapewnia silny, satysfakcjonuj\u0105cy efekt dla do\u015bwiadczonych u\u017cytkownik\u00f3w, kt\u00f3rzy oczekuj\u0105 wyrazistego smaku i wyra\u017anego uderzenia w gard\u0142o przy ka\u017cdym zaci\u0105gni\u0119ciu si\u0119.<\/p>\n<h3 class=\"text-lg font-bold text-text-100 mt-1 -mb-1.5\">Mro\u017cone truskawki i kiwi \u2013 doznania smakowe:<\/h3>\n<p class=\"whitespace-normal break-words\">Klasyczne po\u0142\u0105czenie s\u0142odkich truskawek i kwa\u015bnego kiwi osi\u0105ga nowy poziom dzi\u0119ki intensywnemu sch\u0142odzeniu. Dojrza\u0142a nuta truskawek \u0142\u0105czy si\u0119 z egzotyczn\u0105 \u015bwie\u017co\u015bci\u0105 kiwi, a mocny efekt lodowy zapewnia mro\u017ane orze\u017awienie. Idealny dla mi\u0142o\u015bnik\u00f3w sch\u0142odzonych aromat\u00f3w owocowych.<\/p>\n<h3 class=\"text-lg font-bold text-text-100 mt-1 -mb-1.5\">Specyfikacja:<\/h3>\n<p class=\"whitespace-normal break-words\">\u25aa Maksymalna liczba poci\u0105g\u00f3w: 45 000<br \/>\n\u25aa Zawarto\u015b\u0107 nikotyny: 5%<br \/>\n\u25aa Zawarto\u015b\u0107 p\u0142ynu: 20 ml<br \/>\n\u25aa Pojemno\u015b\u0107 akumulatora: 800 mAh, wielokrotnego \u0142adowania<br \/>\n\u25aa 4 poziomy ch\u0142odzenia do regulacji<br \/>\n\u25aa 3 poziomy przep\u0142ywu powietrza dla kontroli chmury i smaku<br \/>\n\u25aa Zmienna intensywno\u015b\u0107 nikotyny<br \/>\n\u25aa Cewka siatkowa zapewniaj\u0105ca doskona\u0142y aromat<br \/>\n\u25aa Kolorowy wy\u015bwietlacz z danymi u\u017cytkowania w czasie rzeczywistym<\/p>\n<h3 class=\"text-lg font-bold text-text-100 mt-1 -mb-1.5\">Odkryj wi\u0119cej VOZOL VAPE na fumotpuff<\/h3>\n<p class=\"whitespace-normal break-words\">Zapraszamy do zapoznania si\u0119 z nasz\u0105 ofert\u0105 premium na stronie <strong><a class=\"underline\" href=\"https:\/\/fumotpuff.com\/pl\/\">fumotpuff.com<\/a><\/strong> lub zanurzy\u0107 si\u0119 w <strong><a class=\"underline\" href=\"https:\/\/fumotpuff.com\/pl\/product-category\/vozol-vape\/\">\u015awiat produkt\u00f3w VOZOL VAPE<\/a><\/strong> za pomoc\u0105 najnowocze\u015bniejszych vaporizer\u00f3w jednorazowych. Wszystkie dost\u0119pne smaki mo\u017cna znale\u017a\u0107 w <strong><a class=\"underline\" href=\"https:\/\/fumotpuff.com\/pl\/product-category\/vozol-vape\/vozol-neon-45000\/\">Vozol Neon 45000 Gama smak\u00f3w<\/a><\/strong>.<\/p>","protected":false},"excerpt":{"rendered":"<p class=\"whitespace-normal break-words\">Vozol Neon 45000 Frozen Strawberry Kiwi \u0142\u0105czy s\u0142odkie truskawki z kwaskowatym kiwi i intensywnym ch\u0142odzeniem. Z 45 000 zaci\u0105gni\u0119\u0107, 4 poziomami ch\u0142odzenia, 3 trybami i inteligentnym wy\u015bwietlaczem. Cewka siatkowa, 20 ml e-liquidu, akumulator 800 mAh z szybkim \u0142adowaniem typu C i nikotyn\u0105 5% dla mro\u017anej owocowej przyjemno\u015bci.<\/p>","protected":false},"featured_media":4591,"comment_status":"open","ping_status":"closed","template":"","meta":{"_acf_changed":false},"product_brand":[],"product_cat":[51],"product_tag":[],"class_list":{"0":"post-4590","1":"product","2":"type-product","3":"status-publish","4":"has-post-thumbnail","6":"product_cat-vozol-neon-45000","8":"first","9":"instock","10":"shipping-taxable","11":"purchasable","12":"product-type-variable"},"acf":[],"_links":{"self":[{"href":"https:\/\/fumotpuff.com\/pl\/wp-json\/wp\/v2\/product\/4590","targetHints":{"allow":["GET"]}}],"collection":[{"href":"https:\/\/fumotpuff.com\/pl\/wp-json\/wp\/v2\/product"}],"about":[{"href":"https:\/\/fumotpuff.com\/pl\/wp-json\/wp\/v2\/types\/product"}],"replies":[{"embeddable":true,"href":"https:\/\/fumotpuff.com\/pl\/wp-json\/wp\/v2\/comments?post=4590"}],"wp:featuredmedia":[{"embeddable":true,"href":"https:\/\/fumotpuff.com\/pl\/wp-json\/wp\/v2\/media\/4591"}],"wp:attachment":[{"href":"https:\/\/fumotpuff.com\/pl\/wp-json\/wp\/v2\/media?parent=4590"}],"wp:term":[{"taxonomy":"product_brand","embeddable":true,"href":"https:\/\/fumotpuff.com\/pl\/wp-json\/wp\/v2\/product_brand?post=4590"},{"taxonomy":"product_cat","embeddable":true,"href":"https:\/\/fumotpuff.com\/pl\/wp-json\/wp\/v2\/product_cat?post=4590"},{"taxonomy":"product_tag","embeddable":true,"href":"https:\/\/fumotpuff.com\/pl\/wp-json\/wp\/v2\/product_tag?post=4590"}],"curies":[{"name":"wp","href":"https:\/\/api.w.org\/{rel}","templated":true}]}}