{"id":458,"date":"2025-09-12T05:38:05","date_gmt":"2025-09-12T03:38:05","guid":{"rendered":"https:\/\/fumotpuff.com\/?post_type=product&#038;p=458"},"modified":"2025-09-12T05:38:06","modified_gmt":"2025-09-12T03:38:06","slug":"fumot-tornado-30k-music-blue-razz-ice","status":"publish","type":"product","link":"https:\/\/fumotpuff.com\/pl\/produkt\/fumot-tornado-30k-music-blue-razz-ice\/","title":{"rendered":"Fumot Tornado 30K Music Blue Razz Ice"},"content":{"rendered":"<h2 class=\"text-xl font-bold text-text-100 mt-1 -mb-0.5\">Jednorazowy e-papieros Fumot Tornado 30K Music Blue Razz Ice<\/h2>\n<p class=\"whitespace-normal break-words\">Zanurz si\u0119 w t\u0119tni\u0105cym \u017cyciem \u015bwiecie Blue Razz Ice dzi\u0119ki Fumot Tornado 30K Music. Ten innowacyjny jednorazowy e-papieros \u0142\u0105czy w sobie s\u0142odkie i kwa\u015bne niebieskie maliny z lodow\u0105 \u015bwie\u017co\u015bci\u0105 i oferuje imponuj\u0105c\u0105 wydajno\u015b\u0107 30 000 zaci\u0105gni\u0119\u0107. Zbiornik e-liquidu o pojemno\u015bci 30 ml zapewnia sta\u0142\u0105 jako\u015b\u0107 przez ca\u0142y okres u\u017cytkowania.<\/p>\n<h3 class=\"text-lg font-bold text-text-100 mt-1 -mb-1.5\">Unikalne cechy wersji Blue Razz Ice:<\/h3>\n<p class=\"whitespace-normal break-words\"><strong>Rekordowe poci\u0105gi:<\/strong> Do 30 000 poci\u0105gni\u0119\u0107 zapewnia wyj\u0105tkow\u0105 trwa\u0142o\u015b\u0107.<\/p>\n<p class=\"whitespace-normal break-words\"><strong>Mo\u017cliwo\u015b\u0107 dostosowania dawki nikotyny:<\/strong> Dost\u0119pne w st\u0119\u017ceniach nikotyny 2% i 5%.<\/p>\n<p class=\"whitespace-normal break-words\"><strong>Wype\u0142nienie o du\u017cej obj\u0119to\u015bci:<\/strong> 30 ml najwy\u017cszej jako\u015bci e-liquidu na tygodnie u\u017cytkowania.<\/p>\n<p class=\"whitespace-normal break-words\"><strong>Precyzyjna cewka siatkowa:<\/strong> Op\u00f3r 1,0 \u03a9 zapewnia doskona\u0142\u0105 r\u00f3wnowag\u0119 mi\u0119dzy smakiem a par\u0105.<\/p>\n<p class=\"whitespace-normal break-words\"><strong>Solidne zasilanie:<\/strong> Wydajna bateria 600 mAh z technologi\u0105 szybkiego \u0142adowania typu C.<\/p>\n<p class=\"whitespace-normal break-words\"><strong>Spektakularne efekty \u015bwietlne:<\/strong> Zsynchronizowane z muzyk\u0105 diody LED poprawiaj\u0105 wra\u017cenia z waporyzacji.<\/p>\n<h3 class=\"text-lg font-bold text-text-100 mt-1 -mb-1.5\">Dane techniczne:<\/h3>\n<p class=\"whitespace-normal break-words\">Moc nikotyny: 2% \/ 5%<br \/>\nPojemno\u015b\u0107 dmuchawy: 30 000<br \/>\n\u2611 Smak Blue Razz Ice<br \/>\nAkumulator 600 mAh<br \/>\nSiatkowa g\u0142owica waporyzatora 1,0\u03a9<br \/>\n\u0141adowanie typu C<br \/>\nDiody LED reaguj\u0105ce na d\u017awi\u0119k<\/p>\n<p class=\"whitespace-normal break-words\">Zapoznaj si\u0119 z nasz\u0105 pe\u0142n\u0105 ofert\u0105 na <strong><a class=\"underline\" href=\"https:\/\/fumotpuff.com\/pl\/\">Strona g\u0142\u00f3wna<\/a><\/strong>przegl\u0105daj wszystkie <strong><a class=\"underline\" href=\"https:\/\/fumotpuff.com\/pl\/product-category\/fumot-vape\/\">Produkty FUMOT VAPE<\/a><\/strong> lub odkryj wi\u0119cej <strong><a class=\"underline\" href=\"https:\/\/fumotpuff.com\/pl\/product-category\/fumot-vape\/fumot-tornado-30k-music\/\">Fumot Tornado 30K Muzyczne smaki<\/a><\/strong>.<\/p>","protected":false},"excerpt":{"rendered":"<p>Jednorazowy e-papieros Fumot Tornado 30K Music Blue Razz Ice zapewnia idealn\u0105 r\u00f3wnowag\u0119 mi\u0119dzy s\u0142odkim i pikantnym smakiem niebieskich malin a orze\u017awiaj\u0105cym ch\u0142odem. \u017bywe smaki, 30 000 zaci\u0105gni\u0119\u0107 i spektakularne, zsynchronizowane z muzyk\u0105 diody LED zapewniaj\u0105 niezapomniane wra\u017cenia z waporyzacji.<\/p>","protected":false},"featured_media":460,"comment_status":"open","ping_status":"closed","template":"","meta":{"_acf_changed":false},"product_brand":[],"product_cat":[20],"product_tag":[],"class_list":{"0":"post-458","1":"product","2":"type-product","3":"status-publish","4":"has-post-thumbnail","6":"product_cat-fumot-tornado-30k-music","8":"first","9":"instock","10":"shipping-taxable","11":"purchasable","12":"product-type-variable"},"acf":[],"_links":{"self":[{"href":"https:\/\/fumotpuff.com\/pl\/wp-json\/wp\/v2\/product\/458","targetHints":{"allow":["GET"]}}],"collection":[{"href":"https:\/\/fumotpuff.com\/pl\/wp-json\/wp\/v2\/product"}],"about":[{"href":"https:\/\/fumotpuff.com\/pl\/wp-json\/wp\/v2\/types\/product"}],"replies":[{"embeddable":true,"href":"https:\/\/fumotpuff.com\/pl\/wp-json\/wp\/v2\/comments?post=458"}],"wp:featuredmedia":[{"embeddable":true,"href":"https:\/\/fumotpuff.com\/pl\/wp-json\/wp\/v2\/media\/460"}],"wp:attachment":[{"href":"https:\/\/fumotpuff.com\/pl\/wp-json\/wp\/v2\/media?parent=458"}],"wp:term":[{"taxonomy":"product_brand","embeddable":true,"href":"https:\/\/fumotpuff.com\/pl\/wp-json\/wp\/v2\/product_brand?post=458"},{"taxonomy":"product_cat","embeddable":true,"href":"https:\/\/fumotpuff.com\/pl\/wp-json\/wp\/v2\/product_cat?post=458"},{"taxonomy":"product_tag","embeddable":true,"href":"https:\/\/fumotpuff.com\/pl\/wp-json\/wp\/v2\/product_tag?post=458"}],"curies":[{"name":"wp","href":"https:\/\/api.w.org\/{rel}","templated":true}]}}