{"id":4570,"date":"2025-11-11T04:28:33","date_gmt":"2025-11-11T03:28:33","guid":{"rendered":"https:\/\/fumotpuff.com\/?post_type=product&#038;p=4570"},"modified":"2025-11-11T04:28:33","modified_gmt":"2025-11-11T03:28:33","slug":"vozol-neon-45000-cherry-cola","status":"publish","type":"product","link":"https:\/\/fumotpuff.com\/pl\/produkt\/vozol-neon-45000-cherry-cola\/","title":{"rendered":"Vozol Neon 45000 Cherry Cola"},"content":{"rendered":"<h2 class=\"text-xl font-bold text-text-100 mt-1 -mb-0.5\">Vozol Neon 45000 Cherry Cola Jednorazowy vape<\/h2>\n<p class=\"whitespace-normal break-words\">Model Vozol Neon 45000 w smaku Cherry Cola \u0142\u0105czy w sobie najnowocze\u015bniejsz\u0105 technologi\u0119 z mo\u017cliwo\u015bci\u0105 wykonania nawet 45 000 zaci\u0105gni\u0119\u0107 i szerokimi mo\u017cliwo\u015bciami konfiguracji. Dzi\u0119ki 4 regulowanym poziomom ch\u0142odzenia, 3 trybom mocy i dostosowywalnemu przep\u0142ywowi powietrza mo\u017cesz indywidualnie dostosowa\u0107 swoje wapowanie. Cyfrowy wy\u015bwietlacz pokazuje wszystkie istotne dane w czasie rzeczywistym, a system cewek siatkowych i akumulator 800 mAh zapewniaj\u0105 pe\u0142ny aromat i d\u0142ugotrwa\u0142\u0105 wydajno\u015b\u0107. Dzi\u0119ki zawarto\u015bci nikotyny 5% i nostalgicznemu smakowi Cherry Cola urz\u0105dzenie to spodoba si\u0119 do\u015bwiadczonym u\u017cytkownikom.<\/p>\n<h3 class=\"text-lg font-bold text-text-100 mt-1 -mb-1.5\">Cherry Cola Cechy charakterystyczne:<\/h3>\n<p class=\"whitespace-normal break-words\">Ciesz si\u0119 niezwyk\u0142\u0105 liczb\u0105 45 000 zaci\u0105gni\u0119\u0107, kt\u00f3re sprawiaj\u0105, \u017ce ci\u0105g\u0142a wymiana element\u00f3w nie jest konieczna. Zastosowana cewka siatkowa zwi\u0119ksza wytwarzanie pary i gwarantuje \u0142agodniejszy, bogatszy smak przy ka\u017cdym zaci\u0105gni\u0119ciu. Akumulator 800 mAh z funkcj\u0105 szybkiego \u0142adowania typu C zapewnia ci\u0105g\u0142\u0105 wydajno\u015b\u0107 przez d\u0142ugi czas.<\/p>\n<p class=\"whitespace-normal break-words\">Dostosuj swoje doznania zwi\u0105zane z wapowaniem do w\u0142asnych preferencji. Dzi\u0119ki 4 poziomom ch\u0142odzenia mo\u017cesz okre\u015bli\u0107 stopie\u0144 \u015bwie\u017co\u015bci, a 3 poziomy mocy i przep\u0142ywu powietrza umo\u017cliwiaj\u0105 precyzyjn\u0105 regulacj\u0119 oporu ci\u0105gu i obj\u0119to\u015bci pary \u2013 zapewniaj\u0105c idealn\u0105 harmoni\u0119 mi\u0119dzy intensywno\u015bci\u0105 aromatu a ch\u0142odzeniem.<\/p>\n<p class=\"whitespace-normal break-words\">Wbudowany inteligentny wy\u015bwietlacz zapewnia sta\u0142y dost\u0119p do aktualnych informacji. Sprawdzaj poziom na\u0142adowania baterii i poziom p\u0142ynu na bie\u017c\u0105co, aby w odpowiednim czasie otrzyma\u0107 informacj\u0119 o konieczno\u015bci na\u0142adowania lub wymiany. Nieprzewidziane przerwy w parowaniu nale\u017c\u0105 ju\u017c do przesz\u0142o\u015bci.<\/p>\n<p class=\"whitespace-normal break-words\">Dzi\u0119ki zawarto\u015bci nikotyny 5% urz\u0105dzenie to zapewnia mocny, satysfakcjonuj\u0105cy efekt dla do\u015bwiadczonych u\u017cytkownik\u00f3w, kt\u00f3rzy oczekuj\u0105 wyrazistego smaku i wyra\u017anego uczucia w gardle przy ka\u017cdym zaci\u0105gni\u0119ciu si\u0119.<\/p>\n<h3 class=\"text-lg font-bold text-text-100 mt-1 -mb-1.5\">Cherry Cola Do\u015bwiadczenie smakowe:<\/h3>\n<p class=\"whitespace-normal break-words\">Uwodzicielskie po\u0142\u0105czenie s\u0142odkiej wi\u015bni i musuj\u0105cej nuty coli \u2013 nostalgia spotyka si\u0119 z innowacj\u0105. Autentyczny smak wi\u015bni \u0142\u0105czy si\u0119 z charakterystycznym aromatem coli, tworz\u0105c wyj\u0105tkowe doznania podczas wapowania, przypominaj\u0105ce klasyczny nap\u00f3j orze\u017awiaj\u0105cy. Idealny dla os\u00f3b poszukuj\u0105cych niezwyk\u0142ych smak\u00f3w.<\/p>\n<h3 class=\"text-lg font-bold text-text-100 mt-1 -mb-1.5\">Dane techniczne:<\/h3>\n<p class=\"whitespace-normal break-words\">\u25aa Liczba bufor\u00f3w: do 45 000<br \/>\n\u25aa Poziom nikotyny: 5%<br \/>\n\u25aa Pojemno\u015b\u0107 p\u0142ynu: 20 ml<br \/>\n\u25aa Akumulator: 800 mAh, wielokrotnego \u0142adowania<br \/>\n\u25aa 4 regulowane poziomy ch\u0142odzenia<br \/>\n\u25aa 3 ustawienia przep\u0142ywu powietrza do regulacji pary i smaku<br \/>\n\u25aa Regulacja mocy nikotyny<br \/>\n\u25aa Cewka siatkowa dla lepszego uwolnienia smaku<br \/>\n\u25aa Kolorowy wy\u015bwietlacz z informacjami dotycz\u0105cymi u\u017cytkowania<\/p>\n<h3 class=\"text-lg font-bold text-text-100 mt-1 -mb-1.5\">Odkryj wi\u0119cej VOZOL VAPE na fumotpuff<\/h3>\n<p class=\"whitespace-normal break-words\">Odkryj inne wysokiej klasy urz\u0105dzenia parowe na stronie <strong><a class=\"underline\" href=\"https:\/\/fumotpuff.com\/pl\/\">fumotpuff.com<\/a><\/strong> lub zapoznaj si\u0119 z pe\u0142n\u0105 ofert\u0105 <strong><a class=\"underline\" href=\"https:\/\/fumotpuff.com\/pl\/product-category\/vozol-vape\/\">VOZOL VAPE Palette<\/a><\/strong> z prze\u0142omowymi vaporizerami jednorazowymi. Pe\u0142n\u0105 gam\u0119 aromat\u00f3w znajdziesz w <strong><a class=\"underline\" href=\"https:\/\/fumotpuff.com\/pl\/product-category\/vozol-vape\/vozol-neon-45000\/\">Asortyment Vozol Neon 45000<\/a><\/strong>.<\/p>","protected":false},"excerpt":{"rendered":"<p class=\"whitespace-normal break-words\">Vozol Neon 45000 Cherry Cola \u0142\u0105czy s\u0142odk\u0105 wi\u015bni\u0119 z musuj\u0105c\u0105 nut\u0105 coli, zapewniaj\u0105c nostalgiczn\u0105 przyjemno\u015b\u0107. Z 45 000 zaci\u0105gni\u0119\u0107, 4 poziomami ch\u0142odzenia, 3 trybami i inteligentnym wy\u015bwietlaczem. Cewka siatkowa, 20 ml e-liquidu, akumulator 800 mAh z szybkim \u0142adowaniem typu C i nikotyn\u0105 5% dla wyj\u0105tkowego aromatu.<\/p>","protected":false},"featured_media":4571,"comment_status":"open","ping_status":"closed","template":"","meta":{"_acf_changed":false},"product_brand":[],"product_cat":[51],"product_tag":[],"class_list":{"0":"post-4570","1":"product","2":"type-product","3":"status-publish","4":"has-post-thumbnail","6":"product_cat-vozol-neon-45000","8":"first","9":"instock","10":"shipping-taxable","11":"purchasable","12":"product-type-variable"},"acf":[],"_links":{"self":[{"href":"https:\/\/fumotpuff.com\/pl\/wp-json\/wp\/v2\/product\/4570","targetHints":{"allow":["GET"]}}],"collection":[{"href":"https:\/\/fumotpuff.com\/pl\/wp-json\/wp\/v2\/product"}],"about":[{"href":"https:\/\/fumotpuff.com\/pl\/wp-json\/wp\/v2\/types\/product"}],"replies":[{"embeddable":true,"href":"https:\/\/fumotpuff.com\/pl\/wp-json\/wp\/v2\/comments?post=4570"}],"wp:featuredmedia":[{"embeddable":true,"href":"https:\/\/fumotpuff.com\/pl\/wp-json\/wp\/v2\/media\/4571"}],"wp:attachment":[{"href":"https:\/\/fumotpuff.com\/pl\/wp-json\/wp\/v2\/media?parent=4570"}],"wp:term":[{"taxonomy":"product_brand","embeddable":true,"href":"https:\/\/fumotpuff.com\/pl\/wp-json\/wp\/v2\/product_brand?post=4570"},{"taxonomy":"product_cat","embeddable":true,"href":"https:\/\/fumotpuff.com\/pl\/wp-json\/wp\/v2\/product_cat?post=4570"},{"taxonomy":"product_tag","embeddable":true,"href":"https:\/\/fumotpuff.com\/pl\/wp-json\/wp\/v2\/product_tag?post=4570"}],"curies":[{"name":"wp","href":"https:\/\/api.w.org\/{rel}","templated":true}]}}