{"id":4564,"date":"2025-11-11T04:25:52","date_gmt":"2025-11-11T03:25:52","guid":{"rendered":"https:\/\/fumotpuff.com\/?post_type=product&#038;p=4564"},"modified":"2025-11-11T04:25:53","modified_gmt":"2025-11-11T03:25:53","slug":"vozol-neon-45000-blueberry-watermelon","status":"publish","type":"product","link":"https:\/\/fumotpuff.com\/pl\/produkt\/vozol-neon-45000-blueberry-watermelon\/","title":{"rendered":"Vozol Neon 45000 Blueberry Watermelon"},"content":{"rendered":"<h2 class=\"text-xl font-bold text-text-100 mt-1 -mb-0.5\">Vozol Neon 45000 Blueberry Watermelon Jednorazowy vape<\/h2>\n<p class=\"whitespace-normal break-words\">Vozol Neon 45000 w smaku Blueberry Watermelon zapewnia wydajno\u015b\u0107 nowej generacji dzi\u0119ki pojemno\u015bci do 45 000 zaci\u0105gni\u0119\u0107 i niezr\u00f3wnanej mo\u017cliwo\u015bci dostosowania. Dzi\u0119ki 4 zmiennym poziomom ch\u0142odzenia, 3 opcjom mocy i elastycznemu przep\u0142ywowi powietrza zyskujesz pe\u0142n\u0105 kontrol\u0119. Inteligentny wy\u015bwietlacz zapewnia monitorowanie w czasie rzeczywistym, a cewka siatkowa i akumulator 800 mAh zapewniaj\u0105 intensywny aromat i d\u0142ugotrwa\u0142\u0105 moc. Dzi\u0119ki nikotynie 5% i popularnej kombinacji Blueberry Watermelon urz\u0105dzenie to jest przeznaczone dla wymagaj\u0105cych u\u017cytkownik\u00f3w.<\/p>\n<h3 class=\"text-lg font-bold text-text-100 mt-1 -mb-1.5\">Blueberry Watermelon G\u0142\u00f3wne zalety:<\/h3>\n<p class=\"whitespace-normal break-words\">Ciesz si\u0119 wyj\u0105tkowymi wra\u017ceniami podczas wapowania dzi\u0119ki nawet 45 000 zaci\u0105gni\u0119\u0107, co pozwala unikn\u0105\u0107 cz\u0119stych zakup\u00f3w nowych produkt\u00f3w. Zastosowana technologia Mesh Coil optymalizuje wytwarzanie pary i zapewnia \u0142agodniejszy, bardziej aromatyczny smak przy ka\u017cdym zaci\u0105gni\u0119ciu. Akumulator 800 mAh z mo\u017cliwo\u015bci\u0105 szybkiego \u0142adowania typu C zapewnia sta\u0142\u0105 wydajno\u015b\u0107 podczas d\u0142ugich sesji wapowania.<\/p>\n<p class=\"whitespace-normal break-words\">Spersonalizuj swoje doznania zwi\u0105zane z wapowaniem wed\u0142ug w\u0142asnych upodoba\u0144. Wybierz jeden z 4 poziom\u00f3w ch\u0142odzenia, aby kontrolowa\u0107 efekt \u015bwie\u017co\u015bci, a 3 poziomy mocy i przep\u0142ywu powietrza pozwalaj\u0105 precyzyjnie regulowa\u0107 op\u00f3r zaci\u0105gni\u0119cia i g\u0119sto\u015b\u0107 pary \u2013 stw\u00f3rz idealn\u0105 r\u00f3wnowag\u0119 mi\u0119dzy intensywno\u015bci\u0105 smaku a \u015bwie\u017co\u015bci\u0105.<\/p>\n<p class=\"whitespace-normal break-words\">Dzi\u0119ki zintegrowanemu inteligentnemu wy\u015bwietlaczowi zawsze jeste\u015b na bie\u017c\u0105co. \u015aled\u017a poziom na\u0142adowania akumulatora i poziom e-p\u0142ynu w czasie rzeczywistym, dzi\u0119ki czemu zawsze wiesz, kiedy nale\u017cy na\u0142adowa\u0107 lub wymieni\u0107 akumulator. Koniec z nieoczekiwanymi przerwami.<\/p>\n<p class=\"whitespace-normal break-words\">Dzi\u0119ki zawarto\u015bci nikotyny 5% model ten zapewnia mocny, satysfakcjonuj\u0105cy kop dla do\u015bwiadczonych u\u017cytkownik\u00f3w, kt\u00f3rzy ceni\u0105 sobie wyrazisty smak i intensywne uczucie w gardle przy ka\u017cdym zaci\u0105gni\u0119ciu.<\/p>\n<h3 class=\"text-lg font-bold text-text-100 mt-1 -mb-1.5\">Profil smakowy Blueberry Watermelon:<\/h3>\n<p class=\"whitespace-normal break-words\">Letnie po\u0142\u0105czenie soczystych jag\u00f3d i orze\u017awiaj\u0105cego arbuza tworzy owocowe doznania smakowe. S\u0142odka nuta jag\u00f3d harmonijnie \u0142\u0105czy si\u0119 z lekk\u0105, wodnist\u0105 \u015bwie\u017co\u015bci\u0105 melona, tworz\u0105c idealn\u0105 r\u00f3wnowag\u0119 mi\u0119dzy s\u0142odycz\u0105 a orze\u017awieniem. Idealny dla mi\u0142o\u015bnik\u00f3w klasycznych po\u0142\u0105cze\u0144 owocowych.<\/p>\n<h3 class=\"text-lg font-bold text-text-100 mt-1 -mb-1.5\">Dane produktu:<\/h3>\n<p class=\"whitespace-normal break-words\">\u25aa \u0141\u0105czna liczba poci\u0105g\u00f3w: do 45 000<br \/>\n\u25aa Nikotyna: st\u0119\u017cenie 5%<br \/>\n\u25aa E-liquid: pojemno\u015b\u0107 20 ml<br \/>\n\u25aa Bateria: 800 mAh, wielokrotnego \u0142adowania<br \/>\n\u25aa Dost\u0119pne 4 tryby ch\u0142odzenia<br \/>\n\u25aa 3 opcje przep\u0142ywu powietrza do regulacji pary i aromatu<br \/>\n\u25aa Regulowana zawarto\u015b\u0107 nikotyny<br \/>\n\u25aa Technologia Mesh Coil zapewniaj\u0105ca optymalny aromat<br \/>\n\u25aa Kolorowy wy\u015bwietlacz z danymi dotycz\u0105cymi pary na \u017cywo<\/p>\n<h3 class=\"text-lg font-bold text-text-100 mt-1 -mb-1.5\">Odkryj wi\u0119cej VOZOL VAPE na fumotpuff<\/h3>\n<p class=\"whitespace-normal break-words\">Znajd\u017a inne doskona\u0142ej jako\u015bci produkty do waporyzacji na stronie <strong><a class=\"underline\" href=\"https:\/\/fumotpuff.com\/pl\/\">fumotpuff.com<\/a><\/strong> lub przejrze\u0107 obszern\u0105 <strong><a class=\"underline\" href=\"https:\/\/fumotpuff.com\/pl\/product-category\/vozol-vape\/\">Wyb\u00f3r VOZOL VAPE<\/a><\/strong> z przysz\u0142o\u015bciowymi jednorazowymi e-papierosami. Wszystkie smaki czekaj\u0105 na Pa\u0144stwa w <strong><a class=\"underline\" href=\"https:\/\/fumotpuff.com\/pl\/product-category\/vozol-vape\/vozol-neon-45000\/\">Vozol Neon 45000 \u015awiat smak\u00f3w<\/a><\/strong>.<\/p>","protected":false},"excerpt":{"rendered":"<p class=\"whitespace-normal break-words\">Vozol Neon 45000 Blueberry Watermelon \u0142\u0105czy w sobie soczyste jagody z orze\u017awiaj\u0105cym arbuzem. Oferuje 45 000 zaci\u0105gni\u0119\u0107, 4 poziomy ch\u0142odzenia, 3 tryby i inteligentny wy\u015bwietlacz. Cewka siatkowa, 20 ml e-liquidu, akumulator 800 mAh z szybkim \u0142adowaniem typu C i nikotyn\u0105 5% dla letniej owocowej przyjemno\u015bci.<\/p>","protected":false},"featured_media":4565,"comment_status":"open","ping_status":"closed","template":"","meta":{"_acf_changed":false},"product_brand":[],"product_cat":[51],"product_tag":[],"class_list":{"0":"post-4564","1":"product","2":"type-product","3":"status-publish","4":"has-post-thumbnail","6":"product_cat-vozol-neon-45000","8":"first","9":"instock","10":"shipping-taxable","11":"purchasable","12":"product-type-variable"},"acf":[],"_links":{"self":[{"href":"https:\/\/fumotpuff.com\/pl\/wp-json\/wp\/v2\/product\/4564","targetHints":{"allow":["GET"]}}],"collection":[{"href":"https:\/\/fumotpuff.com\/pl\/wp-json\/wp\/v2\/product"}],"about":[{"href":"https:\/\/fumotpuff.com\/pl\/wp-json\/wp\/v2\/types\/product"}],"replies":[{"embeddable":true,"href":"https:\/\/fumotpuff.com\/pl\/wp-json\/wp\/v2\/comments?post=4564"}],"wp:featuredmedia":[{"embeddable":true,"href":"https:\/\/fumotpuff.com\/pl\/wp-json\/wp\/v2\/media\/4565"}],"wp:attachment":[{"href":"https:\/\/fumotpuff.com\/pl\/wp-json\/wp\/v2\/media?parent=4564"}],"wp:term":[{"taxonomy":"product_brand","embeddable":true,"href":"https:\/\/fumotpuff.com\/pl\/wp-json\/wp\/v2\/product_brand?post=4564"},{"taxonomy":"product_cat","embeddable":true,"href":"https:\/\/fumotpuff.com\/pl\/wp-json\/wp\/v2\/product_cat?post=4564"},{"taxonomy":"product_tag","embeddable":true,"href":"https:\/\/fumotpuff.com\/pl\/wp-json\/wp\/v2\/product_tag?post=4564"}],"curies":[{"name":"wp","href":"https:\/\/api.w.org\/{rel}","templated":true}]}}