{"id":4554,"date":"2025-11-11T04:16:31","date_gmt":"2025-11-11T03:16:31","guid":{"rendered":"https:\/\/fumotpuff.com\/?post_type=product&#038;p=4554"},"modified":"2025-11-11T04:16:31","modified_gmt":"2025-11-11T03:16:31","slug":"vozol-neon-45000-berry-mint","status":"publish","type":"product","link":"https:\/\/fumotpuff.com\/pl\/produkt\/vozol-neon-45000-berry-mint\/","title":{"rendered":"Vozol Neon 45000 Berry Mint"},"content":{"rendered":"<h2 class=\"text-xl font-bold text-text-100 mt-1 -mb-0.5\">Vozol Neon 45000 Berry Mint Jednorazowy vape<\/h2>\n<p class=\"whitespace-normal break-words\">Vozol Neon 45000 Berry Mint wyznacza nowe standardy dzi\u0119ki pojemno\u015bci do 45 000 zaci\u0105gni\u0119\u0107 i wszechstronnym opcjom ustawie\u0144. Wyposa\u017cony w 4 poziomy ch\u0142odzenia, 3 tryby mocy i regulowany przep\u0142yw powietrza, umo\u017cliwia indywidualne wapowanie zgodnie z w\u0142asnymi preferencjami. Cyfrowy wy\u015bwietlacz dostarcza informacji na \u017cywo, a zaawansowana cewka siatkowa i pot\u0119\u017cny akumulator 800 mAh zapewniaj\u0105 bogaty aromat i sta\u0142\u0105 wydajno\u015b\u0107. Zawarto\u015b\u0107 nikotyny 5% w po\u0142\u0105czeniu z orze\u017awiaj\u0105cym smakiem jagodowo-mi\u0119towym spodoba si\u0119 do\u015bwiadczonym u\u017cytkownikom.<\/p>\n<h3 class=\"text-lg font-bold text-text-100 mt-1 -mb-1.5\">Szczeg\u00f3\u0142owe zalety Berry Mint:<\/h3>\n<p class=\"whitespace-normal break-words\">Ciesz si\u0119 imponuj\u0105c\u0105 liczb\u0105 45 000 zaci\u0105gni\u0119\u0107, dzi\u0119ki czemu nie musisz ci\u0105gle dokupowa\u0107 nowych produkt\u00f3w. Wbudowana technologia Mesh Coil maksymalizuje produkcj\u0119 pary i zapewnia \u0142agodniejszy, intensywniejszy smak przy ka\u017cdym zaci\u0105gni\u0119ciu. Akumulator 800 mAh z funkcj\u0105 szybkiego \u0142adowania typu C gwarantuje niezawodn\u0105 wydajno\u015b\u0107 podczas d\u0142ugich sesji.<\/p>\n<p class=\"whitespace-normal break-words\">Dostosuj ka\u017cdy aspekt swojego vapowania. Wybierz jeden z 4 poziom\u00f3w intensywno\u015bci ch\u0142odzenia, aby uzyska\u0107 preferowan\u0105 \u015bwie\u017co\u015b\u0107, a 3-stopniowa regulacja mocy i przep\u0142ywu powietrza pozwala na precyzyjn\u0105 regulacj\u0119 oporu zaci\u0105gni\u0119cia i g\u0119sto\u015bci pary \u2013 stw\u00f3rz idealn\u0105 r\u00f3wnowag\u0119 mi\u0119dzy intensywno\u015bci\u0105 smaku a orze\u017awieniem.<\/p>\n<p class=\"whitespace-normal break-words\">Wbudowany inteligentny wy\u015bwietlacz pozwala zachowa\u0107 kontrol\u0119 przez ca\u0142y czas. Monitoruj poziom na\u0142adowania baterii i poziom e-liquidu w czasie rzeczywistym, aby nigdy nie da\u0107 si\u0119 zaskoczy\u0107 roz\u0142adowan\u0105 bateri\u0105 lub brakiem p\u0142ynu. Vaping bez nieoczekiwanych przerw.<\/p>\n<p class=\"whitespace-normal break-words\">Dzi\u0119ki zawarto\u015bci nikotyny 5% ten model zapewnia mocny, satysfakcjonuj\u0105cy efekt dla wymagaj\u0105cych u\u017cytkownik\u00f3w, kt\u00f3rzy oczekuj\u0105 intensywnego smaku i wyra\u017anego uczucia w gardle przy ka\u017cdym zaci\u0105gni\u0119ciu.<\/p>\n<h3 class=\"text-lg font-bold text-text-100 mt-1 -mb-1.5\">Berry Mint Profil aromatyczny:<\/h3>\n<p class=\"whitespace-normal break-words\">Kusz\u0105ce po\u0142\u0105czenie s\u0142odkich jag\u00f3d le\u015bnych i orze\u017awiaj\u0105cej mi\u0119ty tworzy zr\u00f3wnowa\u017cone doznania smakowe. Naturalna s\u0142odycz dojrza\u0142ych jag\u00f3d idealnie harmonizuje z ch\u0142odz\u0105c\u0105 \u015bwie\u017co\u015bci\u0105 mi\u0119ty, kt\u00f3ra nadaje ka\u017cdemu zaci\u0105gni\u0119ciu si\u0119 orze\u017awiaj\u0105c\u0105 nut\u0119. Idealny dla mi\u0142o\u015bnik\u00f3w owocowych aromat\u00f3w z orze\u017awiaj\u0105cym akcentem.<\/p>\n<h3 class=\"text-lg font-bold text-text-100 mt-1 -mb-1.5\">Dane techniczne:<\/h3>\n<p class=\"whitespace-normal break-words\">\u25aa Pojemno\u015b\u0107 bufora: do 45 000 zaci\u0105gni\u0119\u0107<br \/>\n\u25aa Zawarto\u015b\u0107 nikotyny: 5%<br \/>\n\u25aa Pojemno\u015b\u0107 e-liquidu: 20 ml<br \/>\n\u25aa Akumulator: 800 mAh, wielokrotnego \u0142adowania<br \/>\n\u25aa 4 regulowane tryby ch\u0142odzenia<br \/>\n\u25aa 3 tryby przep\u0142ywu powietrza do regulacji pary i smaku<br \/>\n\u25aa Zmienna zawarto\u015b\u0107 nikotyny<br \/>\n\u25aa Cewka siatkowa dla lepszego uwolnienia aromatu<br \/>\n\u25aa Kolorowy wy\u015bwietlacz z danymi u\u017cytkowania<\/p>\n<h3 class=\"text-lg font-bold text-text-100 mt-1 -mb-1.5\">Odkryj wi\u0119cej VOZOL VAPE na fumotpuff<\/h3>\n<p class=\"whitespace-normal break-words\">Zapraszamy do zapoznania si\u0119 z nasz\u0105 ofert\u0105 premium na stronie <strong><a class=\"underline\" href=\"https:\/\/fumotpuff.com\/pl\/\">fumotpuff.com<\/a><\/strong> lub odkryj innowacyjn\u0105 <strong><a class=\"underline\" href=\"https:\/\/fumotpuff.com\/pl\/product-category\/vozol-vape\/\">Seria VOZOL VAPE<\/a><\/strong> z wydajnymi jednorazowymi e-papierosami. Ca\u0142a gama smak\u00f3w czeka w <strong><a class=\"underline\" href=\"https:\/\/fumotpuff.com\/pl\/product-category\/vozol-vape\/vozol-neon-45000\/\">Kolekcja Vozol Neon 45000<\/a><\/strong> dla Ciebie.<\/p>","protected":false},"excerpt":{"rendered":"<p class=\"whitespace-normal break-words\">Vozol Neon 45000 Berry Mint \u0142\u0105czy s\u0142odkie jagody le\u015bne z orze\u017awiaj\u0105c\u0105 mi\u0119t\u0105. 45 000 zaci\u0105gni\u0119\u0107, 4 poziomy ch\u0142odzenia, 3 tryby i inteligentny wy\u015bwietlacz zapewniaj\u0105 pe\u0142n\u0105 kontrol\u0119. Cewka siatkowa, 20 ml e-liquidu, akumulator 800 mAh z szybkim \u0142adowaniem typu C i nikotyn\u0105 5% dla orze\u017awiaj\u0105cej przyjemno\u015bci jagodowej.<\/p>","protected":false},"featured_media":4555,"comment_status":"open","ping_status":"closed","template":"","meta":{"_acf_changed":false},"product_brand":[],"product_cat":[51],"product_tag":[],"class_list":{"0":"post-4554","1":"product","2":"type-product","3":"status-publish","4":"has-post-thumbnail","6":"product_cat-vozol-neon-45000","8":"first","9":"instock","10":"shipping-taxable","11":"purchasable","12":"product-type-variable"},"acf":[],"_links":{"self":[{"href":"https:\/\/fumotpuff.com\/pl\/wp-json\/wp\/v2\/product\/4554","targetHints":{"allow":["GET"]}}],"collection":[{"href":"https:\/\/fumotpuff.com\/pl\/wp-json\/wp\/v2\/product"}],"about":[{"href":"https:\/\/fumotpuff.com\/pl\/wp-json\/wp\/v2\/types\/product"}],"replies":[{"embeddable":true,"href":"https:\/\/fumotpuff.com\/pl\/wp-json\/wp\/v2\/comments?post=4554"}],"wp:featuredmedia":[{"embeddable":true,"href":"https:\/\/fumotpuff.com\/pl\/wp-json\/wp\/v2\/media\/4555"}],"wp:attachment":[{"href":"https:\/\/fumotpuff.com\/pl\/wp-json\/wp\/v2\/media?parent=4554"}],"wp:term":[{"taxonomy":"product_brand","embeddable":true,"href":"https:\/\/fumotpuff.com\/pl\/wp-json\/wp\/v2\/product_brand?post=4554"},{"taxonomy":"product_cat","embeddable":true,"href":"https:\/\/fumotpuff.com\/pl\/wp-json\/wp\/v2\/product_cat?post=4554"},{"taxonomy":"product_tag","embeddable":true,"href":"https:\/\/fumotpuff.com\/pl\/wp-json\/wp\/v2\/product_tag?post=4554"}],"curies":[{"name":"wp","href":"https:\/\/api.w.org\/{rel}","templated":true}]}}