{"id":4399,"date":"2025-11-03T04:59:33","date_gmt":"2025-11-03T03:59:33","guid":{"rendered":"https:\/\/fumotpuff.com\/?post_type=product&#038;p=4399"},"modified":"2025-11-03T04:59:33","modified_gmt":"2025-11-03T03:59:33","slug":"bang-blaze-40000-strawberry-ice-cream-strawberry-vanilla","status":"publish","type":"product","link":"https:\/\/fumotpuff.com\/pl\/produkt\/bang-blaze-40000-strawberry-ice-cream-strawberry-vanilla\/","title":{"rendered":"Bang Blaze 40000 Lody truskawkowe\/truskawkowo-waniliowe"},"content":{"rendered":"<h2 class=\"text-xl font-bold text-text-100 mt-1 -mb-0.5\">Bang Blaze 40000 Strawberry Ice Cream\/Strawberry Vanilla Jednorazowy vape<\/h2>\n<p class=\"whitespace-normal break-words\">Odkryj <strong>Jednorazowy e-papieros Bang Blaze 40000 Puffs<\/strong> z kusz\u0105cymi smakami lod\u00f3w truskawkowych i truskawek z wanili\u0105, kt\u00f3re pozwalaj\u0105 na wykonanie nawet 40 000 zaci\u0105gni\u0119\u0107. Urz\u0105dzenie \u0142\u0105czy w sobie pojemny zbiornik na e-liquid o pojemno\u015bci 40 ml z wydajnym akumulatorem 650 mAh, zapewniaj\u0105cym d\u0142ugotrwa\u0142\u0105 przyjemno\u015b\u0107 z vapowania. Rewolucyjny system Dual-Flavor-Slide pozwala na \u0142atwe prze\u0142\u0105czanie mi\u0119dzy kremow\u0105 stron\u0105 Strawberry Ice Cream a s\u0142odk\u0105 wersj\u0105 Strawberry Vanilla. Wyposa\u017cony w wysokowydajn\u0105 cewk\u0119 Dual Mesh (1,2 \u03a9) zapewniaj\u0105c\u0105 intensywny aromat i g\u0142adk\u0105 par\u0119, dost\u0119pny w 4 opcjach nikotyny (0 %, 2 %, 3 %, 5 %). Szybkie \u0142adowanie typu C zapewnia sta\u0142\u0105 gotowo\u015b\u0107 do u\u017cycia.<\/p>\n<h3 class=\"text-lg font-bold text-text-100 mt-1 -mb-1.5\">Zalety Bang Blaze 40000 Puffs Strawberry Ice Cream\/Strawberry Vanilla:<\/h3>\n<p class=\"whitespace-normal break-words\">Dzi\u0119ki imponuj\u0105cej pojemno\u015bci 40 000 zaci\u0105gni\u0119\u0107, urz\u0105dzenie to wyznacza nowe standardy w zakresie wytrzyma\u0142o\u015bci i zapewnia tygodnie nieprzerwanej przyjemno\u015bci z waporyzacji. Du\u017ca pojemno\u015b\u0107 40 ml e-liquidu jest wst\u0119pnie nape\u0142niona i znacznie zmniejsza potrzeb\u0119 regularnego uzupe\u0142niania. Wbudowana bateria 650 mAh z funkcj\u0105 \u0142adowania zapewnia ci\u0105g\u0142\u0105 wydajno\u015b\u0107 podczas d\u0142ugotrwa\u0142ego u\u017cytkowania, a zaawansowany port USB-C zapewnia szybkie \u0142adowanie.<\/p>\n<p class=\"whitespace-normal break-words\">Najwa\u017cniejsz\u0105 cech\u0105 jest bez w\u0105tpienia innowacyjny prze\u0142\u0105cznik Dual Flavor, kt\u00f3ry umo\u017cliwia natychmiastowe prze\u0142\u0105czanie mi\u0119dzy dwoma kontrastuj\u0105cymi smakami za pomoc\u0105 suwaka. Ciesz si\u0119 lodowat\u0105 s\u0142odycz\u0105 lod\u00f3w truskawkowych lub klasyczn\u0105 harmoni\u0105 truskawek i wanilii \u2013 w zale\u017cno\u015bci od upodoba\u0144. Ta inteligentna technologia sprawia, \u017ce noszenie ze sob\u0105 kilku urz\u0105dze\u0144 staje si\u0119 zb\u0119dne i jest idealna dla vaper\u00f3w, kt\u00f3rzy ceni\u0105 sobie r\u00f3\u017cnorodno\u015b\u0107 bez komplikacji.<\/p>\n<p class=\"whitespace-normal break-words\">Zastosowana cewka Dual Mesh o rezystancji 1,2 \u03a9 zosta\u0142a precyzyjnie zaprojektowana, aby wytwarza\u0107 jedwabist\u0105 par\u0119 i zapewnia\u0107 pe\u0142ny, stabilny profil smakowy przy ka\u017cdym zaci\u0105gni\u0119ciu. Ta zaawansowana technologia cewki zapewnia najwy\u017csz\u0105 wydajno\u015b\u0107 i doskona\u0142\u0105 jako\u015b\u0107 aromatu przez ca\u0142y okres u\u017cytkowania.<\/p>\n<p class=\"whitespace-normal break-words\">Dzi\u0119ki czterem dost\u0119pnym st\u0119\u017ceniom nikotyny - 0 %, 2 %, 3 % i 5 % - produkt przemawia do szerokiego grona u\u017cytkownik\u00f3w, od wariant\u00f3w bez nikotyny po mocniejsze dawki. Ta zmienno\u015b\u0107 umo\u017cliwia ca\u0142kowicie spersonalizowane do\u015bwiadczenie waporyzacji zgodnie z indywidualnymi potrzebami.<\/p>\n<h3 class=\"text-lg font-bold text-text-100 mt-1 -mb-1.5\">Dane techniczne:<\/h3>\n<p class=\"whitespace-normal break-words\"><strong>Liczba poci\u0105g\u00f3w:<\/strong> Do 40 000 zaci\u0105gni\u0119\u0107<br \/>\n<strong>Obj\u0119to\u015b\u0107 e-liquidu:<\/strong> 40 ml<br \/>\n<strong>St\u0119\u017cenia nikotyny:<\/strong> 0 %, 2 %, 3 %, 5 %<br \/>\n<strong>Wydajno\u015b\u0107 baterii:<\/strong> 650 mAh (akumulator)<br \/>\n<strong>Z\u0142\u0105cze \u0142adowania:<\/strong> Typ-C<br \/>\n<strong>Waporyzator:<\/strong> Podw\u00f3jna cewka siatkowa (1,2\u03a9)<br \/>\n<strong>System aromat\u00f3w:<\/strong> Podw\u00f3jny prze\u0142\u0105cznik suwakowy<br \/>\n<strong>Waga:<\/strong> Oko\u0142o 120 g<\/p>\n<h3 class=\"text-lg font-bold text-text-100 mt-1 -mb-1.5\">Odkryj wi\u0119cej BANG VAPE na fumotpuff<\/h3>\n<p class=\"whitespace-normal break-words\">Przegl\u0105daj nasze <strong><a class=\"underline\" href=\"https:\/\/fumotpuff.com\/pl\/\">Sklep internetowy Fumot Puff<\/a><\/strong> dla dodatkowych produkt\u00f3w najwy\u017cszej jako\u015bci w dziedzinie pary i odkryjcie kompleksow\u0105 ofert\u0119 <strong><a class=\"underline\" href=\"https:\/\/fumotpuff.com\/pl\/product-category\/bang-vape\/\">Seria BANG VAPE<\/a><\/strong> z rewolucyjnymi produktami. Ca\u0142y wyb\u00f3r smak\u00f3w <strong><a class=\"underline\" href=\"https:\/\/fumotpuff.com\/pl\/product-category\/bang-vape\/bang-blaze-40000\/\">Linia Bang Blaze 40000<\/a><\/strong> jest gotowy.<\/p>","protected":false},"excerpt":{"rendered":"<p class=\"whitespace-normal break-words\">Bang Blaze 40000 Strawberry Ice Cream\/Strawberry Vanilla \u0142\u0105czy w sobie kremowe lody truskawkowe z klasyczn\u0105 truskawk\u0105 i wanili\u0105. 40 000 zaci\u0105gni\u0119\u0107, 40 ml e-liquidu i podw\u00f3jna wk\u0142adka smakowa umo\u017cliwiaj\u0105ca natychmiastow\u0105 zmian\u0119 smaku. Podw\u00f3jna cewka siatkowa, akumulator 650 mAh, \u0142adowanie typu C \u2013 dost\u0119pny w 4 st\u0119\u017ceniach nikotyny.<\/p>","protected":false},"featured_media":4401,"comment_status":"open","ping_status":"closed","template":"","meta":{"_acf_changed":false},"product_brand":[],"product_cat":[48],"product_tag":[],"class_list":{"0":"post-4399","1":"product","2":"type-product","3":"status-publish","4":"has-post-thumbnail","6":"product_cat-bang-blaze-40000","8":"first","9":"instock","10":"shipping-taxable","11":"purchasable","12":"product-type-variable"},"acf":[],"_links":{"self":[{"href":"https:\/\/fumotpuff.com\/pl\/wp-json\/wp\/v2\/product\/4399","targetHints":{"allow":["GET"]}}],"collection":[{"href":"https:\/\/fumotpuff.com\/pl\/wp-json\/wp\/v2\/product"}],"about":[{"href":"https:\/\/fumotpuff.com\/pl\/wp-json\/wp\/v2\/types\/product"}],"replies":[{"embeddable":true,"href":"https:\/\/fumotpuff.com\/pl\/wp-json\/wp\/v2\/comments?post=4399"}],"wp:featuredmedia":[{"embeddable":true,"href":"https:\/\/fumotpuff.com\/pl\/wp-json\/wp\/v2\/media\/4401"}],"wp:attachment":[{"href":"https:\/\/fumotpuff.com\/pl\/wp-json\/wp\/v2\/media?parent=4399"}],"wp:term":[{"taxonomy":"product_brand","embeddable":true,"href":"https:\/\/fumotpuff.com\/pl\/wp-json\/wp\/v2\/product_brand?post=4399"},{"taxonomy":"product_cat","embeddable":true,"href":"https:\/\/fumotpuff.com\/pl\/wp-json\/wp\/v2\/product_cat?post=4399"},{"taxonomy":"product_tag","embeddable":true,"href":"https:\/\/fumotpuff.com\/pl\/wp-json\/wp\/v2\/product_tag?post=4399"}],"curies":[{"name":"wp","href":"https:\/\/api.w.org\/{rel}","templated":true}]}}