{"id":4392,"date":"2025-11-03T04:56:48","date_gmt":"2025-11-03T03:56:48","guid":{"rendered":"https:\/\/fumotpuff.com\/?post_type=product&#038;p=4392"},"modified":"2025-11-03T04:56:49","modified_gmt":"2025-11-03T03:56:49","slug":"bang-blaze-40000-strawberry-banana-passion-fruit-kiwi","status":"publish","type":"product","link":"https:\/\/fumotpuff.com\/pl\/produkt\/bang-blaze-40000-strawberry-banana-passion-fruit-kiwi\/","title":{"rendered":"Bang Blaze 40000 Strawberry Banana\/Passion Fruit Kiwi"},"content":{"rendered":"<h2 class=\"text-xl font-bold text-text-100 mt-1 -mb-0.5\">Bang Blaze 40000 Truskawka-banan\/marakuja-kiwi Jednorazowy vape<\/h2>\n<p class=\"whitespace-normal break-words\">Z <strong>Jednorazowy e-papieros Bang Blaze 40000 Puffs<\/strong> W smakach truskawkowo-bananowym i marakujowo-kiwi mo\u017cna cieszy\u0107 si\u0119 nawet 40 000 doskona\u0142ych zaci\u0105gni\u0119\u0107. Urz\u0105dzenie \u0142\u0105czy w sobie pojemny zbiornik na e-liquid o pojemno\u015bci 40 ml z wydajn\u0105 bateri\u0105 650 mAh, zapewniaj\u0105c\u0105 d\u0142ugotrwa\u0142e doznania podczas wapowania. Zaawansowany system Dual Flavor Slide umo\u017cliwia szybkie prze\u0142\u0105czanie mi\u0119dzy kremow\u0105 wersj\u0105 truskawkowo-bananow\u0105 a egzotyczn\u0105 wersj\u0105 marakuja-kiwi. Wyposa\u017cony w wysokiej jako\u015bci cewk\u0119 Dual Mesh (1,2 \u03a9) zapewniaj\u0105c\u0105 wyrazisty aromat i aksamitn\u0105 par\u0119, dost\u0119pny w 4 wariantach nikotynowych (0 %, 2 %, 3 %, 5 %). Szybkie \u0142adowanie typu C gwarantuje kr\u00f3tkie przerwy mi\u0119dzy \u0142adowaniami.<\/p>\n<h3 class=\"text-lg font-bold text-text-100 mt-1 -mb-1.5\">Zalety Bang Blaze 40000 Puffs Strawberry Banana\/Passion Fruit Kiwi:<\/h3>\n<p class=\"whitespace-normal break-words\">Dzi\u0119ki niezwyk\u0142ej liczbie 40 000 zaci\u0105gni\u0119\u0107 produkt ten na nowo definiuje trwa\u0142o\u015b\u0107 i umo\u017cliwia tygodnie nieprzerwanej przygody z vapowaniem. Wst\u0119pnie nape\u0142niony zbiornik e-liquidu o pojemno\u015bci 40 ml zosta\u0142 zaprojektowany z my\u015bl\u0105 o maksymalnej \u017cywotno\u015bci i eliminuje konieczno\u015b\u0107 cz\u0119stego dokupowania zamiennik\u00f3w. Wbudowany akumulator o pojemno\u015bci 650 mAh z funkcj\u0105 \u0142adowania zapewnia ci\u0105g\u0142\u0105 moc do d\u0142ugich sesji wapowania, a nowoczesny port USB-C umo\u017cliwia b\u0142yskawiczne \u0142adowanie.<\/p>\n<p class=\"whitespace-normal break-words\">Najwi\u0119kszym atutem tego urz\u0105dzenia jest bez w\u0105tpienia wyrafinowany mechanizm wyboru podw\u00f3jnego smaku, kt\u00f3ry pozwala na natychmiastowe prze\u0142\u0105czanie si\u0119 mi\u0119dzy dwoma r\u00f3\u017cnymi smakami za pomoc\u0105 suwaka. Zanurz si\u0119 w aksamitnej harmonii truskawkowo-bananowej lub przejd\u017a do tropikalnego smaku marakui i kiwi \u2013 w zale\u017cno\u015bci od preferencji. Technologia ta eliminuje konieczno\u015b\u0107 noszenia wielu urz\u0105dze\u0144 i jest idealna dla u\u017cytkownik\u00f3w, kt\u00f3rzy ceni\u0105 sobie r\u00f3\u017cnorodno\u015b\u0107 bez komplikacji.<\/p>\n<p class=\"whitespace-normal break-words\">Wbudowana cewka Dual Mesh o rezystancji 1,2 \u03a9 zosta\u0142a specjalnie zaprojektowana, aby generowa\u0107 puszyst\u0105 par\u0119 i zapewni\u0107 bogate, jednolite doznania smakowe przy ka\u017cdym zaci\u0105gni\u0119ciu. Ta wyrafinowana technologia parowania zapewnia optymaln\u0105 funkcjonalno\u015b\u0107 i najwy\u017csz\u0105 jako\u015b\u0107 aromatu przez ca\u0142y okres u\u017cytkowania.<\/p>\n<p class=\"whitespace-normal break-words\">Dzi\u0119ki czterem dost\u0119pnym st\u0119\u017ceniom nikotyny \u2013 0 %, 2 %, 3 % i 5 % \u2013 urz\u0105dzenie jest odpowiednie dla r\u00f3\u017cnych kategorii u\u017cytkownik\u00f3w, od os\u00f3b poszukuj\u0105cych alternatyw bez nikotyny po osoby preferuj\u0105ce bardziej intensywne dawki. Ta elastyczno\u015b\u0107 pozwala na ca\u0142kowicie spersonalizowane doznania zwi\u0105zane z wapowaniem, dostosowane do indywidualnych upodoba\u0144.<\/p>\n<h3 class=\"text-lg font-bold text-text-100 mt-1 -mb-1.5\">Dane techniczne:<\/h3>\n<p class=\"whitespace-normal break-words\"><strong>Liczba poci\u0105g\u00f3w:<\/strong> Do 40 000 zaci\u0105gni\u0119\u0107<br \/>\n<strong>Obj\u0119to\u015b\u0107 e-liquidu:<\/strong> 40 ml<br \/>\n<strong>St\u0119\u017cenia nikotyny:<\/strong> 0 %, 2 %, 3 %, 5 %<br \/>\n<strong>Wydajno\u015b\u0107 baterii:<\/strong> 650 mAh (akumulator)<br \/>\n<strong>Z\u0142\u0105cze \u0142adowania:<\/strong> Typ-C<br \/>\n<strong>Waporyzator:<\/strong> Podw\u00f3jna cewka siatkowa (1,2\u03a9)<br \/>\n<strong>System aromat\u00f3w:<\/strong> Podw\u00f3jny prze\u0142\u0105cznik suwakowy<br \/>\n<strong>Waga:<\/strong> Oko\u0142o 120 g<\/p>\n<h3 class=\"text-lg font-bold text-text-100 mt-1 -mb-1.5\">Odkryj wi\u0119cej BANG VAPE na fumotpuff<\/h3>\n<p class=\"whitespace-normal break-words\">Zapoznaj si\u0119 z nasz\u0105 ofert\u0105 <strong><a class=\"underline\" href=\"https:\/\/fumotpuff.com\/pl\/\">Sklep internetowy Fumot Puff<\/a><\/strong> przejd\u017a do innych produkt\u00f3w premium do wapowania i odkryj ca\u0142\u0105 ofert\u0119 <strong><a class=\"underline\" href=\"https:\/\/fumotpuff.com\/pl\/product-category\/bang-vape\/\">Portfolio BANG VAPE<\/a><\/strong> z prze\u0142omowymi rozwi\u0105zaniami. Pe\u0142na gama aromat\u00f3w <strong><a class=\"underline\" href=\"https:\/\/fumotpuff.com\/pl\/product-category\/bang-vape\/bang-blaze-40000\/\">Seria Bang Blaze 40000<\/a><\/strong> czeka na odkrycie.<\/p>","protected":false},"excerpt":{"rendered":"<p class=\"whitespace-normal break-words\">Bang Blaze 40000 Strawberry Banana\/Passion Fruit Kiwi \u0142\u0105czy w sobie kremow\u0105 truskawk\u0119 i banan z egzotyczn\u0105 marakuj\u0105 i kiwi. 40 000 zaci\u0105gni\u0119\u0107, 40 ml e-liquidu i podw\u00f3jny smakowy suwak umo\u017cliwiaj\u0105cy \u0142atw\u0105 zmian\u0119 smaku. Podw\u00f3jna cewka siatkowa, akumulator 650 mAh, \u0142adowanie typu C \u2013 dost\u0119pny w 4 mocach nikotynowych.<\/p>","protected":false},"featured_media":4394,"comment_status":"open","ping_status":"closed","template":"","meta":{"_acf_changed":false},"product_brand":[],"product_cat":[48],"product_tag":[],"class_list":{"0":"post-4392","1":"product","2":"type-product","3":"status-publish","4":"has-post-thumbnail","6":"product_cat-bang-blaze-40000","8":"first","9":"instock","10":"shipping-taxable","11":"purchasable","12":"product-type-variable"},"acf":[],"_links":{"self":[{"href":"https:\/\/fumotpuff.com\/pl\/wp-json\/wp\/v2\/product\/4392","targetHints":{"allow":["GET"]}}],"collection":[{"href":"https:\/\/fumotpuff.com\/pl\/wp-json\/wp\/v2\/product"}],"about":[{"href":"https:\/\/fumotpuff.com\/pl\/wp-json\/wp\/v2\/types\/product"}],"replies":[{"embeddable":true,"href":"https:\/\/fumotpuff.com\/pl\/wp-json\/wp\/v2\/comments?post=4392"}],"wp:featuredmedia":[{"embeddable":true,"href":"https:\/\/fumotpuff.com\/pl\/wp-json\/wp\/v2\/media\/4394"}],"wp:attachment":[{"href":"https:\/\/fumotpuff.com\/pl\/wp-json\/wp\/v2\/media?parent=4392"}],"wp:term":[{"taxonomy":"product_brand","embeddable":true,"href":"https:\/\/fumotpuff.com\/pl\/wp-json\/wp\/v2\/product_brand?post=4392"},{"taxonomy":"product_cat","embeddable":true,"href":"https:\/\/fumotpuff.com\/pl\/wp-json\/wp\/v2\/product_cat?post=4392"},{"taxonomy":"product_tag","embeddable":true,"href":"https:\/\/fumotpuff.com\/pl\/wp-json\/wp\/v2\/product_tag?post=4392"}],"curies":[{"name":"wp","href":"https:\/\/api.w.org\/{rel}","templated":true}]}}