{"id":4371,"date":"2025-11-03T04:49:16","date_gmt":"2025-11-03T03:49:16","guid":{"rendered":"https:\/\/fumotpuff.com\/?post_type=product&#038;p=4371"},"modified":"2025-11-03T04:49:16","modified_gmt":"2025-11-03T03:49:16","slug":"bang-blaze-40000-pineapple-mango-pineapple-coconut-ice","status":"publish","type":"product","link":"https:\/\/fumotpuff.com\/pl\/produkt\/bang-blaze-40000-pineapple-mango-pineapple-coconut-ice\/","title":{"rendered":"Bang Blaze 40000 Pineapple Mango\/Pineapple Coconut Ice"},"content":{"rendered":"<h2 class=\"text-xl font-bold text-text-100 mt-1 -mb-0.5\">Bang Blaze 40000 Pineapple Mango\/Pineapple Coconut Ice jednorazowy vape<\/h2>\n<p class=\"whitespace-normal break-words\">The <strong>Jednorazowy e-papieros Bang Blaze 40000 Puffs<\/strong> z tropikalnymi smakami Pineapple Mango i Pineapple Coconut Ice zapewnia do 40 000 wyj\u0105tkowych zaci\u0105gni\u0119\u0107. Urz\u0105dzenie \u0142\u0105czy w sobie pojemny zbiornik e-liquidu o pojemno\u015bci 40 ml z wydajn\u0105 bateri\u0105 650 mAh, zapewniaj\u0105c d\u0142ugotrwa\u0142\u0105 przyjemno\u015b\u0107 z waporyzacji. Prze\u0142omowy system podw\u00f3jnego suwaka smakowego pozwala na \u0142atwe przej\u015bcie mi\u0119dzy s\u0142oneczn\u0105 kompozycj\u0105 Pineapple Mango i orze\u017awiaj\u0105c\u0105 opcj\u0105 Pineapple Coconut Ice. Wyposa\u017cony w pot\u0119\u017cn\u0105 podw\u00f3jn\u0105 cewk\u0119 siatkow\u0105 (1,2\u03a9) zapewniaj\u0105c\u0105 mocny smak i aksamitnie g\u0142adk\u0105 par\u0119, dost\u0119pn\u0105 w 4 mocach nikotyny (0 %, 2 %, 3 %, 5 %). Technologia szybkiego \u0142adowania typu C zapewnia szybk\u0105 gotowo\u015b\u0107 do u\u017cycia.<\/p>\n<h3 class=\"text-lg font-bold text-text-100 mt-1 -mb-1.5\">Zalety Bang Blaze 40000 Puffs Pineapple Mango\/Pineapple Coconut Ice:<\/h3>\n<p class=\"whitespace-normal break-words\">To niezwyk\u0142e urz\u0105dzenie oferuje zdumiewaj\u0105ce 40 000 zaci\u0105gni\u0119\u0107, umo\u017cliwiaj\u0105c waporyzacj\u0119 przez kilka tygodni bez przerwy. Wst\u0119pnie nape\u0142niony 40 ml wysokiej jako\u015bci e-liquidu, zosta\u0142 zaprojektowany z my\u015bl\u0105 o maksymalnym czasie u\u017cytkowania i eliminuje potrzeb\u0119 cz\u0119stej wymiany. Akumulator o pojemno\u015bci 650 mAh gwarantuje sta\u0142e zasilanie podczas d\u0142ugich sesji, a nowoczesny port USB-C zapewnia szybkie \u0142adowanie.<\/p>\n<p class=\"whitespace-normal break-words\">Jedn\u0105 z wyj\u0105tkowych funkcji jest inteligentny mechanizm dw\u00f3ch smak\u00f3w, kt\u00f3ry pozwala b\u0142yskawicznie prze\u0142\u0105cza\u0107 si\u0119 mi\u0119dzy dwoma zupe\u0142nie r\u00f3\u017cnymi smakami za pomoc\u0105 funkcji suwaka. Rozkoszuj si\u0119 tropikaln\u0105 s\u0142odycz\u0105 Pineapple Mango lub prze\u0142\u0105cz si\u0119 na mro\u017cony Pineapple Coconut Ice - decyzja nale\u017cy wy\u0142\u0105cznie do Ciebie. To innowacyjne rozwi\u0105zanie eliminuje potrzeb\u0119 korzystania z wielu urz\u0105dze\u0144 i jest idealne dla entuzjast\u00f3w pary, kt\u00f3rzy preferuj\u0105 r\u00f3\u017cnorodno\u015b\u0107 smak\u00f3w bez komplikacji.<\/p>\n<p class=\"whitespace-normal break-words\">Urz\u0105dzenie posiada zaawansowan\u0105 podw\u00f3jn\u0105 cewk\u0119 siatkow\u0105 o impedancji 1,2\u03a9, kt\u00f3ra zosta\u0142a specjalnie zaprojektowana do tworzenia g\u0142adkiej pary i prezentowania bogatego, r\u00f3wnomiernego smaku przy ka\u017cdym zaci\u0105gni\u0119ciu. Ta zaawansowana konstrukcja waporyzatora zapewnia najwy\u017csz\u0105 wydajno\u015b\u0107 i wyj\u0105tkow\u0105 intensywno\u015b\u0107 smaku przez ca\u0142y okres u\u017cytkowania.<\/p>\n<p class=\"whitespace-normal break-words\">Dzi\u0119ki czterem poziomom nikotyny do wyboru - 0 %, 2 %, 3 % lub 5 % - system ten obejmuje szerok\u0105 gam\u0119 u\u017cytkownik\u00f3w, od opcji ca\u0142kowicie beznikotynowych po bardziej intensywne warianty. Ta zdolno\u015b\u0107 adaptacji umo\u017cliwia ka\u017cdemu u\u017cytkownikowi stworzenie spersonalizowanego do\u015bwiadczenia waporyzacji, dopasowanego do jego osobistych upodoba\u0144.<\/p>\n<h3 class=\"text-lg font-bold text-text-100 mt-1 -mb-1.5\">Dane techniczne:<\/h3>\n<p class=\"whitespace-normal break-words\"><strong>Liczba poci\u0105g\u00f3w:<\/strong> Do 40 000 zaci\u0105gni\u0119\u0107<br \/>\n<strong>Obj\u0119to\u015b\u0107 e-liquidu:<\/strong> 40 ml<br \/>\n<strong>St\u0119\u017cenia nikotyny:<\/strong> 0 %, 2 %, 3 %, 5 %<br \/>\n<strong>Wydajno\u015b\u0107 baterii:<\/strong> 650 mAh (akumulator)<br \/>\n<strong>Z\u0142\u0105cze \u0142adowania:<\/strong> Typ-C<br \/>\n<strong>Waporyzator:<\/strong> Podw\u00f3jna cewka siatkowa (1,2\u03a9)<br \/>\n<strong>System aromat\u00f3w:<\/strong> Podw\u00f3jny prze\u0142\u0105cznik suwakowy<br \/>\n<strong>Waga:<\/strong> Oko\u0142o 120 g<\/p>\n<h3 class=\"text-lg font-bold text-text-100 mt-1 -mb-1.5\">Odkryj wi\u0119cej BANG VAPE na fumotpuff<\/h3>\n<p class=\"whitespace-normal break-words\">Odwied\u017a nasz\u0105 stron\u0119 <strong><a class=\"underline\" href=\"https:\/\/fumotpuff.com\/pl\/\">Sklep internetowy Fumot Puff<\/a><\/strong> aby uzyska\u0107 wi\u0119cej produkt\u00f3w premium do waporyzacji i odkry\u0107 pe\u0142n\u0105 gam\u0119 <strong><a class=\"underline\" href=\"https:\/\/fumotpuff.com\/pl\/product-category\/bang-vape\/\">Gama produkt\u00f3w BANG VAPE<\/a><\/strong> z pionierskimi systemami. Wszystkie smaki <strong><a class=\"underline\" href=\"https:\/\/fumotpuff.com\/pl\/product-category\/bang-vape\/bang-blaze-40000\/\">Seria Bang Blaze 40000<\/a><\/strong> s\u0105 do Twojej dyspozycji.<\/p>","protected":false},"excerpt":{"rendered":"<p class=\"whitespace-normal break-words\">Bang Blaze 40000 Pineapple Mango\/Pineapple Coconut Ice \u0142\u0105czy tropikaln\u0105 s\u0142odycz ananasa i mango z mro\u017conym smakiem kokosa. 40 000 zaci\u0105gni\u0119\u0107, 40 ml e-liquidu i podw\u00f3jny suwak smakowy do natychmiastowej zmiany smaku. Podw\u00f3jna cewka siatkowa, bateria 650 mAh, \u0142adowanie typu C - dost\u0119pne w 4 mocach nikotyny.<\/p>","protected":false},"featured_media":4373,"comment_status":"open","ping_status":"closed","template":"","meta":{"_acf_changed":false},"product_brand":[],"product_cat":[48],"product_tag":[],"class_list":{"0":"post-4371","1":"product","2":"type-product","3":"status-publish","4":"has-post-thumbnail","6":"product_cat-bang-blaze-40000","8":"first","9":"instock","10":"shipping-taxable","11":"purchasable","12":"product-type-variable"},"acf":[],"_links":{"self":[{"href":"https:\/\/fumotpuff.com\/pl\/wp-json\/wp\/v2\/product\/4371","targetHints":{"allow":["GET"]}}],"collection":[{"href":"https:\/\/fumotpuff.com\/pl\/wp-json\/wp\/v2\/product"}],"about":[{"href":"https:\/\/fumotpuff.com\/pl\/wp-json\/wp\/v2\/types\/product"}],"replies":[{"embeddable":true,"href":"https:\/\/fumotpuff.com\/pl\/wp-json\/wp\/v2\/comments?post=4371"}],"wp:featuredmedia":[{"embeddable":true,"href":"https:\/\/fumotpuff.com\/pl\/wp-json\/wp\/v2\/media\/4373"}],"wp:attachment":[{"href":"https:\/\/fumotpuff.com\/pl\/wp-json\/wp\/v2\/media?parent=4371"}],"wp:term":[{"taxonomy":"product_brand","embeddable":true,"href":"https:\/\/fumotpuff.com\/pl\/wp-json\/wp\/v2\/product_brand?post=4371"},{"taxonomy":"product_cat","embeddable":true,"href":"https:\/\/fumotpuff.com\/pl\/wp-json\/wp\/v2\/product_cat?post=4371"},{"taxonomy":"product_tag","embeddable":true,"href":"https:\/\/fumotpuff.com\/pl\/wp-json\/wp\/v2\/product_tag?post=4371"}],"curies":[{"name":"wp","href":"https:\/\/api.w.org\/{rel}","templated":true}]}}