{"id":4357,"date":"2025-11-03T04:42:33","date_gmt":"2025-11-03T03:42:33","guid":{"rendered":"https:\/\/fumotpuff.com\/?post_type=product&#038;p=4357"},"modified":"2025-11-03T04:42:47","modified_gmt":"2025-11-03T03:42:47","slug":"bang-blaze-40000-kiwi-passion-fruit-guava-blueberry-cherry","status":"publish","type":"product","link":"https:\/\/fumotpuff.com\/pl\/produkt\/bang-blaze-40000-kiwi-passion-fruit-guava-blueberry-cherry\/","title":{"rendered":"Bang Blaze 40000 Kiwi Passion Fruit Guava\/Blueberry Cherry"},"content":{"rendered":"<h2 class=\"text-xl font-bold text-text-100 mt-1 -mb-0.5\">Bang Blaze 40000 Kiwi Passion Fruit Guava\/Blueberry Cherry Jednorazowy vape<\/h2>\n<p class=\"whitespace-normal break-words\">The <strong>Jednorazowy e-papieros Bang Blaze 40000 Puffs<\/strong> O smaku kiwi, marakui, guawy i jagody z wi\u015bni\u0105 zapewnia do 40 000 zaci\u0105gni\u0119\u0107 i \u0142\u0105czy w sobie imponuj\u0105c\u0105 pojemno\u015b\u0107 40 ml e-liquidu z energoch\u0142onnym akumulatorem 650 mAh, zapewniaj\u0105cym d\u0142ugotrwa\u0142\u0105 przyjemno\u015b\u0107 z wapowania. Nowatorski system Dual-Flavor-Slide umo\u017cliwia \u0142atw\u0105 zmian\u0119 mi\u0119dzy egzotyczn\u0105 mieszank\u0105 kiwi, marakui i guawy a klasyczn\u0105 odmian\u0105 jagodowo-wi\u015bniow\u0105. Wyposa\u017cony w wysokowydajn\u0105 cewk\u0119 Dual Mesh (1,2 \u03a9) zapewniaj\u0105c\u0105 wyrazisty aromat i mi\u0119kk\u0105 par\u0119, dost\u0119pny w 4 poziomach nikotyny (0 %, 2 %, 3 %, 5 %). Szybkie \u0142adowanie typu C zapewnia minimalny czas przestoju.<\/p>\n<h3 class=\"text-lg font-bold text-text-100 mt-1 -mb-1.5\">Zalety Bang Blaze 40000 Puffs Kiwi Passion Fruit Guava\/Blueberry Cherry:<\/h3>\n<p class=\"whitespace-normal break-words\">To niezwyk\u0142e urz\u0105dzenie oferuje fenomenalne 40 000 zaci\u0105gni\u0119\u0107, zapewniaj\u0105c wiele tygodni nieprzerwanej przyjemno\u015bci z vapowania. Wype\u0142nione fabrycznie 40 ml wysokiej jako\u015bci e-liquidu, zosta\u0142o zaprojektowane z my\u015bl\u0105 o d\u0142ugotrwa\u0142ym u\u017cytkowaniu i minimalizuje konieczno\u015b\u0107 ponownego zakupu. Akumulator o pojemno\u015bci 650 mAh zapewnia stabiln\u0105 wydajno\u015b\u0107 przez d\u0142ugi czas, a nowoczesny port USB-C umo\u017cliwia szybkie \u0142adowanie.<\/p>\n<p class=\"whitespace-normal break-words\">Absolutn\u0105 atrakcj\u0105 jest sprytny selektor podw\u00f3jnego smaku, kt\u00f3ry pozwala za pomoc\u0105 suwaka natychmiast prze\u0142\u0105cza\u0107 si\u0119 mi\u0119dzy dwoma zasadniczo r\u00f3\u017cnymi smakami. Ciesz si\u0119 tropikaln\u0105 tr\u00f3jc\u0105 kiwi, marakui i guawy lub przejd\u017a do owocowej kompozycji jag\u00f3d i wi\u015bni \u2013 w zale\u017cno\u015bci od nastroju. Ta innowacja pozwala unikn\u0105\u0107 noszenia wielu urz\u0105dze\u0144 i jest idealna dla wymagaj\u0105cych u\u017cytkownik\u00f3w, kt\u00f3rzy preferuj\u0105 r\u00f3\u017cnorodno\u015b\u0107 bez zb\u0119dnego balastu.<\/p>\n<p class=\"whitespace-normal break-words\">Urz\u0105dzenie posiada zaawansowan\u0105 cewk\u0119 Dual Mesh o rezystancji 1,2 \u03a9, kt\u00f3ra zosta\u0142a specjalnie zaprojektowana do wytwarzania kremowej pary i zapewnienia pe\u0142nego, sta\u0142ego aromatu przy ka\u017cdym zaci\u0105gni\u0119ciu. Ta nowoczesna technologia parowania gwarantuje najwy\u017csz\u0105 wydajno\u015b\u0107 i doskona\u0142\u0105 jako\u015b\u0107 smaku przez ca\u0142y okres u\u017cytkowania produktu.<\/p>\n<p class=\"whitespace-normal break-words\">Dzi\u0119ki mo\u017cliwo\u015bci wyboru spo\u015br\u00f3d czterech poziom\u00f3w nikotyny \u2013 0 %, 2 %, 3 % lub 5 % \u2013 system ten jest odpowiedni dla szerokiego grona u\u017cytkownik\u00f3w, od os\u00f3b preferuj\u0105cych ca\u0142kowicie beznikotynowe vaping, po tych poszukuj\u0105cych mocniejszych wra\u017ce\u0144. Ta elastyczno\u015b\u0107 pozwala na dostosowanie vaping do indywidualnych potrzeb.<\/p>\n<h3 class=\"text-lg font-bold text-text-100 mt-1 -mb-1.5\">Dane techniczne:<\/h3>\n<p class=\"whitespace-normal break-words\"><strong>Liczba poci\u0105g\u00f3w:<\/strong> Do 40 000 zaci\u0105gni\u0119\u0107<br \/>\n<strong>Obj\u0119to\u015b\u0107 e-liquidu:<\/strong> 40 ml<br \/>\n<strong>St\u0119\u017cenia nikotyny:<\/strong> 0 %, 2 %, 3 %, 5 %<br \/>\n<strong>Wydajno\u015b\u0107 baterii:<\/strong> 650 mAh (akumulator)<br \/>\n<strong>Z\u0142\u0105cze \u0142adowania:<\/strong> Typ-C<br \/>\n<strong>Waporyzator:<\/strong> Podw\u00f3jna cewka siatkowa (1,2\u03a9)<br \/>\n<strong>System aromat\u00f3w:<\/strong> Podw\u00f3jny prze\u0142\u0105cznik suwakowy<br \/>\n<strong>Waga:<\/strong> Oko\u0142o 120 g<\/p>\n<h3 class=\"text-lg font-bold text-text-100 mt-1 -mb-1.5\">Odkryj wi\u0119cej BANG VAPE na fumotpuff<\/h3>\n<p class=\"whitespace-normal break-words\">Zapoznaj si\u0119 z nasz\u0105 ofert\u0105 <strong><a class=\"underline\" href=\"https:\/\/fumotpuff.com\/pl\/\">Sklep internetowy Fumot Puff<\/a><\/strong> przejd\u017a do innych produkt\u00f3w premium do wapowania i odkryj ca\u0142\u0105 ofert\u0119 <strong><a class=\"underline\" href=\"https:\/\/fumotpuff.com\/pl\/product-category\/bang-vape\/\">Portfolio BANG VAPE<\/a><\/strong> z prze\u0142omowymi rozwi\u0105zaniami. Pe\u0142na gama aromat\u00f3w <strong><a class=\"underline\" href=\"https:\/\/fumotpuff.com\/pl\/product-category\/bang-vape\/bang-blaze-40000\/\">Seria Bang Blaze 40000<\/a><\/strong> czeka na odkrycie.<\/p>","protected":false},"excerpt":{"rendered":"<p class=\"whitespace-normal break-words\">Bang Blaze 40000 Kiwi Passion Fruit Guava\/Blueberry Cherry \u0142\u0105czy w sobie tropikaln\u0105 egzotyk\u0119 z owocow\u0105 nut\u0105 jag\u00f3d. 40 000 zaci\u0105gni\u0119\u0107, 40 ml e-liquidu i podw\u00f3jna wk\u0142adka smakowa umo\u017cliwiaj\u0105ca \u0142atw\u0105 zmian\u0119 smaku. Podw\u00f3jna cewka siatkowa, akumulator 650 mAh, \u0142adowanie typu C \u2013 dost\u0119pny w 4 poziomach nikotyny.<\/p>","protected":false},"featured_media":4359,"comment_status":"open","ping_status":"closed","template":"","meta":{"_acf_changed":false},"product_brand":[],"product_cat":[48],"product_tag":[],"class_list":{"0":"post-4357","1":"product","2":"type-product","3":"status-publish","4":"has-post-thumbnail","6":"product_cat-bang-blaze-40000","8":"first","9":"instock","10":"shipping-taxable","11":"purchasable","12":"product-type-variable"},"acf":[],"_links":{"self":[{"href":"https:\/\/fumotpuff.com\/pl\/wp-json\/wp\/v2\/product\/4357","targetHints":{"allow":["GET"]}}],"collection":[{"href":"https:\/\/fumotpuff.com\/pl\/wp-json\/wp\/v2\/product"}],"about":[{"href":"https:\/\/fumotpuff.com\/pl\/wp-json\/wp\/v2\/types\/product"}],"replies":[{"embeddable":true,"href":"https:\/\/fumotpuff.com\/pl\/wp-json\/wp\/v2\/comments?post=4357"}],"wp:featuredmedia":[{"embeddable":true,"href":"https:\/\/fumotpuff.com\/pl\/wp-json\/wp\/v2\/media\/4359"}],"wp:attachment":[{"href":"https:\/\/fumotpuff.com\/pl\/wp-json\/wp\/v2\/media?parent=4357"}],"wp:term":[{"taxonomy":"product_brand","embeddable":true,"href":"https:\/\/fumotpuff.com\/pl\/wp-json\/wp\/v2\/product_brand?post=4357"},{"taxonomy":"product_cat","embeddable":true,"href":"https:\/\/fumotpuff.com\/pl\/wp-json\/wp\/v2\/product_cat?post=4357"},{"taxonomy":"product_tag","embeddable":true,"href":"https:\/\/fumotpuff.com\/pl\/wp-json\/wp\/v2\/product_tag?post=4357"}],"curies":[{"name":"wp","href":"https:\/\/api.w.org\/{rel}","templated":true}]}}