{"id":4343,"date":"2025-11-03T04:35:52","date_gmt":"2025-11-03T03:35:52","guid":{"rendered":"https:\/\/fumotpuff.com\/?post_type=product&#038;p=4343"},"modified":"2025-11-03T04:35:53","modified_gmt":"2025-11-03T03:35:53","slug":"bang-blaze-40000-blueberry-cranberry-cherry-watermelon-cherry","status":"publish","type":"product","link":"https:\/\/fumotpuff.com\/pl\/produkt\/bang-blaze-40000-blueberry-cranberry-cherry-watermelon-cherry\/","title":{"rendered":"Bang Blaze 40000 Blueberry Cranberry Cherry\/Watermelon Cherry"},"content":{"rendered":"<h2 class=\"text-xl font-bold text-text-100 mt-1 -mb-0.5\">Bang Blaze 40000 Blueberry Cranberry Cherry\/Watermelon Cherry Jednorazowy vape<\/h2>\n<p class=\"whitespace-normal break-words\">The <strong>Jednorazowy e-papieros Bang Blaze 40000 Puffs<\/strong> W smakach Blueberry Cranberry Cherry i Watermelon Cherry zapewnia do 40 000 zaci\u0105gni\u0119\u0107 i \u0142\u0105czy w sobie pojemny zbiornik na e-liquid o pojemno\u015bci 40 ml z wydajn\u0105 bateri\u0105 650 mAh, zapewniaj\u0105c\u0105 d\u0142ugotrwa\u0142\u0105 przyjemno\u015b\u0107 z vapowania. Innowacyjny system Dual-Flavor-Slide pozwala na \u0142atw\u0105 zmian\u0119 mi\u0119dzy z\u0142o\u017con\u0105 kompozycj\u0105 Blueberry Cranberry Cherry a orze\u017awiaj\u0105c\u0105 alternatyw\u0105 Watermelon Cherry. Wyposa\u017cony w wysokowydajn\u0105 cewk\u0119 Dual Mesh (1,2 \u03a9) zapewniaj\u0105c\u0105 intensywny aromat i g\u0142adk\u0105 par\u0119, dost\u0119pny w 4 mocach nikotynowych (0 %, 2 %, 3 %, 5 %). Technologia szybkiego \u0142adowania typu C zapewnia szybki dop\u0142yw energii.<\/p>\n<h3 class=\"text-lg font-bold text-text-100 mt-1 -mb-1.5\">Zalety Bang Blaze 40000 Puffs Blueberry Cranberry Cherry\/Watermelon Cherry:<\/h3>\n<p class=\"whitespace-normal break-words\">To wydajne urz\u0105dzenie zapewnia a\u017c 40 000 zaci\u0105gni\u0119\u0107, gwarantuj\u0105c tygodnie nieprzerwanej przyjemno\u015bci z vapowania. Wyposa\u017cone w 40 ml wysokiej jako\u015bci e-liquidu, jest przeznaczone do d\u0142ugotrwa\u0142ego u\u017cytkowania i znacznie zmniejsza potrzeb\u0119 ponownego zamawiania. Akumulator 650 mAh zapewnia niezawodne zasilanie przez d\u0142u\u017cszy czas, a zaawansowany port USB-C umo\u017cliwia szybkie \u0142adowanie.<\/p>\n<p class=\"whitespace-normal break-words\">Wyj\u0105tkow\u0105 cech\u0105 charakterystyczn\u0105 jest inteligentny mechanizm Dual Flavor, kt\u00f3ry umo\u017cliwia natychmiastowe prze\u0142\u0105czanie mi\u0119dzy dwoma zupe\u0142nie r\u00f3\u017cnymi profilami smakowymi za pomoc\u0105 funkcji Slide. Rozkoszuj si\u0119 potr\u00f3jn\u0105 symfoni\u0105 jag\u00f3d i wi\u015bni w smaku Blueberry Cranberry Cherry lub przejd\u017a do soczystej nuty Watermelon Cherry \u2013 wyb\u00f3r nale\u017cy do Ciebie. To innowacyjne rozwi\u0105zanie eliminuje potrzeb\u0119 posiadania wielu urz\u0105dze\u0144 i jest idealne dla entuzjast\u00f3w wapowania, kt\u00f3rzy preferuj\u0105 r\u00f3\u017cnorodno\u015b\u0107 smak\u00f3w bez zb\u0119dnych komplikacji.<\/p>\n<p class=\"whitespace-normal break-words\">Urz\u0105dzenie jest wyposa\u017cone w wyrafinowan\u0105 cewk\u0119 Dual Mesh o impedancji 1,2 \u03a9, kt\u00f3ra zosta\u0142a zaprojektowana tak, aby wytwarza\u0107 aksamitn\u0105 par\u0119 i zapewnia\u0107 pe\u0142ny, stabilny aromat przy ka\u017cdym zaci\u0105gni\u0119ciu. Ta zaawansowana konstrukcja cewki gwarantuje najwy\u017csz\u0105 wydajno\u015b\u0107 i doskona\u0142\u0105 intensywno\u015b\u0107 smaku przez ca\u0142y okres u\u017cytkowania.<\/p>\n<p class=\"whitespace-normal break-words\">Dzi\u0119ki czterem dost\u0119pnym poziomom nikotyny \u2013 0 %, 2 %, 3 % lub 5 % \u2013 system ten zaspokaja potrzeby szerokiego grona u\u017cytkownik\u00f3w, od opcji bez nikotyny po mocniejsze warianty. Ta elastyczno\u015b\u0107 pozwala ka\u017cdemu u\u017cytkownikowi na indywidualne dostosowanie dozna\u0144 zwi\u0105zanych z vapowaniem.<\/p>\n<h3 class=\"text-lg font-bold text-text-100 mt-1 -mb-1.5\">Dane techniczne:<\/h3>\n<p class=\"whitespace-normal break-words\"><strong>Liczba poci\u0105g\u00f3w:<\/strong> Do 40 000 zaci\u0105gni\u0119\u0107<br \/>\n<strong>Obj\u0119to\u015b\u0107 e-liquidu:<\/strong> 40 ml<br \/>\n<strong>St\u0119\u017cenia nikotyny:<\/strong> 0 %, 2 %, 3 %, 5 %<br \/>\n<strong>Wydajno\u015b\u0107 baterii:<\/strong> 650 mAh (akumulator)<br \/>\n<strong>Z\u0142\u0105cze \u0142adowania:<\/strong> Typ-C<br \/>\n<strong>Waporyzator:<\/strong> Podw\u00f3jna cewka siatkowa (1,2\u03a9)<br \/>\n<strong>System aromat\u00f3w:<\/strong> Podw\u00f3jny prze\u0142\u0105cznik suwakowy<br \/>\n<strong>Waga:<\/strong> Oko\u0142o 120 g<\/p>\n<h3 class=\"text-lg font-bold text-text-100 mt-1 -mb-1.5\">Odkryj wi\u0119cej BANG VAPE na fumotpuff<\/h3>\n<p class=\"whitespace-normal break-words\">Przegl\u0105daj nasze <strong><a class=\"underline\" href=\"https:\/\/fumotpuff.com\/pl\/\">Sklep internetowy Fumot Puff<\/a><\/strong> aby uzyska\u0107 dodatkowe informacje na temat najlepszych produkt\u00f3w w dziedzinie pary i zapozna\u0107 si\u0119 z pe\u0142n\u0105 ofert\u0105 <strong><a class=\"underline\" href=\"https:\/\/fumotpuff.com\/pl\/product-category\/bang-vape\/\">Gama BANG VAPE<\/a><\/strong> z prze\u0142omowymi innowacjami. Wszystkie warianty smakowe <strong><a class=\"underline\" href=\"https:\/\/fumotpuff.com\/pl\/product-category\/bang-vape\/bang-blaze-40000\/\">Rodzina Bang Blaze 40000<\/a><\/strong> czekaj\u0105 na odkrycie.<\/p>","protected":false},"excerpt":{"rendered":"<p class=\"whitespace-normal break-words\">Bang Blaze 40000 Blueberry Cranberry Cherry\/Watermelon Cherry oferuje 40 000 zaci\u0105gni\u0119\u0107 z dwoma smakami jag\u00f3d i wi\u015bni. Prze\u0142\u0105czaj si\u0119 mi\u0119dzy z\u0142o\u017conym smakiem trzech jag\u00f3d a soczystym smakiem arbuza i wi\u015bni. 40 ml e-liquidu, podw\u00f3jna cewka siatkowa, akumulator 650 mAh, \u0142adowanie typu C \u2013 w 4 poziomach nikotyny.<\/p>","protected":false},"featured_media":4345,"comment_status":"open","ping_status":"closed","template":"","meta":{"_acf_changed":false},"product_brand":[],"product_cat":[48],"product_tag":[],"class_list":{"0":"post-4343","1":"product","2":"type-product","3":"status-publish","4":"has-post-thumbnail","6":"product_cat-bang-blaze-40000","8":"first","9":"instock","10":"shipping-taxable","11":"purchasable","12":"product-type-variable"},"acf":[],"_links":{"self":[{"href":"https:\/\/fumotpuff.com\/pl\/wp-json\/wp\/v2\/product\/4343","targetHints":{"allow":["GET"]}}],"collection":[{"href":"https:\/\/fumotpuff.com\/pl\/wp-json\/wp\/v2\/product"}],"about":[{"href":"https:\/\/fumotpuff.com\/pl\/wp-json\/wp\/v2\/types\/product"}],"replies":[{"embeddable":true,"href":"https:\/\/fumotpuff.com\/pl\/wp-json\/wp\/v2\/comments?post=4343"}],"wp:featuredmedia":[{"embeddable":true,"href":"https:\/\/fumotpuff.com\/pl\/wp-json\/wp\/v2\/media\/4345"}],"wp:attachment":[{"href":"https:\/\/fumotpuff.com\/pl\/wp-json\/wp\/v2\/media?parent=4343"}],"wp:term":[{"taxonomy":"product_brand","embeddable":true,"href":"https:\/\/fumotpuff.com\/pl\/wp-json\/wp\/v2\/product_brand?post=4343"},{"taxonomy":"product_cat","embeddable":true,"href":"https:\/\/fumotpuff.com\/pl\/wp-json\/wp\/v2\/product_cat?post=4343"},{"taxonomy":"product_tag","embeddable":true,"href":"https:\/\/fumotpuff.com\/pl\/wp-json\/wp\/v2\/product_tag?post=4343"}],"curies":[{"name":"wp","href":"https:\/\/api.w.org\/{rel}","templated":true}]}}