{"id":4336,"date":"2025-11-03T04:33:02","date_gmt":"2025-11-03T03:33:02","guid":{"rendered":"https:\/\/fumotpuff.com\/?post_type=product&#038;p=4336"},"modified":"2025-11-03T04:33:02","modified_gmt":"2025-11-03T03:33:02","slug":"bang-blaze-40000-berries-cool-watermelon-sour-peach","status":"publish","type":"product","link":"https:\/\/fumotpuff.com\/pl\/produkt\/bang-blaze-40000-berries-cool-watermelon-sour-peach\/","title":{"rendered":"Bang Blaze 40000 Berries Cool\/Watermelon Sour Peach"},"content":{"rendered":"<h2 class=\"text-xl font-bold text-text-100 mt-1 -mb-0.5\">Bang Blaze 40000 Berries Cool\/Watermelon Sour Peach Jednorazowy vape<\/h2>\n<p class=\"whitespace-normal break-words\">The <strong>Jednorazowy e-papieros Bang Blaze 40000 Puffs<\/strong> Wersje smakowe Berries Cool i Watermelon Sour Peach zapewniaj\u0105 do 40 000 zaci\u0105gni\u0119\u0107 i \u0142\u0105cz\u0105 w sobie pojemny zbiornik na e-liquid o pojemno\u015bci 40 ml z wydajn\u0105 bateri\u0105 650 mAh, zapewniaj\u0105c\u0105 d\u0142ugotrwa\u0142\u0105 przyjemno\u015b\u0107 z vapowania. Dzi\u0119ki prze\u0142omowemu systemowi Dual-Flavor-Slide mo\u017cna bez wysi\u0142ku prze\u0142\u0105cza\u0107 si\u0119 mi\u0119dzy ch\u0142odz\u0105c\u0105 stron\u0105 Berries Cool a kwaskowato-s\u0142odk\u0105 wersj\u0105 Watermelon Sour Peach. Wyposa\u017cone w wydajn\u0105 cewk\u0119 Dual Mesh (1,2 \u03a9) zapewniaj\u0105c\u0105 wyrazisty aromat i jedwabist\u0105 par\u0119, urz\u0105dzenie to jest dost\u0119pne w 4 wersjach nikotynowych (0 %, 2 %, 3 %, 5 %). Szybkie \u0142adowanie typu C zapewnia sta\u0142\u0105 gotowo\u015b\u0107 do u\u017cycia.<\/p>\n<h3 class=\"text-lg font-bold text-text-100 mt-1 -mb-1.5\">Zalety Bang Blaze 40000 Puffs Berries Cool\/Watermelon Sour Peach:<\/h3>\n<p class=\"whitespace-normal break-words\">Dzi\u0119ki imponuj\u0105cej liczbie 40 000 zaci\u0105gni\u0119\u0107 urz\u0105dzenie to wyznacza nowy standard wytrzyma\u0142o\u015bci i zapewnia tygodnie nieprzerwanego vapowania. Pojemny zbiornik na e-liquid o pojemno\u015bci 40 ml jest fabrycznie nape\u0142niony, co eliminuje konieczno\u015b\u0107 regularnego uzupe\u0142niania lub wymiany. Wbudowany akumulator o pojemno\u015bci 650 mAh z funkcj\u0105 \u0142adowania gwarantuje sta\u0142\u0105 wydajno\u015b\u0107 podczas d\u0142ugich sesji, a nowoczesne z\u0142\u0105cze USB-C zapewnia szybkie \u0142adowanie.<\/p>\n<p class=\"whitespace-normal break-words\">Najwa\u017cniejsz\u0105 funkcj\u0105 jest bez w\u0105tpienia genialny prze\u0142\u0105cznik Dual Flavor, kt\u00f3ry umo\u017cliwia natychmiastowe prze\u0142\u0105czanie mi\u0119dzy dwoma kontrastowymi smakami za pomoc\u0105 jednego ruchu. Ciesz si\u0119 lodowato sch\u0142odzon\u0105 mieszank\u0105 jag\u00f3d Berries Cool lub owocowo-kwa\u015bn\u0105 kombinacj\u0105 Watermelon Sour Peach \u2013 w zale\u017cno\u015bci od nastroju. Technologia ta pozwala unikn\u0105\u0107 konieczno\u015bci noszenia ze sob\u0105 wielu urz\u0105dze\u0144 i jest idealna dla u\u017cytkownik\u00f3w e-papieros\u00f3w, kt\u00f3rzy pragn\u0105 r\u00f3\u017cnorodno\u015bci bez utraty komfortu.<\/p>\n<p class=\"whitespace-normal break-words\">Zastosowana cewka Dual Mesh o rezystancji 1,2 \u03a9 zosta\u0142a specjalnie zaprojektowana, aby wytwarza\u0107 jedwabist\u0105 par\u0119 i zapewnia\u0107 intensywny, r\u00f3wnomierny profil smakowy przy ka\u017cdym zaci\u0105gni\u0119ciu. Ta zaawansowana technologia parownika zapewnia doskona\u0142\u0105 wydajno\u015b\u0107 i jako\u015b\u0107 aromatu przez ca\u0142y okres u\u017cytkowania.<\/p>\n<p class=\"whitespace-normal break-words\">Dzi\u0119ki dost\u0119pno\u015bci w czterech mocach nikotynowych \u2013 0 %, 2 %, 3 % i 5 % \u2013 produkt ten zaspokaja r\u00f3\u017cnorodne potrzeby u\u017cytkownik\u00f3w, od alternatyw bez nikotyny po silniejsze dawki. Ta r\u00f3\u017cnorodno\u015b\u0107 pozwala na ca\u0142kowicie spersonalizowane do\u015bwiadczenie u\u017cytkowania.<\/p>\n<h3 class=\"text-lg font-bold text-text-100 mt-1 -mb-1.5\">Dane techniczne:<\/h3>\n<p class=\"whitespace-normal break-words\"><strong>Liczba poci\u0105g\u00f3w:<\/strong> Do 40 000 zaci\u0105gni\u0119\u0107<br \/>\n<strong>Obj\u0119to\u015b\u0107 e-liquidu:<\/strong> 40 ml<br \/>\n<strong>St\u0119\u017cenia nikotyny:<\/strong> 0 %, 2 %, 3 %, 5 %<br \/>\n<strong>Wydajno\u015b\u0107 baterii:<\/strong> 650 mAh (akumulator)<br \/>\n<strong>Z\u0142\u0105cze \u0142adowania:<\/strong> Typ-C<br \/>\n<strong>Waporyzator:<\/strong> Podw\u00f3jna cewka siatkowa (1,2\u03a9)<br \/>\n<strong>System aromat\u00f3w:<\/strong> Podw\u00f3jny prze\u0142\u0105cznik suwakowy<br \/>\n<strong>Waga:<\/strong> Oko\u0142o 120 g<\/p>\n<h3 class=\"text-lg font-bold text-text-100 mt-1 -mb-1.5\">Odkryj wi\u0119cej BANG VAPE na fumotpuff<\/h3>\n<p class=\"whitespace-normal break-words\">Przegl\u0105daj nasze <strong><a class=\"underline\" href=\"https:\/\/fumotpuff.com\/pl\/\">Sklep internetowy Fumot Puff<\/a><\/strong> szukaj innych rozwi\u0105za\u0144 premium do wapowania i zapoznaj si\u0119 z bogat\u0105 ofert\u0105 <strong><a class=\"underline\" href=\"https:\/\/fumotpuff.com\/pl\/product-category\/bang-vape\/\">Seria BANG VAPE<\/a><\/strong> z rewolucyjnymi produktami. Ca\u0142y wyb\u00f3r smak\u00f3w <strong><a class=\"underline\" href=\"https:\/\/fumotpuff.com\/pl\/product-category\/bang-vape\/bang-blaze-40000\/\">Linia Bang Blaze 40000<\/a><\/strong> jest gotowy.<\/p>","protected":false},"excerpt":{"rendered":"<p class=\"whitespace-normal break-words\">Bang Blaze 40000 Berries Cool\/Watermelon Sour Peach \u0142\u0105czy w sobie ch\u0142odn\u0105 mieszank\u0119 jag\u00f3d z kwa\u015bno-s\u0142odk\u0105 nut\u0105 arbuza i brzoskwini. 40 000 zaci\u0105gni\u0119\u0107, 40 ml e-liquidu i system Dual Flavor Slide umo\u017cliwiaj\u0105cy natychmiastow\u0105 zmian\u0119 smaku. Podw\u00f3jna cewka siatkowa, akumulator 650 mAh, \u0142adowanie typu C \u2013 dost\u0119pny w 4 poziomach nikotyny.<\/p>","protected":false},"featured_media":4338,"comment_status":"open","ping_status":"closed","template":"","meta":{"_acf_changed":false},"product_brand":[],"product_cat":[48],"product_tag":[],"class_list":{"0":"post-4336","1":"product","2":"type-product","3":"status-publish","4":"has-post-thumbnail","6":"product_cat-bang-blaze-40000","8":"first","9":"instock","10":"shipping-taxable","11":"purchasable","12":"product-type-variable"},"acf":[],"_links":{"self":[{"href":"https:\/\/fumotpuff.com\/pl\/wp-json\/wp\/v2\/product\/4336","targetHints":{"allow":["GET"]}}],"collection":[{"href":"https:\/\/fumotpuff.com\/pl\/wp-json\/wp\/v2\/product"}],"about":[{"href":"https:\/\/fumotpuff.com\/pl\/wp-json\/wp\/v2\/types\/product"}],"replies":[{"embeddable":true,"href":"https:\/\/fumotpuff.com\/pl\/wp-json\/wp\/v2\/comments?post=4336"}],"wp:featuredmedia":[{"embeddable":true,"href":"https:\/\/fumotpuff.com\/pl\/wp-json\/wp\/v2\/media\/4338"}],"wp:attachment":[{"href":"https:\/\/fumotpuff.com\/pl\/wp-json\/wp\/v2\/media?parent=4336"}],"wp:term":[{"taxonomy":"product_brand","embeddable":true,"href":"https:\/\/fumotpuff.com\/pl\/wp-json\/wp\/v2\/product_brand?post=4336"},{"taxonomy":"product_cat","embeddable":true,"href":"https:\/\/fumotpuff.com\/pl\/wp-json\/wp\/v2\/product_cat?post=4336"},{"taxonomy":"product_tag","embeddable":true,"href":"https:\/\/fumotpuff.com\/pl\/wp-json\/wp\/v2\/product_tag?post=4336"}],"curies":[{"name":"wp","href":"https:\/\/api.w.org\/{rel}","templated":true}]}}