{"id":4329,"date":"2025-11-03T04:30:06","date_gmt":"2025-11-03T03:30:06","guid":{"rendered":"https:\/\/fumotpuff.com\/?post_type=product&#038;p=4329"},"modified":"2025-11-03T04:30:06","modified_gmt":"2025-11-03T03:30:06","slug":"bang-blaze-40000-beach-sex-raspberry-watermelon","status":"publish","type":"product","link":"https:\/\/fumotpuff.com\/pl\/produkt\/bang-blaze-40000-beach-sex-raspberry-watermelon\/","title":{"rendered":"Bang Blaze 40000 Beach Sex\/Raspberry Watermelon"},"content":{"rendered":"<h2 class=\"text-xl font-bold text-text-100 mt-1 -mb-0.5\">Bang Blaze 40000 Beach Sex\/Raspberry Watermelon Jednorazowy vape<\/h2>\n<p class=\"whitespace-normal break-words\">Do\u015bwiadczenie z <strong>Jednorazowy e-papieros Bang Blaze 40000 Puffs<\/strong> w smakach Beach Sex i Raspberry Watermelon do 40 000 wyj\u0105tkowych zaci\u0105gni\u0119\u0107. Dzi\u0119ki pojemnemu zbiornikowi na e-liquid o pojemno\u015bci 40 ml i niezawodnej baterii 650 mAh z funkcj\u0105 \u0142adowania mo\u017cesz cieszy\u0107 si\u0119 d\u0142ugotrwa\u0142ymi chwilami parowania. Prze\u0142omowy system Dual-Flavor-Slide pozwala na \u0142atwe przechodzenie mi\u0119dzy tropikaln\u0105 wersj\u0105 Beach Sex a owocowo-\u015bwie\u017c\u0105 opcj\u0105 Raspberry Watermelon. Zintegrowana cewka Dual Mesh (1,2 \u03a9) gwarantuje intensywny aromat i aksamitn\u0105 par\u0119. Dost\u0119pny w 4 poziomach nikotyny (0 %, 2 %, 3 %, 5 %) i wyposa\u017cony w b\u0142yskawiczne \u0142adowanie typu C.<\/p>\n<h3 class=\"text-lg font-bold text-text-100 mt-1 -mb-1.5\">Cechy szczeg\u00f3lne Bang Blaze 40000 Beach Sex\/Raspberry Watermelon:<\/h3>\n<p class=\"whitespace-normal break-words\">To wyj\u0105tkowe urz\u0105dzenie zapewnia fenomenalne 40 000 zaci\u0105gni\u0119\u0107, umo\u017cliwiaj\u0105c wielotygodniowe korzystanie z e-papierosa bez \u017cadnych kompromis\u00f3w. Wype\u0142niony fabrycznie 40 ml wysokiej jako\u015bci e-liquidem, zosta\u0142 zaprojektowany z my\u015bl\u0105 o maksymalnej \u017cywotno\u015bci i sprawia, \u017ce cz\u0119ste zakupy nowych produkt\u00f3w staj\u0105 si\u0119 zb\u0119dne. Akumulator 650 mAh zapewnia niezawodn\u0105 moc przez ca\u0142y czas trwania d\u0142ugich sesji wapowania, a system szybkiego \u0142adowania USB-C gwarantuje minimalny czas przestoju.<\/p>\n<p class=\"whitespace-normal break-words\">Absolutn\u0105 atrakcj\u0105 jest sprytny prze\u0142\u0105cznik Dual Flavor, kt\u00f3ry pozwala b\u0142yskawicznie prze\u0142\u0105cza\u0107 si\u0119 mi\u0119dzy dwoma zupe\u0142nie r\u00f3\u017cnymi profilami smakowymi. Zanurz si\u0119 w egzotycznym \u015bwiecie seksu na pla\u017cy lub przejd\u017a do soczystej maliny i arbuza \u2013 decyzja nale\u017cy do Ciebie. Ten innowacyjny mechanizm eliminuje konieczno\u015b\u0107 noszenia przy sobie wielu urz\u0105dze\u0144 i jest idealny dla wymagaj\u0105cych u\u017cytkownik\u00f3w, kt\u00f3rzy kochaj\u0105 r\u00f3\u017cnorodno\u015b\u0107.<\/p>\n<p class=\"whitespace-normal break-words\">Urz\u0105dzenie jest wyposa\u017cone w zaawansowan\u0105 cewk\u0119 Dual Mesh o rezystancji 1,2 \u03a9, zaprojektowan\u0105 specjalnie w celu wytwarzania mi\u0119kkiej pary i zapewnienia bogatego, sp\u00f3jnego aromatu przy ka\u017cdym zaci\u0105gni\u0119ciu. Ta nowoczesna technologia parowania zapewnia optymaln\u0105 wydajno\u015b\u0107 i doskona\u0142\u0105 jako\u015b\u0107 smaku przez ca\u0142y okres u\u017cytkowania produktu.<\/p>\n<p class=\"whitespace-normal break-words\">Dzi\u0119ki mo\u017cliwo\u015bci wyboru spo\u015br\u00f3d czterech poziom\u00f3w nikotyny \u2013 0 %, 2 %, 3 % lub 5 % \u2013 urz\u0105dzenie to zaspokaja szerokie spektrum preferencji u\u017cytkownik\u00f3w, od ca\u0142kowicie beznikotynowego vapowania po bardziej intensywne doznania. Ta elastyczno\u015b\u0107 pozwala ka\u017cdemu u\u017cytkownikowi dostosowa\u0107 vapowanie do w\u0142asnych potrzeb.<\/p>\n<h3 class=\"text-lg font-bold text-text-100 mt-1 -mb-1.5\">Dane techniczne:<\/h3>\n<p class=\"whitespace-normal break-words\"><strong>Liczba poci\u0105g\u00f3w:<\/strong> Do 40 000 zaci\u0105gni\u0119\u0107<br \/>\n<strong>Obj\u0119to\u015b\u0107 e-liquidu:<\/strong> 40 ml<br \/>\n<strong>St\u0119\u017cenia nikotyny:<\/strong> 0 %, 2 %, 3 %, 5 %<br \/>\n<strong>Wydajno\u015b\u0107 baterii:<\/strong> 650 mAh (akumulator)<br \/>\n<strong>Z\u0142\u0105cze \u0142adowania:<\/strong> Typ-C<br \/>\n<strong>Waporyzator:<\/strong> Podw\u00f3jna cewka siatkowa (1,2\u03a9)<br \/>\n<strong>System aromat\u00f3w:<\/strong> Podw\u00f3jny prze\u0142\u0105cznik suwakowy<br \/>\n<strong>Waga:<\/strong> Oko\u0142o 120 g<\/p>\n<h3 class=\"text-lg font-bold text-text-100 mt-1 -mb-1.5\">Odkryj wi\u0119cej BANG VAPE na fumotpuff<\/h3>\n<p class=\"whitespace-normal break-words\">Odwied\u017a nasz\u0105 stron\u0119 <strong><a class=\"underline\" href=\"https:\/\/fumotpuff.com\/pl\/\">Sklep internetowy Fumot Puff<\/a><\/strong> aby uzyska\u0107 wi\u0119cej informacji na temat najwy\u017cszej jako\u015bci produkt\u00f3w do wapowania i odkry\u0107 pe\u0142n\u0105 ofert\u0119 <strong><a class=\"underline\" href=\"https:\/\/fumotpuff.com\/pl\/product-category\/bang-vape\/\">Gama produkt\u00f3w BANG VAPE<\/a><\/strong> z pionierskimi systemami. Wszystkie smaki <strong><a class=\"underline\" href=\"https:\/\/fumotpuff.com\/pl\/product-category\/bang-vape\/bang-blaze-40000\/\">Seria Bang Blaze 40000<\/a><\/strong> s\u0105 do Twojej dyspozycji.<\/p>","protected":false},"excerpt":{"rendered":"<p class=\"whitespace-normal break-words\">Bang Blaze 40000 Beach Sex\/Raspberry Watermelon oferuje 40 000 zaci\u0105gni\u0119\u0107 z dwoma egzotycznymi smakami. \u0141atwo prze\u0142\u0105czaj si\u0119 mi\u0119dzy tropikalnym Beach Sex a owocowym Raspberry Watermelon. 40 ml e-liquidu, podw\u00f3jna cewka siatkowa, akumulator 650 mAh, \u0142adowanie typu C \u2013 dost\u0119pny w 4 st\u0119\u017ceniach nikotyny.<\/p>","protected":false},"featured_media":4331,"comment_status":"open","ping_status":"closed","template":"","meta":{"_acf_changed":false},"product_brand":[],"product_cat":[48],"product_tag":[],"class_list":{"0":"post-4329","1":"product","2":"type-product","3":"status-publish","4":"has-post-thumbnail","6":"product_cat-bang-blaze-40000","8":"first","9":"instock","10":"shipping-taxable","11":"purchasable","12":"product-type-variable"},"acf":[],"_links":{"self":[{"href":"https:\/\/fumotpuff.com\/pl\/wp-json\/wp\/v2\/product\/4329","targetHints":{"allow":["GET"]}}],"collection":[{"href":"https:\/\/fumotpuff.com\/pl\/wp-json\/wp\/v2\/product"}],"about":[{"href":"https:\/\/fumotpuff.com\/pl\/wp-json\/wp\/v2\/types\/product"}],"replies":[{"embeddable":true,"href":"https:\/\/fumotpuff.com\/pl\/wp-json\/wp\/v2\/comments?post=4329"}],"wp:featuredmedia":[{"embeddable":true,"href":"https:\/\/fumotpuff.com\/pl\/wp-json\/wp\/v2\/media\/4331"}],"wp:attachment":[{"href":"https:\/\/fumotpuff.com\/pl\/wp-json\/wp\/v2\/media?parent=4329"}],"wp:term":[{"taxonomy":"product_brand","embeddable":true,"href":"https:\/\/fumotpuff.com\/pl\/wp-json\/wp\/v2\/product_brand?post=4329"},{"taxonomy":"product_cat","embeddable":true,"href":"https:\/\/fumotpuff.com\/pl\/wp-json\/wp\/v2\/product_cat?post=4329"},{"taxonomy":"product_tag","embeddable":true,"href":"https:\/\/fumotpuff.com\/pl\/wp-json\/wp\/v2\/product_tag?post=4329"}],"curies":[{"name":"wp","href":"https:\/\/api.w.org\/{rel}","templated":true}]}}