{"id":4197,"date":"2025-10-31T04:44:33","date_gmt":"2025-10-31T03:44:33","guid":{"rendered":"https:\/\/fumotpuff.com\/?post_type=product&#038;p=4197"},"modified":"2025-10-31T04:44:33","modified_gmt":"2025-10-31T03:44:33","slug":"bang-blaze-60000-strawberry-mango-watermelon-bubble-gum-red-mojito-love66","status":"publish","type":"product","link":"https:\/\/fumotpuff.com\/pl\/produkt\/bang-blaze-60000-strawberry-mango-watermelon-bubble-gum-red-mojito-love66\/","title":{"rendered":"Bang Blaze 60000 Strawberry Mango\/Watermelon Bubble Gum\/Red Mojito\/Love66"},"content":{"rendered":"<div data-test-render-count=\"2\">\n<div class=\"group  relative pb-8\" data-is-streaming=\"false\">\n<div class=\"font-claude-response  relative  leading-[1.65rem]  [&amp;_pre&gt;div]:bg-bg-000\/50  [&amp;_pre&gt;div]:border-0.5  [&amp;_pre&gt;div]:border-border-400  [&amp;_.ignore-pre-bg&gt;div]:bg-transparent  [&amp;_.standard-markdown_:is(p,blockquote,h1,h2,h3,h4,h5,h6)]:pl-2  [&amp;_.standard-markdown_:is(p,blockquote,ul,ol,h1,h2,h3,h4,h5,h6)]:pr-8  [&amp;_.progressive-markdown_:is(p,blockquote,h1,h2,h3,h4,h5,h6)]:pl-2  [&amp;_.progressive-markdown_:is(p,blockquote,ul,ol,h1,h2,h3,h4,h5,h6)]:pr-8\">\n<div>\n<div class=\"grid-cols-1 grid gap-2.5 [&amp;_&gt;_*]:min-w-0 standard-markdown\">\n<h2 class=\"text-xl font-bold text-text-100 mt-1 -mb-0.5\">Bang Blaze 60000 Strawberry Mango\/Watermelon Bubble Gum\/Red Mojito\/Love66 Einweg-Vape<\/h2>\n<p class=\"whitespace-normal break-words\">Das <strong>Bang Blaze 60000 4-in-1<\/strong> vereint technologische Innovation mit herausragender Performance in einem Premium-Einweg-Dampfger\u00e4t. Vier separate Liquidkammern erlauben den blitzschnellen Wechsel zwischen <strong>Strawberry Mango<\/strong>, <strong>Watermelon Bubble Gum<\/strong>, <strong>Red Mojito<\/strong> und <strong>Love66<\/strong> \u2013 ideal f\u00fcr Dampfer mit Anspruch auf Abwechslung. Die beachtliche 60-ml-E-Liquid-Kapazit\u00e4t gew\u00e4hrleistet bis zu 60.000 Z\u00fcge f\u00fcr maximale Nutzungsdauer. Ausgestattet mit wiederaufladbarem 650-mAh-Akku, Type-C-Schnellladetechnologie und smartem Display zur Darstellung von Akkustand und Zugz\u00e4hler bietet es h\u00f6chsten Bedienkomfort. Das Quad-Mesh-Coil-System erzeugt vollmundigen, samtweichen Dampf f\u00fcr erstklassigen Genuss.<\/p>\n<h3 class=\"text-lg font-bold text-text-100 mt-1 -mb-1.5\">Vorteile der Bang Blaze 60000:<\/h3>\n<p class=\"whitespace-normal break-words\">Genie\u00dfen Sie unvergleichliche Nutzungsdauer mit 60.000 Z\u00fcgen aus einem gro\u00dfz\u00fcgigen, vorgef\u00fcllten 60-ml-E-Liquid-Reservoir. Die hochentwickelte 1,0\u03a9-Mesh-Coil generiert intensiven, geschmeidigen Dampf mit ausdrucksstarkem, reinem Geschmack bei jedem Zug, w\u00e4hrend der wiederaufladbare 650-mAh-Akku mit Type-C-Port z\u00fcgiges Aufladen und konstante Leistung gew\u00e4hrleistet.<\/p>\n<\/div>\n<\/div>\n<\/div>\n<\/div>\n<\/div>\n<div data-test-render-count=\"1\">\n<div class=\"group  relative pb-3\" data-is-streaming=\"false\">\n<div class=\"font-claude-response  relative  leading-[1.65rem]  [&amp;_pre&gt;div]:bg-bg-000\/50  [&amp;_pre&gt;div]:border-0.5  [&amp;_pre&gt;div]:border-border-400  [&amp;_.ignore-pre-bg&gt;div]:bg-transparent  [&amp;_.standard-markdown_:is(p,blockquote,h1,h2,h3,h4,h5,h6)]:pl-2  [&amp;_.standard-markdown_:is(p,blockquote,ul,ol,h1,h2,h3,h4,h5,h6)]:pr-8  [&amp;_.progressive-markdown_:is(p,blockquote,h1,h2,h3,h4,h5,h6)]:pl-2  [&amp;_.progressive-markdown_:is(p,blockquote,ul,ol,h1,h2,h3,h4,h5,h6)]:pr-8\">\n<div class=\"grid-cols-1 grid gap-2.5 [&amp;_&gt;_*]:min-w-0 standard-markdown\">\n<p class=\"whitespace-normal break-words\">Wechseln Sie m\u00fchelos zwischen vier verschiedenen Aromen dank des einzigartigen 4-in-1-Systems \u2013 vereint in einem kompakten Ger\u00e4t. Das smarte Digitaldisplay liefert Echtzeit-Informationen \u00fcber Akku- und E-Liquid-Level f\u00fcr optimale Kontrolle und eliminiert jegliche Unsicherheit.<\/p>\n<p class=\"whitespace-normal break-words\">W\u00e4hlen Sie aus verschiedenen Nikotinstufen (0 %, 2 %, 3 % und 5 %), um Ihren pers\u00f6nlichen Lebensstil perfekt abzubilden. Ohne Nachf\u00fcllen und mit geringstem Wartungsaufwand erleben Sie verl\u00e4ngerte, problemlose Dampfsessions, die sich Ihren Bed\u00fcrfnissen anpassen.<\/p>\n<h3 class=\"text-lg font-bold text-text-100 mt-1 -mb-1.5\">Technische Spezifikationen:<\/h3>\n<ul class=\"[&amp;:not(:last-child)_ul]:pb-1 [&amp;:not(:last-child)_ol]:pb-1 list-disc space-y-2.5 pl-7\">\n<li class=\"whitespace-normal break-words\"><strong>Zuganzahl:<\/strong> Bis zu 60.000 Z\u00fcge<\/li>\n<li class=\"whitespace-normal break-words\"><strong>E-Liquid-Kapazit\u00e4t:<\/strong> 60 ml<\/li>\n<li class=\"whitespace-normal break-words\"><strong>Akkukapazit\u00e4t:<\/strong> 650 mAh (wiederaufladbar)<\/li>\n<li class=\"whitespace-normal break-words\"><strong>Ladeanschluss:<\/strong> Type-C<\/li>\n<li class=\"whitespace-normal break-words\"><strong>Coil-Typ:<\/strong> Quad-Mesh-Coil<\/li>\n<li class=\"whitespace-normal break-words\"><strong>Display:<\/strong> Smartes LED-Display mit Anzeige von Akkustand und Zugz\u00e4hler<\/li>\n<li class=\"whitespace-normal break-words\"><strong>Nikotinst\u00e4rken:<\/strong> 0 %, 2 %, 3 %, 5 %<\/li>\n<\/ul>\n<h3 class=\"text-lg font-bold text-text-100 mt-1 -mb-1.5\">Mehr BANG VAPE bei fumotpuff entdecken<\/h3>\n<p class=\"whitespace-normal break-words\">Entdecken Sie weitere Premium-Dampfprodukte auf unserer <strong><a class=\"underline\" href=\"https:\/\/fumotpuff.com\/\">Homepage<\/a><\/strong> oder erkunden Sie die komplette <strong><a class=\"underline\" href=\"https:\/\/fumotpuff.com\/product-category\/bang-vape\/\">BANG VAPE Kategorie<\/a><\/strong>. Alle verf\u00fcgbaren Geschmacksrichtungen finden Sie in unserer <strong><a class=\"underline\" href=\"https:\/\/fumotpuff.com\/product-category\/bang-vape\/bang-blaze-60000\/\">Bang Blaze 60000 Kollektion<\/a><\/strong>.<\/p>\n<\/div>\n<\/div>\n<\/div>\n<\/div>\n","protected":false},"excerpt":{"rendered":"<p class=\"whitespace-normal break-words\">Bang Blaze 60000 Strawberry Mango\/Watermelon Bubble Gum\/Red Mojito\/Love66 oferuje cztery ekskluzywne smaki w jednym urz\u0105dzeniu premium. Zawiera 60 ml e-liquidu, 60 000 zaci\u0105gni\u0119\u0107, bateri\u0119 650 mAh typu C i inteligentny wy\u015bwietlacz. Cewki Quad-Mesh zapewniaj\u0105 pe\u0142ny, aksamitny smak pary.<\/p>","protected":false},"featured_media":4198,"comment_status":"open","ping_status":"closed","template":"","meta":{"_acf_changed":false},"product_brand":[],"product_cat":[46],"product_tag":[],"class_list":{"0":"post-4197","1":"product","2":"type-product","3":"status-publish","4":"has-post-thumbnail","6":"product_cat-bang-blaze-60000","8":"first","9":"instock","10":"shipping-taxable","11":"purchasable","12":"product-type-variable"},"acf":[],"_links":{"self":[{"href":"https:\/\/fumotpuff.com\/pl\/wp-json\/wp\/v2\/product\/4197","targetHints":{"allow":["GET"]}}],"collection":[{"href":"https:\/\/fumotpuff.com\/pl\/wp-json\/wp\/v2\/product"}],"about":[{"href":"https:\/\/fumotpuff.com\/pl\/wp-json\/wp\/v2\/types\/product"}],"replies":[{"embeddable":true,"href":"https:\/\/fumotpuff.com\/pl\/wp-json\/wp\/v2\/comments?post=4197"}],"wp:featuredmedia":[{"embeddable":true,"href":"https:\/\/fumotpuff.com\/pl\/wp-json\/wp\/v2\/media\/4198"}],"wp:attachment":[{"href":"https:\/\/fumotpuff.com\/pl\/wp-json\/wp\/v2\/media?parent=4197"}],"wp:term":[{"taxonomy":"product_brand","embeddable":true,"href":"https:\/\/fumotpuff.com\/pl\/wp-json\/wp\/v2\/product_brand?post=4197"},{"taxonomy":"product_cat","embeddable":true,"href":"https:\/\/fumotpuff.com\/pl\/wp-json\/wp\/v2\/product_cat?post=4197"},{"taxonomy":"product_tag","embeddable":true,"href":"https:\/\/fumotpuff.com\/pl\/wp-json\/wp\/v2\/product_tag?post=4197"}],"curies":[{"name":"wp","href":"https:\/\/api.w.org\/{rel}","templated":true}]}}