{"id":3730,"date":"2025-10-25T09:20:13","date_gmt":"2025-10-25T07:20:13","guid":{"rendered":"https:\/\/fumotpuff.com\/?post_type=product&#038;p=3730"},"modified":"2025-10-25T09:20:14","modified_gmt":"2025-10-25T07:20:14","slug":"bang-king-50000-strawberry-watermelon-kiwi-passion-fruit-guava","status":"publish","type":"product","link":"https:\/\/fumotpuff.com\/pl\/produkt\/bang-king-50000-strawberry-watermelon-kiwi-passion-fruit-guava\/","title":{"rendered":"Bang King 50000 Strawberry Watermelon\/Kiwi Passion Fruit Guava"},"content":{"rendered":"<h2 class=\"text-xl font-bold text-text-100 mt-1 -mb-0.5\">Bang King 50000 Strawberry Watermelon\/Kiwi Passion Fruit Guava Vape jednorazowego u\u017cytku<\/h2>\n<p class=\"whitespace-normal break-words\">The <strong>Jednorazowy e-papieros Bang King 50000<\/strong> z egzotycznymi smakami Strawberry Watermelon i Kiwi Passion Fruit Guava zabierze Ci\u0119 do tropikalnych \u015bwiat\u00f3w smaku. Dzi\u0119ki imponuj\u0105cej pojemno\u015bci 50 000 zaci\u0105gni\u0119\u0107 i du\u017cej pojemno\u015bci 50 ml, to wysokiej klasy urz\u0105dzenie oferuje d\u0142ugotrwa\u0142\u0105 przyjemno\u015b\u0107 z waporyzacji na najwy\u017cszym poziomie. Inteligentna funkcja podw\u00f3jnego smaku umo\u017cliwia \u0142atwe prze\u0142\u0105czanie mi\u0119dzy orze\u017awiaj\u0105c\u0105 mieszank\u0105 truskawek i arbuza a z\u0142o\u017conym trio kiwi, marakui i guawy. Wysokiej jako\u015bci cewka siatkowa 1,0 \u03a9 zapewnia maksymaln\u0105 wydajno\u015b\u0107 smakow\u0105, a akumulator 850 mAh zapewnia d\u0142ugotrwa\u0142\u0105 wydajno\u015b\u0107. Dzi\u0119ki funkcji szybkiego \u0142adowania typu C, zmiennemu przep\u0142ywowi powietrza i czytelnemu wy\u015bwietlaczowi LCD, Bang King 50000 jest doskonale wyposa\u017cony.<\/p>\n<h3 class=\"text-lg font-bold text-text-100 mt-1 -mb-1.5\">Cechy szczeg\u00f3lne Bang King 50000 Strawberry Watermelon\/Kiwi Passion Fruit Guava:<\/h3>\n<p class=\"whitespace-normal break-words\">Ciesz si\u0119 nawet 50 000 zaci\u0105gni\u0119\u0107 z jednego urz\u0105dzenia - to jedna z najd\u0142u\u017cszych \u017cywotno\u015bci w ca\u0142ym segmencie jednorazowych urz\u0105dze\u0144 vape. Fabrycznie zintegrowany system nape\u0142niania liquidem premium o pojemno\u015bci 50 ml gwarantuje kilka tygodni bezobs\u0142ugowej pracy. Wydajna bateria o pojemno\u015bci 850 mAh zapewnia niezmiennie wysok\u0105 jako\u015b\u0107 pary od pierwszego do ostatniego u\u017cycia.<\/p>\n<p class=\"whitespace-normal break-words\">Cztery r\u00f3\u017cne st\u0119\u017cenia nikotyny - 0%, 2%, 3% i 5% - umo\u017cliwiaj\u0105 dostosowanie do indywidualnych preferencji. Ca\u0142kowicie beznikotynowy, umiarkowany lub intensywny - tutaj znajdziesz idealn\u0105 r\u00f3wnowag\u0119.<\/p>\n<p class=\"whitespace-normal break-words\">Stylowa, kompaktowa konstrukcja Bang King 50000 \u0142\u0105czy elegancj\u0119 z por\u0119czno\u015bci\u0105. Dwa smaki - klasyczny, orze\u017awiaj\u0105cy truskawkowo-arbuzowy oraz egzotyczna potr\u00f3jna kombinacja kiwi, marakui i guawy - oferuj\u0105 maksymaln\u0105 r\u00f3\u017cnorodno\u015b\u0107 i sprawiaj\u0105, \u017ce ka\u017cda sesja waporyzacji staje si\u0119 wyj\u0105tkowym do\u015bwiadczeniem.<\/p>\n<h3 class=\"text-lg font-bold text-text-100 mt-1 -mb-1.5\">Dane techniczne:<\/h3>\n<p class=\"whitespace-normal break-words\"><strong>Liczba poci\u0105g\u00f3w:<\/strong> Do 50 000 zaci\u0105gni\u0119\u0107<br \/>\n<strong>Waporyzator:<\/strong> Cewka siatkowa 1,0 Ohm<br \/>\n<strong>Obj\u0119to\u015b\u0107 cieczy:<\/strong> 50 ml<br \/>\n<strong>Si\u0142a nikotyny:<\/strong> 0% \/ 2% \/ 3% \/ 5%<br \/>\n<strong>Pojemno\u015b\u0107 akumulatora:<\/strong> 850 mAh<br \/>\n<strong>Funkcja \u0142adowania:<\/strong> Akumulator typu C<br \/>\n<strong>Wy\u015bwietlacz:<\/strong> Cyfrowy wy\u015bwietlacz LCD<br \/>\n<strong>Profile smakowe:<\/strong> Podw\u00f3jny smak<\/p>\n<h3 class=\"text-lg font-bold text-text-100 mt-1 -mb-1.5\">Odkryj wi\u0119cej BANG VAPE na fumotpuff<\/h3>\n<p class=\"whitespace-normal break-words\">Masz ochot\u0119 na jeszcze wi\u0119cej wra\u017ce\u0144 z waporyzacji premium? Zapoznaj si\u0119 z nasz\u0105 ofert\u0105 <strong><a class=\"underline\" href=\"https:\/\/fumotpuff.com\/pl\/\">Strona g\u0142\u00f3wna<\/a><\/strong> z ci\u0105gle zmieniaj\u0105cymi si\u0119 ofertami i zupe\u0142nie nowymi produktami. Ca\u0142\u0105 rodzin\u0119 BANG wraz ze wszystkimi wariantami modeli prezentujemy szczeg\u00f3\u0142owo na stronie <strong><a class=\"underline\" href=\"https:\/\/fumotpuff.com\/pl\/product-category\/bang-vape\/\">Kategoria BANG VAPE<\/a><\/strong> z pomocnymi opcjami por\u00f3wnania. Pe\u0142n\u0105 gam\u0119 smak\u00f3w Bang King 50000 ze wszystkimi 12 unikalnymi wariantami mo\u017cna znale\u017a\u0107 na naszej stronie internetowej <strong><a class=\"underline\" href=\"https:\/\/fumotpuff.com\/pl\/product-category\/bang-vape\/bang-king-50000\/\">Kolekcja Bang King 50000<\/a><\/strong>.<\/p>","protected":false},"excerpt":{"rendered":"<p class=\"whitespace-normal break-words\">Bang King 50000 Strawberry Watermelon\/Kiwi Passion Fruit Guava oferuje 50 000 zaci\u0105gni\u0119\u0107 dwoma egzotycznymi smakami: orze\u017awiaj\u0105cym arbuzem truskawkowym i tropikalnym trio kiwi Passion Fruit Guava. Dzi\u0119ki 50 ml e-liquidu, baterii 850 mAh, cewce siatkowej 1,0 \u03a9, wy\u015bwietlaczowi LCD i \u0142adowaniu typu C, ten jednorazowy e-papieros zapewnia maksymaln\u0105 r\u00f3\u017cnorodno\u015b\u0107 smak\u00f3w.<\/p>","protected":false},"featured_media":3731,"comment_status":"open","ping_status":"closed","template":"","meta":{"_acf_changed":false},"product_brand":[],"product_cat":[40],"product_tag":[],"class_list":{"0":"post-3730","1":"product","2":"type-product","3":"status-publish","4":"has-post-thumbnail","6":"product_cat-bang-king-50000","8":"first","9":"instock","10":"shipping-taxable","11":"purchasable","12":"product-type-variable"},"acf":[],"_links":{"self":[{"href":"https:\/\/fumotpuff.com\/pl\/wp-json\/wp\/v2\/product\/3730","targetHints":{"allow":["GET"]}}],"collection":[{"href":"https:\/\/fumotpuff.com\/pl\/wp-json\/wp\/v2\/product"}],"about":[{"href":"https:\/\/fumotpuff.com\/pl\/wp-json\/wp\/v2\/types\/product"}],"replies":[{"embeddable":true,"href":"https:\/\/fumotpuff.com\/pl\/wp-json\/wp\/v2\/comments?post=3730"}],"wp:featuredmedia":[{"embeddable":true,"href":"https:\/\/fumotpuff.com\/pl\/wp-json\/wp\/v2\/media\/3731"}],"wp:attachment":[{"href":"https:\/\/fumotpuff.com\/pl\/wp-json\/wp\/v2\/media?parent=3730"}],"wp:term":[{"taxonomy":"product_brand","embeddable":true,"href":"https:\/\/fumotpuff.com\/pl\/wp-json\/wp\/v2\/product_brand?post=3730"},{"taxonomy":"product_cat","embeddable":true,"href":"https:\/\/fumotpuff.com\/pl\/wp-json\/wp\/v2\/product_cat?post=3730"},{"taxonomy":"product_tag","embeddable":true,"href":"https:\/\/fumotpuff.com\/pl\/wp-json\/wp\/v2\/product_tag?post=3730"}],"curies":[{"name":"wp","href":"https:\/\/api.w.org\/{rel}","templated":true}]}}