{"id":3723,"date":"2025-10-25T09:17:49","date_gmt":"2025-10-25T07:17:49","guid":{"rendered":"https:\/\/fumotpuff.com\/?post_type=product&#038;p=3723"},"modified":"2025-10-25T09:17:49","modified_gmt":"2025-10-25T07:17:49","slug":"bang-king-50000-strawberry-watermelon-black-dragon-ice","status":"publish","type":"product","link":"https:\/\/fumotpuff.com\/pl\/produkt\/bang-king-50000-strawberry-watermelon-black-dragon-ice\/","title":{"rendered":"Bang King 50000 Strawberry Watermelon\/Black Dragon Ice"},"content":{"rendered":"<h2 class=\"text-xl font-bold text-text-100 mt-1 -mb-0.5\">Bang King 50000 Strawberry Watermelon\/Black Dragon Ice jednorazowy vape<\/h2>\n<p class=\"whitespace-normal break-words\">The <strong>Jednorazowy e-papieros Bang King 50000<\/strong> o smakach Strawberry Watermelon i Black Dragon Ice oferuje ekscytuj\u0105ce po\u0142\u0105czenie owocowej s\u0142odyczy i mistycznego efektu ch\u0142odzenia. To wysokowydajne urz\u0105dzenie zapewnia fenomenalne 50 000 zaci\u0105gni\u0119\u0107 i ma pojemno\u015b\u0107 50 ml p\u0142ynu premium. Wybierz pomi\u0119dzy letnim smakiem truskawkowo-arbuzowym lub intensywnym smakiem Black Dragon Ice z charakterystycznym efektem ch\u0142odzenia. Zaawansowana cewka siatkowa 1,0 \u03a9 gwarantuje pe\u0142ne doznania smakowe, a bateria 850 mAh z szybkim \u0142adowaniem typu C zapewnia ci\u0105g\u0142\u0105 dost\u0119pno\u015b\u0107. Czytelny wy\u015bwietlacz LCD i regulowany przep\u0142yw powietrza zapewniaj\u0105 precyzyjn\u0105 kontrol\u0119 nad doznaniami z waporyzacji.<\/p>\n<h3 class=\"text-lg font-bold text-text-100 mt-1 -mb-1.5\">Cechy Bang King 50000 Strawberry Watermelon\/Black Dragon Ice:<\/h3>\n<p class=\"whitespace-normal break-words\">Do\u015bwiadcz wyj\u0105tkowej wytrzyma\u0142o\u015bci dzi\u0119ki nawet 50 000 zaci\u0105gni\u0119\u0107 na jedno urz\u0105dzenie - to najwy\u017csza wydajno\u015b\u0107 w\u015br\u00f3d jednorazowych e-papieros\u00f3w. Du\u017ca pojemno\u015b\u0107 50 ml p\u0142ynu jest fabrycznie nape\u0142niona i eliminuje potrzeb\u0119 uzupe\u0142niania. Niezawodna bateria 850 mAh zapewnia sta\u0142\u0105, wysokiej jako\u015bci par\u0119 od pierwszego do ostatniego zaci\u0105gni\u0119cia.<\/p>\n<p class=\"whitespace-normal break-words\">Dzi\u0119ki wyborowi nikotyny 0%, 2%, 3% lub 5% masz pe\u0142n\u0105 kontrol\u0119 nad spo\u017cyciem nikotyny. Niezale\u017cnie od tego, czy chcesz waporyzowa\u0107 bez nikotyny, stopniowo j\u0105 redukowa\u0107, czy te\u017c preferujesz mocne uderzenie - Bang King 50000 spe\u0142nia wszystkie wymagania.<\/p>\n<p class=\"whitespace-normal break-words\">Elegancka, por\u0119czna konstrukcja sprawia, \u017ce ten waporyzator jest idealnym towarzyszem na co dzie\u0144. Kontrastuj\u0105ce profile smakowe - s\u0142odka mieszanka truskawki i arbuza oraz tajemniczy czarny smoczy l\u00f3d z intensywnym efektem ch\u0142odzenia - oferuj\u0105 ekscytuj\u0105c\u0105 r\u00f3\u017cnorodno\u015b\u0107 dla vaper\u00f3w, kt\u00f3rzy lubi\u0105 eksperymentowa\u0107.<\/p>\n<h3 class=\"text-lg font-bold text-text-100 mt-1 -mb-1.5\">Dane techniczne:<\/h3>\n<p class=\"whitespace-normal break-words\"><strong>Liczba poci\u0105g\u00f3w:<\/strong> Do 50 000 zaci\u0105gni\u0119\u0107<br \/>\n<strong>Waporyzator:<\/strong> Cewka siatkowa 1,0 Ohm<br \/>\n<strong>Obj\u0119to\u015b\u0107 cieczy:<\/strong> 50 ml<br \/>\n<strong>Si\u0142a nikotyny:<\/strong> 0% \/ 2% \/ 3% \/ 5%<br \/>\n<strong>Pojemno\u015b\u0107 akumulatora:<\/strong> 850 mAh<br \/>\n<strong>Funkcja \u0142adowania:<\/strong> Akumulator typu C<br \/>\n<strong>Wy\u015bwietlacz:<\/strong> Cyfrowy wy\u015bwietlacz LCD<br \/>\n<strong>Profile smakowe:<\/strong> Podw\u00f3jny smak<\/p>\n<h3 class=\"text-lg font-bold text-text-100 mt-1 -mb-1.5\">Odkryj wi\u0119cej BANG VAPE na fumotpuff<\/h3>\n<p class=\"whitespace-normal break-words\">Chcesz pozna\u0107 inne wysokiej jako\u015bci produkty do waporyzacji? Dowiedz si\u0119 wi\u0119cej na naszej stronie <strong><a class=\"underline\" href=\"https:\/\/fumotpuff.com\/pl\/\">Strona g\u0142\u00f3wna<\/a><\/strong> o najnowszych trendach i atrakcyjnych ofertach oszcz\u0119dno\u015bciowych. Pe\u0142n\u0105 gam\u0119 produkt\u00f3w BANG wraz ze wszystkimi specyfikacjami technicznymi mo\u017cna znale\u017a\u0107 na naszej stronie internetowej <strong><a class=\"underline\" href=\"https:\/\/fumotpuff.com\/pl\/product-category\/bang-vape\/\">Kategoria BANG VAPE<\/a><\/strong> Przejrzysta organizacja. Wszystkie 12 wariant\u00f3w smakowych Bang King 50000 czeka w sklepie. <strong><a class=\"underline\" href=\"https:\/\/fumotpuff.com\/pl\/product-category\/bang-vape\/bang-king-50000\/\">Kolekcja Bang King 50000<\/a><\/strong> do odkrycia.<\/p>","protected":false},"excerpt":{"rendered":"<p class=\"whitespace-normal break-words\">Bang King 50000 Strawberry Watermelon\/Black Dragon Ice \u0142\u0105czy w sobie dwa kontrastuj\u0105ce smaki: letni truskawkowy arbuz i mistyczny czarny smoczy l\u00f3d z intensywnym efektem ch\u0142odzenia. Dzi\u0119ki 50 000 zaci\u0105gni\u0119\u0107, 50 ml e-liquidu, baterii 850 mAh, cewce siatkowej 1,0 \u03a9, wy\u015bwietlaczowi LCD i \u0142adowaniu typu C, ten jednorazowy e-papieros oferuje owocow\u0105 s\u0142odycz i intensywne ch\u0142odzenie.<\/p>","protected":false},"featured_media":3724,"comment_status":"open","ping_status":"closed","template":"","meta":{"_acf_changed":false},"product_brand":[],"product_cat":[40],"product_tag":[],"class_list":{"0":"post-3723","1":"product","2":"type-product","3":"status-publish","4":"has-post-thumbnail","6":"product_cat-bang-king-50000","8":"first","9":"instock","10":"shipping-taxable","11":"purchasable","12":"product-type-variable"},"acf":[],"_links":{"self":[{"href":"https:\/\/fumotpuff.com\/pl\/wp-json\/wp\/v2\/product\/3723","targetHints":{"allow":["GET"]}}],"collection":[{"href":"https:\/\/fumotpuff.com\/pl\/wp-json\/wp\/v2\/product"}],"about":[{"href":"https:\/\/fumotpuff.com\/pl\/wp-json\/wp\/v2\/types\/product"}],"replies":[{"embeddable":true,"href":"https:\/\/fumotpuff.com\/pl\/wp-json\/wp\/v2\/comments?post=3723"}],"wp:featuredmedia":[{"embeddable":true,"href":"https:\/\/fumotpuff.com\/pl\/wp-json\/wp\/v2\/media\/3724"}],"wp:attachment":[{"href":"https:\/\/fumotpuff.com\/pl\/wp-json\/wp\/v2\/media?parent=3723"}],"wp:term":[{"taxonomy":"product_brand","embeddable":true,"href":"https:\/\/fumotpuff.com\/pl\/wp-json\/wp\/v2\/product_brand?post=3723"},{"taxonomy":"product_cat","embeddable":true,"href":"https:\/\/fumotpuff.com\/pl\/wp-json\/wp\/v2\/product_cat?post=3723"},{"taxonomy":"product_tag","embeddable":true,"href":"https:\/\/fumotpuff.com\/pl\/wp-json\/wp\/v2\/product_tag?post=3723"}],"curies":[{"name":"wp","href":"https:\/\/api.w.org\/{rel}","templated":true}]}}