{"id":3660,"date":"2025-10-25T05:50:31","date_gmt":"2025-10-25T03:50:31","guid":{"rendered":"https:\/\/fumotpuff.com\/?post_type=product&#038;p=3660"},"modified":"2025-10-25T05:50:32","modified_gmt":"2025-10-25T03:50:32","slug":"bang-king-50000-watermelon-blueberry-cherry","status":"publish","type":"product","link":"https:\/\/fumotpuff.com\/pl\/produkt\/bang-king-50000-watermelon-blueberry-cherry\/","title":{"rendered":"Bang King 50000 Watermelon\/Blueberry Cherry"},"content":{"rendered":"<h2 class=\"text-xl font-bold text-text-100 mt-1 -mb-0.5\">Bang King 50000 Watermelon\/Blueberry Cherry jednorazowy vape<\/h2>\n<p class=\"whitespace-normal break-words\">Do\u015bwiadczenie z <strong>Jednorazowy e-papieros Bang King 50000<\/strong> w smakach Watermelon i Blueberry Cherry zapewnia owocowe doznania podczas waporyzacji, kt\u00f3re s\u0105 klas\u0105 sam\u0105 w sobie. Ten waporyzator o du\u017cej pojemno\u015bci zapewnia imponuj\u0105ce 50 000 zaci\u0105gni\u0119\u0107 z 50 ml fabrycznie zainstalowanego p\u0142ynu premium. Dzi\u0119ki innowacyjnej technologii podw\u00f3jnego aromatu, mo\u017cesz prze\u0142\u0105cza\u0107 si\u0119 mi\u0119dzy dwoma pysznymi owocowymi smakami w dowolnym momencie. Zmienny przep\u0142yw powietrza umo\u017cliwia indywidualne dostosowanie intensywno\u015bci pary, a cewka siatkowa 1,0 \u03a9 zapewnia optymalny transfer smaku. Wydajna bateria 850 mAh z technologi\u0105 szybkiego \u0142adowania Type-C gwarantuje d\u0142ugotrwa\u0142\u0105 gotowo\u015b\u0107 do u\u017cycia, a czytelny wy\u015bwietlacz LCD pokazuje wszystkie wa\u017cne informacje na pierwszy rzut oka.<\/p>\n<h3 class=\"text-lg font-bold text-text-100 mt-1 -mb-1.5\">Najwa\u017cniejsze cechy Bang King 50000 Watermelon\/Blueberry Cherry:<\/h3>\n<p class=\"whitespace-normal break-words\">Dzi\u0119ki mo\u017cliwo\u015bci wykonania do 50 000 zaci\u0105gni\u0119\u0107, urz\u0105dzenie to wyznacza nowe standardy w dziedzinie jednorazowych e-papieros\u00f3w. Du\u017cy zapas liquidu o pojemno\u015bci 50 ml ca\u0142kowicie eliminuje potrzeb\u0119 uzupe\u0142niania. Wytrzyma\u0142a bateria o pojemno\u015bci 850 mAh zapewnia sta\u0142\u0105 moc przez ca\u0142y czas i gwarantuje niezawodne doznania z waporyzacji od pocz\u0105tku do ko\u0144ca.<\/p>\n<p class=\"whitespace-normal break-words\">Do wyboru s\u0105 cztery r\u00f3\u017cne poziomy nikotyny: 0%, 2%, 3% lub 5%. Wyb\u00f3r ten pozwala zar\u00f3wno pocz\u0105tkuj\u0105cym, jak i do\u015bwiadczonym u\u017cytkownikom znale\u017a\u0107 idealn\u0105 moc nikotyny dla swoich potrzeb - czy to w celu rzucenia nikotyny, czy te\u017c dla bardziej intensywnej przyjemno\u015bci.<\/p>\n<p class=\"whitespace-normal break-words\">Pomimo imponuj\u0105cej pojemno\u015bci, Bang King 50000 imponuje smuk\u0142ym, por\u0119cznym formatem. Dwa smaki - soczysty arbuz i owocowe po\u0142\u0105czenie bor\u00f3wki i wi\u015bni - mo\u017cna zmienia\u0107 za naci\u015bni\u0119ciem przycisku, oferuj\u0105c zr\u00f3\u017cnicowan\u0105 przyjemno\u015b\u0107 z waporyzacji w ka\u017cdej chwili.<\/p>\n<h3 class=\"text-lg font-bold text-text-100 mt-1 -mb-1.5\">Dane techniczne:<\/h3>\n<p class=\"whitespace-normal break-words\"><strong>Liczba poci\u0105g\u00f3w:<\/strong> Do 50 000 zaci\u0105gni\u0119\u0107<br \/>\n<strong>Waporyzator:<\/strong> Cewka siatkowa 1,0 Ohm<br \/>\n<strong>Obj\u0119to\u015b\u0107 cieczy:<\/strong> 50 ml<br \/>\n<strong>Si\u0142a nikotyny:<\/strong> 0% \/ 2% \/ 3% \/ 5%<br \/>\n<strong>Pojemno\u015b\u0107 akumulatora:<\/strong> 850 mAh<br \/>\n<strong>Funkcja \u0142adowania:<\/strong> Akumulator typu C<br \/>\n<strong>Wy\u015bwietlacz:<\/strong> Cyfrowy wy\u015bwietlacz LCD<br \/>\n<strong>Profile smakowe:<\/strong> Podw\u00f3jny smak<\/p>\n<h3 class=\"text-lg font-bold text-text-100 mt-1 -mb-1.5\">Odkryj wi\u0119cej BANG VAPE na fumotpuff<\/h3>\n<p class=\"whitespace-normal break-words\">Szukasz wi\u0119cej najwy\u017cszej klasy produkt\u00f3w vape? Zapoznaj si\u0119 z nasz\u0105 ofert\u0105 <strong><a class=\"underline\" href=\"https:\/\/fumotpuff.com\/pl\/\">Strona g\u0142\u00f3wna<\/a><\/strong> i odkryj nasze najnowsze produkty. W naszym kompleksowym <strong><a class=\"underline\" href=\"https:\/\/fumotpuff.com\/pl\/product-category\/bang-vape\/\">Kategoria BANG VAPE<\/a><\/strong> znajdziesz pe\u0142n\u0105 gam\u0119 produkt\u00f3w BANG. Wszystkie smaki Bang King 50000 czekaj\u0105 na Ciebie w <strong><a class=\"underline\" href=\"https:\/\/fumotpuff.com\/pl\/product-category\/bang-vape\/bang-king-50000\/\">Kolekcja Bang King 50000<\/a><\/strong>.<\/p>","protected":false},"excerpt":{"rendered":"<p class=\"whitespace-normal break-words\">Bang King 50000 Watermelon\/Blueberry Cherry oferuje 50 000 zaci\u0105gni\u0119\u0107 w dw\u00f3ch owocowych smakach: soczystego arbuza i jagodowej wi\u015bni. Dzi\u0119ki 50 ml e-liquidu, baterii 850 mAh, cewce siatkowej 1,0 \u03a9, wy\u015bwietlaczowi LCD i \u0142adowaniu typu C, ten jednorazowy e-papieros zapewnia d\u0142ugotrwa\u0142y smak i maksymaln\u0105 elastyczno\u015b\u0107 przy zmianie smak\u00f3w.<\/p>","protected":false},"featured_media":3661,"comment_status":"open","ping_status":"closed","template":"","meta":{"_acf_changed":false},"product_brand":[],"product_cat":[40],"product_tag":[],"class_list":{"0":"post-3660","1":"product","2":"type-product","3":"status-publish","4":"has-post-thumbnail","6":"product_cat-bang-king-50000","8":"first","9":"instock","10":"shipping-taxable","11":"purchasable","12":"product-type-variable"},"acf":[],"_links":{"self":[{"href":"https:\/\/fumotpuff.com\/pl\/wp-json\/wp\/v2\/product\/3660","targetHints":{"allow":["GET"]}}],"collection":[{"href":"https:\/\/fumotpuff.com\/pl\/wp-json\/wp\/v2\/product"}],"about":[{"href":"https:\/\/fumotpuff.com\/pl\/wp-json\/wp\/v2\/types\/product"}],"replies":[{"embeddable":true,"href":"https:\/\/fumotpuff.com\/pl\/wp-json\/wp\/v2\/comments?post=3660"}],"wp:featuredmedia":[{"embeddable":true,"href":"https:\/\/fumotpuff.com\/pl\/wp-json\/wp\/v2\/media\/3661"}],"wp:attachment":[{"href":"https:\/\/fumotpuff.com\/pl\/wp-json\/wp\/v2\/media?parent=3660"}],"wp:term":[{"taxonomy":"product_brand","embeddable":true,"href":"https:\/\/fumotpuff.com\/pl\/wp-json\/wp\/v2\/product_brand?post=3660"},{"taxonomy":"product_cat","embeddable":true,"href":"https:\/\/fumotpuff.com\/pl\/wp-json\/wp\/v2\/product_cat?post=3660"},{"taxonomy":"product_tag","embeddable":true,"href":"https:\/\/fumotpuff.com\/pl\/wp-json\/wp\/v2\/product_tag?post=3660"}],"curies":[{"name":"wp","href":"https:\/\/api.w.org\/{rel}","templated":true}]}}