{"id":3427,"date":"2025-10-21T05:45:44","date_gmt":"2025-10-21T03:45:44","guid":{"rendered":"https:\/\/fumotpuff.com\/?post_type=product&#038;p=3427"},"modified":"2025-10-21T05:45:58","modified_gmt":"2025-10-21T03:45:58","slug":"bang-legend-110k-peach-mango-watermelon-cherry-cola-passionfruit-kiwi-lime","status":"publish","type":"product","link":"https:\/\/fumotpuff.com\/pl\/produkt\/bang-legend-110k-peach-mango-watermelon-cherry-cola-passionfruit-kiwi-lime\/","title":{"rendered":"Bang Legend 110K Peach Mango Watermelon\/Cherry Cola\/Passionfruit Kiwi Lime"},"content":{"rendered":"<h2 class=\"text-xl font-bold text-text-100 mt-1 -mb-0.5\">Bang Legend 110K Peach Mango Watermelon\/Cherry Cola\/Passionfruit Kiwi Lime Vape jednorazowego u\u017cytku<\/h2>\n<p class=\"whitespace-normal break-words\">Bang Legend 110K z Peach Mango Watermelon, Cherry Cola i Passionfruit Kiwi Lime oferuje trzy niezwyk\u0142e smaki w jednym kompaktowym systemie vape. Ciesz si\u0119 nawet 110 000 zaci\u0105gni\u0119\u0107 i prze\u0142\u0105czaj si\u0119 mi\u0119dzy tropikaln\u0105 kombinacj\u0105 trzech owoc\u00f3w, nostalgicznym smakiem wi\u015bniowej coli i egzotyczn\u0105 mieszank\u0105 marakui i cytrus\u00f3w.<\/p>\n<p class=\"whitespace-normal break-words\"><strong>Od tropikalnego do nostalgicznego<\/strong><\/p>\n<p class=\"whitespace-normal break-words\">Ten e-papieros Bang Legend 110000 puff\u00f3w oferuje szerok\u0105 gam\u0119 smak\u00f3w. Peach Mango Watermelon \u0142\u0105czy w sobie trzy letnie owoce, Cherry Cola przywo\u0142uje wspomnienia klasycznych napoj\u00f3w bezalkoholowych, a Passionfruit Kiwi Lime zaskakuje egzotyczn\u0105 z\u0142o\u017cono\u015bci\u0105. Ka\u017cdy z trzech smak\u00f3w mo\u017ce by\u0107 aktywowany oddzielnie i oferuje wyj\u0105tkowe doznania podczas waporyzacji.<\/p>\n<p class=\"whitespace-normal break-words\">Pot\u0119\u017cna bateria 600 mAh z szybkim \u0142adowaniem typu C zapewnia ci\u0105g\u0142e zasilanie. Nowoczesna technologia cewki siatkowej 1,0 \u03a9 wytwarza obszern\u0105, aromatyczn\u0105 par\u0119 o doskona\u0142ej wierno\u015bci smaku.<\/p>\n<p class=\"whitespace-normal break-words\">Pojemno\u015b\u0107 20 ml e-liquidu w po\u0142\u0105czeniu z mo\u017cliwo\u015bci\u0105 dostosowania mocy nikotyny (0%, 2%, 3%, 5%) gwarantuje d\u0142ugotrwa\u0142\u0105, indywidualn\u0105 przyjemno\u015b\u0107.<\/p>\n<p class=\"whitespace-normal break-words\"><strong>W\u0142a\u015bciwo\u015bci techniczne:<\/strong><\/p>\n<p class=\"whitespace-normal break-words\"><strong>Poci\u0105gi og\u00f3\u0142em:<\/strong> 110.000<br \/>\n<strong>Pojemno\u015b\u0107 akumulatora:<\/strong> Akumulator 600 mAh typu C<br \/>\n<strong>Pojemno\u015b\u0107 zbiornika:<\/strong> 20 ml<br \/>\n<strong>Typ cewki:<\/strong> Cewka siatkowa 1,0\u03a9<br \/>\n<strong>Opcje nikotyny:<\/strong> 0%, 2%, 3%, 5%<br \/>\n<strong>Flavour-Switch:<\/strong> System 3 w 1<br \/>\n<strong>Aktywacja:<\/strong> Automatyka oparta na poci\u0105gu<br \/>\n<strong>Czas \u0142adowania:<\/strong> 40 minut<\/p>\n<h3 class=\"text-lg font-bold text-text-100 mt-1 -mb-1.5\">Odkryj wi\u0119cej BANG VAPE na fumotpuff<\/h3>\n<p class=\"whitespace-normal break-words\">Kup od <strong><a class=\"underline\" href=\"https:\/\/fumotpuff.com\/pl\/\">Fumot Puff<\/a><\/strong> i korzystaj ze sprawdzonej jako\u015bci i zadowolenia klient\u00f3w. Odkryj kompletny <strong><a class=\"underline\" href=\"https:\/\/fumotpuff.com\/pl\/product-category\/bang-vape\/\">Seria BANG VAPE<\/a><\/strong> z rewolucyjnymi funkcjami. Wszystkie wersje <strong><a class=\"underline\" href=\"https:\/\/fumotpuff.com\/pl\/product-category\/bang-vape\/bang-legend-110k\/\">Linia Bang Legend 110k<\/a><\/strong> mo\u017cna znale\u017a\u0107 w naszym sklepie.<\/p>","protected":false},"excerpt":{"rendered":"<p class=\"whitespace-normal break-words\">Bang Legend 110K Peach Mango Watermelon\/Cherry Cola\/Passionfruit Kiwi Lime oferuje 110 000 zaci\u0105gni\u0119\u0107 w trzech niezwyk\u0142ych smakach. Posiada 20 ml e-liquidu, akumulator 600 mAh i cewk\u0119 siatkow\u0105 1,0 \u03a9. Elastyczny wyb\u00f3r w zakresie 0-5% nikotyny. Szybkie \u0142adowanie typu C w 40 minut.<\/p>","protected":false},"featured_media":3429,"comment_status":"open","ping_status":"closed","template":"","meta":{"_acf_changed":false},"product_brand":[],"product_cat":[37],"product_tag":[],"class_list":{"0":"post-3427","1":"product","2":"type-product","3":"status-publish","4":"has-post-thumbnail","6":"product_cat-bang-legend-110k","8":"first","9":"instock","10":"shipping-taxable","11":"purchasable","12":"product-type-variable"},"acf":[],"_links":{"self":[{"href":"https:\/\/fumotpuff.com\/pl\/wp-json\/wp\/v2\/product\/3427","targetHints":{"allow":["GET"]}}],"collection":[{"href":"https:\/\/fumotpuff.com\/pl\/wp-json\/wp\/v2\/product"}],"about":[{"href":"https:\/\/fumotpuff.com\/pl\/wp-json\/wp\/v2\/types\/product"}],"replies":[{"embeddable":true,"href":"https:\/\/fumotpuff.com\/pl\/wp-json\/wp\/v2\/comments?post=3427"}],"wp:featuredmedia":[{"embeddable":true,"href":"https:\/\/fumotpuff.com\/pl\/wp-json\/wp\/v2\/media\/3429"}],"wp:attachment":[{"href":"https:\/\/fumotpuff.com\/pl\/wp-json\/wp\/v2\/media?parent=3427"}],"wp:term":[{"taxonomy":"product_brand","embeddable":true,"href":"https:\/\/fumotpuff.com\/pl\/wp-json\/wp\/v2\/product_brand?post=3427"},{"taxonomy":"product_cat","embeddable":true,"href":"https:\/\/fumotpuff.com\/pl\/wp-json\/wp\/v2\/product_cat?post=3427"},{"taxonomy":"product_tag","embeddable":true,"href":"https:\/\/fumotpuff.com\/pl\/wp-json\/wp\/v2\/product_tag?post=3427"}],"curies":[{"name":"wp","href":"https:\/\/api.w.org\/{rel}","templated":true}]}}