{"id":3244,"date":"2025-10-18T05:47:19","date_gmt":"2025-10-18T03:47:19","guid":{"rendered":"https:\/\/fumotpuff.com\/?post_type=product&#038;p=3244"},"modified":"2025-10-18T05:47:19","modified_gmt":"2025-10-18T03:47:19","slug":"bang-leader-80000-red-bull-watermelon-bubble-candy-strawberry-ice","status":"publish","type":"product","link":"https:\/\/fumotpuff.com\/pl\/produkt\/bang-leader-80000-red-bull-watermelon-bubble-candy-strawberry-ice\/","title":{"rendered":"Bang Leader 80000 Red Bull\/Watermelon Bubble Candy\/Strawberry Ice"},"content":{"rendered":"<h2 class=\"text-xl font-bold text-text-100 mt-1 -mb-0.5\">Bang Leader 80000 Red Bull\/Watermelon Bubble Candy\/Strawberry Ice Cream jednorazowy vape<\/h2>\n<p class=\"whitespace-normal break-words\">Bang Leader 80000 to jednorazowe urz\u0105dzenie vaping o du\u017cej pojemno\u015bci, zaprojektowane z my\u015bl\u0105 o u\u017cytkownikach poszukuj\u0105cych r\u00f3\u017cnorodno\u015bci i sp\u00f3jno\u015bci. Rewolucyjna koncepcja 3 w 1 obejmuje trzy oddzielne kapsu\u0142ki o pojemno\u015bci 26 ml z \u0142\u0105cznie 78 ml e-cieczy i umo\u017cliwia \u0142atwe prze\u0142\u0105czanie mi\u0119dzy trzema r\u00f3\u017cnymi smakami: orze\u017awiaj\u0105cym Red Bullem, s\u0142odk\u0105 mieszank\u0105 arbuzowych cukierk\u00f3w b\u0105belkowych i kremowym smakiem lod\u00f3w truskawkowych.<\/p>\n<p class=\"whitespace-normal break-words\">Zintegrowana cewka siatkowa 1,0 \u03a9 generuje g\u0142adk\u0105 par\u0119 o pe\u0142nym profilu smakowym. Akumulator o pojemno\u015bci 850 mAh pozwala na d\u0142u\u017csze sesje wapowania, a szybkie \u0142adowanie typu C minimalizuje przestoje.<\/p>\n<p class=\"whitespace-normal break-words\">Dost\u0119pny w wersjach o mocy nikotyny 0 %, 2 %, 3 % i 5 % - Bang Leader 80K spe\u0142nia szeroki zakres wymaga\u0144.<\/p>\n<h3 class=\"text-lg font-bold text-text-100 mt-1 -mb-1.5\">Najwa\u017cniejsze cechy Bang Leader 80000:<\/h3>\n<p class=\"whitespace-normal break-words\">Ten e-papieros wyznacza standardy dzi\u0119ki monumentalnej pojemno\u015bci do 80 000 zaci\u0105gni\u0119\u0107 i imponuje niezr\u00f3wnan\u0105 trwa\u0142o\u015bci\u0105 i jako\u015bci\u0105 smaku. Idealny dla zaawansowanych u\u017cytkownik\u00f3w, kt\u00f3rzy chc\u0105 zobaczy\u0107 ilo\u015b\u0107 i jako\u015b\u0107 premium w po\u0142\u0105czeniu z eleganckim, nowoczesnym designem.<\/p>\n<p class=\"whitespace-normal break-words\">Innowacyjny system komory smakowej 3 w 1 prezentuje trzy r\u00f3\u017cne smaki w jednym por\u0119cznym urz\u0105dzeniu. Elastycznie prze\u0142\u0105czaj si\u0119 mi\u0119dzy smakami lub tw\u00f3rz indywidualne mieszanki - odkryj nowe horyzonty smakowe i maksymaln\u0105 przyjemno\u015b\u0107 z ka\u017cdego zaci\u0105gni\u0119cia si\u0119.<\/p>\n<p class=\"whitespace-normal break-words\">Du\u017cy zapas e-liquidu o pojemno\u015bci 78 ml gwarantuje d\u0142ugotrwa\u0142e u\u017cytkowanie bez konieczno\u015bci uzupe\u0142niania. Idealnie nadaje si\u0119 do podr\u00f3\u017cy i d\u0142ugotrwa\u0142ego u\u017cytkowania.<\/p>\n<p class=\"whitespace-normal break-words\">Bardzo wydajny akumulator o pojemno\u015bci 850 mAh z funkcj\u0105 \u0142adowania zapewnia wiele godzin pracy i szybkie \u0142adowanie przez z\u0142\u0105cze Type-C, dzi\u0119ki czemu urz\u0105dzenie jest zawsze gotowe do u\u017cycia.<\/p>\n<p class=\"whitespace-normal break-words\">Wbudowana podw\u00f3jna cewka o oporno\u015bci 1,0 \u03a9 wytwarza g\u0119st\u0105, intensywn\u0105 w smaku par\u0119 i zapewnia p\u0142ynne, sp\u00f3jne doznania od pocz\u0105tku do ko\u0144ca.<\/p>\n<p class=\"whitespace-normal break-words\">Ze st\u0119\u017ceniami nikotyny 0 %, 2 %, 3 % i 5 % - Bang Leader 80000 przemawia do okazjonalnych waper\u00f3w i entuzjast\u00f3w.<\/p>\n<h3 class=\"text-lg font-bold text-text-100 mt-1 -mb-1.5\">Specyfikacja produktu:<\/h3>\n<p class=\"whitespace-normal break-words\"><strong>Liczba poci\u0105g\u00f3w:<\/strong> Do 80 000 poci\u0105g\u00f3w<br \/>\n<strong>Zawarto\u015b\u0107 nikotyny:<\/strong> 0 % \/ 2 % \/ 3 % \/ 5 %<br \/>\n<strong>Smaki:<\/strong> Red Bull, arbuzowe cukierki b\u0105belkowe, lody truskawkowe<br \/>\n<strong>Obj\u0119to\u015b\u0107 e-liquidu:<\/strong> 78 ml (3 kapsu\u0142ki po 26 ml ka\u017cda)<br \/>\n<strong>Bateria:<\/strong> Akumulator 850 mAh<br \/>\n<strong>Waporyzator:<\/strong> Cewka siatkowa 1,0 \u03a9<br \/>\n<strong>Interfejs \u0142adowania:<\/strong> Typ-C<\/p>\n<h3 class=\"text-lg font-bold text-text-100 mt-1 -mb-1.5\">Odkryj wi\u0119cej BANG VAPE na fumotpuff<\/h3>\n<p class=\"whitespace-normal break-words\">Wysokiej jako\u015bci produkty parowe czekaj\u0105 na Ciebie w <strong><a class=\"underline\" href=\"https:\/\/fumotpuff.com\/pl\/\">fumotpuff.com<\/a><\/strong> - Punkt kontaktowy zapewniaj\u0105cy najwy\u017csz\u0105 jako\u015b\u0107. The <strong><a class=\"underline\" href=\"https:\/\/fumotpuff.com\/pl\/product-category\/bang-vape\/\">Rodzina produkt\u00f3w BANG VAPE<\/a><\/strong> oferuje najnowsz\u0105 technologi\u0119. Odkryj wszystkie warianty w naszym <strong><a class=\"underline\" href=\"https:\/\/fumotpuff.com\/pl\/product-category\/bang-vape\/bang-leader-80000\/\">Kolekcja Bang Leader 80000<\/a><\/strong>.<\/p>","protected":false},"excerpt":{"rendered":"<p class=\"whitespace-normal break-words\">Bang Leader 80000 Red Bull\/Watermelon Bubble Candy\/Strawberry Ice Cream \u0142\u0105czy w sobie trzy kusz\u0105ce smaki: orze\u017awiaj\u0105cy Red Bull, s\u0142odki arbuzowy cukierek b\u0105belkowy i kremowy smak lod\u00f3w truskawkowych. 78 ML e-liquidu, 80 000 zaci\u0105gni\u0119\u0107, cewka siatkowa 1,0\u03a9 i bateria 850 mAh - czysta przyjemno\u015b\u0107 i maksymalna r\u00f3\u017cnorodno\u015b\u0107!<\/p>","protected":false},"featured_media":3245,"comment_status":"open","ping_status":"closed","template":"","meta":{"_acf_changed":false},"product_brand":[],"product_cat":[35],"product_tag":[],"class_list":{"0":"post-3244","1":"product","2":"type-product","3":"status-publish","4":"has-post-thumbnail","6":"product_cat-bang-leader-80000","8":"first","9":"instock","10":"shipping-taxable","11":"purchasable","12":"product-type-variable"},"acf":[],"_links":{"self":[{"href":"https:\/\/fumotpuff.com\/pl\/wp-json\/wp\/v2\/product\/3244","targetHints":{"allow":["GET"]}}],"collection":[{"href":"https:\/\/fumotpuff.com\/pl\/wp-json\/wp\/v2\/product"}],"about":[{"href":"https:\/\/fumotpuff.com\/pl\/wp-json\/wp\/v2\/types\/product"}],"replies":[{"embeddable":true,"href":"https:\/\/fumotpuff.com\/pl\/wp-json\/wp\/v2\/comments?post=3244"}],"wp:featuredmedia":[{"embeddable":true,"href":"https:\/\/fumotpuff.com\/pl\/wp-json\/wp\/v2\/media\/3245"}],"wp:attachment":[{"href":"https:\/\/fumotpuff.com\/pl\/wp-json\/wp\/v2\/media?parent=3244"}],"wp:term":[{"taxonomy":"product_brand","embeddable":true,"href":"https:\/\/fumotpuff.com\/pl\/wp-json\/wp\/v2\/product_brand?post=3244"},{"taxonomy":"product_cat","embeddable":true,"href":"https:\/\/fumotpuff.com\/pl\/wp-json\/wp\/v2\/product_cat?post=3244"},{"taxonomy":"product_tag","embeddable":true,"href":"https:\/\/fumotpuff.com\/pl\/wp-json\/wp\/v2\/product_tag?post=3244"}],"curies":[{"name":"wp","href":"https:\/\/api.w.org\/{rel}","templated":true}]}}