{"id":3237,"date":"2025-10-18T05:43:29","date_gmt":"2025-10-18T03:43:29","guid":{"rendered":"https:\/\/fumotpuff.com\/?post_type=product&#038;p=3237"},"modified":"2025-10-18T05:44:25","modified_gmt":"2025-10-18T03:44:25","slug":"bang-leader-80000-red-bull-blueberry-watermelon-apple-pear","status":"publish","type":"product","link":"https:\/\/fumotpuff.com\/pl\/produkt\/bang-leader-80000-red-bull-blueberry-watermelon-apple-pear\/","title":{"rendered":"Bang Leader 80000 Red Bull\/Blueberry Watermelon\/Apple Pear"},"content":{"rendered":"<h2 class=\"text-xl font-bold text-text-100 mt-1 -mb-0.5\">Bang Leader 80000 Red Bull\/Blueberry Watermelon\/Apple Pear jednorazowy vape<\/h2>\n<p class=\"whitespace-normal break-words\">Bang Leader 80000 to wysokowydajne urz\u0105dzenie jednorazowego u\u017cytku o ogromnej pojemno\u015bci, zaprojektowane z my\u015bl\u0105 o u\u017cytkownikach preferuj\u0105cych elastyczno\u015b\u0107 i wytrzyma\u0142o\u015b\u0107 podczas waporyzacji. Zaawansowany system smakowy 3 w 1 obejmuje trzy niezale\u017cne zbiorniki o pojemno\u015bci 26 ml, kt\u00f3re mieszcz\u0105 \u0142\u0105cznie 78 ml e-cieczy i umo\u017cliwiaj\u0105 \u0142atwe prze\u0142\u0105czanie mi\u0119dzy trzema r\u00f3\u017cnymi smakami: energetycznym Red Bullem, owocow\u0105 mieszank\u0105 jag\u00f3d i arbuza oraz orze\u017awiaj\u0105c\u0105 kombinacj\u0105 jab\u0142ek i gruszek.<\/p>\n<p class=\"whitespace-normal break-words\">Zastosowana technologia waporyzatora siatkowego 1,0 \u03a9 wytwarza g\u0142adk\u0105 par\u0119 o mocnym smaku. Akumulator o pojemno\u015bci 850 mAh zapewnia d\u0142u\u017cszy czas pracy, a technologia szybkiego \u0142adowania typu C minimalizuje czas oczekiwania.<\/p>\n<p class=\"whitespace-normal break-words\">Dost\u0119pne w wersjach 0 %, 2 %, 3 % i 5 % zawarto\u015bci nikotyny - Bang Leader 80K przemawia do r\u00f3\u017cnych grup u\u017cytkownik\u00f3w.<\/p>\n<h3 class=\"text-lg font-bold text-text-100 mt-1 -mb-1.5\">Cechy Bang Leader 80000:<\/h3>\n<p class=\"whitespace-normal break-words\">Ten produkt waporyzacyjny rewolucjonizuje standardy dzi\u0119ki ogromnej pojemno\u015bci do 80 000 zaci\u0105gni\u0119\u0107 oraz wyj\u0105tkowej konsystencji i intensywno\u015bci smaku. Jest to najlepszy wyb\u00f3r dla u\u017cytkownik\u00f3w, kt\u00f3rzy oczekuj\u0105 du\u017cej pojemno\u015bci i pierwszorz\u0119dnej jako\u015bci w stylowym, nowoczesnym formacie.<\/p>\n<p class=\"whitespace-normal break-words\">Specjalny system kom\u00f3r 3 w 1 pozwala cieszy\u0107 si\u0119 trzema oddzielnymi smakami w jednym kompaktowym urz\u0105dzeniu. Zmieniaj smaki wed\u0142ug w\u0142asnego uznania lub \u0142\u0105cz je indywidualnie - do\u015bwiadczaj nowych niuans\u00f3w smakowych i maksymalnej przyjemno\u015bci z ka\u017cdym zaci\u0105gni\u0119ciem.<\/p>\n<p class=\"whitespace-normal break-words\">Wyposa\u017cone w 78 ml najwy\u017cszej jako\u015bci e-liquidu urz\u0105dzenie gwarantuje d\u0142ugotrwa\u0142e u\u017cytkowanie bez konieczno\u015bci uzupe\u0142niania. Idealny do u\u017cytku mobilnego i ci\u0105g\u0142ego.<\/p>\n<p class=\"whitespace-normal break-words\">Wydajna bateria 850 mAh z funkcj\u0105 \u0142adowania oferuje kilka godzin pracy i szybkie \u0142adowanie przez port Type-C, dzi\u0119ki czemu urz\u0105dzenie jest zawsze gotowe do u\u017cycia.<\/p>\n<p class=\"whitespace-normal break-words\">Zaimplementowana technologia podw\u00f3jnej cewki o oporno\u015bci 1,0 \u03a9 tworzy obszern\u0105, aromatyczn\u0105 par\u0119 i zapewnia r\u00f3wnomierne, p\u0142ynne doznania od pierwszego do ostatniego zaci\u0105gni\u0119cia.<\/p>\n<p class=\"whitespace-normal break-words\">Dost\u0119pny w wersjach 0 %, 2 %, 3 % i 5 % nikotyny - Bang Leader 80000 jest przeznaczony zar\u00f3wno dla okazjonalnych, jak i cz\u0119stych vaper\u00f3w.<\/p>\n<h3 class=\"text-lg font-bold text-text-100 mt-1 -mb-1.5\">Specyfikacja produktu:<\/h3>\n<p class=\"whitespace-normal break-words\"><strong>Liczba poci\u0105g\u00f3w:<\/strong> Do 80 000 poci\u0105g\u00f3w<br \/>\n<strong>Zawarto\u015b\u0107 nikotyny:<\/strong> 0 % \/ 2 % \/ 3 % \/ 5 %<br \/>\n<strong>Smaki:<\/strong> Red Bull, arbuz jagodowy, gruszka jab\u0142kowa<br \/>\n<strong>Obj\u0119to\u015b\u0107 e-liquidu:<\/strong> 78 ml (3 kapsu\u0142ki po 26 ml ka\u017cda)<br \/>\n<strong>Bateria:<\/strong> Akumulator 850 mAh<br \/>\n<strong>Waporyzator:<\/strong> Cewka siatkowa 1,0 \u03a9<br \/>\n<strong>Interfejs \u0142adowania:<\/strong> Typ-C<\/p>\n<h3 class=\"text-lg font-bold text-text-100 mt-1 -mb-1.5\">Odkryj wi\u0119cej BANG VAPE na fumotpuff<\/h3>\n<p class=\"whitespace-normal break-words\">Tw\u00f3j wyspecjalizowany sprzedawca produkt\u00f3w vapour klasy premium: <strong><a class=\"underline\" href=\"https:\/\/fumotpuff.com\/pl\/\">fumotpuff.com<\/a><\/strong> oferuje wybran\u0105 jako\u015b\u0107. W <strong><a class=\"underline\" href=\"https:\/\/fumotpuff.com\/pl\/product-category\/bang-vape\/\">Kategoria BANG VAPE<\/a><\/strong> znajdziesz innowacyjne waporyzatory jednorazowe. Pe\u0142na <strong><a class=\"underline\" href=\"https:\/\/fumotpuff.com\/pl\/product-category\/bang-vape\/bang-leader-80000\/\">Paleta smak\u00f3w Bang Leader 80000<\/a><\/strong> jest gotowy.<\/p>","protected":false},"excerpt":{"rendered":"<p class=\"whitespace-normal break-words\">Bang Leader 80000 Red Bull\/Blueberry Watermelon\/Apple Pear \u0142\u0105czy w sobie trzy ekscytuj\u0105ce smaki: energetycznego Red Bulla, owocow\u0105 kombinacj\u0119 bor\u00f3wki i arbuza oraz orze\u017awiaj\u0105c\u0105 kombinacj\u0119 jab\u0142ka i gruszki. 78 ML e-liquidu, 80 000 zaci\u0105gni\u0119\u0107, cewka siatkowa 1,0\u03a9 i bateria 850 mAh - nieograniczona r\u00f3\u017cnorodno\u015b\u0107 smak\u00f3w w jednym urz\u0105dzeniu!<\/p>","protected":false},"featured_media":3238,"comment_status":"open","ping_status":"closed","template":"","meta":{"_acf_changed":false},"product_brand":[],"product_cat":[35],"product_tag":[],"class_list":{"0":"post-3237","1":"product","2":"type-product","3":"status-publish","4":"has-post-thumbnail","6":"product_cat-bang-leader-80000","8":"first","9":"instock","10":"shipping-taxable","11":"purchasable","12":"product-type-variable"},"acf":[],"_links":{"self":[{"href":"https:\/\/fumotpuff.com\/pl\/wp-json\/wp\/v2\/product\/3237","targetHints":{"allow":["GET"]}}],"collection":[{"href":"https:\/\/fumotpuff.com\/pl\/wp-json\/wp\/v2\/product"}],"about":[{"href":"https:\/\/fumotpuff.com\/pl\/wp-json\/wp\/v2\/types\/product"}],"replies":[{"embeddable":true,"href":"https:\/\/fumotpuff.com\/pl\/wp-json\/wp\/v2\/comments?post=3237"}],"wp:featuredmedia":[{"embeddable":true,"href":"https:\/\/fumotpuff.com\/pl\/wp-json\/wp\/v2\/media\/3238"}],"wp:attachment":[{"href":"https:\/\/fumotpuff.com\/pl\/wp-json\/wp\/v2\/media?parent=3237"}],"wp:term":[{"taxonomy":"product_brand","embeddable":true,"href":"https:\/\/fumotpuff.com\/pl\/wp-json\/wp\/v2\/product_brand?post=3237"},{"taxonomy":"product_cat","embeddable":true,"href":"https:\/\/fumotpuff.com\/pl\/wp-json\/wp\/v2\/product_cat?post=3237"},{"taxonomy":"product_tag","embeddable":true,"href":"https:\/\/fumotpuff.com\/pl\/wp-json\/wp\/v2\/product_tag?post=3237"}],"curies":[{"name":"wp","href":"https:\/\/api.w.org\/{rel}","templated":true}]}}