{"id":3230,"date":"2025-10-18T05:06:24","date_gmt":"2025-10-18T03:06:24","guid":{"rendered":"https:\/\/fumotpuff.com\/?post_type=product&#038;p=3230"},"modified":"2025-10-18T05:06:24","modified_gmt":"2025-10-18T03:06:24","slug":"bang-leader-80000-blueberry-ice-strawberry-and-banana-mixed-berries","status":"publish","type":"product","link":"https:\/\/fumotpuff.com\/pl\/produkt\/bang-leader-80000-blueberry-ice-strawberry-and-banana-mixed-berries\/","title":{"rendered":"Bang Leader 80000 L\u00f3d jagodowy\/Truskawka i banan\/Mieszanka jag\u00f3d"},"content":{"rendered":"<h2 class=\"text-xl font-bold text-text-100 mt-1 -mb-0.5\">Bang Leader 80000 Blueberry Ice\/Strawberry And Banana\/Mixed Berries jednorazowy Vape<\/h2>\n<p class=\"whitespace-normal break-words\">Bang Leader 80000 to pot\u0119\u017cne jednorazowe urz\u0105dzenie vaping o imponuj\u0105cej pojemno\u015bci, zaprojektowane dla vaper\u00f3w, kt\u00f3rzy stawiaj\u0105 na r\u00f3\u017cnorodno\u015b\u0107 i trwa\u0142o\u015b\u0107. Innowacyjny system smakowy 3 w 1 integruje trzy oddzielne kapsu\u0142ki o pojemno\u015bci 26 ml z \u0142\u0105cznie 78 ml e-cieczy i umo\u017cliwia \u0142atwe prze\u0142\u0105czanie mi\u0119dzy trzema r\u00f3\u017cnymi smakami: mro\u017con\u0105 jagod\u0105, owocow\u0105 kombinacj\u0105 truskawkowo-bananow\u0105 i urozmaicon\u0105 mieszank\u0105 jag\u00f3d.<\/p>\n<p class=\"whitespace-normal break-words\">Wbudowana cewka siatkowa 1,0 \u03a9 wytwarza g\u0142adk\u0105 par\u0119 o intensywnym aromacie. Akumulator o pojemno\u015bci 850 mAh zapewnia d\u0142u\u017csze u\u017cytkowanie, a dzi\u0119ki szybkiemu \u0142adowaniu Type-C przestoje s\u0105 zminimalizowane.<\/p>\n<p class=\"whitespace-normal break-words\">Dost\u0119pny w st\u0119\u017ceniach nikotyny 0 %, 2 %, 3 % i 5 % - Bang Leader 80K obejmuje szeroki zakres preferencji.<\/p>\n<h3 class=\"text-lg font-bold text-text-100 mt-1 -mb-1.5\">Funkcje wydajno\u015bci Bang Leader 80000:<\/h3>\n<p class=\"whitespace-normal break-words\">E-papieros Bang Leader 80000 imponuje wyj\u0105tkow\u0105 pojemno\u015bci\u0105 do 80 000 zaci\u0105gni\u0119\u0107 i oferuje wyj\u0105tkow\u0105 trwa\u0142o\u015b\u0107 w po\u0142\u0105czeniu z doskona\u0142ym profilem smakowym. Idealny dla do\u015bwiadczonych u\u017cytkownik\u00f3w, kt\u00f3rzy chc\u0105 zobaczy\u0107 mas\u0119 i klas\u0119 w po\u0142\u0105czeniu ze stylowym, nowoczesnym designem.<\/p>\n<p class=\"whitespace-normal break-words\">Zintegrowany system komory smakowej 3 w 1 pozwala cieszy\u0107 si\u0119 trzema r\u00f3\u017cnymi smakami w jednym por\u0119cznym urz\u0105dzeniu. Elastycznie prze\u0142\u0105czaj si\u0119 mi\u0119dzy trzema smakami lub tw\u00f3rz w\u0142asne kombinacje smakowe - ka\u017cde zaci\u0105gni\u0119cie otwiera nowe chwile przyjemno\u015bci i r\u00f3\u017cnorodno\u015b\u0107 smak\u00f3w.<\/p>\n<p class=\"whitespace-normal break-words\">78 ml wysokiej jako\u015bci e-liquidu zapewnia d\u0142ugi okres u\u017cytkowania bez konieczno\u015bci uzupe\u0142niania. Idealnie nadaje si\u0119 do podr\u00f3\u017cy i d\u0142ugotrwa\u0142ego u\u017cytkowania.<\/p>\n<p class=\"whitespace-normal break-words\">Wydajna bateria 850 mAh z opcj\u0105 \u0142adowania zapewnia wiele godzin pracy i kr\u00f3tki czas \u0142adowania przez Type-C, gwarantuj\u0105c, \u017ce urz\u0105dzenie jest zawsze gotowe do u\u017cycia.<\/p>\n<p class=\"whitespace-normal break-words\">Podw\u00f3jna cewka o oporno\u015bci 1,0 \u03a9 generuje bogat\u0105, aromatyczn\u0105 par\u0119 i zapewnia jednorodne, przyjemne doznania od pocz\u0105tku do ko\u0144ca.<\/p>\n<p class=\"whitespace-normal break-words\">Dost\u0119pny w poziomach nikotyny 0 %, 2 %, 3 % i 5 % - Bang Leader 80000 s\u0142u\u017cy zar\u00f3wno rekreacyjnym vaperom, jak i zapalonym u\u017cytkownikom.<\/p>\n<h3 class=\"text-lg font-bold text-text-100 mt-1 -mb-1.5\">Specyfikacja produktu:<\/h3>\n<p class=\"whitespace-normal break-words\"><strong>Liczba poci\u0105g\u00f3w:<\/strong> Do 80 000 poci\u0105g\u00f3w<br \/>\n<strong>Zawarto\u015b\u0107 nikotyny:<\/strong> 0 % \/ 2 % \/ 3 % \/ 5 %<br \/>\n<strong>Smaki:<\/strong> L\u00f3d jagodowy, truskawkowo-bananowy, mieszane jagody<br \/>\n<strong>Obj\u0119to\u015b\u0107 e-liquidu:<\/strong> 78 ml (3 kapsu\u0142ki po 26 ml ka\u017cda)<br \/>\n<strong>Bateria:<\/strong> Akumulator 850 mAh<br \/>\n<strong>Waporyzator:<\/strong> Cewka siatkowa 1,0 \u03a9<br \/>\n<strong>Interfejs \u0142adowania:<\/strong> Typ-C<\/p>\n<h3 class=\"text-lg font-bold text-text-100 mt-1 -mb-1.5\">Odkryj wi\u0119cej BANG VAPE na fumotpuff<\/h3>\n<p class=\"whitespace-normal break-words\">Odwied\u017a <strong><a class=\"underline\" href=\"https:\/\/fumotpuff.com\/pl\/\">fumotpuff.com<\/a><\/strong> i zanurz si\u0119 w \u015bwiecie innowacyjnej technologii parowej. Nasz <strong><a class=\"underline\" href=\"https:\/\/fumotpuff.com\/pl\/product-category\/bang-vape\/\">Gama produkt\u00f3w BANG VAPE<\/a><\/strong> zachwyca pierwszorz\u0119dn\u0105 jako\u015bci\u0105 wykonania. Zapoznaj si\u0119 z pe\u0142n\u0105 ofert\u0105 <strong><a class=\"underline\" href=\"https:\/\/fumotpuff.com\/pl\/product-category\/bang-vape\/bang-leader-80000\/\">Wyb\u00f3r smak\u00f3w Bang Leader 80000<\/a><\/strong> w naszym sklepie internetowym.<\/p>","protected":false},"excerpt":{"rendered":"<p class=\"whitespace-normal break-words\">Bang Leader 80000 Blueberry Ice\/Strawberry And Banana\/Mixed Berries oferuje trzy owocowe smaki: lodowat\u0105 bor\u00f3wk\u0119, s\u0142odk\u0105 kombinacj\u0119 truskawek i banan\u00f3w oraz zr\u00f3\u017cnicowan\u0105 mieszank\u0119 jag\u00f3d. 78 ML e-liquidu, 80 000 zaci\u0105gni\u0119\u0107, cewka siatkowa 1,0\u03a9 i bateria 850 mAh - maksymalna przyjemno\u015b\u0107 i r\u00f3\u017cnorodno\u015b\u0107 w jednym urz\u0105dzeniu!<\/p>","protected":false},"featured_media":3231,"comment_status":"open","ping_status":"closed","template":"","meta":{"_acf_changed":false},"product_brand":[],"product_cat":[35],"product_tag":[],"class_list":{"0":"post-3230","1":"product","2":"type-product","3":"status-publish","4":"has-post-thumbnail","6":"product_cat-bang-leader-80000","8":"first","9":"instock","10":"shipping-taxable","11":"purchasable","12":"product-type-variable"},"acf":[],"_links":{"self":[{"href":"https:\/\/fumotpuff.com\/pl\/wp-json\/wp\/v2\/product\/3230","targetHints":{"allow":["GET"]}}],"collection":[{"href":"https:\/\/fumotpuff.com\/pl\/wp-json\/wp\/v2\/product"}],"about":[{"href":"https:\/\/fumotpuff.com\/pl\/wp-json\/wp\/v2\/types\/product"}],"replies":[{"embeddable":true,"href":"https:\/\/fumotpuff.com\/pl\/wp-json\/wp\/v2\/comments?post=3230"}],"wp:featuredmedia":[{"embeddable":true,"href":"https:\/\/fumotpuff.com\/pl\/wp-json\/wp\/v2\/media\/3231"}],"wp:attachment":[{"href":"https:\/\/fumotpuff.com\/pl\/wp-json\/wp\/v2\/media?parent=3230"}],"wp:term":[{"taxonomy":"product_brand","embeddable":true,"href":"https:\/\/fumotpuff.com\/pl\/wp-json\/wp\/v2\/product_brand?post=3230"},{"taxonomy":"product_cat","embeddable":true,"href":"https:\/\/fumotpuff.com\/pl\/wp-json\/wp\/v2\/product_cat?post=3230"},{"taxonomy":"product_tag","embeddable":true,"href":"https:\/\/fumotpuff.com\/pl\/wp-json\/wp\/v2\/product_tag?post=3230"}],"curies":[{"name":"wp","href":"https:\/\/api.w.org\/{rel}","templated":true}]}}