{"id":3223,"date":"2025-10-18T05:02:09","date_gmt":"2025-10-18T03:02:09","guid":{"rendered":"https:\/\/fumotpuff.com\/?post_type=product&#038;p=3223"},"modified":"2025-10-18T05:02:09","modified_gmt":"2025-10-18T03:02:09","slug":"bang-leader-80000-blueberry-ice-black-dragon-ice-mango-peach","status":"publish","type":"product","link":"https:\/\/fumotpuff.com\/pl\/produkt\/bang-leader-80000-blueberry-ice-black-dragon-ice-mango-peach\/","title":{"rendered":"Bang Leader 80000 Blueberry Ice\/Black Dragon Ice\/Mango Peach"},"content":{"rendered":"<h2 class=\"text-xl font-bold text-text-100 mt-1 -mb-0.5\">Bang Leader 80000 Blueberry Ice\/Black Dragon Ice\/Mango Peach jednorazowy vape<\/h2>\n<p class=\"whitespace-normal break-words\">Bang Leader 80000 to jednorazowy system waporyzacji o du\u017cej pojemno\u015bci, przeznaczony dla u\u017cytkownik\u00f3w o wysokich oczekiwaniach w zakresie r\u00f3\u017cnorodno\u015bci smak\u00f3w i \u017cywotno\u015bci. Unikalny system 3 w 1 sk\u0142ada si\u0119 z trzech niezale\u017cnych wk\u0142ad\u00f3w o pojemno\u015bci 26 ml, mieszcz\u0105cych \u0142\u0105cznie 78 ml e-liquidu i umo\u017cliwia \u0142atwe prze\u0142\u0105czanie mi\u0119dzy trzema charakterystycznymi smakami: mro\u017con\u0105 bor\u00f3wk\u0105, orze\u017awiaj\u0105cym czarnym smokiem lodowym i tropikaln\u0105 kombinacj\u0105 mango i brzoskwini.<\/p>\n<p class=\"whitespace-normal break-words\">Waporyzator siatkowy 1,0 \u03a9 wytwarza aksamitnie g\u0142adk\u0105 par\u0119 o autentycznym smaku. Bateria o pojemno\u015bci 850 mAh z funkcj\u0105 \u0142adowania gwarantuje d\u0142ugotrwa\u0142e dzia\u0142anie, a szybkie \u0142adowanie przez z\u0142\u0105cze Type-C minimalizuje przerwy w pracy.<\/p>\n<p class=\"whitespace-normal break-words\">Dost\u0119pny w wersjach o zawarto\u015bci nikotyny 0 %, 2 %, 3 % i 5 % - Bang Leader 80K spe\u0142nia szeroki zakres wymaga\u0144.<\/p>\n<h3 class=\"text-lg font-bold text-text-100 mt-1 -mb-1.5\">Cechy szczeg\u00f3lne Bang Leader 80000 Puff:<\/h3>\n<p class=\"whitespace-normal break-words\">Ten produkt na nowo definiuje wydajno\u015b\u0107 dzi\u0119ki spektakularnej pojemno\u015bci do 80 000 zaci\u0105gni\u0119\u0107 i zapewnia niezr\u00f3wnan\u0105 wytrzyma\u0142o\u015b\u0107 w po\u0142\u0105czeniu z intensywnym profilem smakowym. Idealne rozwi\u0105zanie dla wymagaj\u0105cych vaper\u00f3w, kt\u00f3rzy oczekuj\u0105 obj\u0119to\u015bci i doskona\u0142o\u015bci w smuk\u0142ej, nowoczesnej obudowie.<\/p>\n<p class=\"whitespace-normal break-words\">Ka\u017cde urz\u0105dzenie ma system komory smakowej 3 w 1, kt\u00f3ry \u0142\u0105czy trzy oddzielne smaki w jednym kompaktowym e-papierosie. Mo\u017cesz dowolnie prze\u0142\u0105cza\u0107 si\u0119 mi\u0119dzy smakami lub miesza\u0107 je wed\u0142ug w\u0142asnego uznania - do\u015bwiadczaj nowych smak\u00f3w i czystej przyjemno\u015bci z ka\u017cdym zaci\u0105gni\u0119ciem.<\/p>\n<p class=\"whitespace-normal break-words\">Pojemno\u015b\u0107 78 ml najwy\u017cszej jako\u015bci e-liquidu gwarantuje d\u0142ugotrwa\u0142e u\u017cytkowanie bez konieczno\u015bci uzupe\u0142niania. Idealny do u\u017cytku mobilnego i d\u0142u\u017cszych sesji wapowania.<\/p>\n<p class=\"whitespace-normal break-words\">Wyposa\u017cony w pot\u0119\u017cny akumulator 850 mAh z funkcj\u0105 \u0142adowania, umo\u017cliwia kilka godzin pracy i szybkie \u0142adowanie przez Type-C, dzi\u0119ki czemu e-papieros jest zawsze gotowy do u\u017cycia.<\/p>\n<p class=\"whitespace-normal break-words\">Zaimplementowany system podw\u00f3jnej cewki o rezystancji 1,0 \u03a9 wytwarza obszern\u0105, aromatyczn\u0105 par\u0119 i zapewnia p\u0142ynne, sp\u00f3jne doznania podczas waporyzacji od pierwszego do ostatniego zaci\u0105gni\u0119cia.<\/p>\n<p class=\"whitespace-normal break-words\">Dost\u0119pny w wersjach 0 %, 2 %, 3 % i 5 % nikotyny - Bang Leader 80000 jest odpowiedni dla okazjonalnych i intensywnych vaper\u00f3w.<\/p>\n<h3 class=\"text-lg font-bold text-text-100 mt-1 -mb-1.5\">Specyfikacja produktu:<\/h3>\n<p class=\"whitespace-normal break-words\"><strong>Liczba poci\u0105g\u00f3w:<\/strong> Do 80 000 poci\u0105g\u00f3w<br \/>\n<strong>Zawarto\u015b\u0107 nikotyny:<\/strong> 0 % \/ 2 % \/ 3 % \/ 5 %<br \/>\n<strong>Smaki:<\/strong> Blueberry Ice, Black Dragon Ice, Mango Peach<br \/>\n<strong>Obj\u0119to\u015b\u0107 e-liquidu:<\/strong> 78 ml (3 kapsu\u0142ki po 26 ml ka\u017cda)<br \/>\n<strong>Bateria:<\/strong> Akumulator 850 mAh<br \/>\n<strong>Waporyzator:<\/strong> Cewka siatkowa 1,0 \u03a9<br \/>\n<strong>Interfejs \u0142adowania:<\/strong> Typ-C<\/p>\n<h3 class=\"text-lg font-bold text-text-100 mt-1 -mb-1.5\">Odkryj wi\u0119cej BANG VAPE na fumotpuff<\/h3>\n<p class=\"whitespace-normal break-words\">Sp\u00f3jrz na <strong><a class=\"underline\" href=\"https:\/\/fumotpuff.com\/pl\/\">fumotpuff.com<\/a><\/strong> i poznaj nasz\u0105 szerok\u0105 gam\u0119 najwy\u017cszej jako\u015bci urz\u0105dze\u0144 do pary. The <strong><a class=\"underline\" href=\"https:\/\/fumotpuff.com\/pl\/product-category\/bang-vape\/\">Seria BANG VAPE<\/a><\/strong> oznacza innowacyjno\u015b\u0107 i jako\u015b\u0107. Ca\u0142o\u015b\u0107 <strong><a class=\"underline\" href=\"https:\/\/fumotpuff.com\/pl\/product-category\/bang-vape\/bang-leader-80000\/\">Odmiana smakowa Bang Leader 80000<\/a><\/strong> czeka na odkrycie przez Ciebie.<\/p>","protected":false},"excerpt":{"rendered":"<p class=\"whitespace-normal break-words\">Bang Leader 80000 Blueberry Ice\/Black Dragon Ice\/Mango Peach oferuje trzy intensywne smaki: lodowat\u0105 bor\u00f3wk\u0119, orze\u017awiaj\u0105cy Black Dragon Ice i tropikaln\u0105 kombinacj\u0119 mango\/brzoskwini. 78 ML e-liquidu, 80 000 zaci\u0105gni\u0119\u0107, cewka siatkowa 1,0\u03a9 i bateria 850 mAh - maksymalny smak i elastyczno\u015b\u0107 w jednym urz\u0105dzeniu!<\/p>","protected":false},"featured_media":3224,"comment_status":"open","ping_status":"closed","template":"","meta":{"_acf_changed":false},"product_brand":[],"product_cat":[35],"product_tag":[],"class_list":{"0":"post-3223","1":"product","2":"type-product","3":"status-publish","4":"has-post-thumbnail","6":"product_cat-bang-leader-80000","8":"first","9":"instock","10":"shipping-taxable","11":"purchasable","12":"product-type-variable"},"acf":[],"_links":{"self":[{"href":"https:\/\/fumotpuff.com\/pl\/wp-json\/wp\/v2\/product\/3223","targetHints":{"allow":["GET"]}}],"collection":[{"href":"https:\/\/fumotpuff.com\/pl\/wp-json\/wp\/v2\/product"}],"about":[{"href":"https:\/\/fumotpuff.com\/pl\/wp-json\/wp\/v2\/types\/product"}],"replies":[{"embeddable":true,"href":"https:\/\/fumotpuff.com\/pl\/wp-json\/wp\/v2\/comments?post=3223"}],"wp:featuredmedia":[{"embeddable":true,"href":"https:\/\/fumotpuff.com\/pl\/wp-json\/wp\/v2\/media\/3224"}],"wp:attachment":[{"href":"https:\/\/fumotpuff.com\/pl\/wp-json\/wp\/v2\/media?parent=3223"}],"wp:term":[{"taxonomy":"product_brand","embeddable":true,"href":"https:\/\/fumotpuff.com\/pl\/wp-json\/wp\/v2\/product_brand?post=3223"},{"taxonomy":"product_cat","embeddable":true,"href":"https:\/\/fumotpuff.com\/pl\/wp-json\/wp\/v2\/product_cat?post=3223"},{"taxonomy":"product_tag","embeddable":true,"href":"https:\/\/fumotpuff.com\/pl\/wp-json\/wp\/v2\/product_tag?post=3223"}],"curies":[{"name":"wp","href":"https:\/\/api.w.org\/{rel}","templated":true}]}}