{"id":3202,"date":"2025-10-18T04:50:57","date_gmt":"2025-10-18T02:50:57","guid":{"rendered":"https:\/\/fumotpuff.com\/?post_type=product&#038;p=3202"},"modified":"2025-10-18T04:50:57","modified_gmt":"2025-10-18T02:50:57","slug":"bang-leader-80000-strawberry-and-watermelon-grape-ice-rainbow-candy","status":"publish","type":"product","link":"https:\/\/fumotpuff.com\/pl\/produkt\/bang-leader-80000-strawberry-and-watermelon-grape-ice-rainbow-candy\/","title":{"rendered":"Bang Leader 80000 Truskawka i arbuz\/L\u00f3d winogronowy\/Cukierki t\u0119czowe"},"content":{"rendered":"<h2 class=\"text-xl font-bold text-text-100 mt-1 -mb-0.5\">Bang Leader 80000 Truskawka i arbuz\/L\u00f3d winogronowy\/Cukierki t\u0119czowe Vape jednorazowego u\u017cytku<\/h2>\n<p class=\"whitespace-normal break-words\">Bang Leader 80000 to pot\u0119\u017cne jednorazowe urz\u0105dzenie vaping o imponuj\u0105cej pojemno\u015bci, stworzone dla vaper\u00f3w, kt\u00f3rzy ceni\u0105 sobie r\u00f3\u017cnorodno\u015b\u0107 i d\u0142ugowieczno\u015b\u0107. Innowacyjny system smakowy 3 w 1 ma trzy oddzielne kapsu\u0142ki o pojemno\u015bci 26 ml z \u0142\u0105cznie 78 ml e-cieczy i umo\u017cliwia \u0142atwe prze\u0142\u0105czanie mi\u0119dzy trzema r\u00f3\u017cnymi smakami: s\u0142odk\u0105 kombinacj\u0105 truskawki i arbuza, orze\u017awiaj\u0105cym winogronem z nut\u0105 lodu i kolorowymi t\u0119czowymi cukierkami.<\/p>\n<p class=\"whitespace-normal break-words\">Wbudowana cewka siatkowa 1,0 \u03a9 zapewnia g\u0142adk\u0105 par\u0119 o intensywnym aromacie. Akumulator o pojemno\u015bci 850 mAh zapewnia d\u0142u\u017csze u\u017cytkowanie, a dzi\u0119ki szybkiemu \u0142adowaniu Type-C czas przestoju jest zminimalizowany.<\/p>\n<p class=\"whitespace-normal break-words\">Dost\u0119pny w st\u0119\u017ceniach nikotyny 0 %, 2 %, 3 % i 5 % - Bang Leader 80K obejmuje szeroki zakres preferencji.<\/p>\n<h3 class=\"text-lg font-bold text-text-100 mt-1 -mb-1.5\">Zalety Bang Leader 80000 Puffs:<\/h3>\n<p class=\"whitespace-normal break-words\">E-papieros Bang Leader 80000 Puffs imponuje imponuj\u0105c\u0105 pojemno\u015bci\u0105 do 80 000 zaci\u0105gni\u0119\u0107 i oferuje wyj\u0105tkow\u0105 trwa\u0142o\u015b\u0107 w po\u0142\u0105czeniu z doskona\u0142ym profilem smakowym. Idealny dla do\u015bwiadczonych vaper\u00f3w, kt\u00f3rzy chc\u0105 zobaczy\u0107 mas\u0119 i klas\u0119 po\u0142\u0105czone w stylowym, nowoczesnym designie.<\/p>\n<p class=\"whitespace-normal break-words\">Dzi\u0119ki zintegrowanemu systemowi komory smakowej 3 w 1 u\u017cytkownicy mog\u0105 cieszy\u0107 si\u0119 trzema oddzielnymi doznaniami smakowymi w jednym urz\u0105dzeniu. Elastycznie prze\u0142\u0105czaj si\u0119 mi\u0119dzy trzema smakami lub tw\u00f3rz w\u0142asne kombinacje smakowe - ka\u017cde zaci\u0105gni\u0119cie otwiera nowe chwile przyjemno\u015bci i r\u00f3\u017cnorodno\u015b\u0107 smak\u00f3w.<\/p>\n<p class=\"whitespace-normal break-words\">78 ml wysokiej jako\u015bci e-liquidu zapewnia d\u0142ug\u0105 \u017cywotno\u015b\u0107 bez konieczno\u015bci uzupe\u0142niania. Idealnie nadaje si\u0119 do podr\u00f3\u017cy i d\u0142ugotrwa\u0142ego u\u017cytkowania.<\/p>\n<p class=\"whitespace-normal break-words\">Wydajny akumulator o pojemno\u015bci 850 mAh z opcj\u0105 \u0142adowania zapewnia wiele godzin pracy i kr\u00f3tki czas \u0142adowania przez z\u0142\u0105cze Type-C, co gwarantuje, \u017ce urz\u0105dzenie jest zawsze gotowe do u\u017cycia.<\/p>\n<p class=\"whitespace-normal break-words\">Podw\u00f3jna cewka o oporno\u015bci 1,0 \u03a9 wytwarza bogat\u0105, aromatyczn\u0105 par\u0119 i zapewnia jednorodne, przyjemne doznania od pocz\u0105tku do ko\u0144ca.<\/p>\n<p class=\"whitespace-normal break-words\">Dost\u0119pny w poziomach nikotyny 0 %, 2 %, 3 % i 5 % - Bang Leader 80000 s\u0142u\u017cy zar\u00f3wno rekreacyjnym vaperom, jak i entuzjastom.<\/p>\n<h3 class=\"text-lg font-bold text-text-100 mt-1 -mb-1.5\">Specyfikacja produktu:<\/h3>\n<p class=\"whitespace-normal break-words\"><strong>Liczba poci\u0105g\u00f3w:<\/strong> Do 80 000 poci\u0105g\u00f3w<br \/>\n<strong>Zawarto\u015b\u0107 nikotyny:<\/strong> 0 % \/ 2 % \/ 3 % \/ 5 %<br \/>\n<strong>Smaki:<\/strong> Truskawka i arbuz, l\u00f3d winogronowy, t\u0119czowe cukierki<br \/>\n<strong>Obj\u0119to\u015b\u0107 e-liquidu:<\/strong> 78 ml (3 kapsu\u0142ki po 26 ml ka\u017cda)<br \/>\n<strong>Bateria:<\/strong> Akumulator 850 mAh<br \/>\n<strong>Waporyzator:<\/strong> Cewka siatkowa 1,0 \u03a9<br \/>\n<strong>Interfejs \u0142adowania:<\/strong> Typ-C<\/p>\n<h3 class=\"text-lg font-bold text-text-100 mt-1 -mb-1.5\">Odkryj wi\u0119cej BANG VAPE na fumotpuff<\/h3>\n<p class=\"whitespace-normal break-words\">Poznaj \u015bwiat waporyzacji premium na stronie <strong><a class=\"underline\" href=\"https:\/\/fumotpuff.com\/pl\/\">fumotpuff.com<\/a><\/strong> dzi\u0119ki naszemu szerokiemu portfolio produkt\u00f3w. Nasze <strong><a class=\"underline\" href=\"https:\/\/fumotpuff.com\/pl\/product-category\/bang-vape\/\">Wyb\u00f3r BANG VAPE<\/a><\/strong> prezentuje topowe urz\u0105dzenia dla wymagaj\u0105cych u\u017cytkownik\u00f3w. Kompletny <strong><a class=\"underline\" href=\"https:\/\/fumotpuff.com\/pl\/product-category\/bang-vape\/bang-leader-80000\/\">Paleta smak\u00f3w Bang Leader 80000<\/a><\/strong> jest dost\u0119pna do wyboru.<\/p>","protected":false},"excerpt":{"rendered":"<p class=\"whitespace-normal break-words\">Bang Leader 80000 Strawberry And Watermelon\/Grape Ice\/Rainbow Candy oferuje trzy kusz\u0105ce smaki: s\u0142odk\u0105 truskawk\u0119 i arbuza, orze\u017awiaj\u0105ce winogrono z lodem i kolorowe t\u0119czowe cukierki. 78 ML e-liquidu, 80 000 zaci\u0105gni\u0119\u0107, cewka siatkowa 1,0\u03a9 i bateria 850 mAh - maksimum smaku i r\u00f3\u017cnorodno\u015bci w jednym urz\u0105dzeniu!<\/p>","protected":false},"featured_media":3203,"comment_status":"open","ping_status":"closed","template":"","meta":{"_acf_changed":false},"product_brand":[],"product_cat":[35],"product_tag":[],"class_list":{"0":"post-3202","1":"product","2":"type-product","3":"status-publish","4":"has-post-thumbnail","6":"product_cat-bang-leader-80000","8":"first","9":"instock","10":"shipping-taxable","11":"purchasable","12":"product-type-variable"},"acf":[],"_links":{"self":[{"href":"https:\/\/fumotpuff.com\/pl\/wp-json\/wp\/v2\/product\/3202","targetHints":{"allow":["GET"]}}],"collection":[{"href":"https:\/\/fumotpuff.com\/pl\/wp-json\/wp\/v2\/product"}],"about":[{"href":"https:\/\/fumotpuff.com\/pl\/wp-json\/wp\/v2\/types\/product"}],"replies":[{"embeddable":true,"href":"https:\/\/fumotpuff.com\/pl\/wp-json\/wp\/v2\/comments?post=3202"}],"wp:featuredmedia":[{"embeddable":true,"href":"https:\/\/fumotpuff.com\/pl\/wp-json\/wp\/v2\/media\/3203"}],"wp:attachment":[{"href":"https:\/\/fumotpuff.com\/pl\/wp-json\/wp\/v2\/media?parent=3202"}],"wp:term":[{"taxonomy":"product_brand","embeddable":true,"href":"https:\/\/fumotpuff.com\/pl\/wp-json\/wp\/v2\/product_brand?post=3202"},{"taxonomy":"product_cat","embeddable":true,"href":"https:\/\/fumotpuff.com\/pl\/wp-json\/wp\/v2\/product_cat?post=3202"},{"taxonomy":"product_tag","embeddable":true,"href":"https:\/\/fumotpuff.com\/pl\/wp-json\/wp\/v2\/product_tag?post=3202"}],"curies":[{"name":"wp","href":"https:\/\/api.w.org\/{rel}","templated":true}]}}